{"id":23940,"date":"2025-11-19T14:08:56","date_gmt":"2025-11-19T06:08:56","guid":{"rendered":"https:\/\/yebodaglass.com\/?post_type=product&#038;p=23940"},"modified":"2025-11-19T17:21:31","modified_gmt":"2025-11-19T09:21:31","slug":"custom-glass-jar-for-pickle-with-airtight-cap-bulk","status":"publish","type":"product","link":"https:\/\/yebodaglass.com\/pl\/custom-glass-jar-for-pickle-with-airtight-cap-bulk\/","title":{"rendered":"S\u0142oik szklany na og\u00f3rki z hermetycznym zamkni\u0119ciem 100 uncji"},"content":{"rendered":"<p>Masz do\u015b\u0107 s\u0142oik\u00f3w na og\u00f3rki, kt\u00f3re przeciekaj\u0105 lub p\u0142owiej\u0105 na Twoich og\u00f3rkach. Tworzymy szklane s\u0142oiki na og\u00f3rki \u2013 koniec z rozlan\u0105 solank\u0105. Te szklane s\u0142oiki do kiszenia zamieniaj\u0105 Twoje zapasy \u017cywno\u015bci w markowe centrum. Zam\u00f3wienia hurtowe s\u0105 dost\u0119pne z wyko\u0144czeniem dopasowanym do Twojej marki.<\/p>\n<h2>Cechy produktu<\/h2>\n<p><strong>Du\u017ca struktura wolumenu<\/strong><\/p>\n<p>Mo\u017cna go u\u017cywa\u0107 do kiszenia ca\u0142ych warzyw lub du\u017cych partii sk\u0142adnik\u00f3w, dzi\u0119ki czemu zaspokaja potrzeby magazynowe rodzin, du\u017cych restauracji lub fabryk \u017cywno\u015bci.<\/p>\n<p><strong>Szklana pokrywa + metalowa konstrukcja uszczelniaj\u0105ca z zatrzaskiem<\/strong><\/p>\n<p>Mechanizm zatrzaskowy wzmacnia szczelno\u015b\u0107, dzi\u0119ki czemu skutecznie ogranicza dost\u0119p powietrza, co sprawia, \u017ce \u200b\u200burz\u0105dzenie to nadaje si\u0119 do fermentacji, kiszenia i przechowywania przez d\u0142ugi czas.<\/p>\n<p><strong>Super przezroczyste szk\u0142o<\/strong><\/p>\n<p>S\u0142oik pozwala na wizualne sprawdzenie koloru i stanu kiszonek, dzi\u0119ki czemu mo\u017cna \u0142atwo monitorowa\u0107 fermentacj\u0119 lub wszelkie zmiany jako\u015bci.<\/p>\n<h2>Kluczowe specyfikacje<\/h2>\n<table style=\"border-collapse: collapse; width: 80%; margin-left: AUTO; margin-right: AUTO;\" border=\"0\" width=\"288\" cellspacing=\"0\" cellpadding=\"0\">\n<tbody>\n<tr style=\"height: 13.50pt;\">\n<td style=\"height: 13.5pt; width: 54pt; text-align: center;\" width=\"72\" height=\"18\">Pojemno\u015b\u0107<\/td>\n<td style=\"width: 54pt; text-align: center;\" width=\"72\">Tworzywo<\/td>\n<td style=\"width: 54pt; text-align: center;\" width=\"72\">Typ pokrywy<\/td>\n<td style=\"width: 54pt; text-align: center;\" width=\"72\">Kszta\u0142t<\/td>\n<\/tr>\n<tr style=\"height: 13.50pt;\">\n<td style=\"height: 13.5pt; text-align: center;\" height=\"18\">3000 ml (niestandardowe)<\/td>\n<td style=\"text-align: center;\">Szk\u0142o Superior<\/td>\n<td style=\"text-align: center;\">Zaciskowe pokrywki hermetyczne<\/td>\n<td style=\"text-align: center;\">Okr\u0105g\u0142y (konfigurowalny)<\/td>\n<\/tr>\n<\/tbody>\n<\/table>\n<h2>Przypadek sukcesu<\/h2>\n<p>Du\u017cy zak\u0142ad przetw\u00f3rstwa spo\u017cywczego produkuj\u0105cy tradycyjne pikle zdecydowa\u0142 si\u0119 na u\u017cycie naszych szklanych s\u0142oik\u00f3w o du\u017cej pojemno\u015bci, szukaj\u0105c lepszego rozwi\u0105zania do pakowania swoich pikli w procesie fermentacji. Aby sprosta\u0107 wymogom d\u0142ugiego cyklu fermentacji, zak\u0142ad pogrubi\u0142 \u015bcianki s\u0142oik\u00f3w i zainstalowa\u0142 uszczelki odporne na s\u00f3l i kwas, dzi\u0119ki czemu metalowa konstrukcja pozostaje stabilna nawet w \u015brodowisku o wysokim zasoleniu przez d\u0142ugi czas.<\/p>\n<p>Dzi\u0119ki tej modernizacji og\u00f3rki sta\u0142y si\u0119 wizualnie dost\u0119pne w trakcie fermentacji, wska\u017anik wad partii spad\u0142 o oko\u0142o 22%, a zarz\u0105dzanie magazynem sta\u0142o si\u0119 bardziej prac\u0105 ludzk\u0105.<\/p>\n<h2>Tw\u00f3j podr\u0119cznik personalizacji<\/h2>\n<ol>\n<li><strong>Uszczelnianie\u200b\u200d\u200b\u200c\u200d\u200b\u200d\u200c\u200d\u200b\u200c\u200d\u200b\u200d\u200c Modernizacja systemu:<\/strong>Metalowe zatrzaski mog\u0105 by\u0107 galwanizowane, malowane lub wykonane ze stali nierdzewnej, a uszczelki odporne na kwasy i pier\u015bcienie silikonowe mo\u017cna wymieni\u0107 na lepsze.<\/li>\n<li><strong>Materia\u0142y i wyko\u0144czenia szklane:<\/strong>Dost\u0119pne s\u0105 materia\u0142y takie jak szk\u0142o o wysokiej przezroczysto\u015bci, matowe, p\u00f3\u0142przezroczyste i odporne na wybuch. Ponadto logo mo\u017ce by\u0107 wyt\u0142oczone na korpusie lub dnie butelki.<\/li>\n<li><strong>Opcje akcesori\u00f3w:<\/strong>Miarki, naklejki zabezpieczaj\u0105ce, metki firmowe i wzory etykiet zewn\u0119trznych to produkty kompatybilne ze sob\u0105, dzi\u0119ki kt\u00f3rym mo\u017cesz stworzy\u0107 pe\u0142niejsze portfolio produkt\u00f3w zgodne z Twoj\u0105 mark\u0105.<\/li>\n<\/ol>","protected":false},"excerpt":{"rendered":"<p>Glass jar for pickle are available with free samples for testing. And glass jars for pickling, ideal for bulk buyers with factory-direct supply. Custom available.<\/p>","protected":false},"featured_media":23941,"template":"","meta":[],"product_brand":[],"product_cat":[122,124,133],"product_tag":[],"class_list":{"0":"post-23940","1":"product","2":"type-product","3":"status-publish","4":"has-post-thumbnail","6":"product_cat-custom-glass-packaging","7":"product_cat-custom-glass-jars","8":"product_cat-pickle-jars","10":"first","11":"instock","12":"shipping-taxable","13":"product-type-simple"},"jetpack_sharing_enabled":true,"_links":{"self":[{"href":"https:\/\/yebodaglass.com\/pl\/wp-json\/wp\/v2\/product\/23940","targetHints":{"allow":["GET"]}}],"collection":[{"href":"https:\/\/yebodaglass.com\/pl\/wp-json\/wp\/v2\/product"}],"about":[{"href":"https:\/\/yebodaglass.com\/pl\/wp-json\/wp\/v2\/types\/product"}],"version-history":[{"count":5,"href":"https:\/\/yebodaglass.com\/pl\/wp-json\/wp\/v2\/product\/23940\/revisions"}],"predecessor-version":[{"id":23954,"href":"https:\/\/yebodaglass.com\/pl\/wp-json\/wp\/v2\/product\/23940\/revisions\/23954"}],"wp:featuredmedia":[{"embeddable":true,"href":"https:\/\/yebodaglass.com\/pl\/wp-json\/wp\/v2\/media\/23941"}],"wp:attachment":[{"href":"https:\/\/yebodaglass.com\/pl\/wp-json\/wp\/v2\/media?parent=23940"}],"wp:term":[{"taxonomy":"product_brand","embeddable":true,"href":"https:\/\/yebodaglass.com\/pl\/wp-json\/wp\/v2\/product_brand?post=23940"},{"taxonomy":"product_cat","embeddable":true,"href":"https:\/\/yebodaglass.com\/pl\/wp-json\/wp\/v2\/product_cat?post=23940"},{"taxonomy":"product_tag","embeddable":true,"href":"https:\/\/yebodaglass.com\/pl\/wp-json\/wp\/v2\/product_tag?post=23940"}],"curies":[{"name":"wp","href":"https:\/\/api.w.org\/{rel}","templated":true}]}}