{"id":23903,"date":"2025-11-18T16:15:47","date_gmt":"2025-11-18T08:15:47","guid":{"rendered":"https:\/\/yebodaglass.com\/?post_type=product&#038;p=23903"},"modified":"2026-03-26T14:10:56","modified_gmt":"2026-03-26T06:10:56","slug":"wholesale-clear-32-oz-swing-top-bottles-with-stripes","status":"publish","type":"product","link":"https:\/\/yebodaglass.com\/pl\/wholesale-clear-32-oz-swing-top-bottles-with-stripes\/","title":{"rendered":"Hurtowa sprzeda\u017c przezroczystych butelek z zamkni\u0119ciem wahad\u0142owym o pojemno\u015bci 16 uncji i 32 uncji z paskami"},"content":{"rendered":"<p data-start=\"66\" data-end=\"288\">Te butelki z zakr\u0119canym zamkni\u0119ciem o pojemno\u015bci 32 uncji (ok. 940 ml) s\u0105 wykonane z przezroczystego szk\u0142a ze stylowym, pionowym wzorem w paski. Metalowa nakr\u0119tka zatrzaskowa to nie tylko \u015bwietny element konstrukcyjny, ale r\u00f3wnie\u017c niezawodne uszczelnienie, dzi\u0119ki czemu butelki te idealnie nadaj\u0105 si\u0119 do przechowywania p\u0142yn\u00f3w.<\/p>\n<h2>Cechy produktu<\/h2>\n<ul>\n<li><strong>Materia\u0142 szk\u0142a przezroczystego:<\/strong> Przezroczyste szk\u0142o jest bardzo pomocne w procesie identyfikacji cieczy z zewn\u0105trz, gdy\u017c umo\u017cliwia \u0142atwe sprawdzenie koloru i obj\u0119to\u015bci.<\/li>\n<li><strong>Pasek pionowy:<\/strong> Pionowy wz\u00f3r pask\u00f3w dodaje produktowi pi\u0119kna i wyj\u0105tkowo\u015bci, a jednocze\u015bnie u\u0142atwia trzymanie go w d\u0142oni.<\/li>\n<li><strong>Konstrukcja uszczelnienia zatrzaskowego:<\/strong> Jest to metalowy zatrzaskowy korek, kt\u00f3ry zamyka si\u0119 szczelnie, zapewniaj\u0105c skuteczne uszczelnienie i utrzymuj\u0105c \u015bwie\u017co\u015b\u0107 zawarto\u015bci, a tak\u017ce u\u0142atwiaj\u0105c otwieranie i zamykanie.<\/li>\n<\/ul>\n<h2 style=\"text-align: left;\">Kluczowe specyfikacje<\/h2>\n<table class=\"aligncenter\" style=\"border-collapse: collapse; width: 474.77pt;\" border=\"0\" width=\"633\" cellspacing=\"0\" cellpadding=\"0\">\n<tbody>\n<tr style=\"height: 13.50pt;\">\n<td style=\"height: 13.50pt; width: 98.25pt;\" width=\"131\" height=\"18\">Specyfikacja<\/td>\n<td style=\"width: 376.50pt;\" width=\"502\">Bli\u017csze dane<\/td>\n<\/tr>\n<tr style=\"height: 13.50pt;\">\n<td style=\"height: 13.50pt;\" height=\"18\">Wymiary<\/td>\n<td>500ml(16oz): 7 cm \u00d7 26.6 cm\/1000ml(32oz): 8.5 cm \u00d7 31.5 cm<\/td>\n<\/tr>\n<tr style=\"height: 13.50pt;\">\n<td style=\"height: 13.50pt;\" height=\"18\">Tworzywo<\/td>\n<td>Szk\u0142o przezroczyste o wysokiej przejrzysto\u015bci<\/td>\n<\/tr>\n<tr style=\"height: 13.50pt;\">\n<td style=\"height: 13.50pt;\" height=\"18\">Tekstura powierzchni<\/td>\n<td>Pionowy wz\u00f3r w paski zapewniaj\u0105cy przyczepno\u015b\u0107 i estetyk\u0119<\/td>\n<\/tr>\n<tr style=\"height: 13.50pt;\">\n<td style=\"height: 13.50pt;\" height=\"18\">System zamykania<\/td>\n<td>Hu\u015btawki ze stali nierdzewnej z pomara\u0144czowo-bia\u0142ym korkiem<\/td>\n<\/tr>\n<tr style=\"height: 13.50pt;\">\n<td style=\"height: 13.50pt;\" height=\"18\">Idealny dla<\/td>\n<td>Butelki z klapk\u0105 i klapk\u0105 hurtowo<\/td>\n<\/tr>\n<\/tbody>\n<\/table>\n<h2>Historia sukcesu: Transformacja premium producenta napoj\u00f3w rzemie\u015blniczych<\/h2>\n<p>Rzemie\u015blnicza marka napoj\u00f3w gazowanych chcia\u0142a wej\u015b\u0107 na rynek ekskluzywnych upomink\u00f3w. Aby wypromowa\u0107 sw\u00f3j flagowy nap\u00f3j, zdecydowa\u0142a si\u0119 na wykorzystanie naszych hurtowych butelek z zakr\u0119tk\u0105 typu swing top, ozdobionych pionowym wzorem w paski. Ten wyj\u0105tkowy wz\u00f3r okaza\u0142 si\u0119 kluczowym czynnikiem sukcesu marki. U\u0142atwia\u0142 on u\u017cytkownikowi chwyt nakr\u0119tki, dzi\u0119ki czemu liczba wypadk\u00f3w spowodowanych po\u015blizgni\u0119ciem i upuszczeniem spad\u0142a o 42%, a sprzeda\u017c wzros\u0142a o 75%. Zach\u0119cona tak pozytywnymi reakcjami konsument\u00f3w, marka sk\u0142ada obecnie zam\u00f3wienia na 200 000 butelek na parti\u0119, dzi\u0119ki czemu ten wz\u00f3r sta\u0142 si\u0119 jej jedynym opakowaniem flagowego produktu.<\/p>\n<h2>Spersonalizuj swoj\u0105 teksturowan\u0105 butelk\u0119 z zakr\u0119tk\u0105<\/h2>\n<p>Skorzystaj z tych opcji personalizacji skoncentrowanych na produkcie, aby stworzy\u0107 butelk\u0119 z zakr\u0119tk\u0105 marki, kt\u00f3rej nie da si\u0119 skopiowa\u0107 w przypadku innych produkt\u00f3w:<\/p>\n<ul>\n<li><strong>Wyb\u00f3r koloru pier\u015bcienia uszczelniaj\u0105cego:<\/strong> Dostosuj pier\u015bcie\u0144 uszczelniaj\u0105cy do koloru swojej marki, dzi\u0119ki czemu zn\u00f3w b\u0119dzie on w kolorze Twojej marki na p\u00f3\u0142ce.<\/li>\n<li><strong>Witra\u017c:<\/strong> U\u017cycie szk\u0142a bursztynowego lub zielonego zamiast przezroczystego przeznaczone jest do napoj\u00f3w wra\u017cliwych na \u015bwiat\u0142o, np. piwa.<\/li>\n<li><strong>Tekstura mro\u017cona:<\/strong> Mro\u017cone wyko\u0144czenie \u017ceberek tworzy dramatyczny kontrast i zapewnia bardziej fakturowe doznania dotykowe.<\/li>\n<li><strong>Specjalistyczna kolorowa glazura:<\/strong> Dodanie kolorowego paska szklanego na spodzie lub szyjce butelki nadaje jej niepowtarzalny wygl\u0105d.<\/li>\n<\/ul>\n<p>Skontaktuj si\u0119 z nami, je\u015bli chcesz pozna\u0107 ceny hurtowe butelek z zamkni\u0119ciem typu swing top o pojemno\u015bci 32 uncji.<\/p>","protected":false},"excerpt":{"rendered":"<p>Eleganckie, pr\u0105\u017ckowane butelki o pojemno\u015bci 947 ml z zakr\u0119canym zamkni\u0119ciem i wysokiej jako\u015bci uszczelkami szczelnymi \u2013 przeznaczone do napoj\u00f3w, fermentacji i pakowania \u017cywno\u015bci. Dost\u0119pne ceny hurtowe.<\/p>","protected":false},"featured_media":25628,"template":"","meta":[],"product_brand":[],"product_cat":[132,123,122],"product_tag":[],"class_list":{"0":"post-23903","1":"product","2":"type-product","3":"status-publish","4":"has-post-thumbnail","6":"product_cat-glass-flip-top-bottles","7":"product_cat-custom-glass-bottles","8":"product_cat-custom-glass-packaging","10":"first","11":"instock","12":"shipping-taxable","13":"product-type-simple"},"jetpack_sharing_enabled":true,"_links":{"self":[{"href":"https:\/\/yebodaglass.com\/pl\/wp-json\/wp\/v2\/product\/23903","targetHints":{"allow":["GET"]}}],"collection":[{"href":"https:\/\/yebodaglass.com\/pl\/wp-json\/wp\/v2\/product"}],"about":[{"href":"https:\/\/yebodaglass.com\/pl\/wp-json\/wp\/v2\/types\/product"}],"version-history":[{"count":4,"href":"https:\/\/yebodaglass.com\/pl\/wp-json\/wp\/v2\/product\/23903\/revisions"}],"predecessor-version":[{"id":23921,"href":"https:\/\/yebodaglass.com\/pl\/wp-json\/wp\/v2\/product\/23903\/revisions\/23921"}],"wp:featuredmedia":[{"embeddable":true,"href":"https:\/\/yebodaglass.com\/pl\/wp-json\/wp\/v2\/media\/25628"}],"wp:attachment":[{"href":"https:\/\/yebodaglass.com\/pl\/wp-json\/wp\/v2\/media?parent=23903"}],"wp:term":[{"taxonomy":"product_brand","embeddable":true,"href":"https:\/\/yebodaglass.com\/pl\/wp-json\/wp\/v2\/product_brand?post=23903"},{"taxonomy":"product_cat","embeddable":true,"href":"https:\/\/yebodaglass.com\/pl\/wp-json\/wp\/v2\/product_cat?post=23903"},{"taxonomy":"product_tag","embeddable":true,"href":"https:\/\/yebodaglass.com\/pl\/wp-json\/wp\/v2\/product_tag?post=23903"}],"curies":[{"name":"wp","href":"https:\/\/api.w.org\/{rel}","templated":true}]}}