{"id":23900,"date":"2025-11-18T17:00:16","date_gmt":"2025-11-18T09:00:16","guid":{"rendered":"https:\/\/yebodaglass.com\/?post_type=product&#038;p=23900"},"modified":"2025-11-18T17:00:18","modified_gmt":"2025-11-18T09:00:18","slug":"wholesale-square-glass-jars-for-pickle-for-packing","status":"publish","type":"product","link":"https:\/\/yebodaglass.com\/pl\/wholesale-square-glass-jars-for-pickle-for-packing\/","title":{"rendered":"Hurtowe kwadratowe szklane s\u0142oiki na og\u00f3rki do pakowania 50 ml \u2013 150 ml"},"content":{"rendered":"<p>Masz do\u015b\u0107 s\u0142oik\u00f3w do kiszenia og\u00f3rk\u00f3w, kt\u00f3re przeciekaj\u0105 lub matowiej\u0105. Tworzymy szklane s\u0142oiki do kiszenia og\u00f3rk\u00f3w \u2013 koniec z rozlan\u0105 solank\u0105. Te puste pojemniki na s\u0142oiki do kiszenia zamieniaj\u0105 Twoj\u0105 \u017cywno\u015b\u0107 w markow\u0105 pot\u0119g\u0119. Zam\u00f3wienia hurtowe s\u0105 dost\u0119pne w niestandardowych rozmiarach, dopasowanych do Twojej marki.<\/p>\n<h2>Cechy produktu<\/h2>\n<p><strong>Szk\u0142o o wysokiej przejrzysto\u015bci<\/strong><\/p>\n<p>Przezroczysty s\u0142oik pozwala na wyeksponowanie kolorowych warzyw i przetwor\u00f3w, dzi\u0119ki czemu p\u00f3\u0142ki sklepowe zyskuj\u0105 na atrakcyjno\u015bci.<\/p>\n<p><strong>Plomba z metalowej nakr\u0119tki<\/strong><\/p>\n<p>Dzi\u0119ki wewn\u0119trznej poduszce jest bardzo szczelny i nie ulega utlenianiu, dlatego mo\u017cna go przechowywa\u0107 przez d\u0142ugi czas.<\/p>\n<p><strong>Przestrze\u0144 czystej etykiety<\/strong><\/p>\n<p>R\u00f3wna powierzchnia butelki jest dobrym obszarem do zadruku i etykietowania, dzi\u0119ki czemu prezentacja marki staje si\u0119 bardziej sp\u00f3jna i profesjonalna.<\/p>\n<h2>Kluczowe specyfikacje<\/h2>\n<table style=\"border-collapse: collapse; width: 80%; margin-left: auto; margin-right: auto;\" border=\"0\" width=\"216\" cellspacing=\"0\" cellpadding=\"0\">\n<tbody>\n<tr style=\"height: 13.50pt;\">\n<td style=\"height: 13.5pt; width: 54pt; text-align: center;\" width=\"72\" height=\"18\">Pojemno\u015b\u0107<\/td>\n<td style=\"width: 54pt; text-align: center;\" width=\"72\">Rozmiar (cm)<\/td>\n<td style=\"width: 54pt; text-align: center;\" width=\"72\">Rodzaj zamkni\u0119cia<\/td>\n<\/tr>\n<tr style=\"height: 13.50pt;\">\n<td style=\"height: 13.5pt; text-align: center;\" height=\"18\">50 ml<\/td>\n<td style=\"text-align: center;\">4,5 x 5,6<\/td>\n<td class=\"et2\" style=\"text-align: center;\" rowspan=\"4\">Gwintowane (plastikowe\/metalowe)<\/td>\n<\/tr>\n<tr style=\"height: 13.50pt;\">\n<td style=\"height: 13.5pt; text-align: center;\" height=\"18\">80 ml<\/td>\n<td style=\"text-align: center;\">5,0 x 5,5<\/td>\n<\/tr>\n<tr style=\"height: 13.50pt;\">\n<td style=\"height: 13.5pt; text-align: center;\" height=\"18\">100 ml<\/td>\n<td style=\"text-align: center;\">5,4 x 7,5<\/td>\n<\/tr>\n<tr style=\"height: 13.50pt;\">\n<td style=\"height: 13.5pt; text-align: center;\" height=\"18\">150 ml<\/td>\n<td style=\"text-align: center;\">5,7 x 7,6<\/td>\n<\/tr>\n<\/tbody>\n<\/table>\n<h2>Przypadek sukcesu<\/h2>\n<p>Kiedy fabryka \u017cywno\u015bci specjalizuj\u0105ca si\u0119 w marynowanej papryce i sa\u0142atkach zdecydowa\u0142a si\u0119 na modernizacj\u0119 opakowa\u0144, wybra\u0142a nasze kwadratowe, puste s\u0142oiki na og\u00f3rki. Jasne, przezroczyste szk\u0142o bardzo pomaga produktom wyr\u00f3\u017cni\u0107 si\u0119 na tle innych na p\u00f3\u0142kach supermarket\u00f3w, co znacznie podnosi ich atrakcyjno\u015b\u0107 w sprzeda\u017cy detalicznej. Czarne, szczelne nakr\u0119tki i rozmiar etykiety dostosowali\u015bmy do indywidualnych potrzeb, dzi\u0119ki czemu linia rozlewnicza mo\u017ce rozpocz\u0105\u0107 produkcj\u0119 bez \u017cadnych zmian.<\/p>\n<p>W wyniku zmiany opakowania sprzeda\u017c nowych produkt\u00f3w marki wzros\u0142a o 29% w ci\u0105gu dw\u00f3ch kwarta\u0142\u00f3w.<\/p>\n<h2>Tw\u00f3j podr\u0119cznik personalizacji pustych s\u0142oik\u00f3w na og\u00f3rki<\/h2>\n<ol>\n<li><strong>Procesy drukowania i etykietowania butelek:<\/strong>Marki mog\u0105 stosowa\u0107 sitodruk, t\u0142oczenie metod\u0105 pieczenia, t\u0142oczenie na gor\u0105co lub przezroczyste etykiety samoprzylepne, aby prezentowa\u0107 swoje logo w spos\u00f3b bardziej atrakcyjny, odporny na olej i zu\u017cycie.<\/li>\n<li><strong>Wyb\u00f3r materia\u0142u i koloru nakr\u0119tki:<\/strong>Dost\u0119pne s\u0105 czarne i kolorowe metalowe nakr\u0119tki oraz nakr\u0119tki z tworzyw sztucznych przeznaczonych do kontaktu z \u017cywno\u015bci\u0105. Mo\u017cna do nich doda\u0107 pier\u015bcienie zabezpieczaj\u0105ce przed otwarciem, uszczelki zabezpieczaj\u0105ce przed przeciekaniem lub konstrukcje wzmacniaj\u0105ce uszczelnienia.<\/li>\n<li><strong>Wyko\u0144czenia powierzchni i ulepszenia butelek:<\/strong>Szk\u0142o mo\u017ce by\u0107 matowe, p\u00f3\u0142przezroczyste lub teksturowane, a tak\u017ce mie\u0107 wyt\u0142oczone logo i numer partii na dnie butelki, co zwi\u0119ksza rozpoznawalno\u015b\u0107 marki.<\/li>\n<\/ol>","protected":false},"excerpt":{"rendered":"<p>Oferujemy szklane s\u0142oiki na og\u00f3rki kiszone, kt\u00f3re mo\u017cna personalizowa\u0107. Te puste s\u0142oiki na og\u00f3rki kiszone s\u0105 dost\u0119pne bezpo\u015brednio z fabryki, w cenach hurtowych.<\/p>","protected":false},"featured_media":23904,"template":"","meta":[],"product_brand":[],"product_cat":[122,124,133],"product_tag":[],"class_list":{"0":"post-23900","1":"product","2":"type-product","3":"status-publish","4":"has-post-thumbnail","6":"product_cat-custom-glass-packaging","7":"product_cat-custom-glass-jars","8":"product_cat-pickle-jars","10":"first","11":"instock","12":"shipping-taxable","13":"product-type-simple"},"jetpack_sharing_enabled":true,"_links":{"self":[{"href":"https:\/\/yebodaglass.com\/pl\/wp-json\/wp\/v2\/product\/23900","targetHints":{"allow":["GET"]}}],"collection":[{"href":"https:\/\/yebodaglass.com\/pl\/wp-json\/wp\/v2\/product"}],"about":[{"href":"https:\/\/yebodaglass.com\/pl\/wp-json\/wp\/v2\/types\/product"}],"version-history":[{"count":5,"href":"https:\/\/yebodaglass.com\/pl\/wp-json\/wp\/v2\/product\/23900\/revisions"}],"predecessor-version":[{"id":23913,"href":"https:\/\/yebodaglass.com\/pl\/wp-json\/wp\/v2\/product\/23900\/revisions\/23913"}],"wp:featuredmedia":[{"embeddable":true,"href":"https:\/\/yebodaglass.com\/pl\/wp-json\/wp\/v2\/media\/23904"}],"wp:attachment":[{"href":"https:\/\/yebodaglass.com\/pl\/wp-json\/wp\/v2\/media?parent=23900"}],"wp:term":[{"taxonomy":"product_brand","embeddable":true,"href":"https:\/\/yebodaglass.com\/pl\/wp-json\/wp\/v2\/product_brand?post=23900"},{"taxonomy":"product_cat","embeddable":true,"href":"https:\/\/yebodaglass.com\/pl\/wp-json\/wp\/v2\/product_cat?post=23900"},{"taxonomy":"product_tag","embeddable":true,"href":"https:\/\/yebodaglass.com\/pl\/wp-json\/wp\/v2\/product_tag?post=23900"}],"curies":[{"name":"wp","href":"https:\/\/api.w.org\/{rel}","templated":true}]}}