{"id":23894,"date":"2025-11-18T15:02:38","date_gmt":"2025-11-18T07:02:38","guid":{"rendered":"https:\/\/yebodaglass.com\/?post_type=product&#038;p=23894"},"modified":"2026-04-10T09:36:18","modified_gmt":"2026-04-10T01:36:18","slug":"empty-clear-glass-flip-top-bottles-wholesale","status":"publish","type":"product","link":"https:\/\/yebodaglass.com\/pl\/empty-clear-glass-flip-top-bottles-wholesale\/","title":{"rendered":"350 ml \u2013 1000 ml \u2013 Hurtowa sprzeda\u017c pustych, przezroczystych szklanych butelek z klapk\u0105"},"content":{"rendered":"<p data-start=\"66\" data-end=\"288\"><span aria-haspopup=\"dialog\" aria-expanded=\"false\" aria-controls=\"radix-_r_8f_\" data-state=\"closed\" data-slot=\"popover-trigger\">Tradycyjna i wygodna butelka o g\u0142adkim, lekko zw\u0119\u017canym korpusie i smuk\u0142ej szyjce, ta szklana butelka z klapk\u0105 to klasyka.<\/span> <span aria-haspopup=\"dialog\" aria-expanded=\"false\" aria-controls=\"radix-_r_8g_\" data-state=\"closed\" data-slot=\"popover-trigger\">Butelka wykonana jest z przezroczystego szk\u0142a i posiada zamykaj\u0105c\u0105 j\u0105 klapk\u0119, kt\u00f3ra mocno trzyma g\u00f3rn\u0105 cz\u0119\u015b\u0107 butelki.<\/span> <span aria-haspopup=\"dialog\" aria-expanded=\"false\" aria-controls=\"radix-_r_8h_\" data-state=\"closed\" data-slot=\"popover-trigger\">Budynek ten tworzy hermetyczn\u0105 pokryw\u0119, kt\u00f3ra pozwala zachowa\u0107 \u015bwie\u017co\u015b\u0107 i zapobiega przeciekom.<\/span> <span aria-haspopup=\"dialog\" aria-expanded=\"false\" aria-controls=\"radix-_r_8i_\" data-state=\"closed\" data-slot=\"popover-trigger\">Seria zapewnia elastyczno\u015b\u0107 w zakresie wymaga\u0144 dotycz\u0105cych pakowania, poniewa\u017c jest dost\u0119pna w pojemno\u015bciach od 350 ml do 1000 ml.<\/span> <span aria-haspopup=\"dialog\" aria-expanded=\"false\" aria-controls=\"radix-_r_8j_\" data-state=\"closed\" data-slot=\"popover-trigger\">S\u0105 to butelki powszechnie stosowane do przechowywania napoj\u00f3w, takich jak napoje gazowane, soki i kombucha. Oferujemy hurtow\u0105 sprzeda\u017c butelek z klapk\u0105.<\/span><\/p>\n<h2>Cechy produktu<\/h2>\n<ul>\n<li><strong>Konstrukcja uszczelnienia zatrzaskowego:<\/strong> Czerwone i bia\u0142e metalowe zatrzaski zapewniaj\u0105 dobre uszczelnienie, dzi\u0119ki czemu zawarto\u015b\u0107 d\u0142u\u017cej si\u0119 utrzymuje. Ponadto otwieranie i zamykanie jest bardzo \u0142atwe.<\/li>\n<li><strong>R\u00f3\u017cne kszta\u0142ty i rozmiary butelek:<\/strong> Cztery r\u00f3\u017cne kszta\u0142ty i rozmiary butelek pozwalaj\u0105 zaspokoi\u0107 nie tylko zr\u00f3\u017cnicowane potrzeby obj\u0119to\u015bciowe, ale tak\u017ce estetyczne. Ponadto, mo\u017cna je stosowa\u0107 do napoj\u00f3w, sos\u00f3w i innych opakowa\u0144.<\/li>\n<li><strong>Projekt serii:<\/strong> Pojemniki o jednolitym stylu mog\u0105 by\u0107 stosowane szeregowo, co pozwala na uzyskanie lepszej harmonii przechowywania i u\u017cytkowania.<\/li>\n<\/ul>\n<h2 style=\"text-align: left;\">Kluczowe specyfikacje<\/h2>\n<table style=\"border-collapse: collapse; width: 80%; margin-left: auto; margin-right: auto;\" border=\"0\" width=\"144\" cellspacing=\"0\" cellpadding=\"0\">\n<tbody>\n<tr style=\"height: 13.50pt;\">\n<td style=\"height: 13.5pt; width: 54pt; text-align: center;\" width=\"72\" height=\"18\">Specyfikacja<\/td>\n<td style=\"width: 54pt; text-align: center;\" width=\"72\">Bli\u017csze dane<\/td>\n<\/tr>\n<tr style=\"height: 13.50pt;\">\n<td style=\"height: 13.5pt; text-align: center;\" height=\"18\">Pojemno\u015bci<\/td>\n<td style=\"text-align: center;\">350 ml (12 uncji) \/ 500 ml (16 uncji) \/ 750 ml (25 uncji) \/ 1000 ml (32 uncje)<\/td>\n<\/tr>\n<tr style=\"height: 13.50pt;\">\n<td style=\"height: 13.5pt; text-align: center;\" height=\"18\">Otwarcie szyi<\/td>\n<td style=\"text-align: center;\">1,9 cm (350 500 ml) \u2022 1,8 cm (750 1000 ml)<\/td>\n<\/tr>\n<tr style=\"height: 13.50pt;\">\n<td style=\"height: 13.5pt; text-align: center;\" height=\"18\">Zamkni\u0119cie<\/td>\n<td style=\"text-align: center;\">Metalowa hu\u015btawka z czerwono-bia\u0142ym korkiem i wymienn\u0105 silikonow\u0105 uszczelk\u0105<\/td>\n<\/tr>\n<tr style=\"height: 13.50pt;\">\n<td style=\"height: 13.5pt; text-align: center;\" height=\"18\">Tworzywo<\/td>\n<td style=\"text-align: center;\">Szk\u0142o przezroczyste o wysokiej przejrzysto\u015bci<\/td>\n<\/tr>\n<tr style=\"height: 13.50pt;\">\n<td style=\"height: 13.5pt; text-align: center;\" height=\"18\">Typ uszczelnienia<\/td>\n<td style=\"text-align: center;\">Uszczelniona kompresyjnie pokrywa z podk\u0142adk\u0105 gumow\u0105<\/td>\n<\/tr>\n<\/tbody>\n<\/table>\n<h2>Historia sukcesu<\/h2>\n<p><span aria-haspopup=\"dialog\" aria-expanded=\"false\" aria-controls=\"radix-_r_8k_\" data-state=\"closed\" data-slot=\"popover-trigger\">Jedna z niemieckich marek napoj\u00f3w rzemie\u015blniczych planowa\u0142a wprowadzi\u0107 na rynek now\u0105 lini\u0119 produkt\u00f3w \u2013 gazowan\u0105 lemoniad\u0119, kt\u00f3ra mia\u0142a by\u0107 wytwarzana r\u0119cznie.<\/span> <span aria-haspopup=\"dialog\" aria-expanded=\"false\" aria-controls=\"radix-_r_8l_\" data-state=\"closed\" data-slot=\"popover-trigger\">Zdecydowali si\u0119 na nasze 25-uncjowe, szklane butelki zatrzaskowe po por\u00f3wnaniu ofert kilku dostawc\u00f3w.<\/span> <span aria-haspopup=\"dialog\" aria-expanded=\"false\" aria-controls=\"radix-_r_8m_\" data-state=\"closed\" data-slot=\"popover-trigger\">Ich marka jest nadrukowana na butelce z bia\u0142ej ceramiki, a zakr\u0119tka ze stali nierdzewnej ma \u017c\u00f3\u0142t\u0105 uszczelk\u0119 z silikonu spo\u017cywczego, kt\u00f3ra zapewnia butelce d\u0142ugotrwa\u0142e musowanie i nawi\u0105zuje do motywu cytryny.<\/span><\/p>\n<p><span aria-haspopup=\"dialog\" aria-expanded=\"false\" aria-controls=\"radix-_r_8n_\" data-state=\"closed\" data-slot=\"popover-trigger\">W ci\u0105gu sze\u015bciu miesi\u0119cy marka sprzeda\u0142a nowe opakowania w ilo\u015bci o 28 procent wi\u0119kszej ni\u017c w momencie wprowadzenia nowego opakowania na rynek.<\/span> <span aria-haspopup=\"dialog\" aria-expanded=\"false\" aria-controls=\"radix-_r_8o_\" data-state=\"closed\" data-slot=\"popover-trigger\">Klient z\u0142o\u017cy\u0142 tak\u017ce trzy zam\u00f3wienia hurtowe w ci\u0105gu pierwszego roku, poniewa\u017c rynek zareagowa\u0142 pozytywnie.<\/span><\/p>\n<h2>Zaprojektuj swoje butelki z klapk\u0105<\/h2>\n<ul>\n<li><strong>Niestandardowy kolor uszczelki:<\/strong> Zamie\u0144 czerwone i bia\u0142e cz\u0119\u015bci piecz\u0119ci na kolor swojej marki, aby u\u0142atwi\u0107 i przyspieszy\u0107 jej rozpoznanie.<\/li>\n<li><strong>Barwienie szk\u0142a:<\/strong> Je\u015bli chcesz os\u0142oni\u0107 produkt wra\u017cliwy na \u015bwiat\u0142o, np. piwo lub ocet, przed promieniowaniem UV, wybierz szk\u0142o bursztynowe lub zielone.<\/li>\n<li><strong>Logo z kwasow\u0105 twarz\u0105:<\/strong> Zle\u0107 umieszczenie swojego logo na szkle metod\u0105 trawienia kwasem, aby uzyska\u0107 elegancki, trwa\u0142y i nieusuwalny efekt matowego szk\u0142a.<\/li>\n<li><strong>Wyko\u0144czenie zatrzasku:<\/strong> Aby uzyska\u0107 bardziej osobisty wygl\u0105d, wybierz konkretne wyko\u0144czenie metalowego zatrzasku, np. czarne lub ocynkowane.<\/li>\n<\/ul>\n<p>Oferujemy hurtow\u0105 sprzeda\u017c butelek z zakr\u0119tk\u0105 typu flip-top, kt\u00f3re mo\u017cna kupi\u0107 w cenie hurtowej z szybk\u0105 wysy\u0142k\u0105. Zapraszamy do kontaktu w celu uzyskania wyceny tej wielofunkcyjnej, szklanej butelki z zakr\u0119tk\u0105.<\/p>","protected":false},"excerpt":{"rendered":"<p>Trwa\u0142e, szklane butelki z klapk\u0105, hurtowo sprzedawane z mocnym zamkni\u0119ciem typu \u201eswing\u201d, hermetyczne. Idealne dla marek poszukuj\u0105cych hurtowych butelek z klapk\u0105. Bezp\u0142atne pr\u00f3bki.<\/p>","protected":false},"featured_media":23895,"template":"","meta":[],"product_brand":[],"product_cat":[132,123,122],"product_tag":[],"class_list":{"0":"post-23894","1":"product","2":"type-product","3":"status-publish","4":"has-post-thumbnail","6":"product_cat-glass-flip-top-bottles","7":"product_cat-custom-glass-bottles","8":"product_cat-custom-glass-packaging","10":"first","11":"instock","12":"shipping-taxable","13":"product-type-simple"},"jetpack_sharing_enabled":true,"_links":{"self":[{"href":"https:\/\/yebodaglass.com\/pl\/wp-json\/wp\/v2\/product\/23894","targetHints":{"allow":["GET"]}}],"collection":[{"href":"https:\/\/yebodaglass.com\/pl\/wp-json\/wp\/v2\/product"}],"about":[{"href":"https:\/\/yebodaglass.com\/pl\/wp-json\/wp\/v2\/types\/product"}],"version-history":[{"count":5,"href":"https:\/\/yebodaglass.com\/pl\/wp-json\/wp\/v2\/product\/23894\/revisions"}],"predecessor-version":[{"id":25398,"href":"https:\/\/yebodaglass.com\/pl\/wp-json\/wp\/v2\/product\/23894\/revisions\/25398"}],"wp:featuredmedia":[{"embeddable":true,"href":"https:\/\/yebodaglass.com\/pl\/wp-json\/wp\/v2\/media\/23895"}],"wp:attachment":[{"href":"https:\/\/yebodaglass.com\/pl\/wp-json\/wp\/v2\/media?parent=23894"}],"wp:term":[{"taxonomy":"product_brand","embeddable":true,"href":"https:\/\/yebodaglass.com\/pl\/wp-json\/wp\/v2\/product_brand?post=23894"},{"taxonomy":"product_cat","embeddable":true,"href":"https:\/\/yebodaglass.com\/pl\/wp-json\/wp\/v2\/product_cat?post=23894"},{"taxonomy":"product_tag","embeddable":true,"href":"https:\/\/yebodaglass.com\/pl\/wp-json\/wp\/v2\/product_tag?post=23894"}],"curies":[{"name":"wp","href":"https:\/\/api.w.org\/{rel}","templated":true}]}}