{"id":23879,"date":"2025-11-18T13:42:49","date_gmt":"2025-11-18T05:42:49","guid":{"rendered":"https:\/\/yebodaglass.com\/?post_type=product&#038;p=23879"},"modified":"2026-03-26T13:58:11","modified_gmt":"2026-03-26T05:58:11","slug":"wholesale-clear-cylindrical-glass-resealable-bottles","status":"publish","type":"product","link":"https:\/\/yebodaglass.com\/pl\/wholesale-clear-cylindrical-glass-resealable-bottles\/","title":{"rendered":"Hurtowa sprzeda\u017c przezroczystych, cylindrycznych szklanych butelek z mo\u017cliwo\u015bci\u0105 ponownego zamkni\u0119cia, 600 ml i 1000 ml"},"content":{"rendered":"<p>Our glass resealable bottles ( 600ml and 1000ml capacities ) feature a clean cylindrical shape with a distinct shoulder and thick, stable base. The bottles are made of clear glass that gives the product a high visibility. The durable swing top topper is attached to each unit, consisting of a metal wire bail and a food grade sealing gasket to provide airtight protection. There is also easy branding and labelling done on the smooth surface.<\/p>\n<h2 style=\"text-align: left;\">Kluczowe specyfikacje<\/h2>\n<table class=\"aligncenter\" style=\"border-collapse: collapse; width: 581.27pt;\" border=\"0\" width=\"775\" cellspacing=\"0\" cellpadding=\"0\">\n<tbody>\n<tr style=\"height: 13.50pt;\">\n<td style=\"height: 13.50pt; width: 164.25pt;\" width=\"219\" height=\"18\">Specyfikacja<\/td>\n<td style=\"width: 417.00pt;\" width=\"556\">Bli\u017csze dane<\/td>\n<\/tr>\n<tr style=\"height: 13.50pt;\">\n<td style=\"height: 13.50pt;\" height=\"18\">Wymiary (G\u0142. \u00d7 Wys.)<\/td>\n<td>600 ml (20 uncji) 7,4 \u00d7 23,7 cm\/1000 ml (32 uncje) 8,1 \u00d7 28,9 cm<\/td>\n<\/tr>\n<tr style=\"height: 13.50pt;\">\n<td style=\"height: 13.50pt;\" height=\"18\">\u015arednica wewn\u0119trzna szyjki butelki<\/td>\n<td>\u015arednica 2,8 cm<\/td>\n<\/tr>\n<tr style=\"height: 13.50pt;\">\n<td style=\"height: 13.50pt;\" height=\"18\">Rodzaj zamkni\u0119cia<\/td>\n<td>swing top<\/td>\n<\/tr>\n<tr style=\"height: 13.50pt;\">\n<td style=\"height: 13.50pt;\" height=\"18\">Tworzywo<\/td>\n<td>Lead-free soda-lime glass, stainless steel, silicone pad<\/td>\n<\/tr>\n<tr style=\"height: 13.50pt;\">\n<td style=\"height: 13.50pt;\" height=\"18\">ustomization Options:<\/td>\n<td>C Color, Size, Surface Finish, Logo, Packaging<\/td>\n<\/tr>\n<\/tbody>\n<\/table>\n<h2>Aplikacja<\/h2>\n<p>These sealable glass bottles are widely used across food and beverage industries where airtight storage is essential. They can be used to store oils, vinegar, syrups and homemade beverages or to package water, juices, kombucha, beer and other fermented beverages. The resealable secure closure ensures that they can be distributed to retailers as well as used repeatedly by consumers. Moreover, they are also widely utilised in the hospitality, cafes, breweries, and line of their own products to provide quality preservation and maintenance of the quality of products during storing and transportation.<\/p>\n<h2>Historia sukcesu: Idealny wyb\u00f3r dla browaru rzemie\u015blniczego<\/h2>\n<p>Ma\u0142y browar produkuj\u0105cy kraftowe napoje gazowane potrzebowa\u0142 solidnego pojemnika na sw\u00f3j wysokogazowany ginger ale. Dzi\u0119ki naszym zamykanym szklanym butelkom, odnotowali strat\u0119 dwutlenku w\u0119gla poni\u017cej 2% w ci\u0105gu 7 dni, a liczba skarg klient\u00f3w na piwo bezalkoholowe spad\u0142a do zera. Co wi\u0119cej, wska\u017anik wymiany uszczelki spad\u0142 poni\u017cej 0,5% po 5-krotnym butelkowaniu na butelk\u0119. Byli tak zadowoleni, \u017ce zdecydowali si\u0119 na trzykrotne ponowne zam\u00f3wienie w ci\u0105gu sze\u015bciu miesi\u0119cy, dzi\u0119ki czemu do ko\u0144ca tego okresu zwi\u0119kszyli wolumen zam\u00f3wie\u0144 z 1200 do 200 000 butelek.<\/p>\n<h2>Dostosuj swoje butelki z zakr\u0119tk\u0105<\/h2>\n<ul>\n<li><strong>Sitodruk:<\/strong> Nanie\u015b sw\u00f3j projekt etykiety bezpo\u015brednio na butelk\u0119 za pomoc\u0105 sitodruku, kt\u00f3ry jest bardzo trwa\u0142ym i profesjonalnie wygl\u0105daj\u0105cym wyko\u0144czeniem.<\/li>\n<li><strong>Wyko\u0144czenia zatrzask\u00f3w:<\/strong> Przyk\u0142adowo, niekt\u00f3re wyko\u0144czenia metalowych zatrzask\u00f3w s\u0105 czarne lub ocynkowane, co pozwala nada\u0107 Twojemu produktowi niepowtarzalny wygl\u0105d.<\/li>\n<li><strong>Szk\u0142o bursztynowe lub zielone:<\/strong> Wybieraj\u0105c kolorowe szk\u0142o mo\u017cna chroni\u0107 napoje wra\u017cliwe na \u015bwiat\u0142o, takie jak piwo czy ocet.<\/li>\n<li><strong>Oznaczenia obj\u0119to\u015bci:<\/strong> Mo\u017cna r\u00f3wnie\u017c zastosowa\u0107 oznaczenia obj\u0119to\u015bci wyt\u0142oczone lub nadrukowane na \u015bciance butelki, zar\u00f3wno ze wzgl\u0119d\u00f3w praktycznych, jak i podnosz\u0105ce profesjonalizm.<\/li>\n<\/ul>\n<p>Jeste\u015b gotowy zaprojektowa\u0107 idealne opakowanie? Nasze butelki z zakr\u0119tk\u0105 s\u0105 dost\u0119pne od r\u0119ki i mo\u017cemy je dostarczy\u0107 w najbli\u017cszym czasie. Ceny hurtowe tych butelek wielokrotnego u\u017cytku ze szklanymi uszczelkami mo\u017cna negocjowa\u0107, kontaktuj\u0105c si\u0119 z nami ju\u017c dzi\u015b.<\/p>","protected":false},"excerpt":{"rendered":"<p>Szklane butelki wielokrotnego u\u017cytku z bia\u0142ym zamkni\u0119ciem typu \u201eswing top\u201d, idealne do \u017cywno\u015bci, napoj\u00f3w lub fermentacji. Szklane butelki wielokrotnego u\u017cytku dost\u0119pne w hurtowych ilo\u015bciach. Szybka wysy\u0142ka.<\/p>","protected":false},"featured_media":25624,"template":"","meta":[],"product_brand":[],"product_cat":[132,123,122,80,81,20],"product_tag":[],"class_list":{"0":"post-23879","1":"product","2":"type-product","3":"status-publish","4":"has-post-thumbnail","6":"product_cat-glass-flip-top-bottles","7":"product_cat-custom-glass-bottles","8":"product_cat-custom-glass-packaging","9":"product_cat-glass-bottles","10":"product_cat-flip-top-bottles","11":"product_cat-glass-containers","13":"first","14":"instock","15":"shipping-taxable","16":"product-type-simple"},"jetpack_sharing_enabled":true,"_links":{"self":[{"href":"https:\/\/yebodaglass.com\/pl\/wp-json\/wp\/v2\/product\/23879","targetHints":{"allow":["GET"]}}],"collection":[{"href":"https:\/\/yebodaglass.com\/pl\/wp-json\/wp\/v2\/product"}],"about":[{"href":"https:\/\/yebodaglass.com\/pl\/wp-json\/wp\/v2\/types\/product"}],"version-history":[{"count":5,"href":"https:\/\/yebodaglass.com\/pl\/wp-json\/wp\/v2\/product\/23879\/revisions"}],"predecessor-version":[{"id":25617,"href":"https:\/\/yebodaglass.com\/pl\/wp-json\/wp\/v2\/product\/23879\/revisions\/25617"}],"wp:featuredmedia":[{"embeddable":true,"href":"https:\/\/yebodaglass.com\/pl\/wp-json\/wp\/v2\/media\/25624"}],"wp:attachment":[{"href":"https:\/\/yebodaglass.com\/pl\/wp-json\/wp\/v2\/media?parent=23879"}],"wp:term":[{"taxonomy":"product_brand","embeddable":true,"href":"https:\/\/yebodaglass.com\/pl\/wp-json\/wp\/v2\/product_brand?post=23879"},{"taxonomy":"product_cat","embeddable":true,"href":"https:\/\/yebodaglass.com\/pl\/wp-json\/wp\/v2\/product_cat?post=23879"},{"taxonomy":"product_tag","embeddable":true,"href":"https:\/\/yebodaglass.com\/pl\/wp-json\/wp\/v2\/product_tag?post=23879"}],"curies":[{"name":"wp","href":"https:\/\/api.w.org\/{rel}","templated":true}]}}