{"id":23874,"date":"2025-11-18T14:12:37","date_gmt":"2025-11-18T06:12:37","guid":{"rendered":"https:\/\/yebodaglass.com\/?post_type=product&#038;p=23874"},"modified":"2025-11-18T14:12:38","modified_gmt":"2025-11-18T06:12:38","slug":"pickling-jar-wholesale-glass-jar-factory","status":"publish","type":"product","link":"https:\/\/yebodaglass.com\/pl\/pickling-jar-wholesale-glass-jar-factory\/","title":{"rendered":"S\u0142oik do marynowania ze szk\u0142a przezroczystego do pakowania hurtowego 220 ml 250 ml 280 ml"},"content":{"rendered":"<p>Masz do\u015b\u0107 s\u0142oik\u00f3w do kiszenia og\u00f3rk\u00f3w, kt\u00f3re przeciekaj\u0105 lub matowiej\u0105. Tworzymy szklane s\u0142oiki do kiszonych warzyw \u2013 koniec z rozlan\u0105 solank\u0105. Te pojemniki na kiszone warzywa zamieni\u0105 Twoje przechowywanie \u017cywno\u015bci w wizyt\u00f3wk\u0119 Twojej marki. Zam\u00f3wienia hurtowe s\u0105 dost\u0119pne w kolorach dopasowanych do Twojej marki.<\/p>\n<h2>Cechy produktu<\/h2>\n<p><strong>Dno butelki antypo\u015blizgowe<\/strong><\/p>\n<p>Zastosowanie antypo\u015blizgowego dna butelki nie tylko stabilizuje s\u0142oik z marynowanymi warzywami, ale tak\u017ce sprawia, \u017ce \u200b\u200bjego obs\u0142uga jest bezpieczniejsza.<\/p>\n<p><strong>Powierzchnia teksturowana 3D<\/strong><\/p>\n<p>Faktura \u015bcianek s\u0142oika do marynowania nie tylko u\u0142atwia u\u017cytkownikowi trzymanie butelki, ale tak\u017ce sprawia, \u017ce \u200b\u200bzawarto\u015b\u0107 s\u0142oika wygl\u0105da bardziej atrakcyjnie.<\/p>\n<p><strong>Konstrukcja uszczelki z nakr\u0119tk\u0105 \u015brubow\u0105<\/strong><\/p>\n<p>Czerwona nakr\u0119tka gwintowana ma ciasn\u0105, gwintowan\u0105 konstrukcj\u0119, kt\u00f3ra zapewnia wyj\u0105tkow\u0105 szczelno\u015b\u0107, umo\u017cliwiaj\u0105c nape\u0142nianie na gor\u0105co i przechowywanie w temperaturze pokojowej.<\/p>\n<h2>Kluczowe specyfikacje<\/h2>\n<table style=\"border-collapse: collapse; width: 80%; margin-left: auto; margin-right: auto;\" border=\"0\" width=\"216\" cellspacing=\"0\" cellpadding=\"0\">\n<tbody>\n<tr style=\"height: 13.50pt;\">\n<td style=\"height: 13.5pt; width: 54pt; text-align: center;\" width=\"72\" height=\"18\">Pojemno\u015b\u0107 (ml)<\/td>\n<td style=\"width: 54pt; text-align: center;\" width=\"72\">Rozmiar (cm)<\/td>\n<td style=\"width: 54pt; text-align: center;\" width=\"72\">Opcje niestandardowe<\/td>\n<\/tr>\n<tr style=\"height: 13.50pt;\">\n<td style=\"height: 13.5pt; text-align: center;\" align=\"right\" height=\"18\">220<\/td>\n<td style=\"text-align: center;\">6,2 x 11,3<\/td>\n<td class=\"et2\" style=\"text-align: center;\" rowspan=\"3\">Pokrywy, kolor, etykieta, logo<\/td>\n<\/tr>\n<tr style=\"height: 13.50pt;\">\n<td style=\"height: 13.5pt; text-align: center;\" align=\"right\" height=\"18\">250<\/td>\n<td style=\"text-align: center;\">6,5 x 12,7<\/td>\n<\/tr>\n<tr style=\"height: 13.50pt;\">\n<td style=\"height: 13.5pt; text-align: center;\" align=\"right\" height=\"18\">280<\/td>\n<td style=\"text-align: center;\">6,5 x 13,5<\/td>\n<\/tr>\n<\/tbody>\n<\/table>\n<h2>Przypadek sukcesu<\/h2>\n<p>Wschodnioeuropejska marka kiszonych warzyw wybra\u0142a nasz s\u0142oik do kiszenia jako ulepszone opakowanie. Aby podkre\u015bli\u0107 jako\u015b\u0107 produktu, stworzyli unikaln\u0105 etykiet\u0119 firmow\u0105 i czarn\u0105 zakr\u0119tk\u0119, a tak\u017ce wysoce przezroczyst\u0105 butelk\u0119.<\/p>\n<p>Nowy pakiet odegra\u0142 kluczow\u0105 rol\u0119 w osi\u0105gni\u0119ciu przez firm\u0119 28-procentowego wzrostu sprzeda\u017cy w ostatnim kwartale roku po wprowadzeniu na rynek.<\/p>\n<h2>Tw\u00f3j podr\u0119cznik personalizacji s\u0142oik\u00f3w do kiszenia<\/h2>\n<ol>\n<li><strong>Drukowanie butelek i personalizacja etykiet:<\/strong> Mo\u017cesz zdecydowa\u0107 si\u0119 na jedn\u0105 z metod drukowania, tj. sitodruk lub druk termotransferowy, aby nadrukowa\u0107 logo swojej marki, grafik\u0119 lub tekst bezpo\u015brednio na s\u0142oiku z kiszonk\u0105; mo\u017cesz te\u017c wybra\u0107 kolorowe lub przezroczyste etykiety, aby zaspokoi\u0107 r\u00f3\u017cne potrzeby w zakresie stylu opakowania.<\/li>\n<li><strong>Wyb\u00f3r materia\u0142u i koloru nakr\u0119tki:<\/strong> Mo\u017cna wybra\u0107 metalowe nakr\u0119tki z pow\u0142ok\u0105 galwaniczn\u0105, malowaniem wypalanym lub matowym wyko\u0144czeniem, aby spe\u0142ni\u0107 Pa\u0144stwa wymagania; mo\u017cna te\u017c wybra\u0107 plastikow\u0105 nakr\u0119tk\u0119 w kolorze, kt\u00f3ry mo\u017cna dostosowa\u0107 do stylu butelki, co u\u0142atwi masow\u0105 produkcj\u0119.<\/li>\n<\/ol>\n<p>&nbsp;<\/p>","protected":false},"excerpt":{"rendered":"<p>S\u0142oik do kiszenia bezpo\u015brednio od producent\u00f3w \u017cywno\u015bci; ten s\u0142oik na kiszone warzywa obs\u0142uguje zam\u00f3wienia hurtowe, posiada niestandardowe pokrywki i etykiety oraz zapewnia kupuj\u0105cym niezawodne opakowanie.<\/p>","protected":false},"featured_media":23880,"template":"","meta":[],"product_brand":[],"product_cat":[122,124,133],"product_tag":[],"class_list":{"0":"post-23874","1":"product","2":"type-product","3":"status-publish","4":"has-post-thumbnail","6":"product_cat-custom-glass-packaging","7":"product_cat-custom-glass-jars","8":"product_cat-pickle-jars","10":"first","11":"instock","12":"shipping-taxable","13":"product-type-simple"},"jetpack_sharing_enabled":true,"_links":{"self":[{"href":"https:\/\/yebodaglass.com\/pl\/wp-json\/wp\/v2\/product\/23874","targetHints":{"allow":["GET"]}}],"collection":[{"href":"https:\/\/yebodaglass.com\/pl\/wp-json\/wp\/v2\/product"}],"about":[{"href":"https:\/\/yebodaglass.com\/pl\/wp-json\/wp\/v2\/types\/product"}],"version-history":[{"count":2,"href":"https:\/\/yebodaglass.com\/pl\/wp-json\/wp\/v2\/product\/23874\/revisions"}],"predecessor-version":[{"id":23884,"href":"https:\/\/yebodaglass.com\/pl\/wp-json\/wp\/v2\/product\/23874\/revisions\/23884"}],"wp:featuredmedia":[{"embeddable":true,"href":"https:\/\/yebodaglass.com\/pl\/wp-json\/wp\/v2\/media\/23880"}],"wp:attachment":[{"href":"https:\/\/yebodaglass.com\/pl\/wp-json\/wp\/v2\/media?parent=23874"}],"wp:term":[{"taxonomy":"product_brand","embeddable":true,"href":"https:\/\/yebodaglass.com\/pl\/wp-json\/wp\/v2\/product_brand?post=23874"},{"taxonomy":"product_cat","embeddable":true,"href":"https:\/\/yebodaglass.com\/pl\/wp-json\/wp\/v2\/product_cat?post=23874"},{"taxonomy":"product_tag","embeddable":true,"href":"https:\/\/yebodaglass.com\/pl\/wp-json\/wp\/v2\/product_tag?post=23874"}],"curies":[{"name":"wp","href":"https:\/\/api.w.org\/{rel}","templated":true}]}}