{"id":23813,"date":"2025-11-17T16:50:25","date_gmt":"2025-11-17T08:50:25","guid":{"rendered":"https:\/\/yebodaglass.com\/?post_type=product&#038;p=23813"},"modified":"2026-03-12T15:12:09","modified_gmt":"2026-03-12T07:12:09","slug":"amber-glass-pop-top-bottles-with-metal-clamp-wholesale","status":"publish","type":"product","link":"https:\/\/yebodaglass.com\/pl\/amber-glass-pop-top-bottles-with-metal-clamp-wholesale\/","title":{"rendered":"Butelki ze szk\u0142a bursztynowego 485 ml z metalowym zaciskiem, hurtowo"},"content":{"rendered":"<p data-start=\"66\" data-end=\"288\">Butelki z zakr\u0119tk\u0105 typu pop-top maj\u0105 minimalistyczny, wyd\u0142u\u017cony kszta\u0142t i s\u0105 wykonane z bursztynowo-br\u0105zowego szk\u0142a. Ich zamykane korpusy s\u0105 wyposa\u017cone w metalowe zatrzaski, kt\u00f3re zapewniaj\u0105 szczelno\u015b\u0107, dzi\u0119ki czemu butelki te s\u0105 najlepszym wyborem do przechowywania p\u0142yn\u00f3w lub przypraw.<\/p>\n<h2>Cechy produktu<\/h2>\n<ul>\n<li>\n<div class=\"whitespace-pre-line p-2 sm:p-1 min-h-[80px] max-w-full overflow-x-auto\"><span aria-haspopup=\"dialog\" aria-expanded=\"false\" aria-controls=\"radix-_r_9a_\" data-state=\"closed\" data-slot=\"popover-trigger\"><strong>Szk\u0142o bursztynowe z ochron\u0105 UV:<\/strong> Butelka wykonana jest ze szk\u0142a bursztynowego, kt\u00f3re skutecznie blokuje promieniowanie ultrafioletowe, co pozwala zachowa\u0107 \u015bwie\u017co\u015b\u0107 delikatnych napoj\u00f3w, takich jak piwo, i pomaga zachowa\u0107 smak napoju przez d\u0142ugi czas.<\/span><\/div>\n<\/li>\n<li>\n<div class=\"whitespace-pre-line p-2 sm:p-1 min-h-[80px] max-w-full overflow-x-auto\"><span aria-haspopup=\"dialog\" aria-expanded=\"false\" aria-controls=\"radix-_r_9b_\" data-state=\"closed\" data-slot=\"popover-trigger\"><strong>Wielokrotnego u\u017cytku mechaniczny system blokuj\u0105cy:<\/strong> System otwierania i zamykania pozwala na wielokrotne otwieranie i zamykanie butelki bez u\u017cycia narz\u0119dzi, dzi\u0119ki czemu jest ona \u0142atwa w ponownym u\u017cyciu i mo\u017ce s\u0142u\u017cy\u0107 jako pojemnik na napoje.<\/span><\/div>\n<\/li>\n<li>\n<div class=\"whitespace-pre-line p-2 sm:p-1 min-h-[80px] max-w-full overflow-x-auto\"><span aria-haspopup=\"dialog\" aria-expanded=\"false\" aria-controls=\"radix-_r_9c_\" data-state=\"closed\" data-slot=\"popover-trigger\"><strong>P\u0142aska podstawa:<\/strong> P\u0142askie i szerokie dno: P\u0142askie dno zwi\u0119ksza stabilno\u015b\u0107 podczas stawiania na sto\u0142ach, p\u00f3\u0142kach lub ladach barowych, zmniejszaj\u0105c ryzyko przewr\u00f3cenia si\u0119 podczas u\u017cytkowania lub ekspozycji.<\/span><\/div>\n<div class=\"bg-border shrink-0 data-[orientation=horizontal]:h-px data-[orientation=horizontal]:w-full data-[orientation=vertical]:h-full data-[orientation=vertical]:w-px my-2\" role=\"none\" data-orientation=\"horizontal\" data-slot=\"separator\"><\/div>\n<\/li>\n<\/ul>\n<h2 style=\"text-align: left;\">Kluczowe specyfikacje<\/h2>\n<table style=\"border-collapse: collapse; width: 80%; margin-left: auto; margin-right: auto;\" border=\"0\" width=\"856\" cellspacing=\"0\" cellpadding=\"0\">\n<tbody>\n<tr style=\"height: 13.50pt;\">\n<td style=\"height: 13.5pt; width: 128.25pt; text-align: center;\" width=\"171\" height=\"18\">Specyfikacja<\/td>\n<td style=\"width: 513.75pt; text-align: center;\" width=\"685\">Bli\u017csze dane<\/td>\n<\/tr>\n<tr style=\"height: 13.50pt;\">\n<td style=\"height: 13.5pt; text-align: center;\" height=\"18\">Pojemno\u015b\u0107<\/td>\n<td style=\"text-align: center;\">485 ml<\/td>\n<\/tr>\n<tr style=\"height: 13.50pt;\">\n<td style=\"height: 13.5pt; text-align: center;\" height=\"18\">Wymiary<\/td>\n<td style=\"text-align: center;\">7,75 cm \u00d7 22,3 cm<\/td>\n<\/tr>\n<tr style=\"height: 13.50pt;\">\n<td style=\"height: 13.5pt; text-align: center;\" height=\"18\">Tworzywo<\/td>\n<td style=\"text-align: center;\">Szk\u0142o br\u0105zowe (ochronne przed promieniowaniem UV)<\/td>\n<\/tr>\n<tr style=\"height: 13.50pt;\">\n<td style=\"height: 13.5pt; text-align: center;\" height=\"18\">Rodzaj zamkni\u0119cia<\/td>\n<td style=\"text-align: center;\">Hu\u015btawki ze stali nierdzewnej z blokad\u0105<\/td>\n<\/tr>\n<tr style=\"height: 13.50pt;\">\n<td style=\"height: 13.5pt; text-align: center;\" height=\"18\">Opcje uszczelek<\/td>\n<td style=\"text-align: center;\">Standardowa guma lub ulepszona wersja silikonu odpornego na kwasy i ciep\u0142o<\/td>\n<\/tr>\n<tr style=\"height: 13.50pt;\">\n<td style=\"height: 13.5pt; text-align: center;\" height=\"18\">Wydajno\u015b\u0107 uszczelnienia<\/td>\n<td style=\"text-align: center;\">Hermetyczne, przetestowane ci\u015bnieniowo pod k\u0105tem aktywnej karbonatyzacji<\/td>\n<\/tr>\n<tr style=\"height: 13.50pt;\">\n<td style=\"height: 13.5pt; text-align: center;\" height=\"18\">Idealny dla<\/td>\n<td style=\"text-align: center;\">Piwo, kombucha, soda, ocet, produkcja wina, nap\u00f3j fermentowany<\/td>\n<\/tr>\n<\/tbody>\n<\/table>\n<h2>Przypadek sukcesu<\/h2>\n<p><span aria-haspopup=\"dialog\" aria-expanded=\"false\" aria-controls=\"radix-_r_97_\" data-state=\"closed\" data-slot=\"popover-trigger\">Jeden z ma\u0142ych browar\u00f3w zdecydowa\u0142 si\u0119 wykorzysta\u0107 nasze bursztynowe szklane butelki z zakr\u0119tkami jako g\u0142\u00f3wne opakowanie do wypuszczenia na rynek swojej limitowanej, sezonowej serii piw.<\/span> <span aria-haspopup=\"dialog\" aria-expanded=\"false\" aria-controls=\"radix-_r_98_\" data-state=\"closed\" data-slot=\"popover-trigger\">Za\u017c\u0105dali mocniejszych \u015bcianek z bursztynowego szk\u0142a, aby by\u0142y trwalsze podczas wt\u00f3rnej fermentacji, wyt\u0142oczonego wzoru ko\u0142a i logo browaru na dolnej cz\u0119\u015bci butelki oraz ceramicznej nakr\u0119tki z g\u0142\u0119boko czerwonym pier\u015bcieniem uszczelniaj\u0105cym, odpowiadaj\u0105cym etykietom piwa.<\/span> <span aria-haspopup=\"dialog\" aria-expanded=\"false\" aria-controls=\"radix-_r_99_\" data-state=\"closed\" data-slot=\"popover-trigger\">Sprzeda\u017c sprzedawanych przez nich piw specjalnych wzros\u0142a o 35% w ci\u0105gu pierwszych dw\u00f3ch okres\u00f3w wprowadzania ich na rynek, a bior\u0105c pod uwag\u0119 dobre przyj\u0119cie, jakie spotka\u0142y si\u0119 z rynkow\u0105 reakcj\u0105, browar b\u0119dzie nadal regularnie sk\u0142ada\u0142 zam\u00f3wienia.<\/span><\/p>\n<h2>Opcje dostosowywania<\/h2>\n<ul>\n<li><strong>Kolor niestandardowej ceramicznej nasadki:<\/strong> Wybierz jeden kolor nakr\u0119tki puszki, aby Twoja marka przyci\u0105ga\u0142a uwag\u0119 klient\u00f3w na p\u00f3\u0142ce.<\/li>\n<li><strong>T\u0142oczenie logo:<\/strong> Wyt\u0142ocz logo na szyjce lub na spodzie butelki, aby uzyska\u0107 ekskluzywny i wyczuwalny d\u0142oni\u0105 znak rozpoznawczy marki premium.<\/li>\n<li><strong>Acid-Etched Volume Marking:<\/strong> Offer a professional look by acid-etching a neat frosted \u201c485ml\u201d mark at the bottle bottom.<\/li>\n<li><strong>Pow\u0142oka drutu:<\/strong> Czarn\u0105 lub kolorow\u0105 pow\u0142ok\u0119 epoksydow\u0105 siatki drucianej mo\u017cna zastosowa\u0107 zar\u00f3wno do dekoracji siatki drucianej, jak i w celu lepszego dopasowania jej do ca\u0142o\u015bci projektu.<\/li>\n<\/ul>","protected":false},"excerpt":{"rendered":"<p>Bursztynowe, szklane butelki z mo\u017cliwo\u015bci\u0105 ponownego zamkni\u0119cia, wyposa\u017cone w solidne, druciane zamkni\u0119cia z zatrzaskiem, zapewniaj\u0105 szczelne zamkni\u0119cie \u2013 idealne do napoj\u00f3w gazowanych, piwa lub kombuchy. Szybka wysy\u0142ka.<\/p>","protected":false},"featured_media":23831,"template":"","meta":[],"product_brand":[],"product_cat":[122,123,132],"product_tag":[],"class_list":{"0":"post-23813","1":"product","2":"type-product","3":"status-publish","4":"has-post-thumbnail","6":"product_cat-custom-glass-packaging","7":"product_cat-custom-glass-bottles","8":"product_cat-glass-flip-top-bottles","10":"first","11":"instock","12":"shipping-taxable","13":"product-type-simple"},"jetpack_sharing_enabled":true,"_links":{"self":[{"href":"https:\/\/yebodaglass.com\/pl\/wp-json\/wp\/v2\/product\/23813","targetHints":{"allow":["GET"]}}],"collection":[{"href":"https:\/\/yebodaglass.com\/pl\/wp-json\/wp\/v2\/product"}],"about":[{"href":"https:\/\/yebodaglass.com\/pl\/wp-json\/wp\/v2\/types\/product"}],"version-history":[{"count":5,"href":"https:\/\/yebodaglass.com\/pl\/wp-json\/wp\/v2\/product\/23813\/revisions"}],"predecessor-version":[{"id":25410,"href":"https:\/\/yebodaglass.com\/pl\/wp-json\/wp\/v2\/product\/23813\/revisions\/25410"}],"wp:featuredmedia":[{"embeddable":true,"href":"https:\/\/yebodaglass.com\/pl\/wp-json\/wp\/v2\/media\/23831"}],"wp:attachment":[{"href":"https:\/\/yebodaglass.com\/pl\/wp-json\/wp\/v2\/media?parent=23813"}],"wp:term":[{"taxonomy":"product_brand","embeddable":true,"href":"https:\/\/yebodaglass.com\/pl\/wp-json\/wp\/v2\/product_brand?post=23813"},{"taxonomy":"product_cat","embeddable":true,"href":"https:\/\/yebodaglass.com\/pl\/wp-json\/wp\/v2\/product_cat?post=23813"},{"taxonomy":"product_tag","embeddable":true,"href":"https:\/\/yebodaglass.com\/pl\/wp-json\/wp\/v2\/product_tag?post=23813"}],"curies":[{"name":"wp","href":"https:\/\/api.w.org\/{rel}","templated":true}]}}