{"id":23811,"date":"2025-11-17T17:24:30","date_gmt":"2025-11-17T09:24:30","guid":{"rendered":"https:\/\/yebodaglass.com\/?post_type=product&#038;p=23811"},"modified":"2025-11-18T10:20:05","modified_gmt":"2025-11-18T02:20:05","slug":"pickling-containers-bulk-glass-pickling-jar","status":"publish","type":"product","link":"https:\/\/yebodaglass.com\/pl\/pickling-containers-bulk-glass-pickling-jar\/","title":{"rendered":"S\u0142oik szklany do marynowania kimchi luzem o pojemno\u015bci 350 ml \u2013 730 ml"},"content":{"rendered":"<p>Masz do\u015b\u0107 s\u0142oik\u00f3w na og\u00f3rki kiszone, kt\u00f3re przeciekaj\u0105 lub trac\u0105 \u015bwie\u017co\u015b\u0107. Tworzymy szklane s\u0142oiki do og\u00f3rk\u00f3w kiszonych \u2013 koniec z marnymi porcjami kopru czy og\u00f3rk\u00f3w. Te pojemniki do og\u00f3rk\u00f3w zamieniaj\u0105 Twoj\u0105 \u017cywno\u015b\u0107 w markow\u0105 pot\u0119g\u0119. Zam\u00f3wienia hurtowe s\u0105 dost\u0119pne w niestandardowych rozmiarach, dopasowanych do Twojej firmy.<\/p>\n<h2>Cechy produktu<\/h2>\n<p><strong>Zag\u0119szczone szk\u0142o przezroczyste<\/strong><\/p>\n<p>Boki pojemnik\u00f3w s\u0105 mocne i trwa\u0142e, odporne na dzia\u0142anie kwas\u00f3w i soli, dzi\u0119ki czemu mo\u017cna je wykorzystywa\u0107 do kiszenia, fermentacji, przygotowywania sos\u00f3w i wielu innych produkt\u00f3w spo\u017cywczych.<\/p>\n<p><strong>Doskona\u0142a zdolno\u015b\u0107 uszczelniania<\/strong><\/p>\n<p>Konstrukcja nakr\u0119tki zapobiega przedostawaniu si\u0119 powietrza, dzi\u0119ki czemu sk\u0142adniki zachowuj\u0105 sw\u00f3j smak i czysto\u015b\u0107.<\/p>\n<p><strong>Butelka o okr\u0105g\u0142ym kszta\u0142cie<\/strong><\/p>\n<p>Ze wzgl\u0119du na swoj\u0105 obj\u0119to\u015b\u0107 dobrze nadaje si\u0119 do eksponowania produkt\u00f3w, zwi\u0119kszaj\u0105c tym samym atrakcyjno\u015b\u0107 produktu na p\u00f3\u0142ce.<\/p>\n<h2>Kluczowe specyfikacje<\/h2>\n<table style=\"border-collapse: collapse; width: 80%; margin-left: auto; margin-right: auto;\" border=\"0\" width=\"216\" cellspacing=\"0\" cellpadding=\"0\">\n<tbody>\n<tr style=\"height: 13.50pt;\">\n<td style=\"height: 13.5pt; width: 54pt; text-align: center;\" width=\"72\" height=\"18\">Pojemno\u015b\u0107 (ml)<\/td>\n<td style=\"width: 54pt; text-align: center;\" width=\"72\">Rozmiar (cm)<\/td>\n<td style=\"width: 54pt; text-align: center;\" width=\"72\">Opcje niestandardowe<\/td>\n<\/tr>\n<tr style=\"height: 13.50pt;\">\n<td style=\"height: 13.5pt; text-align: center;\" align=\"right\" height=\"18\">350<\/td>\n<td style=\"text-align: center;\">8,5 x 8,1 x 11,0<\/td>\n<td class=\"et2\" style=\"text-align: center;\" rowspan=\"3\">Pokrywy, Kolor, Logo...<\/td>\n<\/tr>\n<tr style=\"height: 13.50pt;\">\n<td style=\"height: 13.5pt; text-align: center;\" align=\"right\" height=\"18\">480<\/td>\n<td style=\"text-align: center;\">9,2 x 8,9 x 12,2<\/td>\n<\/tr>\n<tr style=\"height: 13.50pt;\">\n<td style=\"height: 13.5pt; text-align: center;\" align=\"right\" height=\"18\">730<\/td>\n<td style=\"text-align: center;\">9,5 x 14,5<\/td>\n<\/tr>\n<\/tbody>\n<\/table>\n<h2>Historia sukcesu<\/h2>\n<p>Kiedy po\u0142udniowo-wschodnioazjatycka marka ostrych sos\u00f3w zdecydowa\u0142a si\u0119 na zmian\u0119 opakowania, wybra\u0142a nasz szklany s\u0142oik do marynowania. Nowy, okr\u0105g\u0142y i przezroczysty s\u0142oik na p\u00f3\u0142ce bardzo przypad\u0142 do gustu konsumentom, kt\u00f3rzy od razu dostrzegali autentyczne i wyraziste sk\u0142adniki. Zakr\u0119tka pomaga\u0142a r\u00f3wnie\u017c zachowa\u0107 \u015bwie\u017co\u015b\u0107 produktu na d\u0142u\u017cej.<\/p>\n<p>W ci\u0105gu zaledwie trzech miesi\u0119cy sprzeda\u017c nowej serii opakowa\u0144 znacznie wzros\u0142a, dzi\u0119ki czemu marka zdo\u0142a\u0142a dokona\u0107 prze\u0142omu na niezwykle konkurencyjnym rynku przypraw.<\/p>\n<h2>Tw\u00f3j podr\u0119cznik personalizacji pojemnik\u00f3w do kiszenia<\/h2>\n<ol>\n<li><strong>Niestandardowe zatyczki uszczelniaj\u0105ce:<\/strong> Aby zapewni\u0107 lepsze uszczelnienie i konserwacj\u0119 kiszonek, mo\u017cna wybra\u0107 uszczelki metalowe, plastikowe, odporne na wilgo\u0107 lub silikonowe.<\/li>\n<li><strong>Operacje etykietowania i drukowania:<\/strong> Obs\u0142uguje wymagania wizualne marki poprzez zastosowanie nast\u0119puj\u0105cych rozwi\u0105za\u0144: emalii wypiekanej, sitodruku, t\u0142oczenia lub projekt\u00f3w ca\u0142ych etykiet.<\/li>\n<li><strong>Kolor i faktura antypo\u015blizgowa czapek:<\/strong> Aby przyci\u0105gn\u0105\u0107 wzrok konsumenta na p\u00f3\u0142ce i zapewni\u0107 lepszy chwyt podczas otwierania, stosuje si\u0119 r\u00f3\u017cnokolorowe nakr\u0119tki z teksturowan\u0105 powierzchni\u0105 lub bez niej.<\/li>\n<\/ol>","protected":false},"excerpt":{"rendered":"<p>Pojemniki do kiszenia sos\u00f3w i fermentowanej \u017cywno\u015bci. Nasze szklane s\u0142oiki do kiszenia zapewniaj\u0105 przejrzyst\u0105 ekspozycj\u0119, szczelne zamkni\u0119cie i niezawodne opakowanie zbiorcze dla marek.<\/p>","protected":false},"featured_media":23817,"template":"","meta":[],"product_brand":[],"product_cat":[122,124,133],"product_tag":[],"class_list":{"0":"post-23811","1":"product","2":"type-product","3":"status-publish","4":"has-post-thumbnail","6":"product_cat-custom-glass-packaging","7":"product_cat-custom-glass-jars","8":"product_cat-pickle-jars","10":"first","11":"instock","12":"shipping-taxable","13":"product-type-simple"},"jetpack_sharing_enabled":true,"_links":{"self":[{"href":"https:\/\/yebodaglass.com\/pl\/wp-json\/wp\/v2\/product\/23811","targetHints":{"allow":["GET"]}}],"collection":[{"href":"https:\/\/yebodaglass.com\/pl\/wp-json\/wp\/v2\/product"}],"about":[{"href":"https:\/\/yebodaglass.com\/pl\/wp-json\/wp\/v2\/types\/product"}],"version-history":[{"count":5,"href":"https:\/\/yebodaglass.com\/pl\/wp-json\/wp\/v2\/product\/23811\/revisions"}],"predecessor-version":[{"id":23836,"href":"https:\/\/yebodaglass.com\/pl\/wp-json\/wp\/v2\/product\/23811\/revisions\/23836"}],"wp:featuredmedia":[{"embeddable":true,"href":"https:\/\/yebodaglass.com\/pl\/wp-json\/wp\/v2\/media\/23817"}],"wp:attachment":[{"href":"https:\/\/yebodaglass.com\/pl\/wp-json\/wp\/v2\/media?parent=23811"}],"wp:term":[{"taxonomy":"product_brand","embeddable":true,"href":"https:\/\/yebodaglass.com\/pl\/wp-json\/wp\/v2\/product_brand?post=23811"},{"taxonomy":"product_cat","embeddable":true,"href":"https:\/\/yebodaglass.com\/pl\/wp-json\/wp\/v2\/product_cat?post=23811"},{"taxonomy":"product_tag","embeddable":true,"href":"https:\/\/yebodaglass.com\/pl\/wp-json\/wp\/v2\/product_tag?post=23811"}],"curies":[{"name":"wp","href":"https:\/\/api.w.org\/{rel}","templated":true}]}}