{"id":23801,"date":"2025-11-17T15:49:26","date_gmt":"2025-11-17T07:49:26","guid":{"rendered":"https:\/\/yebodaglass.com\/?post_type=product&#038;p=23801"},"modified":"2025-11-17T16:50:04","modified_gmt":"2025-11-17T08:50:04","slug":"custom-grooved-resealable-bottles-for-fermentation","status":"publish","type":"product","link":"https:\/\/yebodaglass.com\/pl\/custom-grooved-resealable-bottles-for-fermentation\/","title":{"rendered":"Niestandardowe, rowkowane butelki wielokrotnego zamykania o pojemno\u015bci 465 ml do fermentacji"},"content":{"rendered":"<p data-start=\"66\" data-end=\"288\">Wykonane z przezroczystego szk\u0142a, te zamykane butelki charakteryzuj\u0105 si\u0119 \u017cebrowanym wzorem i metalow\u0105 zatrzaskow\u0105 nakr\u0119tk\u0105, \u0142\u0105cz\u0105c w sobie styl, wygod\u0119 i bezpieczne zamkni\u0119cie, co przek\u0142ada si\u0119 na wsp\u00f3\u0142czesny, a zarazem ponadczasowy wygl\u0105d.<\/p>\n<h2>Cechy produktu<\/h2>\n<ul>\n<li><strong>Butelka \u017cebrowana:<\/strong> \u017bebrowany wz\u00f3r nie tylko zdobi produkt i sprawia, \u017ce \u200b\u200bmarka jest bardziej rozpoznawalna, ale tak\u017ce poprawia chwyt i zmniejsza ryzyko wy\u015blizgni\u0119cia si\u0119 produktu.<\/li>\n<li><strong>Zamykanie za pomoc\u0105 przycisku \u201ePress-Stop\u201d:<\/strong> Dzi\u0119ki metalowemu korkowi z blokad\u0105 zamykanie tych butelek nie stanowi ju\u017c problemu, s\u0105 one bardzo szczelne, co pozwala na skuteczne od\u015bwie\u017cenie zawarto\u015bci i u\u0142atwia otwieranie i zamykanie.<\/li>\n<li><strong>Doskona\u0142y wygl\u0105d:<\/strong> Produkt zyskuje luksusowy wygl\u0105d dzi\u0119ki teksturowanemu wzorowi i zakr\u0119tce w stylu vintage, dzi\u0119ki czemu staje si\u0119 prawdziw\u0105 atrakcj\u0105 na p\u00f3\u0142kach sklepowych.<\/li>\n<\/ul>\n<h2 style=\"text-align: left;\">Kluczowe specyfikacje<\/h2>\n<table class=\"aligncenter\" style=\"border-collapse: collapse; width: 426.02pt;\" border=\"0\" width=\"568\" cellspacing=\"0\" cellpadding=\"0\">\n<tbody>\n<tr style=\"height: 13.50pt;\">\n<td style=\"height: 13.50pt; width: 105.75pt;\" width=\"141\" height=\"18\">Specyfikacja<\/td>\n<td style=\"width: 320.25pt;\" width=\"427\">Bli\u017csze dane<\/td>\n<\/tr>\n<tr style=\"height: 13.50pt;\">\n<td style=\"height: 13.50pt;\" height=\"18\">Pojemno\u015b\u0107<\/td>\n<td>465 ml<\/td>\n<\/tr>\n<tr style=\"height: 13.50pt;\">\n<td style=\"height: 13.50pt;\" height=\"18\">Wymiary<\/td>\n<td>7,75 cm \u00d7 22,3 cm<\/td>\n<\/tr>\n<tr style=\"height: 13.50pt;\">\n<td style=\"height: 13.50pt;\" height=\"18\">Tworzywo<\/td>\n<td>Szk\u0142o przezroczyste o wysokiej przejrzysto\u015bci<\/td>\n<\/tr>\n<tr style=\"height: 13.50pt;\">\n<td style=\"height: 13.50pt;\" height=\"18\">Projekt nadwozia<\/td>\n<td>Pionowe rowki zapewniaj\u0105ce przyczepno\u015b\u0107 i wzmocnienie<\/td>\n<\/tr>\n<tr style=\"height: 13.50pt;\">\n<td style=\"height: 13.50pt;\" height=\"18\">Rodzaj zamkni\u0119cia<\/td>\n<td>Hu\u015btawki ze stali nierdzewnej z zatyczk\u0105 w kolorze czerwonym\/bia\u0142ym<\/td>\n<\/tr>\n<tr style=\"height: 13.50pt;\">\n<td style=\"height: 13.50pt;\" height=\"18\">Idealny dla<\/td>\n<td>butelka do fermentacji, butelki z klapk\u0105<\/td>\n<\/tr>\n<\/tbody>\n<\/table>\n<h2>Historia sukcesu: Poprawa wizerunku marki octu<\/h2>\n<p>Jeden z producent\u00f3w octu rzemie\u015blniczego potrzebowa\u0142 opakowania, kt\u00f3re wytrzyma\u0142oby proces karbonizacji i jednocze\u015bnie odzwierciedla\u0142o ekskluzywny charakter produktu. Ostatecznie zdecydowa\u0142 si\u0119 na nasz\u0105 rowkowan\u0105 butelk\u0119 do fermentacji. Dzi\u0119ki rowkowanemu kszta\u0142towi uda\u0142o si\u0119 zredukowa\u0107 wycieki o 41%, a utrat\u0119 smaku o 38%, poniewa\u017c zakr\u0119tka, kt\u00f3ra skutecznie utrzymywa\u0142a \u015bwie\u017co\u015b\u0107 piwa, zosta\u0142a r\u00f3wnie\u017c wykorzystana do szczelnego zamkni\u0119cia butelki. Maj\u0105c to osi\u0105gni\u0119cie za punkt wyj\u015bcia, firma z\u0142o\u017cy\u0142a cztery zam\u00f3wienia z rz\u0119du, co \u0142\u0105cznie daje 500 000 butelek, rozszerzaj\u0105c swoj\u0105 sie\u0107 dystrybucji.<\/p>\n<h2>Opcje dostosowywania<\/h2>\n<p>Mog\u0105 to by\u0107 Twoje niestandardowe butelki z mo\u017cliwo\u015bci\u0105 ponownego zamkni\u0119cia o podwy\u017cszonej jako\u015bci, je\u015bli zastosujesz nast\u0119puj\u0105ce opcje personalizacji:<\/p>\n<ul>\n<li><strong>Kolorystyka Groove High-Gloss:<\/strong> Pionowe rowki mo\u017cna ozdobi\u0107 kolorow\u0105 emali\u0105, co pozwoli uzyska\u0107 charakterystyczny wz\u00f3r w paski, kt\u00f3ry mo\u017ce by\u0107 w kolorach Twojej marki.<\/li>\n<li><strong>Wyt\u0142oczone oznaczenie obj\u0119to\u015bci:<\/strong> Dodaj subtelne wypuk\u0142e oznaczenie \u201e465ml\u201d na spodzie lub dolnej cz\u0119\u015bci butelki, aby nada\u0107 produktowi bardziej luksusowy wygl\u0105d.<\/li>\n<li><strong>Niestandardowy kolor czapki:<\/strong> Mo\u017cesz wybra\u0107 kolor ceramicznej nasadki, kt\u00f3ry b\u0119dzie dobrze komponowa\u0142 si\u0119 z g\u0142\u00f3wn\u0105 kolorystyk\u0105 marki.<\/li>\n<li><strong>Logo trawione kwasem:<\/strong> Przezroczysta szklana powierzchnia z matowym logo wykonanym metod\u0105 trawienia kwasem jest nie tylko eleganckim, ale r\u00f3wnie\u017c trwa\u0142ym i wysokiej jako\u015bci no\u015bnikiem wizerunku marki.<\/li>\n<\/ul>","protected":false},"excerpt":{"rendered":"<p>Przezroczysta szklana butelka do fermentacji z rowkowanym korpusem i szczeln\u0105 zakr\u0119tk\u0105. Stylowe, trwa\u0142e butelki z mo\u017cliwo\u015bci\u0105 ponownego zamkni\u0119cia, idealne do warzenia i przechowywania. Darmowe pr\u00f3bki.<\/p>","protected":false},"featured_media":23804,"template":"","meta":[],"product_brand":[],"product_cat":[122,123,132],"product_tag":[],"class_list":{"0":"post-23801","1":"product","2":"type-product","3":"status-publish","4":"has-post-thumbnail","6":"product_cat-custom-glass-packaging","7":"product_cat-custom-glass-bottles","8":"product_cat-glass-flip-top-bottles","10":"first","11":"instock","12":"shipping-taxable","13":"product-type-simple"},"jetpack_sharing_enabled":true,"_links":{"self":[{"href":"https:\/\/yebodaglass.com\/pl\/wp-json\/wp\/v2\/product\/23801","targetHints":{"allow":["GET"]}}],"collection":[{"href":"https:\/\/yebodaglass.com\/pl\/wp-json\/wp\/v2\/product"}],"about":[{"href":"https:\/\/yebodaglass.com\/pl\/wp-json\/wp\/v2\/types\/product"}],"version-history":[{"count":4,"href":"https:\/\/yebodaglass.com\/pl\/wp-json\/wp\/v2\/product\/23801\/revisions"}],"predecessor-version":[{"id":23812,"href":"https:\/\/yebodaglass.com\/pl\/wp-json\/wp\/v2\/product\/23801\/revisions\/23812"}],"wp:featuredmedia":[{"embeddable":true,"href":"https:\/\/yebodaglass.com\/pl\/wp-json\/wp\/v2\/media\/23804"}],"wp:attachment":[{"href":"https:\/\/yebodaglass.com\/pl\/wp-json\/wp\/v2\/media?parent=23801"}],"wp:term":[{"taxonomy":"product_brand","embeddable":true,"href":"https:\/\/yebodaglass.com\/pl\/wp-json\/wp\/v2\/product_brand?post=23801"},{"taxonomy":"product_cat","embeddable":true,"href":"https:\/\/yebodaglass.com\/pl\/wp-json\/wp\/v2\/product_cat?post=23801"},{"taxonomy":"product_tag","embeddable":true,"href":"https:\/\/yebodaglass.com\/pl\/wp-json\/wp\/v2\/product_tag?post=23801"}],"curies":[{"name":"wp","href":"https:\/\/api.w.org\/{rel}","templated":true}]}}