{"id":23792,"date":"2025-11-17T14:17:35","date_gmt":"2025-11-17T06:17:35","guid":{"rendered":"https:\/\/yebodaglass.com\/?post_type=product&#038;p=23792"},"modified":"2026-03-26T14:20:30","modified_gmt":"2026-03-26T06:20:30","slug":"wholesale-clear-fermentation-bottles-with-handles","status":"publish","type":"product","link":"https:\/\/yebodaglass.com\/pl\/wholesale-clear-fermentation-bottles-with-handles\/","title":{"rendered":"Hurtowa sprzeda\u017c przezroczystych butelek fermentacyjnych z uchwytami 250 ml 350 ml 500 ml"},"content":{"rendered":"<p>Intended to withstand usage, be easy to carry and manage, and provide assurance to good sealing ability, this glass bottle family ( 250ml, 350ml and 500ml picks ) will have built in handle and swing top closure. The bottles are made of pure, clear glass, with an easy, ergonomic handle and a rounded, smooth body that makes them easy to fill and pour in either the work or home setting.<\/p>\n<h2>Cechy produktu<\/h2>\n<p>All bottles come packaged with a swivel-top (flip-top) system of bottle closure: A glass stopper, stainless wire bail, and a food grade sealing gasket. This construction provides an airtight sealed cover and the bottles can be used to preserve freshness and to facilitate the fermentation process. Product visibility is improved by the transparent glass body and therefore the ease with which users can track contents.<\/p>\n<h2 style=\"text-align: left;\">Kluczowe specyfikacje<\/h2>\n<table class=\"aligncenter\" style=\"border-collapse: collapse; width: 762.77pt;\" border=\"0\" width=\"1017\" cellspacing=\"0\" cellpadding=\"0\">\n<tbody>\n<tr style=\"height: 13.50pt;\">\n<td style=\"height: 13.50pt; width: 138.75pt;\" width=\"185\" height=\"18\">Specyfikacja<\/td>\n<td style=\"width: 624.00pt;\" width=\"832\">Bli\u017csze dane<\/td>\n<\/tr>\n<tr style=\"height: 13.50pt;\">\n<td style=\"height: 13.50pt;\" height=\"18\">Wymiary<\/td>\n<td>250 ml (8 uncji): 6,7 cm \u00d7 17,2 cm\/350 ml (12 uncji): 7,6 cm \u00d7 20 cm\/500 ml (16 uncji): 8,7 cm \u00d7 21,8 cm<\/td>\n<\/tr>\n<tr style=\"height: 13.50pt;\">\n<td style=\"height: 13.50pt;\" height=\"18\">Tworzywo<\/td>\n<td>Szk\u0142o sodowo-wapniowe bezo\u0142owiowe<\/td>\n<\/tr>\n<tr style=\"height: 13.50pt;\">\n<td style=\"height: 13.50pt;\" height=\"18\">Projekt uchwytu<\/td>\n<td>Wbudowany ergonomiczny uchwyt we wszystkich rozmiarach<\/td>\n<\/tr>\n<tr style=\"height: 13.50pt;\">\n<td style=\"height: 13.50pt;\" height=\"18\">Rodzaj zamkni\u0119cia<\/td>\n<td>\u00a0swing top<\/td>\n<\/tr>\n<tr style=\"height: 13.50pt;\">\n<td style=\"height: 13.50pt;\" height=\"18\">Opcje uszczelek<\/td>\n<td>Guma lub silikon spo\u017cywczy<\/td>\n<\/tr>\n<tr style=\"height: 13.50pt;\">\n<td style=\"height: 13.50pt;\" height=\"18\">Wydajno\u015b\u0107 uszczelnienia<\/td>\n<td>Hermetyczne, odporne na ci\u015bnienie \u2013 idealne do naturalnej karbonatyzacji<\/td>\n<\/tr>\n<tr style=\"height: 13.50pt;\">\n<td style=\"height: 13.50pt;\" height=\"18\">Idealny dla<\/td>\n<td>Piwo, napoje gazowane, produkcja wina, toniki probiotyczne, kombucha<\/td>\n<\/tr>\n<\/tbody>\n<\/table>\n<h2>Historia sukcesu: Optymalizacja linii produkcyjnej kombuchy rzemie\u015blniczej<\/h2>\n<p>Browar Kombucha zmaga\u0142 si\u0119 z problemem niestabilno\u015bci procesu produkcyjnego, poniewa\u017c do wt\u00f3rnej fermentacji u\u017cywa\u0142 zbiornik\u00f3w fermentacyjnych, a nast\u0119pnie sprzedawa\u0142 produkt w standardowych butelkach. W rezultacie wska\u017anik zanieczyszczenia by\u0142 bardzo wysoki, a produkcja niestabilna. Przeszli na nasze butelki fermentacyjne z uchwytami i wtedy zauwa\u017cyli, \u017ce wska\u017anik zanieczyszczenia spad\u0142 o 38% dzi\u0119ki lepszemu uszczelnieniu butelek. Pracownicy \u0142atwiej pobierali r\u00f3wnie\u017c pr\u00f3bki na targu, poniewa\u017c mogli chwyta\u0107 butelki za uchwyty, co zmniejszy\u0142o ryzyko st\u0142uczenia podczas przenoszenia o 15%. Browar by\u0142 tak zadowolony z wydajno\u015bci produktu i opinii klient\u00f3w, \u017ce zdecydowa\u0142 si\u0119 z\u0142o\u017cy\u0107 trzy kolejne zam\u00f3wienia, ka\u017cde po 100 000 butelek.<\/p>\n<h2>Sugestie personalizacji butelek fermentacyjnych<\/h2>\n<p>Uatrakcyjnij funkcjonalne butelki fermentacyjne i stw\u00f3rz z nich rozpoznawaln\u0105 mark\u0119 dzi\u0119ki nast\u0119puj\u0105cym opcjom personalizacji produktu:<\/p>\n<ul>\n<li><strong>Ilustrowane linie przepustowo\u015bci:<\/strong> Na szyjce butelki wyra\u017anie zaznaczono linie obj\u0119to\u015bci, co gwarantuje precyzyjn\u0105 obj\u0119to\u015b\u0107 ka\u017cdej partii.<\/li>\n<li><strong>Sitodruk na szkle:<\/strong> Grafika na butelce wykonana jest z trwa\u0142ego i odpornego na dzia\u0142anie chemikali\u00f3w materia\u0142u, nadrukowanego bezpo\u015brednio na korpusie butelki, dzi\u0119ki czemu jest ona odporna na cz\u0119ste mycie i przenoszenie.<\/li>\n<li><strong>Uchwyty matowe:<\/strong> Uchwyty maj\u0105 matowy wygl\u0105d, co zapewnia lepszy chwyt i sprawia, \u017ce \u200b\u200bkorzystanie z nich jest bardziej luksusowe.<\/li>\n<li><strong>Wyt\u0142oczone logo na spodzie:<\/strong> Ma\u0142e, wypuk\u0142e i subtelne logo nadrukowane na spodzie butelki nadaje produktowi profesjonalny wygl\u0105d, nie zas\u0142aniaj\u0105c jednocze\u015bnie etykiety.<\/li>\n<\/ul>","protected":false},"excerpt":{"rendered":"<p>Durable fermentation bottles with swing top and handle. Clear ferment bottles in 250ml, 350ml, 500ml for brewing, storage, and beverage packaging.<\/p>","protected":false},"featured_media":25629,"template":"","meta":[],"product_brand":[],"product_cat":[132,123,122],"product_tag":[],"class_list":{"0":"post-23792","1":"product","2":"type-product","3":"status-publish","4":"has-post-thumbnail","6":"product_cat-glass-flip-top-bottles","7":"product_cat-custom-glass-bottles","8":"product_cat-custom-glass-packaging","10":"first","11":"instock","12":"shipping-taxable","13":"product-type-simple"},"jetpack_sharing_enabled":true,"_links":{"self":[{"href":"https:\/\/yebodaglass.com\/pl\/wp-json\/wp\/v2\/product\/23792","targetHints":{"allow":["GET"]}}],"collection":[{"href":"https:\/\/yebodaglass.com\/pl\/wp-json\/wp\/v2\/product"}],"about":[{"href":"https:\/\/yebodaglass.com\/pl\/wp-json\/wp\/v2\/types\/product"}],"version-history":[{"count":5,"href":"https:\/\/yebodaglass.com\/pl\/wp-json\/wp\/v2\/product\/23792\/revisions"}],"predecessor-version":[{"id":25615,"href":"https:\/\/yebodaglass.com\/pl\/wp-json\/wp\/v2\/product\/23792\/revisions\/25615"}],"wp:featuredmedia":[{"embeddable":true,"href":"https:\/\/yebodaglass.com\/pl\/wp-json\/wp\/v2\/media\/25629"}],"wp:attachment":[{"href":"https:\/\/yebodaglass.com\/pl\/wp-json\/wp\/v2\/media?parent=23792"}],"wp:term":[{"taxonomy":"product_brand","embeddable":true,"href":"https:\/\/yebodaglass.com\/pl\/wp-json\/wp\/v2\/product_brand?post=23792"},{"taxonomy":"product_cat","embeddable":true,"href":"https:\/\/yebodaglass.com\/pl\/wp-json\/wp\/v2\/product_cat?post=23792"},{"taxonomy":"product_tag","embeddable":true,"href":"https:\/\/yebodaglass.com\/pl\/wp-json\/wp\/v2\/product_tag?post=23792"}],"curies":[{"name":"wp","href":"https:\/\/api.w.org\/{rel}","templated":true}]}}