{"id":23764,"date":"2025-11-14T16:48:27","date_gmt":"2025-11-14T08:48:27","guid":{"rendered":"https:\/\/yebodaglass.com\/?post_type=product&#038;p=23764"},"modified":"2025-11-18T10:21:39","modified_gmt":"2025-11-18T02:21:39","slug":"wholesale-clear-grolsch-bottle-with-swing-top","status":"publish","type":"product","link":"https:\/\/yebodaglass.com\/pl\/wholesale-clear-grolsch-bottle-with-swing-top\/","title":{"rendered":"Hurtownia przezroczystych butelek Grolsch 16 uncji z uchyln\u0105 g\u00f3r\u0105"},"content":{"rendered":"<p data-start=\"66\" data-end=\"288\">To butelka Grolsch wykonana z przezroczystego szk\u0142a, z metalow\u0105 nakr\u0119tk\u0105 zatrzaskow\u0105 i czerwono-bia\u0142ymi elementami. Opr\u00f3cz swojej u\u017cyteczno\u015bci i szczelnego zamkni\u0119cia, idealnie nadaje si\u0119 do przechowywania napoj\u00f3w lub produkt\u00f3w spo\u017cywczych.<\/p>\n<h2>Cechy produktu<\/h2>\n<ul>\n<li><strong>Materia\u0142 szk\u0142a przezroczystego:<\/strong> Dzi\u0119ki przezroczystemu szk\u0142u mo\u017cna wizualnie sprawdzi\u0107 kolor i ilo\u015b\u0107 p\u0142ynu bez konieczno\u015bci otwierania pojemnika, co u\u0142atwia identyfikacj\u0119 i kontrol\u0119 produktu.<\/li>\n<li><strong>Konstrukcja uszczelnienia zatrzaskowego:<\/strong> Czerwono-bia\u0142y metalowy zatrzask przymocowany do pojemnika zapewnia doskona\u0142\u0105 szczelno\u015b\u0107, dzi\u0119ki czemu zawarto\u015b\u0107 pojemnika zachowuje \u015bwie\u017co\u015b\u0107, a pokrywk\u0119 mo\u017cna \u0142atwo zdj\u0105\u0107 i za\u0142o\u017cy\u0107 ponownie.<\/li>\n<li><strong>Prosty i praktyczny design:<\/strong> Butelka charakteryzuje si\u0119 czystymi, p\u0142ynnymi liniami i minimalistycznym stylem, kt\u00f3re s\u0105 jednocze\u015bnie estetyczne i praktyczne. Dzi\u0119ki temu otrzymujesz produkt, kt\u00f3ry jest nie tylko \u0142atwy w u\u017cyciu, ale r\u00f3wnie\u017c w przechowywaniu.<\/li>\n<\/ul>\n<h2 style=\"text-align: left;\">Kluczowe specyfikacje<\/h2>\n<table class=\"aligncenter\" style=\"border-collapse: collapse; width: 564.02pt;\" border=\"0\" width=\"752\" cellspacing=\"0\" cellpadding=\"0\">\n<tbody>\n<tr style=\"height: 13.50pt;\">\n<td style=\"height: 13.50pt; width: 115.50pt;\" width=\"154\" height=\"18\">Specyfikacja<\/td>\n<td style=\"width: 448.50pt;\" width=\"598\">Bli\u017csze dane<\/td>\n<\/tr>\n<tr style=\"height: 13.50pt;\">\n<td style=\"height: 13.50pt;\" height=\"18\">Wymiary<\/td>\n<td>500 ml (16 uncji): 8,1 cm \u00d7 22,3 cm<\/td>\n<\/tr>\n<tr style=\"height: 13.50pt;\">\n<td style=\"height: 13.50pt;\" height=\"18\">Tworzywo<\/td>\n<td>Szk\u0142o przezroczyste o wysokiej przejrzysto\u015bci<\/td>\n<\/tr>\n<tr style=\"height: 13.50pt;\">\n<td style=\"height: 13.50pt;\" height=\"18\">System zamykania<\/td>\n<td>Zawiasy ze stali nierdzewnej z korkiem w kolorze czerwonym\/bia\u0142ym i uszczelk\u0105 dopuszczon\u0105 do kontaktu z \u017cywno\u015bci\u0105<\/td>\n<\/tr>\n<tr style=\"height: 13.50pt;\">\n<td style=\"height: 13.50pt;\" height=\"18\">Wyko\u0144czenie szyi<\/td>\n<td>Kompatybilny ze standardowymi zamiennikami nasadek i zestawami podk\u0142adek ez<\/td>\n<\/tr>\n<tr style=\"height: 13.50pt;\">\n<td style=\"height: 13.50pt;\" height=\"18\">Idealny dla<\/td>\n<td>Kombucha, piwo, napoje gazowane, produkcja wina, fermentowane toniki<\/td>\n<\/tr>\n<\/tbody>\n<\/table>\n<h2>Historia sukcesu: Odwr\u00f3cenie los\u00f3w firmy produkuj\u0105cej napoje bezalkoholowe<\/h2>\n<p>Ma\u0142a firma produkuj\u0105ca napoje bezalkoholowe mia\u0142a k\u0142opoty z powodu braku odpowiedniego rodzaju opakowa\u0144, kt\u00f3re mog\u0142yby pom\u00f3c jej odzwierciedli\u0107 wizerunek jej marki jako marki premium. Ostatecznie zdecydowali si\u0119 na nasze 16-uncjowe butelki z zamkni\u0119ciem typu swing top, aby zapakowa\u0107 sw\u00f3j firmowy ginger ale i sarsaparill\u0119. Rodziny by\u0142y bardzo zadowolone z du\u017cych rozmiar\u00f3w. Utrata dwutlenku w\u0119gla podczas przechowywania by\u0142a g\u0142\u00f3wnym czynnikiem, kt\u00f3ry zosta\u0142 zmniejszony o 43% dzi\u0119ki szczelnym zamkni\u0119ciom \u015brubowym, co w konsekwencji zminimalizowa\u0142o skargi na psucie si\u0119 napoj\u00f3w i zwi\u0119kszy\u0142o wska\u017anik ponownego zakupu o 52%. Mo\u017cna wi\u0119c powiedzie\u0107, \u017ce firma dobrze sobie radzi pod wzgl\u0119dem lojalno\u015bci klient\u00f3w. Zaowocowa\u0142o to wieloma pozytywnymi rozmowami ze strony firmy, konsument\u00f3w i dystrybutor\u00f3w, czego efektem by\u0142o zwi\u0119kszenie liczby zam\u00f3wie\u0144 w punktach dystrybucji do 250 000 sztuk na kwarta\u0142.<\/p>\n<h2>Pomys\u0142y na personalizacj\u0119 butelki Grolscha<\/h2>\n<ul>\n<li><strong>Sitodruk na szkle:<\/strong> Przezroczysty szklany pojemnik mo\u017cna ozdobi\u0107 modnymi, nadrukowanymi, wyrazistymi logotypami marki lub innymi wzorami, kt\u00f3re utrzymuj\u0105 si\u0119 przez d\u0142ugi czas i idealnie nadaj\u0105 si\u0119 do prezentacji wizerunku i to\u017csamo\u015bci marki.<\/li>\n<li><strong>Wyt\u0142oczone oznaczenie pojemno\u015bci:<\/strong> Aby zwi\u0119kszy\u0107 profesjonalizm wygl\u0105du Twojego pojemnika, umie\u015b\u0107 subtelnie wyt\u0142oczony napis \u201e16 OZ\u201d lub \u201e1 L\u201d na spodzie lub dolnej cz\u0119\u015bci butelki.<\/li>\n<li><strong>Kolorowy pier\u015bcie\u0144 uszczelniaj\u0105cy z silikonu:<\/strong> Mo\u017cesz zastosowa\u0107 silikonowy pier\u015bcie\u0144 uszczelniaj\u0105cy w kolorach Twojej marki, kt\u00f3ry b\u0119dzie ma\u0142ym, ale zauwa\u017calnym szczeg\u00f3\u0142em przy zakr\u0119caniu nakr\u0119tek.<\/li>\n<li><strong>Specjalne panele etykiet b\u0142yszcz\u0105cych\/matowych:<\/strong> Wprowad\u017a r\u00f3\u017cne faktury szk\u0142a, b\u0142yszcz\u0105ce lub matowe, w obszarze naklejki, aby Twoja g\u0142\u00f3wna etykieta przyci\u0105gn\u0119\u0142a uwag\u0119, na jak\u0105 zas\u0142uguje.<\/li>\n<\/ul>","protected":false},"excerpt":{"rendered":"<p>Butelki premium o pojemno\u015bci 16 uncji (ok. 470 ml) z zakr\u0119canym wieczkiem, w kszta\u0142cie butelki Grolsch, z metalow\u0105 nakr\u0119tk\u0105 typu \u201eswing top\u201d, umo\u017cliwiaj\u0105c\u0105 bezpieczne i wielokrotnego u\u017cytku przechowywanie napoj\u00f3w. Szybka wysy\u0142ka. Dost\u0119pne s\u0105 bezp\u0142atne pr\u00f3bki.<\/p>","protected":false},"featured_media":23788,"template":"","meta":[],"product_brand":[],"product_cat":[122,123,132],"product_tag":[],"class_list":{"0":"post-23764","1":"product","2":"type-product","3":"status-publish","4":"has-post-thumbnail","6":"product_cat-custom-glass-packaging","7":"product_cat-custom-glass-bottles","8":"product_cat-glass-flip-top-bottles","10":"first","11":"instock","12":"shipping-taxable","13":"product-type-simple"},"jetpack_sharing_enabled":true,"_links":{"self":[{"href":"https:\/\/yebodaglass.com\/pl\/wp-json\/wp\/v2\/product\/23764","targetHints":{"allow":["GET"]}}],"collection":[{"href":"https:\/\/yebodaglass.com\/pl\/wp-json\/wp\/v2\/product"}],"about":[{"href":"https:\/\/yebodaglass.com\/pl\/wp-json\/wp\/v2\/types\/product"}],"version-history":[{"count":4,"href":"https:\/\/yebodaglass.com\/pl\/wp-json\/wp\/v2\/product\/23764\/revisions"}],"predecessor-version":[{"id":23838,"href":"https:\/\/yebodaglass.com\/pl\/wp-json\/wp\/v2\/product\/23764\/revisions\/23838"}],"wp:featuredmedia":[{"embeddable":true,"href":"https:\/\/yebodaglass.com\/pl\/wp-json\/wp\/v2\/media\/23788"}],"wp:attachment":[{"href":"https:\/\/yebodaglass.com\/pl\/wp-json\/wp\/v2\/media?parent=23764"}],"wp:term":[{"taxonomy":"product_brand","embeddable":true,"href":"https:\/\/yebodaglass.com\/pl\/wp-json\/wp\/v2\/product_brand?post=23764"},{"taxonomy":"product_cat","embeddable":true,"href":"https:\/\/yebodaglass.com\/pl\/wp-json\/wp\/v2\/product_cat?post=23764"},{"taxonomy":"product_tag","embeddable":true,"href":"https:\/\/yebodaglass.com\/pl\/wp-json\/wp\/v2\/product_tag?post=23764"}],"curies":[{"name":"wp","href":"https:\/\/api.w.org\/{rel}","templated":true}]}}