{"id":23732,"date":"2025-11-14T15:47:14","date_gmt":"2025-11-14T07:47:14","guid":{"rendered":"https:\/\/yebodaglass.com\/?post_type=product&#038;p=23732"},"modified":"2025-11-14T17:05:53","modified_gmt":"2025-11-14T09:05:53","slug":"wholesale-brown-grolsch-beer-bottles-with-swing-top","status":"publish","type":"product","link":"https:\/\/yebodaglass.com\/pl\/wholesale-brown-grolsch-beer-bottles-with-swing-top\/","title":{"rendered":"Hurtowa sprzeda\u017c butelek piwa Brown Grolsch z zamkni\u0119ciem Swing Top 485 ml 500 ml"},"content":{"rendered":"<p data-start=\"66\" data-end=\"288\">Butelki na piwo Grolsch\u200b\u200d\u200b\u200c\u200d\u200b\u200d\u200c\u200d\u200b\u200c\u200d\u200b\u200d\u200c wykonane z br\u0105zowego szk\u0142a i dost\u0119pne w dw\u00f3ch rozmiarach s\u0105 idealnymi s\u0142oikami na p\u0142yny lub piwo.<\/p>\n<h2>Cechy produktu<\/h2>\n<ul>\n<li><strong>Materia\u0142: Br\u0105zowe szk\u0142o<\/strong> Br\u0105zowe szk\u0142o jest idealnym materia\u0142em zapewniaj\u0105cym ochron\u0119 przed \u015bwiat\u0142em, a tak\u017ce nadaje produktowi antyczny wygl\u0105d.<\/li>\n<li><strong>Zamykanie za pomoc\u0105 przycisku \u201ePress-Stop\u201d:<\/strong> Czerwono-bia\u0142a metalowa zakr\u0119tka z blokad\u0105 jest elementem uszczelniaj\u0105cym tych butelek, dzi\u0119ki czemu zachowuj\u0105 \u015bwie\u017co\u015b\u0107 przez d\u0142ugi czas i umo\u017cliwiaj\u0105 u\u017cytkownikom szybki dost\u0119p.<\/li>\n<li><strong>R\u00f3\u017cne opcje czapki:<\/strong> Butelka mo\u017ce by\u0107 bez nakr\u0119tki (z funkcj\u0105 naciskania stop) lub ze z\u0142ot\u0105 nakr\u0119tk\u0105 koronow\u0105, co daje Ci inne mo\u017cliwo\u015bci i zwi\u0119ksza wszechstronno\u015b\u0107 produktu.<\/li>\n<\/ul>\n<h2 style=\"text-align: left;\">Kluczowe specyfikacje<\/h2>\n<table class=\"aligncenter\" style=\"border-collapse: collapse; width: 541.52pt;\" border=\"0\" width=\"722\" cellspacing=\"0\" cellpadding=\"0\">\n<tbody>\n<tr style=\"height: 13.50pt;\">\n<td style=\"height: 13.50pt; width: 119.25pt;\" width=\"159\" height=\"18\">Cechy<\/td>\n<td style=\"width: 422.25pt;\" width=\"563\">Opisa\u0107<\/td>\n<\/tr>\n<tr style=\"height: 13.50pt;\">\n<td style=\"height: 13.50pt;\" height=\"18\">Pojemno\u015b\u0107<\/td>\n<td>485 ml\/500 ml<\/td>\n<\/tr>\n<tr style=\"height: 13.50pt;\">\n<td style=\"height: 13.50pt;\" height=\"18\">Wymiary<\/td>\n<td>7,75 cm \u00d7 22,6 cm\/8,1 cm \u00d7 22,3 cm<\/td>\n<\/tr>\n<tr style=\"height: 13.50pt;\">\n<td style=\"height: 13.50pt;\" height=\"18\">Tworzywo<\/td>\n<td>Grubo\u015bcienne br\u0105zowe szk\u0142o (blokuj\u0105ce promieniowanie UV)<\/td>\n<\/tr>\n<tr style=\"height: 13.50pt;\">\n<td style=\"height: 13.50pt;\" height=\"18\">Rodzaj zamkni\u0119cia<\/td>\n<td>Hu\u015btawki ze stali nierdzewnej z zatyczk\u0105 w kolorze czerwonym\/bia\u0142ym lub z\u0142otym<\/td>\n<\/tr>\n<tr style=\"height: 13.50pt;\">\n<td style=\"height: 13.50pt;\" height=\"18\">Materia\u0142 uszczelki<\/td>\n<td>Guma spo\u017cywcza (standard) lub ulepszona do silikonu<\/td>\n<\/tr>\n<tr style=\"height: 13.50pt;\">\n<td style=\"height: 13.50pt;\" height=\"18\">Idealny dla<\/td>\n<td>Warzenie piwa, ocet, soda, produkcja wina, napoje rzemie\u015blnicze<\/td>\n<\/tr>\n<\/tbody>\n<\/table>\n<h2>Historia sukcesu: Ekspansja browaru rzemie\u015blniczego<\/h2>\n<p>Lokalny browar rzemie\u015blniczy, produkuj\u0105cy g\u0142\u00f3wnie piwa w stylu belgijskim, poszukiwa\u0142 opakowania, kt\u00f3re wizualnie podkre\u015bla\u0142oby jako\u015b\u0107 jego produkt\u00f3w. Do pierwszej partii piwa u\u017cyli naszych br\u0105zowych szklanych butelek z zakr\u0119canym korkiem. Dzi\u0119ki zastosowaniu szk\u0142a odpornego na promieniowanie UV, zmiana smaku piwa podczas przechowywania zosta\u0142a zmniejszona o 43%, a tym samym liczba zam\u00f3wie\u0144 wzros\u0142a o 40%. To ostatecznie sk\u0142oni\u0142o browar do uczynienia butelek z zakr\u0119tk\u0105 standardowym opakowaniem i dlatego kontynuuje on sk\u0142adanie zam\u00f3wie\u0144 przez trzy kolejne kwarta\u0142y.<\/p>\n<h2>Sugestie personalizacji butelek piwa Grolsch<\/h2>\n<ul>\n<li><strong>Niestandardowy kolor czapki:<\/strong> Wybierz kolor ceramicznej nasadki zgodny z kolorem Twojej marki (np. z\u0142oty, bia\u0142y lub czarny), aby natychmiast rozpozna\u0107 Twoj\u0105 mark\u0119.<\/li>\n<li><strong>Drukowane logo:<\/strong> Umie\u015b\u0107 swoje logo na br\u0105zowej szklanej butelce i ciesz si\u0119 zachwytem klient\u00f3w, kt\u00f3rzy dotkn\u0105 butelki i poczuj\u0105 r\u00f3\u017cnic\u0119.<\/li>\n<li><strong>Znakowanie trawione kwasem:<\/strong> Umie\u015b\u0107 pi\u0119kne logo lub wz\u00f3r na butelce, wykorzystuj\u0105c technik\u0119 trawienia kwasem, kt\u00f3ra na sta\u0142e po\u0142\u0105czy Twoj\u0105 mark\u0119 z butelk\u0105.<\/li>\n<li><strong>Kolorowe uszczelki silikonowe:<\/strong> Kolorowe uszczelki silikonowe w kolorze Twojej marki mo\u017cna wykorzysta\u0107 jako niewielki, ale bardzo efektowny szczeg\u00f3\u0142, kt\u00f3ry b\u0119dzie przyci\u0105ga\u0142 wzrok.<\/li>\n<\/ul>","protected":false},"excerpt":{"rendered":"<p>Stylowe butelki piwa Grolsch z urokiem vintage - nasze br\u0105zowe szklane butelki typu swing top \u0142\u0105cz\u0105 w sobie trwa\u0142o\u015b\u0107 i praktyczno\u015b\u0107. Fabryczna sprzeda\u017c bezpo\u015brednia, szybka wysy\u0142ka.<\/p>","protected":false},"featured_media":23751,"template":"","meta":[],"product_brand":[],"product_cat":[122,123,132],"product_tag":[],"class_list":{"0":"post-23732","1":"product","2":"type-product","3":"status-publish","4":"has-post-thumbnail","6":"product_cat-custom-glass-packaging","7":"product_cat-custom-glass-bottles","8":"product_cat-glass-flip-top-bottles","10":"first","11":"instock","12":"shipping-taxable","13":"product-type-simple"},"jetpack_sharing_enabled":true,"_links":{"self":[{"href":"https:\/\/yebodaglass.com\/pl\/wp-json\/wp\/v2\/product\/23732","targetHints":{"allow":["GET"]}}],"collection":[{"href":"https:\/\/yebodaglass.com\/pl\/wp-json\/wp\/v2\/product"}],"about":[{"href":"https:\/\/yebodaglass.com\/pl\/wp-json\/wp\/v2\/types\/product"}],"version-history":[{"count":5,"href":"https:\/\/yebodaglass.com\/pl\/wp-json\/wp\/v2\/product\/23732\/revisions"}],"predecessor-version":[{"id":23758,"href":"https:\/\/yebodaglass.com\/pl\/wp-json\/wp\/v2\/product\/23732\/revisions\/23758"}],"wp:featuredmedia":[{"embeddable":true,"href":"https:\/\/yebodaglass.com\/pl\/wp-json\/wp\/v2\/media\/23751"}],"wp:attachment":[{"href":"https:\/\/yebodaglass.com\/pl\/wp-json\/wp\/v2\/media?parent=23732"}],"wp:term":[{"taxonomy":"product_brand","embeddable":true,"href":"https:\/\/yebodaglass.com\/pl\/wp-json\/wp\/v2\/product_brand?post=23732"},{"taxonomy":"product_cat","embeddable":true,"href":"https:\/\/yebodaglass.com\/pl\/wp-json\/wp\/v2\/product_cat?post=23732"},{"taxonomy":"product_tag","embeddable":true,"href":"https:\/\/yebodaglass.com\/pl\/wp-json\/wp\/v2\/product_tag?post=23732"}],"curies":[{"name":"wp","href":"https:\/\/api.w.org\/{rel}","templated":true}]}}