{"id":23714,"date":"2025-11-14T14:43:57","date_gmt":"2025-11-14T06:43:57","guid":{"rendered":"https:\/\/yebodaglass.com\/?post_type=product&#038;p=23714"},"modified":"2025-11-14T15:28:06","modified_gmt":"2025-11-14T07:28:06","slug":"wholesale-32-oz-flip-top-bottles-with-tapered-shape","status":"publish","type":"product","link":"https:\/\/yebodaglass.com\/pl\/wholesale-32-oz-flip-top-bottles-with-tapered-shape\/","title":{"rendered":"Hurtowe butelki z klapk\u0105 o pojemno\u015bci 16 uncji i 32 uncji ze sto\u017ckowym kszta\u0142tem"},"content":{"rendered":"<p data-start=\"66\" data-end=\"288\">Te 32-uncjowe butelki z klapk\u0105 s\u0105 wykonane z przezroczystego szk\u0142a i maj\u0105 dwa stylowe, sto\u017ckowe kszta\u0142ty. Za pomoc\u0105 czarnych lub jasnozielonych metalowych klips\u00f3w zachowuj\u0105 \u015bwie\u017co\u015b\u0107 p\u0142yn\u00f3w, a jednocze\u015bnie s\u0105 bezpieczne.<\/p>\n<h2>Cechy produktu<\/h2>\n<ul>\n<li><strong>Uszczelka zatrzaskowa:<\/strong> Butelki wyposa\u017cone s\u0105 w zatrzaskowe korki zabezpieczone metalowymi klipsami. Zapewnia to szczelne zamkni\u0119cie, dzi\u0119ki czemu zawarto\u015b\u0107 pozostaje \u015bwie\u017ca, a otwieranie i zamykanie jest u\u0142atwione.<\/li>\n<li><strong>Wiele kszta\u0142t\u00f3w sto\u017ckowych:<\/strong> Unikalny i modny design butelek sprawia, \u017ce \u200b\u200bs\u0105 one bardziej rozpoznawalne przez konsument\u00f3w i zapewniaj\u0105 wygodniejszy chwyt. Co wi\u0119cej, dost\u0119pne s\u0105 zar\u00f3wno w kszta\u0142cie sto\u017cka, jak i wyd\u0142u\u017conego.<\/li>\n<li><strong>Dwa rozmiary, dwa style:<\/strong> Istniej\u0105 dwa rodzaje produkt\u00f3w, z kt\u00f3rych ka\u017cdy ma dwa r\u00f3\u017cne rozmiary i czarn\u0105 lub jasnozielon\u0105 nakr\u0119tk\u0119, aby spe\u0142ni\u0107 r\u00f3\u017cne preferencje estetyczne i warunki u\u017cytkowania.<\/li>\n<\/ul>\n<h2 style=\"text-align: left;\">Kluczowe specyfikacje<\/h2>\n<table class=\"aligncenter\" width=\"741\">\n<tbody>\n<tr>\n<td width=\"159\">Funkcja<\/td>\n<td width=\"582\">Bli\u017csze dane<\/td>\n<\/tr>\n<tr>\n<td>Tworzywo<\/td>\n<td>Szk\u0142o przezroczyste o wysokiej przejrzysto\u015bci<\/td>\n<\/tr>\n<tr>\n<td>Wymiary<\/td>\n<td>16 uncji (500 ml): 8 cm \u00d7 23 cm \/ 32 uncje (1000 ml): 10 cm \u00d7 29 cm<\/td>\n<\/tr>\n<tr>\n<td>Rodzaj zamkni\u0119cia<\/td>\n<td>Hu\u015btawka g\u00f3rna ze stalow\u0105 por\u0119cz\u0105 i kolorowym korkiem (mo\u017cliwo\u015b\u0107 personalizacji)<\/td>\n<\/tr>\n<tr>\n<td>Opcje uszczelek<\/td>\n<td>Guma lub silikon spo\u017cywczy<\/td>\n<\/tr>\n<tr>\n<td>Wydajno\u015b\u0107 uszczelnienia<\/td>\n<td>Hermetyczne, odporne na przeciekanie, wytrzymuje nasycenie dwutlenkiem w\u0119gla i zawarto\u015b\u0107 kwas\u00f3w<\/td>\n<\/tr>\n<tr>\n<td>Idealny dla<\/td>\n<td>Kombucha, soda, ocet, warzenie piwa, rzemie\u015blnicze<\/td>\n<\/tr>\n<\/tbody>\n<\/table>\n<h2>Historia sukcesu: poprawa wizerunku marki piwa rzemie\u015blniczego<\/h2>\n<p>Opakowanie startupu produkuj\u0105cego kaw\u0119 cold brew i kombuch\u0119 by\u0142o g\u0142\u00f3wnym punktem, kt\u00f3ry firma musia\u0142a rozwa\u017cy\u0107, aby odzwierciedli\u0107 nowoczesn\u0105 koncepcj\u0119 marki. Podj\u0119li decyzj\u0119 o przej\u015bciu z tradycyjnych butelek na nasze 16-uncjowe (ok. 470 ml) szklane butelki. Ich nowatorski design pozwala im wyr\u00f3\u017cni\u0107 si\u0119 na zat\u0142oczonych p\u00f3\u0142kach, a sprzedawcy detaliczni odnotowali 20% wzrost liczby os\u00f3b kupuj\u0105cych po raz pierwszy. Wska\u017aniki ponownego zakupu wzros\u0142y o 39%, poniewa\u017c klienci ceni\u0105 sobie mo\u017cliwo\u015b\u0107 wielokrotnego u\u017cytku i estetyk\u0119 butelek. Liczba zam\u00f3wie\u0144 na butelki wynosi obecnie 150 000 kwartalnie.<\/p>\n<h2>Sugestie personalizacji butelek z klapk\u0105 o pojemno\u015bci 32 uncji<\/h2>\n<ul>\n<li><strong>Unikalny kolor czapki:<\/strong> Stw\u00f3rz niepowtarzalny wygl\u0105d, wybieraj\u0105c kolor swojej ceramicznej czapki spo\u015br\u00f3d szerokiej gamy opcji, takich jak czarny lub jasnozielony, widocznych na zdj\u0119ciu.<\/li>\n<li><strong>Powierzchnia ze szk\u0142a mro\u017conego:<\/strong> Ca\u0142kowicie matowy odcie\u0144 to \u015bwietna odmiana dla przezroczystej szklanej butelki, kt\u00f3ra nie tylko zapewnia mi\u0119kkie i eleganckie matowe wyko\u0144czenie, ale tak\u017ce stanowi powierzchni\u0119 odporn\u0105 na odciski palc\u00f3w.<\/li>\n<li><strong>Sitodruk b\u0142yszcz\u0105cy:<\/strong> Wydrukuj wyra\u017ane i \u017cywe logo marki oraz grafik\u0119 na obrysie butelki, aby uzyska\u0107 trwa\u0142y i przyci\u0105gaj\u0105cy wzrok wizerunek marki.<\/li>\n<li><strong>Oznaczenia pojemno\u015bci wytrawione kwasem:<\/strong> Uatrakcyjnij wygl\u0105d swojej butelki dzi\u0119ki efektownym, wyt\u0142oczonym lub wytrawionym kwasem oznaczeniom pojemno\u015bci. Na przyk\u0142ad podzia\u0142ki 16 uncji i 32 uncji nie tylko u\u0142atwiaj\u0105 identyfikacj\u0119 pojemno\u015bci, ale tak\u017ce stanowi\u0105 elegancki dodatek do designu butelki.<\/li>\n<\/ul>","protected":false},"excerpt":{"rendered":"<p>Wybierz wysokiej jako\u015bci szklane butelki o pojemno\u015bci 16 uncji (ok. 470 ml) i wytrzyma\u0142e butelki z klapk\u0105 o pojemno\u015bci 32 uncji (ok. 940 ml), aby zapewni\u0107 sobie wszechstronno\u015b\u0107 i doskona\u0142\u0105 konserwacj\u0119. Sprzeda\u017c bezpo\u015brednio z fabryki, dost\u0119pne bezp\u0142atne pr\u00f3bki.<\/p>","protected":false},"featured_media":23725,"template":"","meta":[],"product_brand":[],"product_cat":[122,123,132],"product_tag":[],"class_list":{"0":"post-23714","1":"product","2":"type-product","3":"status-publish","4":"has-post-thumbnail","6":"product_cat-custom-glass-packaging","7":"product_cat-custom-glass-bottles","8":"product_cat-glass-flip-top-bottles","10":"first","11":"instock","12":"shipping-taxable","13":"product-type-simple"},"jetpack_sharing_enabled":true,"_links":{"self":[{"href":"https:\/\/yebodaglass.com\/pl\/wp-json\/wp\/v2\/product\/23714","targetHints":{"allow":["GET"]}}],"collection":[{"href":"https:\/\/yebodaglass.com\/pl\/wp-json\/wp\/v2\/product"}],"about":[{"href":"https:\/\/yebodaglass.com\/pl\/wp-json\/wp\/v2\/types\/product"}],"version-history":[{"count":2,"href":"https:\/\/yebodaglass.com\/pl\/wp-json\/wp\/v2\/product\/23714\/revisions"}],"predecessor-version":[{"id":23729,"href":"https:\/\/yebodaglass.com\/pl\/wp-json\/wp\/v2\/product\/23714\/revisions\/23729"}],"wp:featuredmedia":[{"embeddable":true,"href":"https:\/\/yebodaglass.com\/pl\/wp-json\/wp\/v2\/media\/23725"}],"wp:attachment":[{"href":"https:\/\/yebodaglass.com\/pl\/wp-json\/wp\/v2\/media?parent=23714"}],"wp:term":[{"taxonomy":"product_brand","embeddable":true,"href":"https:\/\/yebodaglass.com\/pl\/wp-json\/wp\/v2\/product_brand?post=23714"},{"taxonomy":"product_cat","embeddable":true,"href":"https:\/\/yebodaglass.com\/pl\/wp-json\/wp\/v2\/product_cat?post=23714"},{"taxonomy":"product_tag","embeddable":true,"href":"https:\/\/yebodaglass.com\/pl\/wp-json\/wp\/v2\/product_tag?post=23714"}],"curies":[{"name":"wp","href":"https:\/\/api.w.org\/{rel}","templated":true}]}}