{"id":23709,"date":"2025-11-14T15:58:45","date_gmt":"2025-11-14T07:58:45","guid":{"rendered":"https:\/\/yebodaglass.com\/?post_type=product&#038;p=23709"},"modified":"2026-03-11T15:12:59","modified_gmt":"2026-03-11T07:12:59","slug":"clear-glass-large-pickle-jars-with-metal-lids-bulk","status":"publish","type":"product","link":"https:\/\/yebodaglass.com\/pl\/clear-glass-large-pickle-jars-with-metal-lids-bulk\/","title":{"rendered":"Du\u017ce s\u0142oiki na og\u00f3rki z przezroczystego szk\u0142a z metalowymi pokrywkami, hurt"},"content":{"rendered":"<p>To du\u017cy s\u0142oik na og\u00f3rki kiszone o cylindrycznym kszta\u0142cie i szerokim otworze, wykonany z trwa\u0142ego, przezroczystego szk\u0142a, zamykany szczelnie i bezpiecznie na srebrn\u0105 metalow\u0105 zakr\u0119tk\u0105, dzi\u0119ki czemu jest hermetyczny i bezpieczny, co czyni go najlepszym do fermentacji i konserwowania og\u00f3rk\u00f3w kiszonych, marynat, a tak\u017ce przetwor\u00f3w.<\/p>\n<h2>Cechy produktu<\/h2>\n<ul>\n<li><strong>Klasyczny design z szerokim otworem:<\/strong> Szeroki otw\u00f3r u\u0142atwia nape\u0142nianie, pakowanie, a tak\u017ce czyszczenie, co jest niezb\u0119dne w procesie s\u0142oikowania i fermentacji.<\/li>\n<li><strong>Bezpieczna plomba metalowa:<\/strong> Srebrna metalowa nakr\u0119tka s\u0142u\u017cy do szczelnego zamkni\u0119cia \u017cywno\u015bci i utrzymania jej w odpowiedniej fermentacji, a tak\u017ce pomaga zachowa\u0107 \u015bwie\u017co\u015b\u0107 po\u017cywienia.<\/li>\n<li><strong>Przezroczysty:<\/strong> Dzi\u0119ki przezroczystemu szklanemu s\u0142oikowi mo\u017cna \u0142atwo obserwowa\u0107 \u017cywno\u015b\u0107 w s\u0142oiku, ilo\u015b\u0107 solanki i proces fermentacji.<\/li>\n<\/ul>\n<h2>Kluczowe specyfikacje<\/h2>\n<table style=\"border-collapse: collapse; width: 80%; margin-left: auto; margin-right: auto;\" border=\"0\" width=\"288\" cellspacing=\"0\" cellpadding=\"0\">\n<tbody>\n<tr style=\"height: 13.50pt;\">\n<td style=\"height: 13.5pt; width: 54pt; text-align: center;\" width=\"72\" height=\"18\">Pojemno\u015b\u0107 (ml)<\/td>\n<td style=\"width: 54pt; text-align: center;\" width=\"72\">Rozmiar (cm)<\/td>\n<td style=\"width: 54pt; text-align: center;\" width=\"72\">Obr\u00f3bka powierzchni<\/td>\n<td style=\"width: 54pt; text-align: center;\" width=\"72\">Kszta\u0142t<\/td>\n<\/tr>\n<tr style=\"height: 13.50pt;\">\n<td style=\"height: 13.5pt; text-align: center;\" height=\"18\">750<\/td>\n<td style=\"text-align: center;\">9,3 x 15,1<\/td>\n<td class=\"et2\" style=\"text-align: center;\" rowspan=\"3\">Malowanie natryskowe, rze\u017abienie, t\u0142oczenie itp.<\/td>\n<td class=\"et2\" style=\"text-align: center;\" rowspan=\"3\">Okr\u0105g\u0142y<\/td>\n<\/tr>\n<tr style=\"height: 13.50pt;\">\n<td style=\"height: 13.5pt; text-align: center;\" height=\"18\">950<\/td>\n<td style=\"text-align: center;\">9,1 x 18,8<\/td>\n<\/tr>\n<tr style=\"height: 13.50pt;\">\n<td style=\"height: 13.5pt; text-align: center;\" height=\"18\">1500<\/td>\n<td style=\"text-align: center;\">10,5 x 20,4<\/td>\n<\/tr>\n<\/tbody>\n<\/table>\n<h2>Przypadek sukcesu: zam\u00f3wienie niestandardowe Fermentation Brand na p\u00f3\u0142nocno-zachodnim Pacyfiku<\/h2>\n<p>Nasz s\u0142oik na og\u00f3rki zosta\u0142 wybrany przez profesjonaln\u0105 firm\u0119 fermentacyjn\u0105 z Ameryki, kt\u00f3ra nada\u0142a mu bursztynowe szk\u0142o i matowoczarn\u0105 metalow\u0105 pokrywk\u0119 z wbudowan\u0105 gumow\u0105 uszczelk\u0105. To projekt na zam\u00f3wienie, kt\u00f3ry rozwi\u0105za\u0142 jeden z g\u0142\u00f3wnych problem\u00f3w: bursztynowe szk\u0142o ogranicza przenikanie \u015bwiat\u0142a, co zapobiega rozwojowi glon\u00f3w, a tym samym zmniejsza ryzyko psucia si\u0119 o 18%. Wysokiej jako\u015bci uszczelka nakr\u0119tki dodatkowo wyd\u0142u\u017cy\u0142a okres przydatno\u015bci og\u00f3rk\u00f3w o jedn\u0105 czwart\u0105. Rezultaty by\u0142y bardzo dobre i firma zam\u00f3wi\u0142a kolejne 80 000 s\u0142oik\u00f3w, aby u\u0142atwi\u0107 ekspansj\u0119 og\u00f3rk\u00f3w w sklepach detalicznych w ca\u0142ym kraju.<\/p>\n<h2>Zalecenia dotycz\u0105ce personalizacji du\u017cych s\u0142oik\u00f3w na og\u00f3rki<\/h2>\n<ul>\n<li>Szk\u0142o chroni\u0105ce przed \u015bwiat\u0142em: stosowane w szklanych s\u0142oikach w kolorze bursztynowym lub zielonym, s\u0142u\u017c\u0105ce do przechowywania wra\u017cliwej na \u015bwiat\u0142o fermentowanej i kiszonej \u017cywno\u015bci.<\/li>\n<li>Specjalne systemy pokryw: pokrywy dost\u0119pne s\u0105 z wbudowanymi uszczelkami gumowymi, zaworami fermentacyjnymi lub \u015bciankami wewn\u0119trznymi pokrytymi tworzywem sztucznym, aby zapobiec korozji pod wp\u0142ywem kwas\u00f3w i soli.<\/li>\n<li>Niestandardowe kszta\u0142ty s\u0142oik\u00f3w: przekszta\u0142canie tradycyjnych cylindrycznych s\u0142oik\u00f3w w s\u0142oiki kwadratowe lub prostok\u0105tne, kt\u00f3re b\u0119d\u0105 bardziej funkcjonalne w kontek\u015bcie eksponowania produkt\u00f3w na p\u00f3\u0142kach i pakowania.<\/li>\n<\/ul>","protected":false},"excerpt":{"rendered":"<p>S\u0142oik na og\u00f3rki z szerokim otworem u\u0142atwiaj\u0105cym nape\u0142nianie i czyszczenie. Niezawodny, du\u017cy s\u0142oik na og\u00f3rki, idealny do domowego kiszenia i przechowywania w kuchni. Szybka wysy\u0142ka.<\/p>","protected":false},"featured_media":23740,"template":"","meta":[],"product_brand":[],"product_cat":[122,124,133],"product_tag":[],"class_list":{"0":"post-23709","1":"product","2":"type-product","3":"status-publish","4":"has-post-thumbnail","6":"product_cat-custom-glass-packaging","7":"product_cat-custom-glass-jars","8":"product_cat-pickle-jars","10":"first","11":"instock","12":"shipping-taxable","13":"product-type-simple"},"jetpack_sharing_enabled":true,"_links":{"self":[{"href":"https:\/\/yebodaglass.com\/pl\/wp-json\/wp\/v2\/product\/23709","targetHints":{"allow":["GET"]}}],"collection":[{"href":"https:\/\/yebodaglass.com\/pl\/wp-json\/wp\/v2\/product"}],"about":[{"href":"https:\/\/yebodaglass.com\/pl\/wp-json\/wp\/v2\/types\/product"}],"version-history":[{"count":5,"href":"https:\/\/yebodaglass.com\/pl\/wp-json\/wp\/v2\/product\/23709\/revisions"}],"predecessor-version":[{"id":25378,"href":"https:\/\/yebodaglass.com\/pl\/wp-json\/wp\/v2\/product\/23709\/revisions\/25378"}],"wp:featuredmedia":[{"embeddable":true,"href":"https:\/\/yebodaglass.com\/pl\/wp-json\/wp\/v2\/media\/23740"}],"wp:attachment":[{"href":"https:\/\/yebodaglass.com\/pl\/wp-json\/wp\/v2\/media?parent=23709"}],"wp:term":[{"taxonomy":"product_brand","embeddable":true,"href":"https:\/\/yebodaglass.com\/pl\/wp-json\/wp\/v2\/product_brand?post=23709"},{"taxonomy":"product_cat","embeddable":true,"href":"https:\/\/yebodaglass.com\/pl\/wp-json\/wp\/v2\/product_cat?post=23709"},{"taxonomy":"product_tag","embeddable":true,"href":"https:\/\/yebodaglass.com\/pl\/wp-json\/wp\/v2\/product_tag?post=23709"}],"curies":[{"name":"wp","href":"https:\/\/api.w.org\/{rel}","templated":true}]}}