{"id":23693,"date":"2025-11-14T13:16:17","date_gmt":"2025-11-14T05:16:17","guid":{"rendered":"https:\/\/yebodaglass.com\/?post_type=product&#038;p=23693"},"modified":"2026-03-26T13:59:14","modified_gmt":"2026-03-26T05:59:14","slug":"wholesale-clear-flip-top-glass-bottles-1-liter","status":"publish","type":"product","link":"https:\/\/yebodaglass.com\/pl\/wholesale-clear-flip-top-glass-bottles-1-liter\/","title":{"rendered":"Hurtowa sprzeda\u017c przezroczystych szklanych butelek z klapk\u0105 1 litr"},"content":{"rendered":"<p data-start=\"66\" data-end=\"288\">Szklane butelki z klapk\u0105 o pojemno\u015bci 1 litra, o wysokim, prostym, cylindrycznym kszta\u0142cie, wykonane s\u0105 z krystalicznie czystego szk\u0142a i posiadaj\u0105 klapk\u0119. Tradycyjna metalowa klamra na zawiasie na nakr\u0119tce pewnie mocuje czerwono-bia\u0142y ceramiczny lub plastikowy korek z gumow\u0105 uszczelk\u0105, tworz\u0105c szczelne zamkni\u0119cie.<\/p>\n<h2>Cechy produktu<\/h2>\n<ul>\n<li><strong>Du\u017ca pojemno\u015b\u0107 1 litra:<\/strong> Du\u017cy rozmiar \u015bwietnie sprawdza si\u0119 przy przygotowywaniu du\u017cych ilo\u015bci napoj\u00f3w, przy parzeniu, mo\u017cna go r\u00f3wnie\u017c u\u017cywa\u0107 jako zwyk\u0142ej butelki na wod\u0119.<\/li>\n<li><strong>Zamkni\u0119te zamkni\u0119cie typu flip-top:<\/strong> Pier\u015bcie\u0144 uszczelniaj\u0105cy i metalowa klamra zapewniaj\u0105 szczelne zamkni\u0119cie, dzi\u0119ki kt\u00f3remu produkt zachowa \u015bwie\u017co\u015b\u0107 zawarto\u015bci i zapobiegn\u0105 wyciekaniu napoj\u00f3w gazowanych.<\/li>\n<li><strong>Szk\u0142o przezroczyste Widesight:<\/strong> Przez przezroczyst\u0105 butelk\u0119 mo\u017cna \u0142atwo sprawdzi\u0107 poziom i przejrzysto\u015b\u0107 napoju.<\/li>\n<\/ul>\n<h2 style=\"text-align: left;\">Kluczowe specyfikacje<\/h2>\n<table class=\"aligncenter\" style=\"border-collapse: collapse; width: 476.27pt;\" border=\"0\" width=\"635\" cellspacing=\"0\" cellpadding=\"0\">\n<tbody>\n<tr style=\"height: 13.50pt;\">\n<td style=\"height: 13.50pt; width: 119.25pt;\" width=\"159\" height=\"18\">Specyfikacja<\/td>\n<td style=\"width: 357.00pt;\" width=\"476\">Bli\u017csze dane<\/td>\n<\/tr>\n<tr style=\"height: 13.50pt;\">\n<td style=\"height: 13.50pt;\" height=\"18\">Pojemno\u015b\u0107<\/td>\n<td>1 litr (32 uncje)<\/td>\n<\/tr>\n<tr style=\"height: 13.50pt;\">\n<td style=\"height: 13.50pt;\" height=\"18\">Wymiary<\/td>\n<td>8,7 cm \u00d7 29,6 cm<\/td>\n<\/tr>\n<tr style=\"height: 13.50pt;\">\n<td style=\"height: 13.50pt;\" height=\"18\">Tworzywo<\/td>\n<td>Szk\u0142o przezroczyste o wysokiej przejrzysto\u015bci, nadaj\u0105ce si\u0119 do kontaktu z \u017cywno\u015bci\u0105<\/td>\n<\/tr>\n<tr style=\"height: 13.50pt;\">\n<td style=\"height: 13.50pt;\" height=\"18\">\u015arednica wewn\u0119trzna szyjki<\/td>\n<td>2 cm<\/td>\n<\/tr>\n<tr style=\"height: 13.50pt;\">\n<td style=\"height: 13.50pt;\" height=\"18\">Rodzaj zamkni\u0119cia<\/td>\n<td>Hu\u015btawka z czerwonym akcentem i uchwytem ze stali nierdzewnej<\/td>\n<\/tr>\n<tr style=\"height: 13.50pt;\">\n<td style=\"height: 13.50pt;\" height=\"18\">Opcje uszczelek<\/td>\n<td>Standardowa guma<\/td>\n<\/tr>\n<tr style=\"height: 13.50pt;\">\n<td style=\"height: 13.50pt;\" height=\"18\">Idealny dla<\/td>\n<td>Kombucha, soda, ocet, warzenie piwa, produkcja wina<\/td>\n<\/tr>\n<\/tbody>\n<\/table>\n<h2>Historia sukcesu<\/h2>\n<p>Nasze 1-litrowe, przezroczyste, szklane butelki zosta\u0142y wybrane przez gigantyczn\u0105 firm\u0119 produkuj\u0105c\u0105 soki t\u0142oczone na zimno w Kalifornii, a oznaczenia pojemno\u015bci s\u0105 nadrukowane metod\u0105 sitodruku i dostosowane do potrzeb firmy. Butelki szyte na miar\u0119 zosta\u0142y wykorzystane do rozwi\u0105zania niekt\u00f3rych g\u0142\u00f3wnych wyzwa\u0144 operacyjnych: hermetyczne zamkni\u0119cie i du\u017cy rozmiar wyd\u0142u\u017cy\u0142y okres przydatno\u015bci do spo\u017cycia niepasteryzowanych sok\u00f3w o 30 lat, zminimalizowano ryzyko psucia si\u0119, a soki o jaskrawych kolorach najlepiej prezentowa\u0142y si\u0119 w szklanych butelkach. Firma twierdzi, \u017ce odnotowa\u0142a 20-procentowy wzrost sprzeda\u017cy bezpo\u015bredniej do kawiarni. Dzi\u0119ki temu sukcesowi z\u0142o\u017cono kolejne zam\u00f3wienie na 650 000 butelek, wprowadzaj\u0105c now\u0105 kategori\u0119 funkcjonalnych napoj\u00f3w prozdrowotnych.<\/p>\n<h2>Zalecenia dotycz\u0105ce personalizacji butelek z przezroczystego szk\u0142a<\/h2>\n<ul>\n<li>Wyko\u0144czenia klamer i zatyczek do butelek: Mark\u0119 mo\u017cna spersonalizowa\u0107 za pomoc\u0105 r\u00f3\u017cnych wyko\u0144cze\u0144 (miedzianych, mosi\u0119\u017cnych, matowych czarnych) i zatyczek w r\u00f3\u017cnych kolorach.<\/li>\n<li>Szk\u0142o kolorowe odporne na promieniowanie UV: cylindryczne butelki o pojemno\u015bci 1 litra wykonane z bursztynowego lub zielonego szk\u0142a s\u0142u\u017c\u0105 do ochrony napoj\u00f3w wra\u017cliwych na \u015bwiat\u0142o, takich jak kombucha, piwo czy niekt\u00f3re oleje.<\/li>\n<li>Prostok\u0105tna konstrukcja: Butelka o pojemno\u015bci 1 litra ma prostok\u0105tny kszta\u0142t, kt\u00f3ry oszcz\u0119dza miejsce w lod\u00f3wce i pozwala na uk\u0142adanie jej na p\u00f3\u0142kach.<\/li>\n<li>Os\u0142ona\/r\u0119kaw ochronny z silikonu: Jest to zdejmowana, antypo\u015blizgowa os\u0142ona silikonowa, kt\u00f3ra ma za zadanie chroni\u0107 doln\u0105 po\u0142ow\u0119 butelki przed uderzeniami, izolowa\u0107 butelk\u0119 i zapewnia\u0107 lepszy chwyt.<\/li>\n<\/ul>","protected":false},"excerpt":{"rendered":"<p>Wytrzyma\u0142a, przezroczysta butelka szklana i wysokiej jako\u015bci butelki szklane z klapk\u0105 o pojemno\u015bci 1 litra, idealne do napoj\u00f3w i przechowywania. Krystalicznie czysta konstrukcja z hermetycznym zamkni\u0119ciem. Darmowe pr\u00f3bki.<\/p>","protected":false},"featured_media":23704,"template":"","meta":[],"product_brand":[],"product_cat":[132,123,122],"product_tag":[],"class_list":{"0":"post-23693","1":"product","2":"type-product","3":"status-publish","4":"has-post-thumbnail","6":"product_cat-glass-flip-top-bottles","7":"product_cat-custom-glass-bottles","8":"product_cat-custom-glass-packaging","10":"first","11":"instock","12":"shipping-taxable","13":"product-type-simple"},"jetpack_sharing_enabled":true,"_links":{"self":[{"href":"https:\/\/yebodaglass.com\/pl\/wp-json\/wp\/v2\/product\/23693","targetHints":{"allow":["GET"]}}],"collection":[{"href":"https:\/\/yebodaglass.com\/pl\/wp-json\/wp\/v2\/product"}],"about":[{"href":"https:\/\/yebodaglass.com\/pl\/wp-json\/wp\/v2\/types\/product"}],"version-history":[{"count":5,"href":"https:\/\/yebodaglass.com\/pl\/wp-json\/wp\/v2\/product\/23693\/revisions"}],"predecessor-version":[{"id":25626,"href":"https:\/\/yebodaglass.com\/pl\/wp-json\/wp\/v2\/product\/23693\/revisions\/25626"}],"wp:featuredmedia":[{"embeddable":true,"href":"https:\/\/yebodaglass.com\/pl\/wp-json\/wp\/v2\/media\/23704"}],"wp:attachment":[{"href":"https:\/\/yebodaglass.com\/pl\/wp-json\/wp\/v2\/media?parent=23693"}],"wp:term":[{"taxonomy":"product_brand","embeddable":true,"href":"https:\/\/yebodaglass.com\/pl\/wp-json\/wp\/v2\/product_brand?post=23693"},{"taxonomy":"product_cat","embeddable":true,"href":"https:\/\/yebodaglass.com\/pl\/wp-json\/wp\/v2\/product_cat?post=23693"},{"taxonomy":"product_tag","embeddable":true,"href":"https:\/\/yebodaglass.com\/pl\/wp-json\/wp\/v2\/product_tag?post=23693"}],"curies":[{"name":"wp","href":"https:\/\/api.w.org\/{rel}","templated":true}]}}