{"id":23678,"date":"2025-11-14T14:23:47","date_gmt":"2025-11-14T06:23:47","guid":{"rendered":"https:\/\/yebodaglass.com\/?post_type=product&#038;p=23678"},"modified":"2026-03-11T16:11:43","modified_gmt":"2026-03-11T08:11:43","slug":"clear-glass-pickle-jars-with-black-lids-wholesale","status":"publish","type":"product","link":"https:\/\/yebodaglass.com\/pl\/clear-glass-pickle-jars-with-black-lids-wholesale\/","title":{"rendered":"S\u0142oiki na og\u00f3rki kiszone ze szk\u0142a przezroczystego o pojemno\u015bci 105 ml \u2013 550 ml z czarnymi pokrywkami \u2013 hurt"},"content":{"rendered":"<p>G\u0142adki, cylindryczny, krystalicznie czysty szklany s\u0142oik do og\u00f3rk\u00f3w z matow\u0105, czarn\u0105 metalow\u0105 zakr\u0119tk\u0105 na g\u00f3rze, kt\u00f3ra zapewnia doskona\u0142e uszczelnienie. Ten typ s\u0142oika do og\u00f3rk\u00f3w to najlepszy wyb\u00f3r do fermentacji og\u00f3rk\u00f3w, marynat i przetwor\u00f3w.<\/p>\n<h2>Cechy produktu<\/h2>\n<ul>\n<li><strong>Prosta konstrukcja cylindryczna:<\/strong> Jest to proste rozwi\u0105zanie, z prostymi \u015bcianami i dnem, kt\u00f3re mo\u017cna \u0142atwo wyczy\u015bci\u0107, a tak\u017ce wykorzysta\u0107 przestrze\u0144 w spos\u00f3b bardziej efektywny.<\/li>\n<li><strong>Szk\u0142o o wysokiej przejrzysto\u015bci:<\/strong> Przezroczyste szk\u0142o pozwala zajrze\u0107 do \u015brodka i sprawdzi\u0107 stan jedzenia.<\/li>\n<li><strong>Bezpieczna czarna metalowa nasadka:<\/strong> Ta czarna zakr\u0119tka jest bardzo skuteczna, gdy\u017c zapewnia szczelne zamkni\u0119cie, kt\u00f3re jest hermetyczne, co pozwala na d\u0142ugie przechowywanie.<\/li>\n<\/ul>\n<h2>Kluczowe specyfikacje<\/h2>\n<table style=\"border-collapse: collapse; width: 80%; margin-left: auto; margin-right: auto;\" border=\"0\" width=\"288\" cellspacing=\"0\" cellpadding=\"0\">\n<tbody>\n<tr style=\"height: 13.50pt;\">\n<td style=\"height: 13.5pt; width: 54pt; text-align: center;\" width=\"72\" height=\"18\">Pojemno\u015b\u0107 (ml)<\/td>\n<td style=\"width: 54pt; text-align: center;\" width=\"72\">Rozmiar (cm)<\/td>\n<td style=\"width: 54pt; text-align: center;\" width=\"72\">Kszta\u0142t<\/td>\n<\/tr>\n<tr style=\"height: 13.50pt;\">\n<td style=\"height: 13.5pt; text-align: center;\" align=\"right\" height=\"18\">105<\/td>\n<td style=\"text-align: center;\">5,5 x 6,5<\/td>\n<td class=\"et2\" style=\"text-align: center;\" rowspan=\"5\">Okr\u0105g\u0142y<\/td>\n<\/tr>\n<tr style=\"height: 13.50pt;\">\n<td style=\"height: 13.5pt; text-align: center;\" align=\"right\" height=\"18\">230<\/td>\n<td style=\"text-align: center;\">6,7 x 9,0<\/td>\n<\/tr>\n<tr style=\"height: 13.50pt;\">\n<td style=\"height: 13.5pt; text-align: center;\" align=\"right\" height=\"18\">350<\/td>\n<td style=\"text-align: center;\">7,4 x 10,9<\/td>\n<\/tr>\n<tr style=\"height: 13.50pt;\">\n<td style=\"height: 13.5pt; text-align: center;\" align=\"right\" height=\"18\">420<\/td>\n<td style=\"text-align: center;\">9,4 x 9,2<\/td>\n<\/tr>\n<tr style=\"height: 13.50pt;\">\n<td style=\"height: 13.5pt; text-align: center;\" align=\"right\" height=\"18\">550<\/td>\n<td style=\"text-align: center;\">8,6 x 12,6<\/td>\n<\/tr>\n<\/tbody>\n<\/table>\n<h2>Przypadek sukcesu<\/h2>\n<p>Jedna z firm produkuj\u0105cych s\u0142oiki do kiszenia w Austin wzi\u0119\u0142a nasze s\u0142oiki i zaprojektowa\u0142a inn\u0105 pokrywk\u0119 z liniami grawerowanymi laserowo i bia\u0142\u0105 wk\u0142adk\u0105 z plastizolu, aby zapewni\u0107 s\u0142oikom wi\u0119ksz\u0105 odporno\u015b\u0107 na kwasy. Te mo\u017cliwo\u015bci personalizacji przynios\u0142y wymierne korzy\u015bci: waga pozwoli\u0142a im zmniejszy\u0107 ilo\u015b\u0107 odpad\u00f3w surowcowych o 15% w produkcji masowej; wykonane na zam\u00f3wienie pokrywki by\u0142y w stanie zapobiec rdzewieniu i uszkodzeniom uszczelnie\u0144, skutecznie zmniejszaj\u0105c psucie si\u0119 produkt\u00f3w o 20%. Klient by\u0142 tak usatysfakcjonowany, \u017ce w drugim kwartale z\u0142o\u017cono drugie zam\u00f3wienie na 200 000 s\u0142oik\u00f3w do kiszenia, kt\u00f3re mia\u0142y trafi\u0107 do nowego zak\u0142adu pakuj\u0105cego, realizuj\u0105cego dostawy na terenie ca\u0142ego kraju.<\/p>\n<h2>Zalecenia dotycz\u0105ce indywidualizacji s\u0142oik\u00f3w do kiszenia.<\/h2>\n<ul>\n<li>R\u00f3\u017cnorodno\u015b\u0107 kszta\u0142t\u00f3w: S\u0142oiki mog\u0105 by\u0107 kwadratowe lub prostok\u0105tne, co pozwala na uzyskanie maksymalnej przestrzeni na p\u00f3\u0142kach spi\u017carni i w kontenerach transportowych.<\/li>\n<li>Szk\u0142o chroni\u0105ce przed \u015bwiat\u0142em: S\u0142oiki wykonane z bursztynowego lub zielonego szk\u0142a mo\u017cna stosowa\u0107 do konserwowania d\u017cem\u00f3w wra\u017cliwych na \u015bwiat\u0142o oraz \u017cywno\u015bci fermentowanej.<\/li>\n<li>Specjalne pokrywy: Specjalne pokrywy posiadaj\u0105 wbudowane zawory fermentacyjne, pokrywy bambusowe lub wewn\u0119trzne pow\u0142oki z tworzywa sztucznego odpornego na kwasy.<\/li>\n<\/ul>","protected":false},"excerpt":{"rendered":"<p>Wytrzyma\u0142y s\u0142oik na og\u00f3rki wykonany z krystalicznie czystego szk\u0142a z bezpieczn\u0105 czarn\u0105 pokrywk\u0105. Praktyczne s\u0142oiki do og\u00f3rk\u00f3w, idealne do przechowywania og\u00f3rk\u00f3w, sos\u00f3w i suchej \u017cywno\u015bci. Bezp\u0142atne pr\u00f3bki.<\/p>","protected":false},"featured_media":23679,"template":"","meta":[],"product_brand":[],"product_cat":[122,124,133],"product_tag":[],"class_list":{"0":"post-23678","1":"product","2":"type-product","3":"status-publish","4":"has-post-thumbnail","6":"product_cat-custom-glass-packaging","7":"product_cat-custom-glass-jars","8":"product_cat-pickle-jars","10":"first","11":"instock","12":"shipping-taxable","13":"product-type-simple"},"jetpack_sharing_enabled":true,"_links":{"self":[{"href":"https:\/\/yebodaglass.com\/pl\/wp-json\/wp\/v2\/product\/23678","targetHints":{"allow":["GET"]}}],"collection":[{"href":"https:\/\/yebodaglass.com\/pl\/wp-json\/wp\/v2\/product"}],"about":[{"href":"https:\/\/yebodaglass.com\/pl\/wp-json\/wp\/v2\/types\/product"}],"version-history":[{"count":5,"href":"https:\/\/yebodaglass.com\/pl\/wp-json\/wp\/v2\/product\/23678\/revisions"}],"predecessor-version":[{"id":25382,"href":"https:\/\/yebodaglass.com\/pl\/wp-json\/wp\/v2\/product\/23678\/revisions\/25382"}],"wp:featuredmedia":[{"embeddable":true,"href":"https:\/\/yebodaglass.com\/pl\/wp-json\/wp\/v2\/media\/23679"}],"wp:attachment":[{"href":"https:\/\/yebodaglass.com\/pl\/wp-json\/wp\/v2\/media?parent=23678"}],"wp:term":[{"taxonomy":"product_brand","embeddable":true,"href":"https:\/\/yebodaglass.com\/pl\/wp-json\/wp\/v2\/product_brand?post=23678"},{"taxonomy":"product_cat","embeddable":true,"href":"https:\/\/yebodaglass.com\/pl\/wp-json\/wp\/v2\/product_cat?post=23678"},{"taxonomy":"product_tag","embeddable":true,"href":"https:\/\/yebodaglass.com\/pl\/wp-json\/wp\/v2\/product_tag?post=23678"}],"curies":[{"name":"wp","href":"https:\/\/api.w.org\/{rel}","templated":true}]}}