{"id":23651,"date":"2025-11-13T15:54:32","date_gmt":"2025-11-13T07:54:32","guid":{"rendered":"https:\/\/yebodaglass.com\/?post_type=product&#038;p=23651"},"modified":"2026-03-12T14:44:21","modified_gmt":"2026-03-12T06:44:21","slug":"brown-glass-grolsch-beer-bottles-with-handle-bulk","status":"publish","type":"product","link":"https:\/\/yebodaglass.com\/pl\/brown-glass-grolsch-beer-bottles-with-handle-bulk\/","title":{"rendered":"Butelki piwa Grolsch ze szk\u0142a br\u0105zowego o pojemno\u015bci 32 uncji i 64 uncji z uchwytem, \u200b\u200bhurtowe"},"content":{"rendered":"<p data-start=\"66\" data-end=\"288\">Te butelki piwa Grolsch wykonane s\u0105 z bursztynowo-br\u0105zowego szk\u0142a, maj\u0105 styl retro, zaokr\u0105glon\u0105 sylwetk\u0119 i praktyczny uchwyt. Metalowy zatrzask zabezpiecza czerwono-bia\u0142\u0105 nakr\u0119tk\u0119 z klapk\u0105, kt\u00f3ra doskonale nadaje si\u0119 do przechowywania i dekoracyjnego eksponowania p\u0142yn\u00f3w lub przypraw.<\/p>\n<h2>Cechy produktu<\/h2>\n<ul>\n<li><strong>Materia\u0142: Br\u0105zowe szk\u0142o<\/strong> Butelka wykonana z br\u0105zowego szk\u0142a skutecznie blokuje \u015bwiat\u0142o, dzi\u0119ki czemu zachowana zostaje jako\u015b\u0107 przechowywanych w niej p\u0142yn\u00f3w, takich jak sosy czy napoje. Jednocze\u015bnie butelka zyskuje \u0142adny, retro wygl\u0105d.<\/li>\n<li><strong>Konstrukcja uszczelnienia zatrzaskowego:<\/strong> Urz\u0105dzenie jest wyposa\u017cone w korek zatrzaskowy z metalowym zatrzaskiem. Zapewnia on wysok\u0105 skuteczno\u015b\u0107 zamykania, dzi\u0119ki czemu zawarto\u015b\u0107 zachowuje \u015bwie\u017co\u015b\u0107 przez d\u0142ugi czas, a otwieranie i zamykanie jest wyj\u0105tkowo proste.<\/li>\n<li><strong>Butelka z uchwytem:<\/strong> Dlatego butelka ma zakrzywiony uchwyt u\u0142atwiaj\u0105cy chwytanie i przenoszenie, dzi\u0119ki czemu produkt jest bardziej u\u017cyteczny i nadaje si\u0119 do stosowania w r\u00f3\u017cnych miejscach, takich jak dom i restauracja.<\/li>\n<\/ul>\n<h2 style=\"text-align: left;\">Kluczowe specyfikacje<\/h2>\n<table style=\"border-collapse: collapse; width: 80%; margin-left: auto; margin-right: auto;\" border=\"0\" width=\"677\" cellspacing=\"0\" cellpadding=\"0\">\n<tbody>\n<tr style=\"height: 13.50pt;\">\n<td style=\"height: 13.5pt; width: 119.25pt; text-align: center;\" width=\"159\" height=\"18\">Funkcja<\/td>\n<td style=\"width: 388.5pt; text-align: center;\" width=\"518\">Opis<\/td>\n<\/tr>\n<tr style=\"height: 13.50pt;\">\n<td style=\"height: 13.5pt; text-align: center;\" height=\"18\">Tworzywo<\/td>\n<td style=\"text-align: center;\">Br\u0105zowe szk\u0142o chroni\u0105ce przed promieniowaniem UV<\/td>\n<\/tr>\n<tr style=\"height: 13.50pt;\">\n<td style=\"height: 13.5pt; text-align: center;\" height=\"18\">Pojemno\u015b\u0107<\/td>\n<td style=\"text-align: center;\">1 l (32 uncje) \/ 2 l (64 uncje)<\/td>\n<\/tr>\n<tr style=\"height: 13.50pt;\">\n<td style=\"height: 13.5pt; text-align: center;\" height=\"18\">Rozmiar<\/td>\n<td style=\"text-align: center;\">7,5 \u00d7 24 cm \/ 9,5 \u00d7 26 cm<\/td>\n<\/tr>\n<tr style=\"height: 13.50pt;\">\n<td style=\"height: 13.5pt; text-align: center;\" height=\"18\">System zamykania<\/td>\n<td style=\"text-align: center;\">Kaucja ze stali nierdzewnej + stoper z uszczelk\u0105 gumowo-silikonow\u0105<\/td>\n<\/tr>\n<tr style=\"height: 13.50pt;\">\n<td style=\"height: 13.5pt; text-align: center;\" height=\"18\">Idealny dla<\/td>\n<td style=\"text-align: center;\">Piwo, kombucha, soda, ocet, piwo domowe, napoje gazowane<\/td>\n<\/tr>\n<\/tbody>\n<\/table>\n<h2>Przypadek sukcesu<\/h2>\n<p><span aria-haspopup=\"dialog\" aria-expanded=\"false\" aria-controls=\"radix-_r_8v_\" data-state=\"closed\" data-slot=\"popover-trigger\">Jedna z lokalnych marek kombuchy rzemie\u015blniczej, specjalizuj\u0105ca si\u0119 w napojach fermentowanych, zdecydowa\u0142a si\u0119 na wykorzystanie naszej 32-uncjowej butelki z bursztynowego szk\u0142a z zakr\u0119tk\u0105, aby wprowadzi\u0107 na rynek limitowan\u0105 edycj\u0119 smaku.<\/span> <span aria-haspopup=\"dialog\" aria-expanded=\"false\" aria-controls=\"radix-_r_90_\" data-state=\"closed\" data-slot=\"popover-trigger\">Nieznaczne przyciemnienie szk\u0142a bursztynowego w celu zapewnienia wi\u0119kszej ochrony przed promieniowaniem UV oraz wzmocniona zakr\u0119tka ze stali nierdzewnej z drutu i grubsza silikonowa uszczelka dopuszczona do kontaktu z \u017cywno\u015bci\u0105 zosta\u0142y zaprojektowane tak, aby lepiej odpowiada\u0107 filozofii marki.<\/span> <span aria-haspopup=\"dialog\" aria-expanded=\"false\" aria-controls=\"radix-_r_91_\" data-state=\"closed\" data-slot=\"popover-trigger\">Z przodu butelki wyt\u0142oczono logo marki, a drut wykonano r\u0119cznie w g\u0142\u0119bokim odcieniu br\u0105zu, co nadaje butelce efekt starego, r\u0119cznego wykonania.<\/span><\/p>\n<p><span aria-haspopup=\"dialog\" aria-expanded=\"false\" aria-controls=\"radix-_r_92_\" data-state=\"closed\" data-slot=\"popover-trigger\">Po wprowadzeniu spersonalizowanej butelki, liczba zam\u00f3wie\u0144 detalicznych wzros\u0142a o 37 procent w pierwszym kwartale.<\/span> <span aria-haspopup=\"dialog\" aria-expanded=\"false\" aria-controls=\"radix-_r_93_\" data-state=\"closed\" data-slot=\"popover-trigger\">W zwi\u0105zku z tym marka zacz\u0119\u0142a sk\u0142ada\u0107 kolejne zam\u00f3wienia na inne produkty sezonowe.<\/span><\/p>\n<h2>Sugestie personalizacji butelek Grolsch<\/h2>\n<ol>\n<li><span aria-haspopup=\"dialog\" aria-expanded=\"false\" aria-controls=\"radix-_r_8s_\" data-state=\"closed\" data-slot=\"popover-trigger\"><strong>Materia\u0142y kork\u00f3w:<\/strong> Mo\u017cesz spersonalizowa\u0107 swoj\u0105 g\u00f3r\u0119, u\u017cywaj\u0105c ceramiki, plastiku dopuszczonego do kontaktu z \u017cywno\u015bci\u0105 lub materia\u0142u przypominaj\u0105cego drewno i zachowa\u0107 silikonowy pier\u015bcie\u0144 uszczelniaj\u0105cy, aby zachowa\u0107 szczelno\u015b\u0107.<\/span><\/li>\n<li><span aria-haspopup=\"dialog\" aria-expanded=\"false\" aria-controls=\"radix-_r_8t_\" data-state=\"closed\" data-slot=\"popover-trigger\"><strong>Wyt\u0142oczone logo na korpusie butelki:<\/strong> Posiadaj\u0105 wypuk\u0142e logo, nazw\u0119 browaru lub wyt\u0142oczony ozdobny wz\u00f3r na okr\u0105g\u0142ym ramieniu butelki lub z przodu butelki na panelu.<\/span><\/li>\n<li><span aria-haspopup=\"dialog\" aria-expanded=\"false\" aria-controls=\"radix-_r_8u_\" data-state=\"closed\" data-slot=\"popover-trigger\"><strong>Kolor obro\u017cy na zam\u00f3wienie:<\/strong> oferujemy r\u00f3\u017cnorodne kolorowe pier\u015bcienie uszczelniaj\u0105ce (czerwony, pomara\u0144czowy, czarny, zielony) umo\u017cliwiaj\u0105ce rozr\u00f3\u017cnianie linii produkt\u00f3w lub smak\u00f3w napoj\u00f3w.<\/span><\/li>\n<\/ol>","protected":false},"excerpt":{"rendered":"<p>Butelka piwa Grolsch z br\u0105zowego szk\u0142a z uchwytem i bezpiecznym kapslem. Doskona\u0142a dla browar\u00f3w lub zakup\u00f3w hurtowych. Wielokrotnego u\u017cytku i trwa\u0142a, szybka dostawa w przypadku zam\u00f3wie\u0144 hurtowych.<\/p>","protected":false},"featured_media":23695,"template":"","meta":[],"product_brand":[],"product_cat":[122,123,132],"product_tag":[],"class_list":{"0":"post-23651","1":"product","2":"type-product","3":"status-publish","4":"has-post-thumbnail","6":"product_cat-custom-glass-packaging","7":"product_cat-custom-glass-bottles","8":"product_cat-glass-flip-top-bottles","10":"first","11":"instock","12":"shipping-taxable","13":"product-type-simple"},"jetpack_sharing_enabled":true,"_links":{"self":[{"href":"https:\/\/yebodaglass.com\/pl\/wp-json\/wp\/v2\/product\/23651","targetHints":{"allow":["GET"]}}],"collection":[{"href":"https:\/\/yebodaglass.com\/pl\/wp-json\/wp\/v2\/product"}],"about":[{"href":"https:\/\/yebodaglass.com\/pl\/wp-json\/wp\/v2\/types\/product"}],"version-history":[{"count":6,"href":"https:\/\/yebodaglass.com\/pl\/wp-json\/wp\/v2\/product\/23651\/revisions"}],"predecessor-version":[{"id":25406,"href":"https:\/\/yebodaglass.com\/pl\/wp-json\/wp\/v2\/product\/23651\/revisions\/25406"}],"wp:featuredmedia":[{"embeddable":true,"href":"https:\/\/yebodaglass.com\/pl\/wp-json\/wp\/v2\/media\/23695"}],"wp:attachment":[{"href":"https:\/\/yebodaglass.com\/pl\/wp-json\/wp\/v2\/media?parent=23651"}],"wp:term":[{"taxonomy":"product_brand","embeddable":true,"href":"https:\/\/yebodaglass.com\/pl\/wp-json\/wp\/v2\/product_brand?post=23651"},{"taxonomy":"product_cat","embeddable":true,"href":"https:\/\/yebodaglass.com\/pl\/wp-json\/wp\/v2\/product_cat?post=23651"},{"taxonomy":"product_tag","embeddable":true,"href":"https:\/\/yebodaglass.com\/pl\/wp-json\/wp\/v2\/product_tag?post=23651"}],"curies":[{"name":"wp","href":"https:\/\/api.w.org\/{rel}","templated":true}]}}