{"id":23606,"date":"2025-11-12T13:17:31","date_gmt":"2025-11-12T05:17:31","guid":{"rendered":"https:\/\/yebodaglass.com\/?post_type=product&#038;p=23606"},"modified":"2026-04-14T11:37:45","modified_gmt":"2026-04-14T03:37:45","slug":"wholesale-clear-round-glass-soy-sauce-bottles","status":"publish","type":"product","link":"https:\/\/yebodaglass.com\/pl\/wholesale-clear-round-glass-soy-sauce-bottles\/","title":{"rendered":"Hurtowa sprzeda\u017c okr\u0105g\u0142ych, przezroczystych szklanych butelek na sos sojowy o pojemno\u015bci 267 ml i 473 ml"},"content":{"rendered":"<p data-start=\"66\" data-end=\"288\">Te butelki na sos sojowy charakteryzuj\u0105 si\u0119 szklanym korpusem, kt\u00f3ry tworzy cylinder zw\u0119\u017caj\u0105cy si\u0119 ku szyjce, a podstawa rozszerza si\u0119 na zewn\u0105trz, zapewniaj\u0105c lepsz\u0105 r\u00f3wnowag\u0119. Nakr\u0119tki s\u0105 dost\u0119pne ze srebrnymi lub czarnymi metalowymi zakr\u0119tkami.<\/p>\n<h2>Cechy produktu<\/h2>\n<ul>\n<li><strong>Minimalistyczny design butelki:<\/strong> Zaokr\u0105glone kraw\u0119dzie butelki nie tylko zapewniaj\u0105 wygodny chwyt, ale tak\u017ce u\u0142atwiaj\u0105 przechowywanie, dzi\u0119ki czemu mo\u017cna jej u\u017cywa\u0107 w r\u00f3\u017cnych miejscach, na przyk\u0142ad w domowej kuchni lub restauracji.<\/li>\n<li><strong>Praktyczna konstrukcja nakr\u0119tki:<\/strong> Metalowa nakr\u0119tka, za pomoc\u0105 kt\u00f3rej jest mocowany, zapewnia szczelne zamkni\u0119cie, dzi\u0119ki czemu sosy pozostaj\u0105 \u015bwie\u017ce i jednocze\u015bnie mo\u017cna je \u0142atwo wyj\u0105\u0107.<\/li>\n<li><strong>Stabilna konstrukcja podstawy:<\/strong> Szeroka podstawa to g\u0142\u00f3wny pow\u00f3d, dla kt\u00f3rego butelka nie przewr\u00f3ci si\u0119, dzi\u0119ki czemu sos zawsze b\u0119dzie sta\u0142 pionowo, niezale\u017cnie od tego, czy b\u0119dzie nape\u0142niany, czy eksponowany.<\/li>\n<\/ul>\n<h2 style=\"text-align: left;\">Kluczowe specyfikacje<\/h2>\n<table class=\"aligncenter\" style=\"border-collapse: collapse; width: 423.02pt;\" border=\"0\" width=\"564\" cellspacing=\"0\" cellpadding=\"0\">\n<tbody>\n<tr style=\"height: 13.50pt;\">\n<td style=\"height: 13.50pt; width: 107.25pt;\" width=\"143\" height=\"18\">Specyfikacja<\/td>\n<td style=\"width: 315.75pt;\" width=\"421\">Bli\u017csze dane<\/td>\n<\/tr>\n<tr style=\"height: 13.50pt;\">\n<td style=\"height: 13.50pt;\" height=\"18\">Dost\u0119pne rozmiary<\/td>\n<td>267 ml, 473 ml<\/td>\n<\/tr>\n<tr style=\"height: 13.50pt;\">\n<td style=\"height: 13.50pt;\" height=\"18\">Rozmiar opakowania<\/td>\n<td>20\u00d725\u00d715 cm (oba)<\/td>\n<\/tr>\n<tr style=\"height: 13.50pt;\">\n<td style=\"height: 13.50pt;\" height=\"18\">Tworzywo<\/td>\n<td>Przezroczyste szk\u0142o typu stout do kontaktu z \u017cywno\u015bci\u0105<\/td>\n<\/tr>\n<tr style=\"height: 13.50pt;\">\n<td style=\"height: 13.50pt;\" height=\"18\">Idealny dla<\/td>\n<td>Sos sojowy, sos chili, sos ostry<\/td>\n<\/tr>\n<tr style=\"height: 13.50pt;\">\n<td style=\"height: 13.50pt;\" height=\"18\">Przypadek u\u017cycia<\/td>\n<td>Puste butelki po sosie sojowym, butelki po sosie chili<\/td>\n<\/tr>\n<\/tbody>\n<\/table>\n<h2>Historia sukcesu: zam\u00f3wienie specjalne od marki sosu chili z Azji Po\u0142udniowo-Wschodniej<\/h2>\n<p>Tajska marka sosu chili wybra\u0142a nasz\u0105 butelk\u0119 o pojemno\u015bci 500 ml, dostosowuj\u0105c j\u0105 do kszta\u0142tu sosu, dodaj\u0105c dzi\u00f3bek zapobiegaj\u0105cy kapaniu i wz\u00f3r chili. Butelka z sosem chili osi\u0105gn\u0119\u0142a doskona\u0142e rezultaty, poniewa\u017c jej konstrukcja z dzi\u00f3bkiem zapobiegaj\u0105cym kapaniu doprowadzi\u0142a do 30-procentowego zmniejszenia liczby skarg konsument\u00f3w na rozlanie, a wysokiej jako\u015bci szk\u0142o i metalowa nakr\u0119tka w butelce zwi\u0119kszy\u0142y warto\u015b\u0107 eksportu o 20 procent. Ich pierwsze zam\u00f3wienie na 450 000 butelek by\u0142o konsekwencj\u0105 sukcesu, poniewa\u017c chcieli stworzy\u0107 now\u0105 lini\u0119 produkt\u00f3w do fermentacji sosu chili.<\/p>\n<h2>Sugestie personalizacji butelek sosu sojowego<\/h2>\n<ul>\n<li><strong>Wyt\u0142oczone oznaczenia pojemno\u015bci:<\/strong> Umie\u015b\u0107 wypuk\u0142e oznaczenia skali na ramieniu butelki.<\/li>\n<li><strong>Umieszczenie logo metod\u0105 sitodruku:<\/strong> Dyskretnie nadrukuj logo marki w zakrzywionej cz\u0119\u015bci, aby zapewni\u0107 jego najlepsz\u0105 widoczno\u015b\u0107.<\/li>\n<li><strong>Teksturowany uchwyt:<\/strong> Mo\u017cesz doda\u0107 delikatn\u0105 faktur\u0119 w okolicy talii, aby zapewni\u0107 u\u017cytkownikowi lepszy chwyt i wi\u0119ksze bezpiecze\u0144stwo.<\/li>\n<\/ul>","protected":false},"excerpt":{"rendered":"<p>Przezroczyste szklane butelki na sos chili i sos sojowy z zakr\u0119tkami. Nadaj\u0105 si\u0119 do u\u017cytku w kuchni lub do zam\u00f3wie\u0144 hurtowych. Bezp\u0142atne pr\u00f3bki dost\u0119pne przy zam\u00f3wieniach hurtowych.<\/p>","protected":false},"featured_media":23611,"template":"","meta":[],"product_brand":[],"product_cat":[129,123,122],"product_tag":[],"class_list":{"0":"post-23606","1":"product","2":"type-product","3":"status-publish","4":"has-post-thumbnail","6":"product_cat-hot-sauce-bottles","7":"product_cat-custom-glass-bottles","8":"product_cat-custom-glass-packaging","10":"first","11":"instock","12":"shipping-taxable","13":"product-type-simple"},"jetpack_sharing_enabled":true,"_links":{"self":[{"href":"https:\/\/yebodaglass.com\/pl\/wp-json\/wp\/v2\/product\/23606","targetHints":{"allow":["GET"]}}],"collection":[{"href":"https:\/\/yebodaglass.com\/pl\/wp-json\/wp\/v2\/product"}],"about":[{"href":"https:\/\/yebodaglass.com\/pl\/wp-json\/wp\/v2\/types\/product"}],"version-history":[{"count":5,"href":"https:\/\/yebodaglass.com\/pl\/wp-json\/wp\/v2\/product\/23606\/revisions"}],"predecessor-version":[{"id":25778,"href":"https:\/\/yebodaglass.com\/pl\/wp-json\/wp\/v2\/product\/23606\/revisions\/25778"}],"wp:featuredmedia":[{"embeddable":true,"href":"https:\/\/yebodaglass.com\/pl\/wp-json\/wp\/v2\/media\/23611"}],"wp:attachment":[{"href":"https:\/\/yebodaglass.com\/pl\/wp-json\/wp\/v2\/media?parent=23606"}],"wp:term":[{"taxonomy":"product_brand","embeddable":true,"href":"https:\/\/yebodaglass.com\/pl\/wp-json\/wp\/v2\/product_brand?post=23606"},{"taxonomy":"product_cat","embeddable":true,"href":"https:\/\/yebodaglass.com\/pl\/wp-json\/wp\/v2\/product_cat?post=23606"},{"taxonomy":"product_tag","embeddable":true,"href":"https:\/\/yebodaglass.com\/pl\/wp-json\/wp\/v2\/product_tag?post=23606"}],"curies":[{"name":"wp","href":"https:\/\/api.w.org\/{rel}","templated":true}]}}