{"id":23554,"date":"2025-11-10T17:29:24","date_gmt":"2025-11-10T09:29:24","guid":{"rendered":"https:\/\/yebodaglass.com\/?post_type=product&#038;p=23554"},"modified":"2025-11-10T17:34:16","modified_gmt":"2025-11-10T09:34:16","slug":"40ml-glass-spice-bottles-for-salt-pepper-and-herbs-bulk","status":"publish","type":"product","link":"https:\/\/yebodaglass.com\/pl\/40ml-glass-spice-bottles-for-salt-pepper-and-herbs-bulk\/","title":{"rendered":"40 ml szklane butelki na przyprawy na s\u00f3l, pieprz i zio\u0142a hurtowo"},"content":{"rendered":"<p>Nadal cierpisz z powodu rozlewaj\u0105cych si\u0119 przypraw i ukrywaj\u0105cego si\u0119 pieprzu. Projektujemy przezroczyste s\u0142oiki na przyprawy z metalowymi pokrywkami \u2013 koniec z brudnymi momentami w Twojej kuchni. Te zestawy pojemnik\u00f3w na przyprawy sprawi\u0105, \u017ce Twoje pojemniki do przechowywania stan\u0105 si\u0119 wizyt\u00f3wk\u0105 Twojej marki. Dost\u0119pne s\u0105 niestandardowe kolory dla Twojej marki w ramach zam\u00f3wie\u0144 hurtowych.<\/p>\n<h2>Cechy produktu<\/h2>\n<p><strong>Zaokr\u0105glona szyjka butelki<\/strong><\/p>\n<p>Ma\u0142a, okr\u0105g\u0142a szyjka szczelnie zamyka urz\u0105dzenie i zapobiega wyciekaniu produktu.<\/p>\n<p><strong>Precyzyjne metalowe pokrywki do shaker\u00f3w<\/strong><\/p>\n<p>Ma\u0142e otwory w perforacji precyzyjnie reguluj\u0105 przep\u0142yw pieprzu \u2013 nie obawiaj si\u0119 ju\u017c wysypywania soli lub m\u0105ki.<\/p>\n<p><strong>Konstrukcja antypo\u015blizgowa spodu<\/strong><\/p>\n<p>Pogrubione dno ozdobione jest antypo\u015blizgowym wzorem, dzi\u0119ki czemu po postawieniu butelki na p\u0142askiej powierzchni, b\u0119dzie ona nadal stabilna.<\/p>\n<h2>Kluczowe specyfikacje<\/h2>\n<table style=\"border-collapse: collapse; width: 80%; margin-left: auto; margin-right: auto;\" border=\"0\" width=\"144\" cellspacing=\"0\" cellpadding=\"0\">\n<tbody>\n<tr style=\"height: 13.50pt;\">\n<td style=\"height: 13.5pt; width: 54pt; text-align: center;\" width=\"72\" height=\"18\">Funkcja<\/td>\n<td style=\"width: 54pt; text-align: center;\" width=\"72\">Specyfikacja<\/td>\n<\/tr>\n<tr style=\"height: 13.50pt;\">\n<td style=\"height: 13.5pt; text-align: center;\" height=\"18\">Pojemno\u015b\u0107<\/td>\n<td style=\"text-align: center;\">40 ml<\/td>\n<\/tr>\n<tr style=\"height: 13.50pt;\">\n<td style=\"height: 13.5pt; text-align: center;\" height=\"18\">Rozmiar (cm)<\/td>\n<td style=\"text-align: center;\">4.5 * 10.0<\/td>\n<\/tr>\n<tr style=\"height: 13.50pt;\">\n<td style=\"height: 13.5pt; text-align: center;\" height=\"18\">Akcesorium<\/td>\n<td style=\"text-align: center;\">Nakr\u0119tki ze stali nierdzewnej<\/td>\n<\/tr>\n<tr style=\"height: 13.50pt;\">\n<td style=\"height: 13.5pt; text-align: center;\" height=\"18\">Kolor<\/td>\n<td style=\"text-align: center;\">Wyczy\u015b\u0107, niestandardowy<\/td>\n<\/tr>\n<\/tbody>\n<\/table>\n<h2>Przypadek sukcesu<\/h2>\n<p>Firma z siedzib\u0105 w USA, zajmuj\u0105ca si\u0119 dostawami do gastronomii, nawi\u0105za\u0142a z nami wsp\u00f3\u0142prac\u0119, aby stworzy\u0107 niestandardowe szklane butelki na przyprawy dla swojej nowej sieci restauracji typu casual dining. Zmodyfikowali sto\u017ckowy szklany korpus i nakr\u0119tk\u0119 ze stali nierdzewnej, a tak\u017ce zmienili rozmiar otworu butelki, aby zapewni\u0107 r\u00f3wnomierne dozowanie soli i z\u0105bk\u00f3w czosnku.<\/p>\n<p>Spo\u015br\u00f3d du\u017cej liczby os\u00f3b, kt\u00f3re korzysta\u0142y z produktu, 70% klient\u00f3w stwierdzi\u0142o, \u017ce produkt jest dobry i \u017ce dozuje drobny proszek, co u\u0142atwia jego stosowanie podczas posi\u0142k\u00f3w.<\/p>\n<h2>Tw\u00f3j podr\u0119cznik personalizacji<\/h2>\n<ol>\n<li><strong>Ulepszony materia\u0142 nasadki:<\/strong> Udekoruj pokrywk\u0105 ze stali nierdzewnej lub galwanizowanego aluminium, kt\u00f3ra b\u0119dzie pasowa\u0107 do r\u00f3\u017cnych styl\u00f3w restauracji lub Twojego domu.<\/li>\n<li><strong>Nadruk na butelkach:<\/strong> Aby zwi\u0119kszy\u0107 rozpoznawalno\u015b\u0107 marki i \u0142atwo\u015b\u0107 u\u017cytkowania, na butelce mo\u017cna nadrukowa\u0107 loga marek, nazwy przypraw lub oznaczenia stopniowane.<\/li>\n<li><strong>Kolory butelek:<\/strong> Szk\u0142o mo\u017ce by\u0107 przezroczyste, bursztynowe, matowe lub gradientowe, a ka\u017cda opcja jest dost\u0119pna zar\u00f3wno pod wzgl\u0119dem estetycznym, jak i jako ochrona przed promieniowaniem UV.<\/li>\n<\/ol>","protected":false},"excerpt":{"rendered":"<p>Wytrzyma\u0142e szklane butelki na przyprawy z metalowymi zakr\u0119tkami, idealne do soli, pieprzu lub zi\u00f3\u0142. Idealne do kuchni lub jako dekoracja restauracji.<\/p>","protected":false},"featured_media":23557,"template":"","meta":[],"product_brand":[],"product_cat":[122,124,128],"product_tag":[],"class_list":{"0":"post-23554","1":"product","2":"type-product","3":"status-publish","4":"has-post-thumbnail","6":"product_cat-custom-glass-packaging","7":"product_cat-custom-glass-jars","8":"product_cat-spice-jars","10":"first","11":"instock","12":"shipping-taxable","13":"product-type-simple"},"jetpack_sharing_enabled":true,"_links":{"self":[{"href":"https:\/\/yebodaglass.com\/pl\/wp-json\/wp\/v2\/product\/23554","targetHints":{"allow":["GET"]}}],"collection":[{"href":"https:\/\/yebodaglass.com\/pl\/wp-json\/wp\/v2\/product"}],"about":[{"href":"https:\/\/yebodaglass.com\/pl\/wp-json\/wp\/v2\/types\/product"}],"version-history":[{"count":5,"href":"https:\/\/yebodaglass.com\/pl\/wp-json\/wp\/v2\/product\/23554\/revisions"}],"predecessor-version":[{"id":23570,"href":"https:\/\/yebodaglass.com\/pl\/wp-json\/wp\/v2\/product\/23554\/revisions\/23570"}],"wp:featuredmedia":[{"embeddable":true,"href":"https:\/\/yebodaglass.com\/pl\/wp-json\/wp\/v2\/media\/23557"}],"wp:attachment":[{"href":"https:\/\/yebodaglass.com\/pl\/wp-json\/wp\/v2\/media?parent=23554"}],"wp:term":[{"taxonomy":"product_brand","embeddable":true,"href":"https:\/\/yebodaglass.com\/pl\/wp-json\/wp\/v2\/product_brand?post=23554"},{"taxonomy":"product_cat","embeddable":true,"href":"https:\/\/yebodaglass.com\/pl\/wp-json\/wp\/v2\/product_cat?post=23554"},{"taxonomy":"product_tag","embeddable":true,"href":"https:\/\/yebodaglass.com\/pl\/wp-json\/wp\/v2\/product_tag?post=23554"}],"curies":[{"name":"wp","href":"https:\/\/api.w.org\/{rel}","templated":true}]}}