{"id":23531,"date":"2025-11-10T14:29:06","date_gmt":"2025-11-10T06:29:06","guid":{"rendered":"https:\/\/yebodaglass.com\/?post_type=product&#038;p=23531"},"modified":"2026-04-09T17:59:19","modified_gmt":"2026-04-09T09:59:19","slug":"beverage-bottles-wholesale-glass-bottles-with-lids","status":"publish","type":"product","link":"https:\/\/yebodaglass.com\/pl\/beverage-bottles-wholesale-glass-bottles-with-lids\/","title":{"rendered":"Hurtowa sprzeda\u017c butelek na napoje | Butelki szklane z pokrywkami"},"content":{"rendered":"<p data-start=\"66\" data-end=\"288\">Ta seria szklanych butelek z zakr\u0119tkami charakteryzuje si\u0119 p\u0142askim, prostok\u0105tnym kszta\u0142tem, zaokr\u0105glonymi ramionami i w\u0105sk\u0105 szyjk\u0105. Wykonane s\u0105 z wysokiej jako\u015bci, przezroczystego szk\u0142a, dzi\u0119ki czemu mo\u017cna zobaczy\u0107, co znajduje si\u0119 w \u015brodku. Ka\u017cda butelka ma zakr\u0119can\u0105, aluminiow\u0105 zakr\u0119tk\u0119 z plastikow\u0105 uszczelk\u0105. Zakr\u0119tka zapewnia szczelne zamkni\u0119cie butelki i u\u0142atwia jej obs\u0142ug\u0119. Butelki te dost\u0119pne s\u0105 w rozmiarach od 50 ml do 500 ml. Doskonale nadaj\u0105 si\u0119 do pakowania kawy, sok\u00f3w, herbaty z mlekiem i innych p\u0142yn\u00f3w. S\u0105 kompaktowe i wytrzyma\u0142e, dzi\u0119ki czemu idealnie nadaj\u0105 si\u0119 do ekspozycji w sklepach na wynos i sprzeda\u017cy hurtowej.<\/p>\n<h2>G\u0142\u00f3wne cechy<\/h2>\n<ul>\n<li><strong>Butelki na napoje nie przeciekaj\u0105<\/strong>:Aluminiowa pokrywka i plastikowa uszczelka wsp\u00f3\u0142pracuj\u0105 ze sob\u0105, aby utrzyma\u0107 p\u0142yn w \u015brodku, dzi\u0119ki czemu nie musisz martwi\u0107 si\u0119 o rozlanie podczas transportu butelek.<\/li>\n<\/ul>\n<ul>\n<li><strong>Szk\u0142o jest wytrzyma\u0142e i mo\u017cna je podda\u0107 recyklingowi<\/strong>Firma zajmuj\u0105ca si\u0119 profesjonaln\u0105 produkcj\u0105 szklanych butelek, wyprodukowa\u0142a te pojemniki. S\u0105 wytrzyma\u0142e, mo\u017cna je wielokrotnie u\u017cywa\u0107 i nadaj\u0105 si\u0119 do recyklingu, co jest korzystne dla \u015brodowiska.<\/li>\n<\/ul>\n<ul>\n<li><strong>P\u0142aski kszta\u0142t jest dobry do brandingu<\/strong>:P\u0142aska powierzchnia butelek u\u0142atwia naklejanie etykiet. \u015awietnie prezentuj\u0105 si\u0119 na p\u00f3\u0142kach. Dzi\u0119ki temu idealnie nadaj\u0105 si\u0119 dla firm, kt\u00f3re chc\u0105 tworzy\u0107 w\u0142asne, spersonalizowane butelki szklane i wyr\u00f3\u017cnia\u0107 swoj\u0105 mark\u0119.<\/li>\n<\/ul>\n<h2 style=\"text-align: left;\">Kluczowe specyfikacje<\/h2>\n<table style=\"border-collapse: collapse; margin-left: auto; margin-right: auto; width: 80%;\" border=\"0\" width=\"905\" cellspacing=\"0\" cellpadding=\"0\">\n<tbody>\n<tr style=\"height: 13.50pt;\">\n<td style=\"height: 13.50pt; width: 54.00pt;\" width=\"72\" height=\"18\">Pojemno\u015b\u0107<\/td>\n<td style=\"width: 54.00pt;\" width=\"72\">Wysoko\u015b\u0107<\/td>\n<td style=\"width: 54.00pt;\" width=\"72\">Szeroko\u015b\u0107<\/td>\n<td style=\"width: 129.75pt;\" width=\"173\">Aplikacja<\/td>\n<td style=\"width: 98.25pt;\" width=\"131\">Tworzywo<\/td>\n<td style=\"width: 121.50pt;\" width=\"162\">Typ pokrywy<\/td>\n<td style=\"width: 167.25pt;\" width=\"223\">Opiecz\u0119towanie<\/td>\n<\/tr>\n<tr style=\"height: 13.50pt;\">\n<td style=\"height: 13.50pt;\" height=\"18\">50 ml<\/td>\n<td>10,6 cm<\/td>\n<td>5,3 cm<\/td>\n<td>Kawa, pr\u00f3bki<\/td>\n<td class=\"et2\" rowspan=\"6\">Szk\u0142o bezo\u0142owiowe<\/td>\n<td class=\"et2\" rowspan=\"6\">Aluminiowa zakr\u0119tka + plastikowa wewn\u0119trzna pokrywka<\/td>\n<td class=\"et2\" rowspan=\"6\">Szczelne uszczelnienie, odporne na przeciekanie<\/td>\n<\/tr>\n<tr style=\"height: 13.50pt;\">\n<td style=\"height: 13.50pt;\" height=\"18\">100 ml<\/td>\n<td>12,5 cm<\/td>\n<td>6,7 cm<\/td>\n<td>Soki, napoje<\/td>\n<\/tr>\n<tr style=\"height: 13.50pt;\">\n<td style=\"height: 13.50pt;\" height=\"18\">200 ml<\/td>\n<td>15 cm<\/td>\n<td>7,7 cm<\/td>\n<td>Herbata mleczna, cold brew<\/td>\n<\/tr>\n<tr style=\"height: 13.50pt;\">\n<td style=\"height: 13.50pt;\" height=\"18\">250 ml<\/td>\n<td>16 cm<\/td>\n<td>8,3 cm<\/td>\n<td>Soki, napoje<\/td>\n<\/tr>\n<tr style=\"height: 13.50pt;\">\n<td style=\"height: 13.50pt;\" height=\"18\">350 ml<\/td>\n<td>17 cm<\/td>\n<td>8,9 cm<\/td>\n<td>Kawa, napoje<\/td>\n<\/tr>\n<tr style=\"height: 13.50pt;\">\n<td style=\"height: 13.50pt;\" height=\"18\">500 ml<\/td>\n<td>20 cm<\/td>\n<td>10,1 cm<\/td>\n<td>Napoje luzem<\/td>\n<\/tr>\n<\/tbody>\n<\/table>\n<h2>Studium przypadku<\/h2>\n<p>Du\u017cy supermarket w Polsce u\u017cywa\u0142 naszych szklanych butelek z zakr\u0119tkami do kawy i sok\u00f3w swojej marki. Wcze\u015bniej u\u017cywali butelek innej firmy. Mieli problemy z niedomykaniem si\u0119 zakr\u0119tek i wyciekaniem soku podczas transportu. To powodowa\u0142o straty produkt\u00f3w i skargi klient\u00f3w.<\/p>\n<p>Kiedy zacz\u0119li u\u017cywa\u0107 naszych szklanych butelek, wybrali rozmiary 250 ml i 350 ml. Za\u0142o\u017cyli na nie niestandardowe etykiety i specjaln\u0105 pow\u0142ok\u0119, aby wygl\u0105da\u0142y elegancko. Nowe wieczka dzia\u0142a\u0142y lepiej i prawie nigdy nie przecieka\u0142y. Przezroczyste szk\u0142o sprawi\u0142o r\u00f3wnie\u017c, \u017ce produkty lepiej prezentowa\u0142y si\u0119 na p\u00f3\u0142kach.<\/p>\n<p>Po sze\u015bciu miesi\u0105cach supermarket odnotowa\u0142 wzrost sprzeda\u017cy napoj\u00f3w o 28%, a klienci byli znacznie bardziej zadowoleni. Teraz kupuj\u0105 nasze szklane butelki z nakr\u0119tkami przez ca\u0142y czas. Zamawiaj\u0105 co najmniej 100 000 sztuk kwartalnie. Uda\u0142o im si\u0119 nawet uzyska\u0107 promocj\u0119 cenow\u0105, poniewa\u017c kupuj\u0105 ich tak du\u017co.<\/p>\n<h2>Sugestie dotycz\u0105ce personalizacji dla kupuj\u0105cych B2B<\/h2>\n<ol>\n<li><strong>Dla marek kawy<\/strong>:Zastosuj pow\u0142ok\u0119 bursztynow\u0105 lub nadruk sitodrukowy na szklanych butelkach, aby stworzy\u0107 najwy\u017cszej jako\u015bci naczynia do parzenia na zimno w po\u0142\u0105czeniu z hermetycznym zamkni\u0119ciem zakr\u0119canym.<\/li>\n<li><strong>Dla marek sok\u00f3w i napoj\u00f3w<\/strong>: Zastosuj kolorow\u0105 pow\u0142ok\u0119 natryskow\u0105 lub etykiety, aby rozr\u00f3\u017cni\u0107 smaki, zachowuj\u0105c jednocze\u015bnie sp\u00f3jny format opakowa\u0144 szklanych dla wszystkich wybranych produkt\u00f3w.<\/li>\n<li><strong>Dla handlu detalicznego i marek w\u0142asnych<\/strong>Standaryzacja wielu rozmiar\u00f3w (100 ml\u2013500 ml) w ramach ujednoliconego systemu pojemnik\u00f3w w celu optymalizacji magazynowania, logistyki i efektywno\u015bci hurtowego zaopatrzenia w szk\u0142o.<\/li>\n<\/ol>","protected":false},"excerpt":{"rendered":"<p>Butelki na napoje premium i butelki szklane z zakr\u0119tkami, hurtowo, od 50 ml do 500 ml. Trwa\u0142e, szczelne opakowania szklane do kawy, sok\u00f3w i dostaw hurtowych.<\/p>","protected":false},"featured_media":25706,"template":"","meta":[],"product_brand":[],"product_cat":[123,122],"product_tag":[],"class_list":{"0":"post-23531","1":"product","2":"type-product","3":"status-publish","4":"has-post-thumbnail","6":"product_cat-custom-glass-bottles","7":"product_cat-custom-glass-packaging","9":"first","10":"instock","11":"shipping-taxable","12":"product-type-simple"},"jetpack_sharing_enabled":true,"_links":{"self":[{"href":"https:\/\/yebodaglass.com\/pl\/wp-json\/wp\/v2\/product\/23531","targetHints":{"allow":["GET"]}}],"collection":[{"href":"https:\/\/yebodaglass.com\/pl\/wp-json\/wp\/v2\/product"}],"about":[{"href":"https:\/\/yebodaglass.com\/pl\/wp-json\/wp\/v2\/types\/product"}],"version-history":[{"count":5,"href":"https:\/\/yebodaglass.com\/pl\/wp-json\/wp\/v2\/product\/23531\/revisions"}],"predecessor-version":[{"id":25712,"href":"https:\/\/yebodaglass.com\/pl\/wp-json\/wp\/v2\/product\/23531\/revisions\/25712"}],"wp:featuredmedia":[{"embeddable":true,"href":"https:\/\/yebodaglass.com\/pl\/wp-json\/wp\/v2\/media\/25706"}],"wp:attachment":[{"href":"https:\/\/yebodaglass.com\/pl\/wp-json\/wp\/v2\/media?parent=23531"}],"wp:term":[{"taxonomy":"product_brand","embeddable":true,"href":"https:\/\/yebodaglass.com\/pl\/wp-json\/wp\/v2\/product_brand?post=23531"},{"taxonomy":"product_cat","embeddable":true,"href":"https:\/\/yebodaglass.com\/pl\/wp-json\/wp\/v2\/product_cat?post=23531"},{"taxonomy":"product_tag","embeddable":true,"href":"https:\/\/yebodaglass.com\/pl\/wp-json\/wp\/v2\/product_tag?post=23531"}],"curies":[{"name":"wp","href":"https:\/\/api.w.org\/{rel}","templated":true}]}}