{"id":23525,"date":"2025-11-10T14:54:19","date_gmt":"2025-11-10T06:54:19","guid":{"rendered":"https:\/\/yebodaglass.com\/?post_type=product&#038;p=23525"},"modified":"2026-04-13T10:07:15","modified_gmt":"2026-04-13T02:07:15","slug":"seasoning-container-with-grinder-for-packaging-wholesale","status":"publish","type":"product","link":"https:\/\/yebodaglass.com\/pl\/seasoning-container-with-grinder-for-packaging-wholesale\/","title":{"rendered":"Pojemnik na przyprawy 200 ml z m\u0142ynkiem do pakowania hurtowego"},"content":{"rendered":"<p>Niezb\u0119dny dodatek do kuchni, kt\u00f3ry oferuje u\u017cytkownikom nowoczesny pojemnik na przyprawy, \u0142\u0105cz\u0105cy szklan\u0105 obudow\u0119 z pokryw\u0105 ze stali nierdzewnej. System m\u0142ynka do suchych przypraw zapewnia u\u017cytkownikom prost\u0105 obs\u0142ug\u0119, umo\u017cliwiaj\u0105c regulacj\u0119 grubo\u015bci mielenia pieprzu, soli i przypraw, aby uzyska\u0107 \u015bwie\u017cy smak przy ka\u017cdym obrocie. Przezroczysta obudowa pozwala u\u017cytkownikom na podgl\u0105d zawarto\u015bci, co dodatkowo nadaje nowoczesny i profesjonalny wygl\u0105d ka\u017cdemu blatowi kuchennemu lub jadalni.<\/p>\n<h2>Cechy produktu<\/h2>\n<p><strong>Szlifierka precyzyjna Top<\/strong><\/p>\n<p>Mo\u017cesz natychmiast dostosowa\u0107 stopie\u0144 zmielenia pieprzu \u2014 idealne rozwi\u0105zanie do m\u0105ki, soli lub zi\u00f3\u0142 w dowolnym posi\u0142ku.<\/p>\n<p><strong>Regulowany stopie\u0144 mielenia<\/strong><\/p>\n<p>Poprzez proste przekr\u0119cenie pokr\u0119t\u0142a mo\u017cna regulowa\u0107 odleg\u0142o\u015b\u0107 pomi\u0119dzy elementami miel\u0105cymi, aby mieli\u0107 przyprawy drobno lub grubo, dostosowuj\u0105c w ten spos\u00f3b urz\u0105dzenie do r\u00f3\u017cnych metod gotowania.<\/p>\n<p><strong>\u0141atwe do czyszczenia<\/strong><\/p>\n<p>Elegancka, bezszwowa szklana cz\u0119\u015b\u0107 jest bardzo \u0142atwa do mycia. Zdejmowane cz\u0119\u015bci miel\u0105ce u\u0142atwiaj\u0105 dok\u0142adne czyszczenie i utrzymanie higieny.<\/p>\n<h2>Kluczowe specyfikacje<\/h2>\n<table style=\"border-collapse: collapse; width: 80%; margin-left: auto; margin-right: auto;\" border=\"0\" width=\"144\" cellspacing=\"0\" cellpadding=\"0\">\n<tbody>\n<tr style=\"height: 13.50pt;\">\n<td style=\"height: 13.5pt; width: 54pt; text-align: center;\" width=\"72\" height=\"18\">Funkcja<\/td>\n<td style=\"width: 54pt; text-align: center;\" width=\"72\">Specyfikacja<\/td>\n<\/tr>\n<tr style=\"height: 13.50pt;\">\n<td style=\"height: 13.5pt; text-align: center;\" height=\"18\">Pojemno\u015b\u0107<\/td>\n<td style=\"text-align: center;\">200 ml<\/td>\n<\/tr>\n<tr style=\"height: 13.50pt;\">\n<td style=\"height: 13.5pt; text-align: center;\" height=\"18\">Rozmiar (cm)<\/td>\n<td style=\"text-align: center;\">6.6&#215;18.9<\/td>\n<\/tr>\n<tr style=\"height: 13.50pt;\">\n<td style=\"height: 13.5pt; text-align: center;\" height=\"18\">Akcesorium<\/td>\n<td style=\"text-align: center;\">Szlifierka<\/td>\n<\/tr>\n<tr style=\"height: 13.50pt;\">\n<td style=\"height: 13.5pt; text-align: center;\" height=\"18\">Kolor<\/td>\n<td style=\"text-align: center;\">Wyczy\u015b\u0107, niestandardowy<\/td>\n<\/tr>\n<\/tbody>\n<\/table>\n<h2>Przypadek sukcesu<\/h2>\n<p>Niemiecka sie\u0107 restauracji wielofunkcyjnych, jedna z takich, potrzebowa\u0142a od nas zestawu s\u0142oik\u00f3w na przyprawy, dopasowanych do ich eleganckiej zastawy sto\u0142owej. Zdecydowali si\u0119 na nasze ch\u0142odz\u0105ce s\u0142oiki na przyprawy z pokrywkami ze stali nierdzewnej, aby uzyska\u0107 szykowny i nowoczesny wygl\u0105d. Za\u017c\u0105dali r\u00f3wnie\u017c niestandardowego mechanizmu miel\u0105cego, zar\u00f3wno do mielenia grubego, jak i drobnego.<\/p>\n<p>W rezultacie go\u015bcie elokwentnie komplementowali czysty design s\u0142oik\u00f3w na przyprawy i \u0142atwo\u015b\u0107 ich obs\u0142ugi, co sprawi\u0142o, \u017ce ich doznania kulinarne sta\u0142y si\u0119 jeszcze lepsze.<\/p>\n<h2>Tw\u00f3j podr\u0119cznik personalizacji<\/h2>\n<ol>\n<li><strong>Kszta\u0142ty i wzory:<\/strong> Zmieniaj\u0105c kszta\u0142t i design m\u0142ynka do suchych przypraw, mo\u017cesz wyrazi\u0107 swoj\u0105 osobowo\u015b\u0107 lub styl wystroju swojej kuchni, wybieraj\u0105c kszta\u0142t okr\u0105g\u0142y, kwadratowy lub sto\u017ckowy.<\/li>\n<li><strong>Wzory i kolory:<\/strong> U\u017cyj ulubionej marki, wzoru, tekstu lub koloru i poddaj je obr\u00f3bce cieplnej, aby stworzy\u0107 produkt wyj\u0105tkowy i bardziej rozpoznawalny.<\/li>\n<\/ol>","protected":false},"excerpt":{"rendered":"<p>Wysokiej jako\u015bci szklany pojemnik na przyprawy z m\u0142ynkiem ze stali nierdzewnej. Idealne puste s\u0142oiki do przechowywania soli, pieprzu lub przypraw w ka\u017cdej nowoczesnej kuchni.<\/p>","protected":false},"featured_media":23538,"template":"","meta":[],"product_brand":[],"product_cat":[122,124,128],"product_tag":[],"class_list":{"0":"post-23525","1":"product","2":"type-product","3":"status-publish","4":"has-post-thumbnail","6":"product_cat-custom-glass-packaging","7":"product_cat-custom-glass-jars","8":"product_cat-spice-jars","10":"first","11":"instock","12":"shipping-taxable","13":"product-type-simple"},"jetpack_sharing_enabled":true,"_links":{"self":[{"href":"https:\/\/yebodaglass.com\/pl\/wp-json\/wp\/v2\/product\/23525","targetHints":{"allow":["GET"]}}],"collection":[{"href":"https:\/\/yebodaglass.com\/pl\/wp-json\/wp\/v2\/product"}],"about":[{"href":"https:\/\/yebodaglass.com\/pl\/wp-json\/wp\/v2\/types\/product"}],"version-history":[{"count":5,"href":"https:\/\/yebodaglass.com\/pl\/wp-json\/wp\/v2\/product\/23525\/revisions"}],"predecessor-version":[{"id":25757,"href":"https:\/\/yebodaglass.com\/pl\/wp-json\/wp\/v2\/product\/23525\/revisions\/25757"}],"wp:featuredmedia":[{"embeddable":true,"href":"https:\/\/yebodaglass.com\/pl\/wp-json\/wp\/v2\/media\/23538"}],"wp:attachment":[{"href":"https:\/\/yebodaglass.com\/pl\/wp-json\/wp\/v2\/media?parent=23525"}],"wp:term":[{"taxonomy":"product_brand","embeddable":true,"href":"https:\/\/yebodaglass.com\/pl\/wp-json\/wp\/v2\/product_brand?post=23525"},{"taxonomy":"product_cat","embeddable":true,"href":"https:\/\/yebodaglass.com\/pl\/wp-json\/wp\/v2\/product_cat?post=23525"},{"taxonomy":"product_tag","embeddable":true,"href":"https:\/\/yebodaglass.com\/pl\/wp-json\/wp\/v2\/product_tag?post=23525"}],"curies":[{"name":"wp","href":"https:\/\/api.w.org\/{rel}","templated":true}]}}