{"id":23513,"date":"2025-11-10T14:28:42","date_gmt":"2025-11-10T06:28:42","guid":{"rendered":"https:\/\/yebodaglass.com\/?post_type=product&#038;p=23513"},"modified":"2026-04-10T10:59:00","modified_gmt":"2026-04-10T02:59:00","slug":"6oz-empty-jars-for-spices-with-grinder-lid-wholesale","status":"publish","type":"product","link":"https:\/\/yebodaglass.com\/pl\/6oz-empty-jars-for-spices-with-grinder-lid-wholesale\/","title":{"rendered":"6-uncjowe puste s\u0142oiki na przyprawy z pokrywk\u0105 m\u0142ynka \u2013 sprzeda\u017c hurtowa"},"content":{"rendered":"<p>Te puste s\u0142oiki na przyprawy maj\u0105 sto\u017ckowaty szklany korpus i kolorowe m\u0142ynki, co u\u0142atwia mielenie. S\u0142oiki posiadaj\u0105 ozdobne pier\u015bcienie ze stali nierdzewnej, kt\u00f3re mo\u017cna regulowa\u0107 w celu uzyskania po\u017c\u0105danego stopnia zmielenia.<\/p>\n<h2>Cechy produktu<\/h2>\n<ul>\n<li><strong>\u015awie\u017co zmielony wz\u00f3r:<\/strong> Posiada wbudowany rdze\u0144 miel\u0105cy o wysokiej twardo\u015bci z r\u0119cznie regulowan\u0105 grubo\u015bci\u0105 mielenia, co umo\u017cliwia natychmiastowe u\u017cycie.<\/li>\n<li><strong>R\u00f3\u017cne opcje kolorystyczne pokrywy:<\/strong> Pokrywka jest dost\u0119pna w wielu kolorach: czerwonym, zielonym, czarnym i innych, a ponadto jest antypo\u015blizgowa i rozpoznaje r\u00f3\u017cne zapachy.<\/li>\n<li><strong>Wz\u00f3r ozdobnego pier\u015bcienia ze stali nierdzewnej:<\/strong> Butelka posiada ozdobny pier\u015bcie\u0144 ze stali nierdzewnej, kt\u00f3ry podnosi jej walory wizualne i og\u00f3ln\u0105 warto\u015b\u0107, a jednocze\u015bnie zapewnia dodatkowe wsparcie konstrukcyjne.<\/li>\n<\/ul>\n<h2>Kluczowe specyfikacje<\/h2>\n<table style=\"border-collapse: collapse; width: 80%; margin-left: auto; margin-right: auto;\" border=\"0\" width=\"144\" cellspacing=\"0\" cellpadding=\"0\">\n<tbody>\n<tr style=\"height: 13.50pt;\">\n<td style=\"height: 13.5pt; width: 54pt; text-align: center;\" width=\"72\" height=\"18\">Funkcja<\/td>\n<td style=\"width: 54pt; text-align: center;\" width=\"72\">Specyfikacja<\/td>\n<\/tr>\n<tr style=\"height: 13.50pt;\">\n<td style=\"height: 13.5pt; text-align: center;\" height=\"18\">Pojemno\u015b\u0107<\/td>\n<td style=\"text-align: center;\">180 ml\/6 uncji<\/td>\n<\/tr>\n<tr style=\"height: 13.50pt;\">\n<td style=\"height: 13.5pt; text-align: center;\" height=\"18\">Rozmiar (cm)<\/td>\n<td style=\"text-align: center;\">6,4 x 13<\/td>\n<\/tr>\n<tr style=\"height: 13.50pt;\">\n<td style=\"height: 13.5pt; text-align: center;\" height=\"18\">Akcesorium<\/td>\n<td style=\"text-align: center;\">Szlifierka<\/td>\n<\/tr>\n<tr style=\"height: 13.50pt;\">\n<td style=\"height: 13.5pt; text-align: center;\" height=\"18\">Kolor<\/td>\n<td style=\"text-align: center;\">Wyczy\u015b\u0107, zaakceptuj dostosowanie<\/td>\n<\/tr>\n<tr style=\"height: 13.50pt;\">\n<td style=\"height: 13.5pt; text-align: center;\" height=\"18\">Stosowanie<\/td>\n<td style=\"text-align: center;\">Pieprz, gruba s\u00f3l, kminek<\/td>\n<\/tr>\n<\/tbody>\n<\/table>\n<h2>Historia sukcesu: europejski sprzedawca detaliczny \u017cywno\u015bci pod mark\u0105 w\u0142asn\u0105<\/h2>\n<p>Jeden z europejskich luksusowych sklep\u00f3w spo\u017cywczych zdecydowa\u0142 si\u0119 na przechowywanie przypraw w naszym m\u0142ynku, ale ozdobi\u0142 je miedzianym pier\u015bcieniem, a na pokrywce m\u0142ynka wyt\u0142oczono logo. Szklane, przezroczyste s\u0142oiki zwi\u0119kszy\u0142y sprzeda\u017c dro\u017cszych przypraw o 40 procent, poniewa\u017c kupuj\u0105cy mogli na w\u0142asne oczy sprawdzi\u0107 jako\u015b\u0107 produktu. Regulacja grubo\u015bci mielenia za pomoc\u0105 m\u0142ynka by\u0142a zawsze sp\u00f3jna, a wska\u017anik zadowolenia klient\u00f3w wyni\u00f3s\u0142 95%. Sprzedawca by\u0142 tak zadowolony z produktu, \u017ce z\u0142o\u017cy\u0142 kolejne zam\u00f3wienie na 500 000 sztuk, aby wprowadzi\u0107 w\u0142asn\u0105 mark\u0119 przypraw do 15 kraj\u00f3w.<\/p>\n<h2>Sugestie personalizacji pustych s\u0142oik\u00f3w na przyprawy<\/h2>\n<ol>\n<li><strong>Szlifowanie\u200b\u200d\u200b\u200c\u200d\u200b\u200d\u200c\u200d\u200b\u200c\u200d\u200b\u200d\u200c\u200d\u200b\u200c\u200d\u200b\u200d\u200c\u200d\u200b\u200c\u200d\u200b\u200d\u200c Materia\u0142y sk\u0142adowe:<\/strong> W zale\u017cno\u015bci od rodzaju przypraw, kt\u00f3re b\u0119dziesz mieli\u0107, do mielenia u\u017cyj element\u00f3w ceramicznych z tlenku glinu lub stali nierdzewnej.<\/li>\n<li><strong>Wzory i kolory:<\/strong> Zastosuj logo, wzory i kolory, aby nada\u0107 swojemu produktowi niepowtarzalny wygl\u0105d.<\/li>\n<li><strong>Modyfikacja rozmiaru:<\/strong> Zmie\u0144 rozmiar m\u0142ynka do przypraw tak, aby pasowa\u0142 do Twojej kuchni lub by\u0142 proporcjonalny do ilo\u015bci u\u017cytej przyprawy.<\/li>\n<\/ol>","protected":false},"excerpt":{"rendered":"<p>Wysokiej jako\u015bci puste s\u0142oiki na przyprawy z ko\u0142nierzem ze stali nierdzewnej i r\u0119cznym m\u0142ynkiem do przypraw. Idealne do przechowywania przypraw kuchennych. Dost\u0119pna szybka wysy\u0142ka.<\/p>","protected":false},"featured_media":23514,"template":"","meta":[],"product_brand":[],"product_cat":[128,124,122],"product_tag":[],"class_list":{"0":"post-23513","1":"product","2":"type-product","3":"status-publish","4":"has-post-thumbnail","6":"product_cat-spice-jars","7":"product_cat-custom-glass-jars","8":"product_cat-custom-glass-packaging","10":"first","11":"instock","12":"shipping-taxable","13":"product-type-simple"},"jetpack_sharing_enabled":true,"_links":{"self":[{"href":"https:\/\/yebodaglass.com\/pl\/wp-json\/wp\/v2\/product\/23513","targetHints":{"allow":["GET"]}}],"collection":[{"href":"https:\/\/yebodaglass.com\/pl\/wp-json\/wp\/v2\/product"}],"about":[{"href":"https:\/\/yebodaglass.com\/pl\/wp-json\/wp\/v2\/types\/product"}],"version-history":[{"count":5,"href":"https:\/\/yebodaglass.com\/pl\/wp-json\/wp\/v2\/product\/23513\/revisions"}],"predecessor-version":[{"id":25721,"href":"https:\/\/yebodaglass.com\/pl\/wp-json\/wp\/v2\/product\/23513\/revisions\/25721"}],"wp:featuredmedia":[{"embeddable":true,"href":"https:\/\/yebodaglass.com\/pl\/wp-json\/wp\/v2\/media\/23514"}],"wp:attachment":[{"href":"https:\/\/yebodaglass.com\/pl\/wp-json\/wp\/v2\/media?parent=23513"}],"wp:term":[{"taxonomy":"product_brand","embeddable":true,"href":"https:\/\/yebodaglass.com\/pl\/wp-json\/wp\/v2\/product_brand?post=23513"},{"taxonomy":"product_cat","embeddable":true,"href":"https:\/\/yebodaglass.com\/pl\/wp-json\/wp\/v2\/product_cat?post=23513"},{"taxonomy":"product_tag","embeddable":true,"href":"https:\/\/yebodaglass.com\/pl\/wp-json\/wp\/v2\/product_tag?post=23513"}],"curies":[{"name":"wp","href":"https:\/\/api.w.org\/{rel}","templated":true}]}}