{"id":23480,"date":"2025-11-10T11:44:01","date_gmt":"2025-11-10T03:44:01","guid":{"rendered":"https:\/\/yebodaglass.com\/?post_type=product&#038;p=23480"},"modified":"2026-03-24T15:23:54","modified_gmt":"2026-03-24T07:23:54","slug":"custom-empty-measured-tomato-sauce-bottles-with-pump-bulk","status":"publish","type":"product","link":"https:\/\/yebodaglass.com\/pl\/custom-empty-measured-tomato-sauce-bottles-with-pump-bulk\/","title":{"rendered":"300 ml 500 ml puste butelki z odmierzonym sosem pomidorowym i pompk\u0105"},"content":{"rendered":"<p>Butelka na sos pomidorowy sk\u0142ada si\u0119 z g\u0142adkiej, srebrno-czarnej pompki z podzia\u0142k\u0105 w kszta\u0142cie przezroczystych kieliszk\u00f3w oraz cylindrycznego, g\u0142adkiego korpusu ze szk\u0142a. Dost\u0119pna jest w dw\u00f3ch rozmiarach, w zale\u017cno\u015bci od potrzeb.<\/p>\n<h2>Cechy produktu<\/h2>\n<ul>\n<li><strong>Jednocz\u0119\u015bciowy dozownik pompkowy:<\/strong> Ten typ dozownika charakteryzuje si\u0119 \u0142atw\u0105 obs\u0142ug\u0105 i zapobiega rozlewaniu lub zanieczyszczeniu dzi\u0119ki zastosowaniu g\u0142owicy pompki obs\u0142ugiwanej jednym dotkni\u0119ciem.<\/li>\n<li><strong>Wyra\u017ane podzia\u0142ki:<\/strong> Na szklanej butelce znajduj\u0105 si\u0119 podzia\u0142ki, dzi\u0119ki kt\u00f3rym mo\u017cna \u0142atwo kontrolowa\u0107 ilo\u015b\u0107 pozosta\u0142ego sosu i lepiej zarz\u0105dza\u0107 zapasami.<\/li>\n<li><strong>Przezroczysta szklana butelka:<\/strong> Butelka jest wykonana z przezroczystego szk\u0142a wysokiej jako\u015bci, odpornego na kwa\u015bne sosy i plamy, co pozwala na dobr\u0105 ekspozycj\u0119 produktu.<\/li>\n<\/ul>\n<h2 style=\"text-align: left;\">Kluczowe specyfikacje<\/h2>\n<table class=\"aligncenter\" style=\"border-collapse: collapse; width: 480.77pt;\" border=\"0\" width=\"641\" cellspacing=\"0\" cellpadding=\"0\">\n<tbody>\n<tr style=\"height: 13.50pt;\">\n<td style=\"height: 13.50pt; width: 126.75pt;\" width=\"169\" height=\"18\">Funkcja<\/td>\n<td style=\"width: 354.00pt;\" width=\"472\">Specyfikacja<\/td>\n<\/tr>\n<tr style=\"height: 13.50pt;\">\n<td style=\"height: 13.50pt;\" height=\"18\">Pojemno\u015bci<\/td>\n<td>300 ml (10 uncji) \/ 500 ml (16 uncji)<\/td>\n<\/tr>\n<tr style=\"height: 13.50pt;\">\n<td style=\"height: 13.50pt;\" height=\"18\">Wymiary (g\u0142\u0119b. \u00d7 wys.)<\/td>\n<td>6\u00d721 cm \/ 6,5\u00d725 cm<\/td>\n<\/tr>\n<tr style=\"height: 13.50pt;\">\n<td style=\"height: 13.50pt;\" height=\"18\">Kszta\u0142t<\/td>\n<td>Butelka typu stout o prostych \u015bciankach z wyt\u0142oczonymi oznaczeniami obj\u0119to\u015bci<\/td>\n<\/tr>\n<tr style=\"height: 13.50pt;\">\n<td style=\"height: 13.50pt;\" height=\"18\">Tworzywo<\/td>\n<td>Szk\u0142o borokrzemianowe o wysokiej zawarto\u015bci<\/td>\n<\/tr>\n<tr style=\"height: 13.50pt;\">\n<td style=\"height: 13.50pt;\" height=\"18\">Zamkni\u0119cie w zestawie<\/td>\n<td>Srebrna pompa t\u0142okowa (konfigurowalna)<\/td>\n<\/tr>\n<tr style=\"height: 13.50pt;\">\n<td style=\"height: 13.50pt;\" height=\"18\">Najlepsze dla<\/td>\n<td>Sos pomidorowy, sos ostry, sos chili<\/td>\n<\/tr>\n<tr style=\"height: 13.50pt;\">\n<td style=\"height: 13.50pt;\" height=\"18\">Idealne zastosowanie<\/td>\n<td>Butelka po sosie pomidorowym, puste butelki po sosie<\/td>\n<\/tr>\n<\/tbody>\n<\/table>\n<h2>Historia sukcesu: linia produkt\u00f3w gastronomicznych, marka sosu BBQ z Teksasu<\/h2>\n<p>Marka sosu barbecue wybra\u0142a nasz\u0105 butelk\u0119 o pojemno\u015bci 16 uncji (ok. 470 ml) z logo marki naniesionym sitodrukiem, szk\u0142em z pow\u0142ok\u0105 UV i specjaln\u0105 pompk\u0105 dozuj\u0105c\u0105 0,5 uncji (ok. 14 ml) na raz. Szacuje si\u0119, \u017ce pompka zmniejszy\u0142a ilo\u015b\u0107 odpad\u00f3w kuchennych o 20 procent, a pow\u0142oka UV sprawi\u0142a, \u017ce \u200b\u200bsos nie blaknie na p\u00f3\u0142kach sklepowych, a liczba zwrot\u00f3w spad\u0142a o 45 procent. Marka odnios\u0142a du\u017cy sukces i p\u00f3\u017aniej wprowadzi\u0142a do swojej oferty detalicznej kolejne zam\u00f3wienie na 520 000 butelek wysokiej jako\u015bci sosu musztardowego i stekowego.<\/p>\n<h2>Sugestie dotycz\u0105ce personalizacji butelek na sos<\/h2>\n<ul>\n<li><strong>Branding sitodrukowy:<\/strong> Umie\u015b\u0107 nazw\u0119 lub logo swojej restauracji w widocznym miejscu pod skal\u0105 pomiarow\u0105.<\/li>\n<li><strong>Opcja witra\u017cu:<\/strong> Przechowuj oleje \u015bwiat\u0142oczu\u0142e lub produkty na bazie octu w szkle o bursztynowym kolorze.<\/li>\n<li><strong>Teksturowana konstrukcja podstawy:<\/strong> Upewnij si\u0119, \u017ce sp\u00f3d butelki ma powierzchni\u0119 antypo\u015blizgow\u0105, dzi\u0119ki temu b\u0119dzie ona stabilna na zat\u0142oczonych sto\u0142ach.<\/li>\n<li><strong>Spersonalizowana plomba na nakr\u0119tce:<\/strong> Pocz\u0105tkowo urz\u0105dzenia do butelkowania w zak\u0142adach gastronomicznych by\u0142y wyposa\u017cone w plomb\u0119 zabezpieczaj\u0105c\u0105 przed otwarciem.<\/li>\n<\/ul>","protected":false},"excerpt":{"rendered":"<p>Przezroczysta, szklana butelka na sos z podzia\u0142k\u0105 i praktyczn\u0105 pompk\u0105. Idealna butelka na sos pomidorowy do precyzyjnego kontrolowania porcji \u2014 dostawa hurtowa z szybk\u0105 wysy\u0142k\u0105.<\/p>","protected":false},"featured_media":23512,"template":"","meta":[],"product_brand":[],"product_cat":[129,123,122],"product_tag":[],"class_list":{"0":"post-23480","1":"product","2":"type-product","3":"status-publish","4":"has-post-thumbnail","6":"product_cat-hot-sauce-bottles","7":"product_cat-custom-glass-bottles","8":"product_cat-custom-glass-packaging","10":"first","11":"instock","12":"shipping-taxable","13":"product-type-simple"},"jetpack_sharing_enabled":true,"_links":{"self":[{"href":"https:\/\/yebodaglass.com\/pl\/wp-json\/wp\/v2\/product\/23480","targetHints":{"allow":["GET"]}}],"collection":[{"href":"https:\/\/yebodaglass.com\/pl\/wp-json\/wp\/v2\/product"}],"about":[{"href":"https:\/\/yebodaglass.com\/pl\/wp-json\/wp\/v2\/types\/product"}],"version-history":[{"count":5,"href":"https:\/\/yebodaglass.com\/pl\/wp-json\/wp\/v2\/product\/23480\/revisions"}],"predecessor-version":[{"id":25589,"href":"https:\/\/yebodaglass.com\/pl\/wp-json\/wp\/v2\/product\/23480\/revisions\/25589"}],"wp:featuredmedia":[{"embeddable":true,"href":"https:\/\/yebodaglass.com\/pl\/wp-json\/wp\/v2\/media\/23512"}],"wp:attachment":[{"href":"https:\/\/yebodaglass.com\/pl\/wp-json\/wp\/v2\/media?parent=23480"}],"wp:term":[{"taxonomy":"product_brand","embeddable":true,"href":"https:\/\/yebodaglass.com\/pl\/wp-json\/wp\/v2\/product_brand?post=23480"},{"taxonomy":"product_cat","embeddable":true,"href":"https:\/\/yebodaglass.com\/pl\/wp-json\/wp\/v2\/product_cat?post=23480"},{"taxonomy":"product_tag","embeddable":true,"href":"https:\/\/yebodaglass.com\/pl\/wp-json\/wp\/v2\/product_tag?post=23480"}],"curies":[{"name":"wp","href":"https:\/\/api.w.org\/{rel}","templated":true}]}}