{"id":23424,"date":"2025-11-10T08:59:20","date_gmt":"2025-11-10T00:59:20","guid":{"rendered":"https:\/\/yebodaglass.com\/?post_type=product&#038;p=23424"},"modified":"2026-04-10T15:22:20","modified_gmt":"2026-04-10T07:22:20","slug":"bulk-clear-empty-soy-sauce-bottles-with-press-pump","status":"publish","type":"product","link":"https:\/\/yebodaglass.com\/pl\/bulk-clear-empty-soy-sauce-bottles-with-press-pump\/","title":{"rendered":"Przezroczyste, puste butelki na sos sojowy z pompk\u0105 200 ml, 300 ml, 500 ml"},"content":{"rendered":"<p>Te butelki na sos sojowy maj\u0105 prost\u0105, cylindryczn\u0105 konstrukcj\u0119 z wyra\u017anymi wska\u017anikami dozowania, kt\u00f3re precyzyjnie wskazuj\u0105 punkty pomiaru. Nakr\u0119tki maj\u0105 g\u0142owice pompek ze stali nierdzewnej i plastiku.<\/p>\n<h2>Cechy produktu<\/h2>\n<ul>\n<li><strong>Konstrukcja dozownika pompowego:<\/strong> Dzi\u0119ki czarnemu dozownikowi z pompk\u0105 u\u017cytkownik mo\u017ce bardzo precyzyjnie i \u0142atwo kontrolowa\u0107 ilo\u015b\u0107 sosu chili, nie marnuj\u0105c go.<\/li>\n<li><strong>Przezroczysta butelka z podzia\u0142k\u0105:<\/strong> Przezroczysta, wyskalowana cz\u0119\u015b\u0107 butelki pozwala \u0142atwo sprawdzi\u0107, ile preparatu zosta\u0142o lub ile go jeszcze pozosta\u0142o, a tak\u017ce umo\u017cliwia bardzo dok\u0142adny pomiar.<\/li>\n<li><strong>Dost\u0119pne r\u00f3\u017cne rozmiary:<\/strong> Dost\u0119pne s\u0105 butelki o trzech r\u00f3\u017cnych rozmiarach, kt\u00f3re mo\u017cna stosowa\u0107 w r\u00f3\u017cnych miejscach, takich jak domy i restauracje, w zale\u017cno\u015bci od ilo\u015bci przechowywanego i u\u017cywanego sosu chili.<\/li>\n<\/ul>\n<h2 style=\"text-align: left;\">Kluczowe specyfikacje<\/h2>\n<table class=\"aligncenter\" style=\"border-collapse: collapse; width: 432.02pt;\" border=\"0\" width=\"576\" cellspacing=\"0\" cellpadding=\"0\">\n<tbody>\n<tr style=\"height: 13.50pt;\">\n<td style=\"height: 13.50pt; width: 105.00pt;\" width=\"140\" height=\"18\">Funkcja<\/td>\n<td style=\"width: 327.00pt;\" width=\"436\">Specyfikacja<\/td>\n<\/tr>\n<tr style=\"height: 13.50pt;\">\n<td style=\"height: 13.50pt;\" height=\"18\">Pojemno\u015bci<\/td>\n<td>200 ml (7 uncji) \/ 300 ml (10 uncji) \/ 500 ml (16 uncji)<\/td>\n<\/tr>\n<tr style=\"height: 13.50pt;\">\n<td style=\"height: 13.50pt;\" height=\"18\">Wymiary (g\u0142\u0119b. \u00d7 wys.)<\/td>\n<td>5,5\u00d719,5 cm \/ 6\u00d723,5 cm \/ 6,5\u00d727,5 cm<\/td>\n<\/tr>\n<tr style=\"height: 13.50pt;\">\n<td style=\"height: 13.50pt;\" height=\"18\">Kszta\u0142t<\/td>\n<td>Butelka typu stout o prostych \u015bciankach z wyt\u0142oczonymi oznaczeniami obj\u0119to\u015bci<\/td>\n<\/tr>\n<tr style=\"height: 13.50pt;\">\n<td style=\"height: 13.50pt;\" height=\"18\">Tworzywo<\/td>\n<td>Szk\u0142o borokrzemianowe o wysokiej zawarto\u015bci<\/td>\n<\/tr>\n<tr style=\"height: 13.50pt;\">\n<td style=\"height: 13.50pt;\" height=\"18\">Zamkni\u0119cie w zestawie<\/td>\n<td>Czarna pompa t\u0142okowa (z akcentami metalowymi, odporna na przeciekanie)<\/td>\n<\/tr>\n<tr style=\"height: 13.50pt;\">\n<td style=\"height: 13.50pt;\" height=\"18\">Najlepsze dla<\/td>\n<td>Sos ostry, sos sojowy, dressing, przyprawy<\/td>\n<\/tr>\n<tr style=\"height: 13.50pt;\">\n<td style=\"height: 13.50pt;\" height=\"18\">Idealne zastosowanie<\/td>\n<td>Puste butelki po sosie, butelka po sosie sojowym<\/td>\n<\/tr>\n<\/tbody>\n<\/table>\n<h2>Historia sukcesu: zam\u00f3wienie specjalne od marki sos\u00f3w pikantnych z Luizjany<\/h2>\n<p>Marka rzemie\u015blniczych sos\u00f3w ostrych z Luizjany wybra\u0142a nasze puste butelki o pojemno\u015bci 500 ml, personalizuj\u0105c je poprzez poszerzenie pompek i dodanie wska\u017anik\u00f3w ostro\u015bci. Spersonalizowane butelki okaza\u0142y si\u0119 niezwykle skuteczne; precyzyjne pompki i oznaczenia pomog\u0142y konsumentom ograniczy\u0107 nadmierne zu\u017cycie o 20%, a trwa\u0142o\u015b\u0107 butelek prze\u0142o\u017cy\u0142a si\u0119 na wska\u017anik uszkodze\u0144 podczas transportu poni\u017cej 0,7%. Firma nawi\u0105za\u0142a udan\u0105 wsp\u00f3\u0142prac\u0119 biznesow\u0105 dzi\u0119ki temu pierwszemu zam\u00f3wieniu, kt\u00f3re doprowadzi\u0142o do zam\u00f3wienia 420 000 butelek na nowy sos do skrzyde\u0142ek kurczaka.<\/p>\n<h2>Sugestie personalizacji pustych butelek po sosie<\/h2>\n<ul>\n<li><strong>Niestandardowe znaczniki pomiarowe:<\/strong> Mo\u017cesz przypisa\u0107 oznaczenia pojemno\u015bci konkretnym przepisom lub wielko\u015bciom porcji.<\/li>\n<li><strong>Opcje kolor\u00f3w g\u0142owicy pompy:<\/strong> Zaopatrz si\u0119 w g\u0142owice pomp w r\u00f3\u017cnych kolorach, kt\u00f3re b\u0119d\u0105 wsp\u00f3\u0142gra\u0142y z kolorystyk\u0105 Twojej restauracji.<\/li>\n<li><strong>Podstawa antypo\u015blizgowa:<\/strong> Na\u0142\u00f3\u017c na dno butelki materia\u0142 antypo\u015blizgowy, aby mie\u0107 pewno\u015b\u0107, \u017ce jej cz\u0119\u015bci si\u0119 nie po\u015blizgn\u0105, nawet je\u015bli na stole jest du\u017co rzeczy.<\/li>\n<\/ul>","protected":false},"excerpt":{"rendered":"<p>Praktyczne butelki na sos sojowy ze wska\u017anikami miarki i zakr\u0119can\u0105 pokrywk\u0105, idealne do sos\u00f3w i przypraw. Hurtowa sprzeda\u017c pustych butelek na sos z darmowymi pr\u00f3bkami.<\/p>","protected":false},"featured_media":23458,"template":"","meta":[],"product_brand":[],"product_cat":[129,123,122],"product_tag":[],"class_list":{"0":"post-23424","1":"product","2":"type-product","3":"status-publish","4":"has-post-thumbnail","6":"product_cat-hot-sauce-bottles","7":"product_cat-custom-glass-bottles","8":"product_cat-custom-glass-packaging","10":"first","11":"instock","12":"shipping-taxable","13":"product-type-simple"},"jetpack_sharing_enabled":true,"_links":{"self":[{"href":"https:\/\/yebodaglass.com\/pl\/wp-json\/wp\/v2\/product\/23424","targetHints":{"allow":["GET"]}}],"collection":[{"href":"https:\/\/yebodaglass.com\/pl\/wp-json\/wp\/v2\/product"}],"about":[{"href":"https:\/\/yebodaglass.com\/pl\/wp-json\/wp\/v2\/types\/product"}],"version-history":[{"count":5,"href":"https:\/\/yebodaglass.com\/pl\/wp-json\/wp\/v2\/product\/23424\/revisions"}],"predecessor-version":[{"id":25742,"href":"https:\/\/yebodaglass.com\/pl\/wp-json\/wp\/v2\/product\/23424\/revisions\/25742"}],"wp:featuredmedia":[{"embeddable":true,"href":"https:\/\/yebodaglass.com\/pl\/wp-json\/wp\/v2\/media\/23458"}],"wp:attachment":[{"href":"https:\/\/yebodaglass.com\/pl\/wp-json\/wp\/v2\/media?parent=23424"}],"wp:term":[{"taxonomy":"product_brand","embeddable":true,"href":"https:\/\/yebodaglass.com\/pl\/wp-json\/wp\/v2\/product_brand?post=23424"},{"taxonomy":"product_cat","embeddable":true,"href":"https:\/\/yebodaglass.com\/pl\/wp-json\/wp\/v2\/product_cat?post=23424"},{"taxonomy":"product_tag","embeddable":true,"href":"https:\/\/yebodaglass.com\/pl\/wp-json\/wp\/v2\/product_tag?post=23424"}],"curies":[{"name":"wp","href":"https:\/\/api.w.org\/{rel}","templated":true}]}}