{"id":23403,"date":"2025-11-07T16:21:21","date_gmt":"2025-11-07T08:21:21","guid":{"rendered":"https:\/\/yebodaglass.com\/?post_type=product&#038;p=23403"},"modified":"2025-11-07T17:21:01","modified_gmt":"2025-11-07T09:21:01","slug":"wholesale-clear-empty-bottles-for-hot-sauce-100ml-500ml","status":"publish","type":"product","link":"https:\/\/yebodaglass.com\/pl\/wholesale-clear-empty-bottles-for-hot-sauce-100ml-500ml\/","title":{"rendered":"Hurtowa sprzeda\u017c przezroczystych pustych butelek na sosy pikantne 100 ml \u2013 500 ml"},"content":{"rendered":"<p>Te puste butelki na ostry sos znajduj\u0105 si\u0119 w przezroczystym szklanym pojemniku, kt\u00f3ry zapewnia dobr\u0105 widoczno\u015b\u0107 sosu. Maj\u0105 elegancki, zw\u0119\u017caj\u0105cy si\u0119 kszta\u0142t i s\u0105 dost\u0119pne w r\u00f3\u017cnych rozmiarach.<\/p>\n<h2>Cechy produktu<\/h2>\n<ul>\n<li><strong>Materia\u0142 szklany przezroczysty:<\/strong> Pojemnik wykonany jest z przezroczystego szk\u0142a, dzi\u0119ki czemu kolor i ilo\u015b\u0107 sosu chili pozosta\u0142ego w s\u0142oiku mo\u017cna bardzo \u0142atwo rozpozna\u0107 wizualnie, co u\u0142atwia jego identyfikacj\u0119 i sprawdzenie.<\/li>\n<li><strong>Projekt butelki zw\u0119\u017conej:<\/strong> Butelka zosta\u0142a zaprojektowana z tali\u0105 i ma g\u0142adkie, niepowtarzalne linie, kt\u00f3re nie tylko upi\u0119kszaj\u0105 produkt, ale tak\u017ce sprawiaj\u0105, \u017ce jest on \u0142atwo rozpoznawalny.<\/li>\n<li><strong>Dost\u0119pne r\u00f3\u017cne rozmiary:<\/strong> Jest dost\u0119pny w r\u00f3\u017cnych rozmiarach, aby sprosta\u0107 r\u00f3\u017cnym wymaganiom dotycz\u0105cym obj\u0119to\u015bci i dobrze nadaje si\u0119 do regularnego u\u017cytku rodzinnego, cateringu i innych tego typu sytuacji.<\/li>\n<\/ul>\n<h2 style=\"text-align: left;\">Kluczowe specyfikacje<\/h2>\n<table class=\"aligncenter\" style=\"border-collapse: collapse; width: 647.27pt;\" border=\"0\" width=\"863\" cellspacing=\"0\" cellpadding=\"0\">\n<tbody>\n<tr style=\"height: 13.50pt;\">\n<td style=\"height: 13.50pt; width: 127.50pt;\" width=\"170\" height=\"18\">Funkcja<\/td>\n<td style=\"width: 519.75pt;\" width=\"693\">Specyfikacja<\/td>\n<\/tr>\n<tr style=\"height: 13.50pt;\">\n<td style=\"height: 13.50pt;\" height=\"18\">Pojemno\u015bci<\/td>\n<td>100 ml \/ 180 ml \/ 220 ml \/ 350 ml \/ 400 ml \/ 500 ml<\/td>\n<\/tr>\n<tr style=\"height: 13.50pt;\">\n<td style=\"height: 13.50pt;\" height=\"18\">Wymiary (g\u0142\u0119b. \u00d7 wys.)<\/td>\n<td>4,2\u00d716,8 cm \/ 5,2\u00d719,3 cm \/ 5\u00d721,3 cm \/ 6,5\u00d723,5 cm \/ 7,2\u00d724 cm \/ 7,3\u00d725 cm<\/td>\n<\/tr>\n<tr style=\"height: 13.50pt;\">\n<td style=\"height: 13.50pt;\" height=\"18\">Tworzywo<\/td>\n<td>Przezroczyste szk\u0142o typu stout, dopuszczone do kontaktu z \u017cywno\u015bci\u0105, bezo\u0142owiowe<\/td>\n<\/tr>\n<tr style=\"height: 13.50pt;\">\n<td style=\"height: 13.50pt;\" height=\"18\">Zamkni\u0119cie w zestawie<\/td>\n<td>Butelka na sos z czarn\u0105 zakr\u0119tk\u0105 (dost\u0119pna r\u00f3wnie\u017c w kolorze z\u0142otym, czerwonym i \u017c\u00f3\u0142tym)<\/td>\n<\/tr>\n<tr style=\"height: 13.50pt;\">\n<td style=\"height: 13.50pt;\" height=\"18\">Idealne zastosowanie<\/td>\n<td>Puste butelki na ostry sos, butelki na ostry sos hurtowo<\/td>\n<\/tr>\n<\/tbody>\n<\/table>\n<h2>Historia sukcesu: Pokonanie problem\u00f3w z lini\u0105 produkcyjn\u0105<\/h2>\n<p>Wydajno\u015b\u0107 pakowania by\u0142a ograniczona z powodu ramienia pakuj\u0105cego \u015bredniej wielko\u015bci firmy produkuj\u0105cej przyprawy. Ich istniej\u0105ce proste butelki by\u0142y trudne w obs\u0142udze na linii rozlewniczej, co powodowa\u0142o spowolnienie produkcji. Firma przesz\u0142a na nasze zakrzywione puste butelki o pojemno\u015bci 350 ml do sos\u00f3w ostrych, kt\u00f3re maj\u0105 bardziej przyjazny dla maszyny obszar chwytu. W rezultacie pr\u0119dko\u015b\u0107 linii rozlewniczej wzros\u0142a o 15%, a wska\u017anik upuszczania butelek spad\u0142 o 30%. Lepsza wydajno\u015b\u0107 produktu sta\u0142a si\u0119 g\u0142\u00f3wnym motorem sprzeda\u017cy, dlatego klient z\u0142o\u017cy\u0142 trzy du\u017ce zam\u00f3wienia jedno po drugim. Ponadto klient poszed\u0142 o krok dalej i zdywersyfikowa\u0142 sw\u00f3j asortyment, dodaj\u0105c 500 ml wi\u0119cej swojego najpopularniejszego smaku.<\/p>\n<h2>Sugestie personalizacji butelki na gor\u0105c\u0105 sos<\/h2>\n<ul>\n<li><strong>G\u0142\u0119boko\u015b\u0107 krzywej niestandardowej:<\/strong> Zmie\u0144 g\u0142\u0119boko\u015b\u0107 rowka w talii, aby uzyska\u0107 bardziej lub mniej wyra\u017any chwyt.<\/li>\n<li><strong>Podwy\u017cszone oznaczenia g\u0142o\u015bno\u015bci:<\/strong> Zr\u00f3b wypuk\u0142e oznaczenia obj\u0119to\u015bci i umie\u015b\u0107 je na ramieniu butelki.<\/li>\n<li><strong>Branding sitodrukowy:<\/strong> Umieszczenie logo bezpo\u015brednio na zakrzywionej powierzchni szk\u0142a poprzez nadruk.<\/li>\n<li><strong>Opcje witra\u017cy:<\/strong> Je\u015bli produkt jest wra\u017cliwy na \u015bwiat\u0142o, mo\u017cna u\u017cy\u0107 szk\u0142a bursztynowego lub kobaltowego.<\/li>\n<\/ul>","protected":false},"excerpt":{"rendered":"<p>Eleganckie, puste butelki na ostry sos ze z\u0142otymi, czerwonymi i \u017c\u00f3\u0142tymi nakr\u0119tkami. Wysokiej jako\u015bci wzory butelek na ostry sos idealne do brandingu \u2013 cena fabryczna i szybka wysy\u0142ka!<\/p>","protected":false},"featured_media":23412,"template":"","meta":[],"product_brand":[],"product_cat":[122,123,129],"product_tag":[],"class_list":{"0":"post-23403","1":"product","2":"type-product","3":"status-publish","4":"has-post-thumbnail","6":"product_cat-custom-glass-packaging","7":"product_cat-custom-glass-bottles","8":"product_cat-hot-sauce-bottles","10":"first","11":"instock","12":"shipping-taxable","13":"product-type-simple"},"jetpack_sharing_enabled":true,"_links":{"self":[{"href":"https:\/\/yebodaglass.com\/pl\/wp-json\/wp\/v2\/product\/23403","targetHints":{"allow":["GET"]}}],"collection":[{"href":"https:\/\/yebodaglass.com\/pl\/wp-json\/wp\/v2\/product"}],"about":[{"href":"https:\/\/yebodaglass.com\/pl\/wp-json\/wp\/v2\/types\/product"}],"version-history":[{"count":4,"href":"https:\/\/yebodaglass.com\/pl\/wp-json\/wp\/v2\/product\/23403\/revisions"}],"predecessor-version":[{"id":23420,"href":"https:\/\/yebodaglass.com\/pl\/wp-json\/wp\/v2\/product\/23403\/revisions\/23420"}],"wp:featuredmedia":[{"embeddable":true,"href":"https:\/\/yebodaglass.com\/pl\/wp-json\/wp\/v2\/media\/23412"}],"wp:attachment":[{"href":"https:\/\/yebodaglass.com\/pl\/wp-json\/wp\/v2\/media?parent=23403"}],"wp:term":[{"taxonomy":"product_brand","embeddable":true,"href":"https:\/\/yebodaglass.com\/pl\/wp-json\/wp\/v2\/product_brand?post=23403"},{"taxonomy":"product_cat","embeddable":true,"href":"https:\/\/yebodaglass.com\/pl\/wp-json\/wp\/v2\/product_cat?post=23403"},{"taxonomy":"product_tag","embeddable":true,"href":"https:\/\/yebodaglass.com\/pl\/wp-json\/wp\/v2\/product_tag?post=23403"}],"curies":[{"name":"wp","href":"https:\/\/api.w.org\/{rel}","templated":true}]}}