{"id":23399,"date":"2025-11-13T11:14:54","date_gmt":"2025-11-13T03:14:54","guid":{"rendered":"https:\/\/yebodaglass.com\/?post_type=product&#038;p=23399"},"modified":"2026-03-17T11:49:22","modified_gmt":"2026-03-17T03:49:22","slug":"clear-square-herb-jars-with-metal-lids-bulk","status":"publish","type":"product","link":"https:\/\/yebodaglass.com\/pl\/clear-square-herb-jars-with-metal-lids-bulk\/","title":{"rendered":"4-uncjowe, przezroczyste, kwadratowe s\u0142oiki na zio\u0142a z metalowymi pokrywkami, hurt"},"content":{"rendered":"<p>Te puste s\u0142oiki na zio\u0142a maj\u0105 klasyczny, kwadratowy kszta\u0142t i s\u0105 wykonane z ultraprzezroczystego szk\u0142a. Idealnie prezentuj\u0105 si\u0119, eksponuj\u0105c kolorowe zio\u0142a i przyprawy. G\u0142adkie pokrywy ze stali nierdzewnej maj\u0105 t\u0119 zalet\u0119, \u017ce umo\u017cliwiaj\u0105 kontrolowane dozowanie.<\/p>\n<h2>Cechy produktu<\/h2>\n<ul>\n<li><strong>Przezroczysty, kwadratowy wz\u00f3r:<\/strong> Podstawa kwadratowego sze\u015bcianu wykonana jest z prostego szk\u0142a, kt\u00f3re zapewnia mu solidn\u0105 podstaw\u0119, a jednocze\u015bnie umo\u017cliwia \u0142atw\u0105 widoczno\u015b\u0107 jego zawarto\u015bci i oszcz\u0119dza miejsce.<\/li>\n<li><strong>Jednocz\u0119\u015bciowa pokrywa wahad\u0142owa:<\/strong> Srebrna metalowa pokrywka zosta\u0142a zaprojektowana z wieloma ma\u0142ymi otworami, kt\u00f3re pozwalaj\u0105 na pe\u0142n\u0105 kontrol\u0119 dozowania przypraw i zi\u00f3\u0142 oraz zapobiegaj\u0105 ich rozlewaniu.<\/li>\n<li><strong>\u0141atwy w transporcie:<\/strong> S\u0142oiki mo\u017cna uk\u0142ada\u0107 na p\u00f3\u0142kach i w szufladach w kompaktowy spos\u00f3b, poniewa\u017c maj\u0105 kwadratowe boki i s\u0105 p\u0142askie.<\/li>\n<\/ul>\n<h2>Kluczowe specyfikacje<\/h2>\n<table style=\"border-collapse: collapse; width: 80%; margin-left: auto; margin-right: auto;\" border=\"0\" width=\"360\" cellspacing=\"0\" cellpadding=\"0\">\n<tbody>\n<tr style=\"height: 13.50pt;\">\n<td style=\"height: 13.5pt; width: 54pt; text-align: center;\" width=\"72\" height=\"18\">Pojemno\u015b\u0107<\/td>\n<td style=\"width: 54pt; text-align: center;\" width=\"72\">Rozmiar (cm)<\/td>\n<td style=\"width: 54pt; text-align: center;\" width=\"72\">Kszta\u0142t<\/td>\n<td style=\"width: 54pt; text-align: center;\" width=\"72\">\u03a0\u03bb\u03b1\u03c3\u03c4\u03b9\u03ba\u03cc PET<\/td>\n<td style=\"width: 54pt; text-align: center;\" width=\"72\">Typ pokrywy<\/td>\n<\/tr>\n<tr style=\"height: 13.50pt;\">\n<td style=\"height: 13.5pt; text-align: center;\" height=\"18\">120 ml\/4 uncje<\/td>\n<td style=\"text-align: center;\">4 x 9<\/td>\n<td style=\"text-align: center;\">Kwadrat<\/td>\n<td style=\"text-align: center;\">Wyczy\u015b\u0107, niestandardowo<\/td>\n<td style=\"text-align: center;\">Stal nierdzewna<\/td>\n<\/tr>\n<\/tbody>\n<\/table>\n<h2>Przypadek sukcesu: ujednolicone rozwi\u0105zanie dla firmy dostarczaj\u0105cej artyku\u0142y cateringowe na \u015arodkowy Zach\u00f3d<\/h2>\n<p>Jedna z firm cateringowych na \u015arodkowym Zachodzie wybra\u0142a nasze przezroczyste, kwadratowe s\u0142oiki na zio\u0142a z sitodrukow\u0105 podzia\u0142k\u0105 po jednej stronie. Szklane s\u0142oiki zosta\u0142y zaprojektowane tak, aby by\u0142y przezroczyste, dzi\u0119ki czemu personel kuchni m\u00f3g\u0142 \u0142atwo zauwa\u017cy\u0107, \u017ce zapasy s\u0105 mniejsze, a tym samym zminimalizowa\u0107 o po\u0142ow\u0119 braki. Te s\u0142oiki na przyprawy zosta\u0142y umyte w ponad 500 komercyjnych zmywarkach. Dzi\u0119ki ich sukcesowi, firma cateringowa zam\u00f3wi\u0142a kolejn\u0105 dostaw\u0119 750 000 s\u0142oik\u00f3w z przyprawami, aby zasili\u0107 swoj\u0105 sie\u0107 restauracji w ca\u0142ym kraju.<\/p>\n<h2>Puste butelki na przyprawy mo\u017cna dostosowa\u0107<\/h2>\n<ol>\n<li><strong>Personalizacja logo:<\/strong>Nadruk lub grawerowanie logo na korpusie lub wieczku butelki w celu podkre\u015blenia rozpoznawalno\u015bci marki.<\/li>\n<li><strong>Etykieta i opakowanie:<\/strong>Tworzenie niestandardowych etykiet, opakowa\u0144 foliowych i pude\u0142ek prezentowych w celu stworzenia sp\u00f3jnego wygl\u0105du sklepu.<\/li>\n<li><strong>Wk\u0142adki Shaker:<\/strong>Przedstawiamy opcjonalne pokrywy wstrz\u0105saj\u0105ce lub przesiewaj\u0105ce do r\u00f3\u017cnych zastosowa\u0144 proszk\u00f3w i granulek.<\/li>\n<\/ol>","protected":false},"excerpt":{"rendered":"<p>S\u0142oiki na zio\u0142a premium z kwadratowym szklanym korpusem i perforowan\u0105 pokrywk\u0105 typu shaker. Stylowe, puste butelki na przyprawy, idealne do kuchennych przypraw. Dost\u0119pne w magazynie, szybka dostawa.<\/p>","protected":false},"featured_media":23400,"template":"","meta":[],"product_brand":[],"product_cat":[122,124,128],"product_tag":[],"class_list":{"0":"post-23399","1":"product","2":"type-product","3":"status-publish","4":"has-post-thumbnail","6":"product_cat-custom-glass-packaging","7":"product_cat-custom-glass-jars","8":"product_cat-spice-jars","10":"first","11":"instock","12":"shipping-taxable","13":"product-type-simple"},"jetpack_sharing_enabled":true,"_links":{"self":[{"href":"https:\/\/yebodaglass.com\/pl\/wp-json\/wp\/v2\/product\/23399","targetHints":{"allow":["GET"]}}],"collection":[{"href":"https:\/\/yebodaglass.com\/pl\/wp-json\/wp\/v2\/product"}],"about":[{"href":"https:\/\/yebodaglass.com\/pl\/wp-json\/wp\/v2\/types\/product"}],"version-history":[{"count":5,"href":"https:\/\/yebodaglass.com\/pl\/wp-json\/wp\/v2\/product\/23399\/revisions"}],"predecessor-version":[{"id":25466,"href":"https:\/\/yebodaglass.com\/pl\/wp-json\/wp\/v2\/product\/23399\/revisions\/25466"}],"wp:featuredmedia":[{"embeddable":true,"href":"https:\/\/yebodaglass.com\/pl\/wp-json\/wp\/v2\/media\/23400"}],"wp:attachment":[{"href":"https:\/\/yebodaglass.com\/pl\/wp-json\/wp\/v2\/media?parent=23399"}],"wp:term":[{"taxonomy":"product_brand","embeddable":true,"href":"https:\/\/yebodaglass.com\/pl\/wp-json\/wp\/v2\/product_brand?post=23399"},{"taxonomy":"product_cat","embeddable":true,"href":"https:\/\/yebodaglass.com\/pl\/wp-json\/wp\/v2\/product_cat?post=23399"},{"taxonomy":"product_tag","embeddable":true,"href":"https:\/\/yebodaglass.com\/pl\/wp-json\/wp\/v2\/product_tag?post=23399"}],"curies":[{"name":"wp","href":"https:\/\/api.w.org\/{rel}","templated":true}]}}