{"id":23384,"date":"2025-11-07T17:11:18","date_gmt":"2025-11-07T09:11:18","guid":{"rendered":"https:\/\/yebodaglass.com\/?post_type=product&#038;p=23384"},"modified":"2026-03-19T10:59:11","modified_gmt":"2026-03-19T02:59:11","slug":"empty-mini-spice-jars-with-shaker-lid-wholesale","status":"publish","type":"product","link":"https:\/\/yebodaglass.com\/pl\/produkt\/empty-mini-spice-jars-with-shaker-lid-wholesale\/","title":{"rendered":"10 ml 15 ml puste mini s\u0142oiczki na przyprawy z pokrywk\u0105 typu shaker hurtowo"},"content":{"rendered":"<p>Te miniaturowe s\u0142oiczki na przyprawy maj\u0105 kszta\u0142t eleganckich, kwadratowych i sto\u017ckowych mini szklanych pojemnik\u00f3w na przyprawy z przezroczystego szk\u0142a, z eleganckimi, srebrnymi, metalowymi, wahad\u0142owymi pokrywkami. Ich niewielki rozmiar idealnie sprawdzi si\u0119 na kuchennych blatach, piknikach lub w ma\u0142ych kuchniach.<\/p>\n<h2>Cechy produktu<\/h2>\n<ul>\n<li><strong>Kryszta\u0142owe\u200b\u200d\u200b\u200c\u200d\u200b\u200d\u200c\u200b\u200d\u200b\u200c\u200d\u200b\u200d\u200c Szk\u0142o przezroczyste: <\/strong>Nasze miniaturowe s\u0142oiczki na przyprawy wykonane s\u0105 z trwa\u0142ego szk\u0142a wolnego od o\u0142owiu i BPA. Mo\u017cna je my\u0107 w zmywarce, dzi\u0119ki czemu s\u0105 \u0142atwe do czyszczenia i mo\u017cna ich u\u017cywa\u0107 codziennie bez obaw o bezpiecze\u0144stwo.<\/li>\n<li><strong>Wykwintne rozmiary okr\u0105g\u0142e i kwadratowe: <\/strong>Kompaktowy, kwadratowy i okr\u0105g\u0142y kszta\u0142t naszych mini s\u0142oiczk\u00f3w na przyprawy sprawia, \u017ce \u200b\u200bs\u0105 one nie tylko idealnymi pojemnikami na cukier, s\u00f3l i pieprz, kt\u00f3re mo\u017cna przechowywa\u0107 na ka\u017cdej kuchennej p\u00f3\u0142ce, ale tak\u017ce atrakcyjnymi wizualnie.<\/li>\n<li><strong>Perforowana metalowa zakr\u0119tka:<\/strong> Posiada perforowan\u0105 metalow\u0105 zakr\u0119tk\u0119 z r\u00f3wnomiernie roz\u0142o\u017conymi perforacjami, co pozwala na odpowiedni\u0105 kontrol\u0119 dozowania przypraw.<\/li>\n<\/ul>\n<h2>Kluczowe specyfikacje<\/h2>\n<table style=\"border-collapse: collapse; width: 80%; margin-left: auto; margin-right: auto;\" border=\"0\" width=\"603\" cellspacing=\"0\" cellpadding=\"0\">\n<tbody>\n<tr style=\"height: 13.50pt;\">\n<td style=\"height: 13.5pt; width: 54pt; text-align: center;\" width=\"72\" height=\"18\">Pojemno\u015b\u0107<\/td>\n<td style=\"width: 182.25pt; text-align: center;\" width=\"243\">Kszta\u0142t<\/td>\n<td style=\"width: 54pt; text-align: center;\" width=\"72\">Rozmiar (cm)<\/td>\n<td style=\"width: 54pt; text-align: center;\" width=\"72\">\u03a0\u03bb\u03b1\u03c3\u03c4\u03b9\u03ba\u03cc PET<\/td>\n<td style=\"width: 54pt; text-align: center;\" width=\"72\">Typ pokrywy<\/td>\n<td style=\"width: 54pt; text-align: center;\" width=\"72\">Stosowanie<\/td>\n<\/tr>\n<tr style=\"height: 13.50pt;\">\n<td style=\"height: 13.5pt; text-align: center;\" height=\"18\">10 ml<\/td>\n<td class=\"et2\" style=\"text-align: center;\" rowspan=\"2\">Okr\u0105g\u0142y, kwadratowy<\/td>\n<td style=\"text-align: center;\">2,9 x 4,1<\/td>\n<td class=\"et2\" style=\"text-align: center;\" rowspan=\"2\">Wyczy\u015b\u0107, zaakceptuj dostosowanie<\/td>\n<td class=\"et2\" style=\"text-align: center;\" rowspan=\"2\">Stal nierdzewna<\/td>\n<td class=\"et2\" style=\"text-align: center;\" rowspan=\"2\">Zapakuj pieprz w proszku, chili w proszku, bulion z kurczaka, s\u00f3l, itp.<\/td>\n<\/tr>\n<tr style=\"height: 13.50pt;\">\n<td style=\"height: 13.5pt; text-align: center;\" height=\"18\">15 ml<\/td>\n<td style=\"text-align: center;\">3,1 x 4,6<\/td>\n<\/tr>\n<\/tbody>\n<\/table>\n<h2>Historia sukcesu: Bestseller japo\u0144skiego sprzedawcy detalicznego<\/h2>\n<p>Jeden z japo\u0144skich sprzedawc\u00f3w wybra\u0142 nasze mini zestawy s\u0142oiczk\u00f3w na przyprawy w dw\u00f3ch kszta\u0142tach i spersonalizowa\u0142 je lekkim, matowym wyko\u0144czeniem. Pi\u0119kny wygl\u0105d zestawu zapewni\u0142 mu sprzeda\u017c na poziomie 60% w ci\u0105gu pierwszego miesi\u0105ca od wprowadzenia na rynek, a liczba skarg klient\u00f3w na zatkane wieczka zmniejszy\u0142a si\u0119 o 55%. Sprzedawca by\u0142 zadowolony z produktu do tego stopnia, \u017ce \u200b\u200bzam\u00f3wi\u0142 300 000 zestaw\u00f3w w swoich punktach sprzeda\u017cy w ca\u0142ym kraju i otworzy\u0142 nowy sklep internetowy z artyku\u0142ami gospodarstwa domowego.<\/p>\n<h2>Tw\u00f3j podr\u0119cznik personalizacji<\/h2>\n<ol>\n<li><strong>Grawerowanie i logo na zam\u00f3wienie:<\/strong> Grawerowanie laserowe logo marki lub nazw przypraw na stalowych zakr\u0119tkach butelek nadaje ka\u017cdej butelce niepowtarzalny wygl\u0105d, kt\u00f3ry pomaga w budowaniu rozpoznawalno\u015bci i to\u017csamo\u015bci marki.<\/li>\n<li><strong>R\u00f3\u017cne otwory do dozowania:<\/strong> Zmieniaj\u0105c wielko\u015b\u0107 i liczb\u0119 otwor\u00f3w dozuj\u0105cych w zale\u017cno\u015bci od rodzaju przypraw (proszek, granulki, zio\u0142a), mo\u017cna mie\u0107 pewno\u015b\u0107, \u017ce dozowanie b\u0119dzie p\u0142ynne i bez \u017cadnych zator\u00f3w.<\/li>\n<li><strong>Dekorowanie pojemnik\u00f3w:<\/strong> Opr\u00f3cz brandingu za pomoc\u0105 logo marki lub drukowania etykiet na przyprawy metod\u0105 sitodruku lub t\u0142oczenia na gor\u0105co, szklane elementy s\u0105 bardziej atrakcyjne dla klient\u00f3w w sprzeda\u017cy detalicznej.<\/li>\n<\/ol>","protected":false},"excerpt":{"rendered":"<p>Uniwersalne mini pojemniki na przyprawy o kompaktowym rozmiarze i z zakr\u0119tkami typu shaker. Wygodny zestaw pojemnik\u00f3w na przyprawy: s\u00f3l, pieprz i zio\u0142a. Dost\u0119pne rabaty hurtowe.<\/p>","protected":false},"featured_media":23388,"template":"","meta":[],"product_brand":[],"product_cat":[122,124,128],"product_tag":[],"class_list":{"0":"post-23384","1":"product","2":"type-product","3":"status-publish","4":"has-post-thumbnail","6":"product_cat-custom-glass-packaging","7":"product_cat-custom-glass-jars","8":"product_cat-spice-jars","10":"first","11":"instock","12":"shipping-taxable","13":"product-type-simple"},"jetpack_sharing_enabled":true,"_links":{"self":[{"href":"https:\/\/yebodaglass.com\/pl\/wp-json\/wp\/v2\/product\/23384","targetHints":{"allow":["GET"]}}],"collection":[{"href":"https:\/\/yebodaglass.com\/pl\/wp-json\/wp\/v2\/product"}],"about":[{"href":"https:\/\/yebodaglass.com\/pl\/wp-json\/wp\/v2\/types\/product"}],"version-history":[{"count":5,"href":"https:\/\/yebodaglass.com\/pl\/wp-json\/wp\/v2\/product\/23384\/revisions"}],"predecessor-version":[{"id":25512,"href":"https:\/\/yebodaglass.com\/pl\/wp-json\/wp\/v2\/product\/23384\/revisions\/25512"}],"wp:featuredmedia":[{"embeddable":true,"href":"https:\/\/yebodaglass.com\/pl\/wp-json\/wp\/v2\/media\/23388"}],"wp:attachment":[{"href":"https:\/\/yebodaglass.com\/pl\/wp-json\/wp\/v2\/media?parent=23384"}],"wp:term":[{"taxonomy":"product_brand","embeddable":true,"href":"https:\/\/yebodaglass.com\/pl\/wp-json\/wp\/v2\/product_brand?post=23384"},{"taxonomy":"product_cat","embeddable":true,"href":"https:\/\/yebodaglass.com\/pl\/wp-json\/wp\/v2\/product_cat?post=23384"},{"taxonomy":"product_tag","embeddable":true,"href":"https:\/\/yebodaglass.com\/pl\/wp-json\/wp\/v2\/product_tag?post=23384"}],"curies":[{"name":"wp","href":"https:\/\/api.w.org\/{rel}","templated":true}]}}