{"id":23381,"date":"2025-11-07T14:43:19","date_gmt":"2025-11-07T06:43:19","guid":{"rendered":"https:\/\/yebodaglass.com\/?post_type=product&#038;p=23381"},"modified":"2025-11-07T17:15:14","modified_gmt":"2025-11-07T09:15:14","slug":"wholesale-clear-glass-condiment-bottles-for-sauces-150ml-500ml","status":"publish","type":"product","link":"https:\/\/yebodaglass.com\/pl\/wholesale-clear-glass-condiment-bottles-for-sauces-150ml-500ml\/","title":{"rendered":"Hurtowa sprzeda\u017c przezroczystych szklanych butelek na przyprawy do sos\u00f3w 150 ml \u2013 500 ml"},"content":{"rendered":"<p>Te szklane butelki na przyprawy s\u0105 niesamowicie przezroczyste, wykonane z przezroczystego szk\u0142a, a ich wygl\u0105d jest doskona\u0142y. Pojemniki s\u0105 pi\u0119kne, poniewa\u017c producenci stworzyli zar\u00f3wno butelki sto\u017ckowe, jak i teksturowane, kt\u00f3re idealnie oddaj\u0105 kolor sosu w \u015brodku.<\/p>\n<h2>Cechy produktu<\/h2>\n<ul>\n<li><strong>R\u00f3\u017cnorodne wzory butelek:<\/strong> Po\u0142\u0105czenie r\u00f3\u017cnych kszta\u0142t\u00f3w butelek, np. sto\u017ckowych i teksturowanych, z eleganckimi konturami podnosi atrakcyjno\u015b\u0107 wizualn\u0105 produktu i rozpoznawalno\u015b\u0107 marki.<\/li>\n<li><strong>Obs\u0142ugiwane s\u0105 r\u00f3\u017cne rozmiary:<\/strong> Dost\u0119pne w r\u00f3\u017cnych rozmiarach, pozwalaj\u0105 na zaspokojenie r\u00f3\u017cnych potrzeb pojemno\u015bciowych, dzi\u0119ki czemu nadaj\u0105 si\u0119 do codziennego u\u017cytku rodzinnego i porcjowania posi\u0142k\u00f3w.<\/li>\n<li><strong>Trwa\u0142e i wytrzyma\u0142e:<\/strong> Grube szklane \u015bcianki zosta\u0142y wykonane tak, aby szczelnie trzyma\u0107 butelki, stawiaj\u0105c op\u00f3r ci\u015bnieniu panuj\u0105cemu w linii nape\u0142niaj\u0105cej i wyzwaniom zwi\u0105zanym z transportem.<\/li>\n<\/ul>\n<h2 style=\"text-align: left;\">Kluczowe specyfikacje<\/h2>\n<table class=\"aligncenter\" style=\"border-collapse: collapse; width: 580.52pt;\" border=\"0\" width=\"774\" cellspacing=\"0\" cellpadding=\"0\">\n<tbody>\n<tr style=\"height: 13.50pt;\">\n<td style=\"height: 13.50pt; width: 127.50pt;\" width=\"170\" height=\"18\">Funkcja<\/td>\n<td style=\"width: 453.00pt;\" width=\"604\">Specyfikacja<\/td>\n<\/tr>\n<tr style=\"height: 13.50pt;\">\n<td style=\"height: 13.50pt;\" height=\"18\">Pojemno\u015bci<\/td>\n<td>150 ml \/ 200 ml \/ 250 ml \/ 300 ml \/ 400 ml \/ 500 ml<\/td>\n<\/tr>\n<tr style=\"height: 13.50pt;\">\n<td style=\"height: 13.50pt;\" height=\"18\">Wymiary (g\u0142\u0119b. \u00d7 wys.)<\/td>\n<td>5,5\u00d717,5 cm \/ 6\u00d718,5 cm \/ 6\u00d722 cm \/ 7\u00d722,5 cm \/ 7\u00d724 cm \/ 7,5\u00d726 cm<\/td>\n<\/tr>\n<tr style=\"height: 13.50pt;\">\n<td style=\"height: 13.50pt;\" height=\"18\">Tworzywo<\/td>\n<td>Przezroczyste szk\u0142o typu stout, dopuszczone do kontaktu z \u017cywno\u015bci\u0105, bezo\u0142owiowe<\/td>\n<\/tr>\n<tr style=\"height: 13.50pt;\">\n<td style=\"height: 13.50pt;\" height=\"18\">Zamkni\u0119cie w zestawie<\/td>\n<td>Butelka na sos z czarn\u0105 zakr\u0119tk\u0105 (dost\u0119pne r\u00f3wnie\u017c w innych kolorach)<\/td>\n<\/tr>\n<tr style=\"height: 13.50pt;\">\n<td style=\"height: 13.50pt;\" height=\"18\">Najlepsze dla<\/td>\n<td>Sos ostry, sos pomidorowy, dressing, sos ostrygowy<\/td>\n<\/tr>\n<\/tbody>\n<\/table>\n<h2>Uproszczenie zr\u00f3\u017cnicowanej linii produkt\u00f3w: historia sukcesu producenta specjalistycznej \u017cywno\u015bci<\/h2>\n<p>Specjalistyczna marka spo\u017cywcza u\u017cywa\u0142a r\u00f3\u017cnych rodzaj\u00f3w butelek dla swoich 12 smak\u00f3w, co prowadzi\u0142o do problem\u00f3w z zarz\u0105dzaniem zapasami i etykietami. Po\u0142\u0105czyli wszystkie swoje linie produkt\u00f3w w dostarczonych przez nas szklanych butelkach na przyprawy o pojemno\u015bci 250 ml i 500 ml. Dzi\u0119ki tym dzia\u0142aniom standaryzacyjnym uda\u0142o im si\u0119 zmniejszy\u0107 zapasy opakowa\u0144 o 40% i przyspieszy\u0107 zarz\u0105dzanie etykietami o 25%. Ujednolicony projekt opakowa\u0144 nie tylko wp\u0142yn\u0105\u0142 na wizerunek marki, ale w rezultacie sprzeda\u017c wzros\u0142a o 35% w ci\u0105gu pierwszego roku. Byli bardzo zadowoleni z rezultat\u00f3w i obecnie sk\u0142adaj\u0105 kwartalne zam\u00f3wienia na ponad 300 000 sztuk.<\/p>\n<h2>Pomys\u0142y na personalizacj\u0119 szklanych butelek na przyprawy<\/h2>\n<ul>\n<li><strong>Niestandardowy profil butelki:<\/strong> Zmie\u0144 tali\u0119 lub krzywizn\u0119 ramienia butelki, aby uzyska\u0107 charakterystyczny zarys.<\/li>\n<li><strong>Wzory szk\u0142a teksturowanego:<\/strong> Zastosuj delikatne wzory (na przyk\u0142ad linie pionowe lub kszta\u0142ty geometryczne) na powierzchni szk\u0142a.<\/li>\n<li><strong>Nadrukowane znaczniki obj\u0119to\u015bci:<\/strong> Aby u\u0142atwi\u0107 zapisywanie przepis\u00f3w i miarek przypraw, na szkle mo\u017cna nadrukowa\u0107 oznaczenia obj\u0119to\u015bci.<\/li>\n<li><strong>Alternatywy dla szk\u0142a kolorowego:<\/strong> Opr\u00f3cz ochrony przed \u015bwiat\u0142em, u\u017cyj szk\u0142a bursztynowego lub zielonego, aby uzyska\u0107 wyj\u0105tkowy efekt wizualny.<\/li>\n<\/ul>","protected":false},"excerpt":{"rendered":"<p>Przezroczyste szklane butelki na przyprawy o eleganckich kszta\u0142tach i fakturze. Hurtowe butelki na sosy, idealne do brandingu i prezentacji potraw. Bezp\u0142atne pr\u00f3bki.<\/p>","protected":false},"featured_media":23394,"template":"","meta":[],"product_brand":[],"product_cat":[122,123,129],"product_tag":[],"class_list":{"0":"post-23381","1":"product","2":"type-product","3":"status-publish","4":"has-post-thumbnail","6":"product_cat-custom-glass-packaging","7":"product_cat-custom-glass-bottles","8":"product_cat-hot-sauce-bottles","10":"first","11":"instock","12":"shipping-taxable","13":"product-type-simple"},"jetpack_sharing_enabled":true,"_links":{"self":[{"href":"https:\/\/yebodaglass.com\/pl\/wp-json\/wp\/v2\/product\/23381","targetHints":{"allow":["GET"]}}],"collection":[{"href":"https:\/\/yebodaglass.com\/pl\/wp-json\/wp\/v2\/product"}],"about":[{"href":"https:\/\/yebodaglass.com\/pl\/wp-json\/wp\/v2\/types\/product"}],"version-history":[{"count":5,"href":"https:\/\/yebodaglass.com\/pl\/wp-json\/wp\/v2\/product\/23381\/revisions"}],"predecessor-version":[{"id":23402,"href":"https:\/\/yebodaglass.com\/pl\/wp-json\/wp\/v2\/product\/23381\/revisions\/23402"}],"wp:featuredmedia":[{"embeddable":true,"href":"https:\/\/yebodaglass.com\/pl\/wp-json\/wp\/v2\/media\/23394"}],"wp:attachment":[{"href":"https:\/\/yebodaglass.com\/pl\/wp-json\/wp\/v2\/media?parent=23381"}],"wp:term":[{"taxonomy":"product_brand","embeddable":true,"href":"https:\/\/yebodaglass.com\/pl\/wp-json\/wp\/v2\/product_brand?post=23381"},{"taxonomy":"product_cat","embeddable":true,"href":"https:\/\/yebodaglass.com\/pl\/wp-json\/wp\/v2\/product_cat?post=23381"},{"taxonomy":"product_tag","embeddable":true,"href":"https:\/\/yebodaglass.com\/pl\/wp-json\/wp\/v2\/product_tag?post=23381"}],"curies":[{"name":"wp","href":"https:\/\/api.w.org\/{rel}","templated":true}]}}