{"id":23372,"date":"2025-11-07T14:30:40","date_gmt":"2025-11-07T06:30:40","guid":{"rendered":"https:\/\/yebodaglass.com\/?post_type=product&#038;p=23372"},"modified":"2026-03-18T09:57:57","modified_gmt":"2026-03-18T01:57:57","slug":"pumpkin-shape-cute-spice-jars-with-wooden-lid-bulk","status":"publish","type":"product","link":"https:\/\/yebodaglass.com\/pl\/pumpkin-shape-cute-spice-jars-with-wooden-lid-bulk\/","title":{"rendered":"250 ml \u015aliczne s\u0142oiki na przyprawy w kszta\u0142cie dyni z drewnian\u0105 pokrywk\u0105"},"content":{"rendered":"<p>Te urocze s\u0142oiczki na przyprawy maj\u0105 uroczy kszta\u0142t dyni z pionowymi paskami. S\u0105 wykonane z przezroczystego szk\u0142a i idealnie eksponuj\u0105 przyprawy. Pokrywki s\u0105 wykonane z naturalnego drewna i maj\u0105 wbudowany uchwyt na \u0142y\u017ceczk\u0119 oraz pasuj\u0105c\u0105 do niego drewnian\u0105 ga\u0142k\u0119.<\/p>\n<h2>Cechy produktu<\/h2>\n<ul>\n<li><strong>Cia\u0142o w kszta\u0142cie dyni:<\/strong> \u0141adny i wyj\u0105tkowy wz\u00f3r butelki przypomina kszta\u0142tem dyni\u0119 i jest paskowany, co poprawia zar\u00f3wno jej wygl\u0105d, jak i u\u0142atwia trzymanie.<\/li>\n<li><strong>Zintegrowana miarka:<\/strong> S\u0142oiki posiadaj\u0105 bia\u0142\u0105 miark\u0119 w drewnianej pokrywce, dzi\u0119ki czemu s\u0105 higieniczne i wygodne w u\u017cyciu.<\/li>\n<li><strong>Uniwersalny rozmiar do kuchni i jadalni: <\/strong>Ten s\u0142oik o pojemno\u015bci 250 ml idealnie nadaje si\u0119 do przechowywania przypraw lub drobnych produkt\u00f3w suchych. Jego stylowy design idealnie pasuje do ka\u017cdej kuchni lub jadalni.<\/li>\n<\/ul>\n<h2>Kluczowe specyfikacje<\/h2>\n<table style=\"border-collapse: collapse; width: 80%; margin-left: auto; margin-right: auto;\" border=\"0\" width=\"144\" cellspacing=\"0\" cellpadding=\"0\">\n<tbody>\n<tr style=\"height: 13.50pt;\">\n<td style=\"height: 13.5pt; width: 54pt; text-align: center;\" width=\"72\" height=\"18\">Funkcja<\/td>\n<td style=\"width: 54pt; text-align: center;\" width=\"72\">Specyfikacja<\/td>\n<\/tr>\n<tr style=\"height: 13.50pt;\">\n<td style=\"height: 13.5pt; text-align: center;\" height=\"18\">Pojemno\u015b\u0107<\/td>\n<td style=\"text-align: center;\">250 ml<\/td>\n<\/tr>\n<tr style=\"height: 13.50pt;\">\n<td style=\"height: 13.5pt; text-align: center;\" height=\"18\">Tworzywo<\/td>\n<td style=\"text-align: center;\">Szk\u0142o bia\u0142e, szk\u0142o \u017caroodporne<\/td>\n<\/tr>\n<tr style=\"height: 13.50pt;\">\n<td style=\"height: 13.5pt; text-align: center;\" height=\"18\">Kolor<\/td>\n<td style=\"text-align: center;\">Wyczy\u015b\u0107, zaakceptuj dostosowanie<\/td>\n<\/tr>\n<tr style=\"height: 13.50pt;\">\n<td style=\"height: 13.5pt; text-align: center;\" height=\"18\">Rodzaje pokrywek<\/td>\n<td style=\"text-align: center;\">Pokrywka bambusowa \/ Pokrywka szklana \/ Pokrywka korkowa \/ Pokrywka z tworzywa sztucznego PE<\/td>\n<\/tr>\n<tr style=\"height: 13.50pt;\">\n<td style=\"height: 13.5pt; text-align: center;\" height=\"18\">Obr\u00f3bka powierzchni<\/td>\n<td style=\"text-align: center;\">Sitodruk\/szroniony\/naklejki\/farbowanie natryskowe\/etykiety itp.<\/td>\n<\/tr>\n<\/tbody>\n<\/table>\n<h2>Historia sukcesu: zam\u00f3wienie niestandardowe w jednym z Midwestern Groceries<\/h2>\n<p>Nasze urocze s\u0142oiczki na przyprawy zosta\u0142y odebrane przez sie\u0107 sklep\u00f3w spo\u017cywczych z Midwest, kt\u00f3ra spersonalizowa\u0142a je lekko matowym, bursztynowym szk\u0142em i klonow\u0105 pokrywk\u0105 z laserowo wyci\u0119tym wzorem li\u015bcia. S\u0142oiki na przyprawy odnios\u0142y ogromny sukces: wyj\u0105tkowy i wyrafinowany design opakowania sprawi\u0142, \u017ce klienci dzielili si\u0119 nimi w mediach spo\u0142eczno\u015bciowych o 300%. Sta\u0142o si\u0119 tak dzi\u0119ki wbudowanej \u0142y\u017ceczce, kt\u00f3ra by\u0142a istotnym argumentem sprzeda\u017cowym \u2013 ankiety wykaza\u0142y, \u017ce 90% klient\u00f3w uzna\u0142o j\u0105 za bardzo wygodn\u0105. Po sukcesie, firma zam\u00f3wi\u0142a 400 000 dodatkowych s\u0142oiczk\u00f3w na przyprawy w zestawie prezentowym \u201eFarmhouse Kitchen\u201d oraz lini\u0119 produkt\u00f3w do pieczenia w\u0142asnej marki.<\/p>\n<h2>Podr\u0119cznik personalizacji pojemnik\u00f3w do przechowywania przypraw<\/h2>\n<ol>\n<li><strong>Lepszy projekt szk\u0142a:<\/strong> Wybierz falist\u0105 faktur\u0119, prost\u0105 lini\u0119 lub matowe wyko\u0144czenie, aby uzyska\u0107 oryginaln\u0105 g\u0142\u0119bi\u0119 wizualn\u0105 i pewny chwyt.<\/li>\n<li><strong>Ulepszone \u0142y\u017cki i akcesoria:<\/strong> Mo\u017cesz wybra\u0107 \u0142y\u017cki bambusowe, szklane lub ze stali nierdzewnej, a do tego mo\u017cesz dobra\u0107 pasuj\u0105ce podstawki do przechowywania, co jeszcze bardziej zwi\u0119kszy estetyk\u0119 ca\u0142ej kolekcji.<\/li>\n<li><strong>Kolor i pojemno\u015b\u0107 do wyboru:<\/strong> Dost\u0119pne s\u0105 szk\u0142a w r\u00f3\u017cnych kolorach, takie jak przezroczyste, bursztynowe lub r\u00f3\u017cowe, a tak\u017ce o pojemno\u015bciach od 100 ml do 300 ml, co umo\u017cliwia przechowywanie s\u0142oik\u00f3w na przyprawy o r\u00f3\u017cnych rozmiarach.<\/li>\n<\/ol>","protected":false},"excerpt":{"rendered":"<p>Urocze, urocze s\u0142oiczki na przyprawy w kszta\u0142cie dyni z drewnianymi pokrywkami. Praktyczne pojemniki na przyprawy z \u0142y\u017ceczk\u0105 do soli, cukru i przypraw. Darmowe pr\u00f3bki.<\/p>","protected":false},"featured_media":23373,"template":"","meta":[],"product_brand":[],"product_cat":[122,124,128],"product_tag":[],"class_list":{"0":"post-23372","1":"product","2":"type-product","3":"status-publish","4":"has-post-thumbnail","6":"product_cat-custom-glass-packaging","7":"product_cat-custom-glass-jars","8":"product_cat-spice-jars","10":"first","11":"instock","12":"shipping-taxable","13":"product-type-simple"},"jetpack_sharing_enabled":true,"_links":{"self":[{"href":"https:\/\/yebodaglass.com\/pl\/wp-json\/wp\/v2\/product\/23372","targetHints":{"allow":["GET"]}}],"collection":[{"href":"https:\/\/yebodaglass.com\/pl\/wp-json\/wp\/v2\/product"}],"about":[{"href":"https:\/\/yebodaglass.com\/pl\/wp-json\/wp\/v2\/types\/product"}],"version-history":[{"count":5,"href":"https:\/\/yebodaglass.com\/pl\/wp-json\/wp\/v2\/product\/23372\/revisions"}],"predecessor-version":[{"id":25493,"href":"https:\/\/yebodaglass.com\/pl\/wp-json\/wp\/v2\/product\/23372\/revisions\/25493"}],"wp:featuredmedia":[{"embeddable":true,"href":"https:\/\/yebodaglass.com\/pl\/wp-json\/wp\/v2\/media\/23373"}],"wp:attachment":[{"href":"https:\/\/yebodaglass.com\/pl\/wp-json\/wp\/v2\/media?parent=23372"}],"wp:term":[{"taxonomy":"product_brand","embeddable":true,"href":"https:\/\/yebodaglass.com\/pl\/wp-json\/wp\/v2\/product_brand?post=23372"},{"taxonomy":"product_cat","embeddable":true,"href":"https:\/\/yebodaglass.com\/pl\/wp-json\/wp\/v2\/product_cat?post=23372"},{"taxonomy":"product_tag","embeddable":true,"href":"https:\/\/yebodaglass.com\/pl\/wp-json\/wp\/v2\/product_tag?post=23372"}],"curies":[{"name":"wp","href":"https:\/\/api.w.org\/{rel}","templated":true}]}}