{"id":23360,"date":"2025-11-07T13:39:54","date_gmt":"2025-11-07T05:39:54","guid":{"rendered":"https:\/\/yebodaglass.com\/?post_type=product&#038;p=23360"},"modified":"2026-03-16T15:54:12","modified_gmt":"2026-03-16T07:54:12","slug":"clear-glass-spice-shaker-jars-with-hourglass-bulk","status":"publish","type":"product","link":"https:\/\/yebodaglass.com\/pl\/produkt\/clear-glass-spice-shaker-jars-with-hourglass-bulk\/","title":{"rendered":"85 ml przezroczyste szklane s\u0142oiki do przypraw z klepsydr\u0105"},"content":{"rendered":"<p>Te pojemniki na przyprawy s\u0105 wyj\u0105tkowe \u2013 maj\u0105 kszta\u0142t klepsydry i zw\u0119\u017caj\u0105cy si\u0119 ku do\u0142owi kszta\u0142t, co u\u0142atwia ich chwytanie, potrz\u0105sanie, a nawet przechylanie. Wyposa\u017cone s\u0105 w eleganckie, kolorowe zamkni\u0119cia z klapk\u0105 lub metalowe nakr\u0119tki, co u\u0142atwia dost\u0119p do nich.<\/p>\n<h2>Cechy produktu<\/h2>\n<ul>\n<li><strong>Ergonomiczna konstrukcja klepsydry:<\/strong> Zw\u0119\u017cany kszta\u0142t klepsydry sprawia, \u017ce \u200b\u200bjest ona wygodna i stabilna w trzymaniu, mo\u017cna ni\u0105 potrz\u0105sa\u0107 i \u0142atwo kontrolowa\u0107 nalewanie.<\/li>\n<li><strong>Szk\u0142o o wysokiej widoczno\u015bci:<\/strong> Zawarto\u015b\u0107, kolor i ilo\u015b\u0107 napoju w szklanej butelce mo\u017cna zobaczy\u0107 na pierwszy rzut oka dzi\u0119ki przezroczystemu szk\u0142u.<\/li>\n<li><strong>R\u00f3\u017cne wybory czapek:<\/strong> Wybierz kolorowe, \u0142atwo otwieralne, plastikowe nakr\u0119tki, do kt\u00f3rych jest \u0142atwy dost\u0119p, lub metalowe nakr\u0119tki z zakr\u0119canym zamkni\u0119ciem, kt\u00f3re gwarantuj\u0105 szczelne przechowywanie.<\/li>\n<\/ul>\n<h2>Kluczowe specyfikacje<\/h2>\n<table style=\"border-collapse: collapse; width: 80%; margin-left: auto; margin-right: auto;\" border=\"0\" width=\"144\" cellspacing=\"0\" cellpadding=\"0\">\n<tbody>\n<tr style=\"height: 13.50pt;\">\n<td style=\"height: 13.5pt; width: 54pt; text-align: center;\" width=\"72\" height=\"18\">Funkcja<\/td>\n<td style=\"width: 54pt; text-align: center;\" width=\"72\">Specyfikacja<\/td>\n<\/tr>\n<tr style=\"height: 13.50pt;\">\n<td style=\"height: 13.5pt; text-align: center;\" height=\"18\">Pojemno\u015b\u0107<\/td>\n<td style=\"text-align: center;\">85 ml<\/td>\n<\/tr>\n<tr style=\"height: 13.50pt;\">\n<td style=\"height: 13.5pt; text-align: center;\" height=\"18\">Rozmiar<\/td>\n<td style=\"text-align: center;\">5 * 10 cm<\/td>\n<\/tr>\n<tr style=\"height: 13.50pt;\">\n<td style=\"height: 13.5pt; text-align: center;\" height=\"18\">Kolor<\/td>\n<td style=\"text-align: center;\">Wyczy\u015b\u0107, niestandardowy<\/td>\n<\/tr>\n<tr style=\"height: 13.50pt;\">\n<td style=\"height: 13.5pt; text-align: center;\" height=\"18\">Pokrywy<\/td>\n<td style=\"text-align: center;\">Zakr\u0119tka motylkowa<\/td>\n<\/tr>\n<tr style=\"height: 13.50pt;\">\n<td style=\"height: 13.5pt; text-align: center;\" height=\"18\">Stosowanie<\/td>\n<td style=\"text-align: center;\">Suszone zio\u0142a, przyprawy, pieprz, mieszanki przyprawowe i wiele innych.<\/td>\n<\/tr>\n<\/tbody>\n<\/table>\n<h2>Historia sukcesu: niestandardowe zam\u00f3wienie dla europejskiej firmy zajmuj\u0105cej si\u0119 dostaw\u0105 \u017cywno\u015bci<\/h2>\n<p>Nasz s\u0142oik na zio\u0142a zosta\u0142 wybrany przez gigantyczn\u0105 europejsk\u0105 firm\u0119 zajmuj\u0105c\u0105 si\u0119 dostaw\u0105 \u017cywno\u015bci, kt\u00f3ra spersonalizowa\u0142a miarki na butelce. Przezroczysta butelka i linie znakowania zwi\u0119kszy\u0142y dok\u0142adno\u015b\u0107 przepis\u00f3w, kt\u00f3re klienci, zgodnie z opiniami, docenili eleganck\u0105 szklan\u0105 butelk\u0119 i linie znakowania, kt\u00f3re zapewni\u0142y wy\u017cszy wska\u017anik powodzenia przepis\u00f3w (15%). Bezpieczne zamkni\u0119cie z klapk\u0105 zmniejszy\u0142o liczb\u0119 skarg na rozsypywanie si\u0119 przypraw o 25%. Firma zam\u00f3wi\u0142a kolejn\u0105 parti\u0119 500 000 s\u0142oik\u00f3w, opieraj\u0105c si\u0119 na tych doskona\u0142ych parametrach, aby sprosta\u0107 rosn\u0105cemu zapotrzebowaniu na rynku p\u00f3\u0142nocnoameryka\u0144skim.<\/p>\n<h2>Rekomendacje dotycz\u0105ce personalizacji s\u0142oik\u00f3w do przypraw<\/h2>\n<ul>\n<li>Niestandardowe nadrukowane podzia\u0142ki: Na \u015bciankach s\u0142oika nanie\u015b na sta\u0142e nadrukowane lub zwini\u0119te podzia\u0142ki (\u0142y\u017ceczka do herbaty, \u0142y\u017cka sto\u0142owa, gram), aby mo\u017cna je by\u0142o dok\u0142adnie wykorzysta\u0107 w przepisach.<\/li>\n<li>Pokrywa dozownika z dwoma otworami: Rozgrzej jedn\u0105 pokrywk\u0119 z dwoma otworami, jedn\u0105 pokrywk\u0119 typu shaker z ma\u0142ymi otworami (kilka ma\u0142ych otwor\u00f3w) i trzeci\u0105 z nasionami lub p\u0142atkami przypraw.<\/li>\n<li>Projekt kwadratowy lub prostok\u0105tny: Zaprojektuj oszcz\u0119dzaj\u0105ce miejsce kwadratowe lub prostok\u0105tne s\u0142oiki na przyprawy, aby wykorzysta\u0107 dost\u0119pn\u0105 przestrze\u0144 w szufladach i na p\u00f3\u0142kach.<\/li>\n<\/ul>","protected":false},"excerpt":{"rendered":"<p>Przezroczyste pojemniki na przyprawy o ergonomicznym kszta\u0142cie, zapewniaj\u0105ce \u0142atwy chwyt. Przezroczysty pojemnik na zio\u0142a, idealny do przechowywania przypraw kuchennych i innych. Produkt dost\u0119pny w magazynie, szybka dostawa.<\/p>","protected":false},"featured_media":23362,"template":"","meta":[],"product_brand":[],"product_cat":[122,124,128],"product_tag":[],"class_list":{"0":"post-23360","1":"product","2":"type-product","3":"status-publish","4":"has-post-thumbnail","6":"product_cat-custom-glass-packaging","7":"product_cat-custom-glass-jars","8":"product_cat-spice-jars","10":"first","11":"instock","12":"shipping-taxable","13":"product-type-simple"},"jetpack_sharing_enabled":true,"_links":{"self":[{"href":"https:\/\/yebodaglass.com\/pl\/wp-json\/wp\/v2\/product\/23360","targetHints":{"allow":["GET"]}}],"collection":[{"href":"https:\/\/yebodaglass.com\/pl\/wp-json\/wp\/v2\/product"}],"about":[{"href":"https:\/\/yebodaglass.com\/pl\/wp-json\/wp\/v2\/types\/product"}],"version-history":[{"count":5,"href":"https:\/\/yebodaglass.com\/pl\/wp-json\/wp\/v2\/product\/23360\/revisions"}],"predecessor-version":[{"id":25459,"href":"https:\/\/yebodaglass.com\/pl\/wp-json\/wp\/v2\/product\/23360\/revisions\/25459"}],"wp:featuredmedia":[{"embeddable":true,"href":"https:\/\/yebodaglass.com\/pl\/wp-json\/wp\/v2\/media\/23362"}],"wp:attachment":[{"href":"https:\/\/yebodaglass.com\/pl\/wp-json\/wp\/v2\/media?parent=23360"}],"wp:term":[{"taxonomy":"product_brand","embeddable":true,"href":"https:\/\/yebodaglass.com\/pl\/wp-json\/wp\/v2\/product_brand?post=23360"},{"taxonomy":"product_cat","embeddable":true,"href":"https:\/\/yebodaglass.com\/pl\/wp-json\/wp\/v2\/product_cat?post=23360"},{"taxonomy":"product_tag","embeddable":true,"href":"https:\/\/yebodaglass.com\/pl\/wp-json\/wp\/v2\/product_tag?post=23360"}],"curies":[{"name":"wp","href":"https:\/\/api.w.org\/{rel}","templated":true}]}}