{"id":23351,"date":"2025-11-07T11:52:40","date_gmt":"2025-11-07T03:52:40","guid":{"rendered":"https:\/\/yebodaglass.com\/?post_type=product&#038;p=23351"},"modified":"2026-04-09T15:28:15","modified_gmt":"2026-04-09T07:28:15","slug":"square-glass-herb-jars-with-bamboo-lids-wholesale","status":"publish","type":"product","link":"https:\/\/yebodaglass.com\/pl\/produkt\/square-glass-herb-jars-with-bamboo-lids-wholesale\/","title":{"rendered":"4-uncjowe kolorowe, kwadratowe szklane s\u0142oiki na zio\u0142a z bambusowymi pokrywkami \u2013 hurt"},"content":{"rendered":"<p>Te szklane s\u0142oiki na zio\u0142a s\u0105 wysokie, kwadratowe, z zaokr\u0105glonymi naro\u017cnikami i prostymi kraw\u0119dziami. S\u0142oiki wykonane s\u0105 z grubego, przezroczystego szk\u0142a i wyposa\u017cone w naturalne bambusowe zakr\u0119tki. Dost\u0119pne s\u0105 w r\u00f3\u017cnych kolorach.<\/p>\n<h2>Cechy produktu<\/h2>\n<ul>\n<li><strong>Projekt prostok\u0105tny:<\/strong> Prostok\u0105tny kszta\u0142t jest czysty, zajmuje mniej miejsca podczas przechowywania i mo\u017cna go uk\u0142ada\u0107 w stosy, a tym samym prezentowa\u0107 w spos\u00f3b uporz\u0105dkowany za pomoc\u0105 szafek lub p\u00f3\u0142ek.<\/li>\n<li><strong>Wielokolorowe szk\u0142o chroni\u0105ce przed \u015bwiat\u0142em:<\/strong> Szklanki s\u0105 dost\u0119pne w czterech efektownych kolorach: bordowym, ciemnozielonym, bursztynowym i kr\u00f3lewskim b\u0142\u0119kicie, kt\u00f3re blokuj\u0105 \u015bwiat\u0142o. \u015awiat\u0142o to niszczy i utlenia przyprawy i suszone produkty oraz inne tego typu produkty.<\/li>\n<li><strong>Pokrywy z naturalnego drewna:<\/strong> W po\u0142\u0105czeniu z naturalnymi drewnianymi zakr\u0119tkami, naturalna faktura i doskona\u0142e w\u0142a\u015bciwo\u015bci uszczelniaj\u0105ce sprawiaj\u0105, \u017ce produkt jest ekologiczny i podnosi jego klas\u0119 premium.<\/li>\n<\/ul>\n<h2>Kluczowe specyfikacje<\/h2>\n<table style=\"border-collapse: collapse; width: 80%; margin-left: auto; margin-right: auto;\" border=\"0\" width=\"144\" cellspacing=\"0\" cellpadding=\"0\">\n<tbody>\n<tr style=\"height: 13.50pt;\">\n<td style=\"height: 13.5pt; width: 54pt; text-align: center;\" width=\"72\" height=\"18\">Funkcja<\/td>\n<td style=\"width: 54pt; text-align: center;\" width=\"72\">Specyfikacja<\/td>\n<\/tr>\n<tr style=\"height: 13.50pt;\">\n<td style=\"height: 13.5pt; text-align: center;\" height=\"18\">Pojemno\u015b\u0107<\/td>\n<td style=\"text-align: center;\">120 ml (4 uncje)<\/td>\n<\/tr>\n<tr style=\"height: 13.50pt;\">\n<td style=\"height: 13.5pt; text-align: center;\" height=\"18\">Tworzywo<\/td>\n<td style=\"text-align: center;\">Trwa\u0142e szk\u0142o \u2022 Kwadratowy kszta\u0142t<\/td>\n<\/tr>\n<tr style=\"height: 13.50pt;\">\n<td style=\"height: 13.5pt; text-align: center;\" height=\"18\">Kolor<\/td>\n<td style=\"text-align: center;\">Bursztynowy, Czerwony, Niebieski, Zielony, Niestandardowy<\/td>\n<\/tr>\n<tr style=\"height: 13.50pt;\">\n<td style=\"height: 13.5pt; text-align: center;\" height=\"18\">Pokrywy<\/td>\n<td style=\"text-align: center;\">Bambus, metal, plastik \u2022 Dost\u0119pne pokrywki shakerowe<\/td>\n<\/tr>\n<tr style=\"height: 13.50pt;\">\n<td style=\"height: 13.5pt; text-align: center;\" height=\"18\">Personalizacja<\/td>\n<td style=\"text-align: center;\">Grawerowanie logo, sitodruk, niestandardowe etykiety\/opakowania<\/td>\n<\/tr>\n<\/tbody>\n<\/table>\n<h2>Historia sukcesu: zam\u00f3wienie niestandardowe od ekskluzywnej europejskiej marki gourmet<\/h2>\n<p>W\u0142oska marka z najwy\u017cszej p\u00f3\u0142ki wybra\u0142a nasze 250-mililitrowe, kwadratowe s\u0142oiki na przyprawy z bursztynowego szk\u0142a i zam\u00f3wi\u0142a w oficjalnym zam\u00f3wieniu specjalne pokrywki z drewna orzechowego. S\u0142oiki te osi\u0105gn\u0119\u0142y imponuj\u0105ce rezultaty, poniewa\u017c ich doskona\u0142y system uszczelniaj\u0105cy wyd\u0142u\u017cy\u0142 okres przydatno\u015bci przypraw premium o 40 procent, a witra\u017cowe szk\u0142o blokowa\u0142o \u015bwiat\u0142o, zachowuj\u0105c 25 procent ich pierwotnej mocy. Po sukcesie swoich dotychczasowych produkt\u00f3w, firma dokona\u0142a kolejnego zakupu 280 000 s\u0142oik\u00f3w, aby wesprze\u0107 now\u0105 lini\u0119 aromatyzowanych produkt\u00f3w z sol\u0105 morsk\u0105.<\/p>\n<h2>S\u0142oik na przyprawy ze szk\u0142a kwadratowego z mo\u017cliwo\u015bci\u0105 personalizacji<\/h2>\n<ol>\n<li><strong>Opcje pokrywy:<\/strong>R\u00f3\u017cne marki mog\u0105 mie\u0107 pokrywki wykonane z bambusa, stali nierdzewnej lub aluminium z uszczelkami silikonowymi, kt\u00f3re pasuj\u0105 do ich estetyki i zapewniaj\u0105 szczelne przechowywanie i \u015bwie\u017co\u015b\u0107 produkt\u00f3w.<\/li>\n<li><strong>Kolory szk\u0142a:<\/strong>Dost\u0119pne s\u0105 r\u00f3\u017cne kolory, takie jak bursztynowy, kobaltowy, zielony lub przezroczyste szk\u0142o, do przechowywania r\u00f3\u017cnych zi\u00f3\u0142 i przypraw.<\/li>\n<li><strong>Personalizacja etykiet:<\/strong>Ekologiczn\u0105, a jednocze\u015bnie luksusow\u0105 mark\u0119 mo\u017cna rozpozna\u0107 po po\u0142\u0105czeniu etykiet grawerowanych laserowo lub drukowanych z pokrywk\u0105 lub korpusem butelki.<\/li>\n<\/ol>","protected":false},"excerpt":{"rendered":"<p>Eleganckie, kwadratowe szklane s\u0142oiki na przyprawy z bambusowymi pokrywkami, idealne do przechowywania zi\u00f3\u0142, kt\u00f3re zachowaj\u0105 \u015bwie\u017co\u015b\u0107 przypraw i zadbaj\u0105 o porz\u0105dek w kuchni. Darmowe pr\u00f3bki.<\/p>","protected":false},"featured_media":23355,"template":"","meta":[],"product_brand":[],"product_cat":[128,124,122],"product_tag":[],"class_list":{"0":"post-23351","1":"product","2":"type-product","3":"status-publish","4":"has-post-thumbnail","6":"product_cat-spice-jars","7":"product_cat-custom-glass-jars","8":"product_cat-custom-glass-packaging","10":"first","11":"instock","12":"shipping-taxable","13":"product-type-simple"},"jetpack_sharing_enabled":true,"_links":{"self":[{"href":"https:\/\/yebodaglass.com\/pl\/wp-json\/wp\/v2\/product\/23351","targetHints":{"allow":["GET"]}}],"collection":[{"href":"https:\/\/yebodaglass.com\/pl\/wp-json\/wp\/v2\/product"}],"about":[{"href":"https:\/\/yebodaglass.com\/pl\/wp-json\/wp\/v2\/types\/product"}],"version-history":[{"count":5,"href":"https:\/\/yebodaglass.com\/pl\/wp-json\/wp\/v2\/product\/23351\/revisions"}],"predecessor-version":[{"id":25696,"href":"https:\/\/yebodaglass.com\/pl\/wp-json\/wp\/v2\/product\/23351\/revisions\/25696"}],"wp:featuredmedia":[{"embeddable":true,"href":"https:\/\/yebodaglass.com\/pl\/wp-json\/wp\/v2\/media\/23355"}],"wp:attachment":[{"href":"https:\/\/yebodaglass.com\/pl\/wp-json\/wp\/v2\/media?parent=23351"}],"wp:term":[{"taxonomy":"product_brand","embeddable":true,"href":"https:\/\/yebodaglass.com\/pl\/wp-json\/wp\/v2\/product_brand?post=23351"},{"taxonomy":"product_cat","embeddable":true,"href":"https:\/\/yebodaglass.com\/pl\/wp-json\/wp\/v2\/product_cat?post=23351"},{"taxonomy":"product_tag","embeddable":true,"href":"https:\/\/yebodaglass.com\/pl\/wp-json\/wp\/v2\/product_tag?post=23351"}],"curies":[{"name":"wp","href":"https:\/\/api.w.org\/{rel}","templated":true}]}}