{"id":23317,"date":"2025-11-06T17:00:08","date_gmt":"2025-11-06T09:00:08","guid":{"rendered":"https:\/\/yebodaglass.com\/?post_type=product&#038;p=23317"},"modified":"2025-11-06T17:00:10","modified_gmt":"2025-11-06T09:00:10","slug":"spices-jars-wholesale-glass-containers-supplier","status":"publish","type":"product","link":"https:\/\/yebodaglass.com\/pl\/spices-jars-wholesale-glass-containers-supplier\/","title":{"rendered":"S\u0142oiki na przyprawy 80ml 120ml z wieloma pokrywkami do organizacji kuchni\u00a0"},"content":{"rendered":"<p>Masz\u200d\u200d\u200d\u200d\u200d\u200d do\u015b\u0107 s\u0142oik\u00f3w na przyprawy, kt\u00f3re kapi\u0105 lub ukrywaj\u0105 Twoje smaki. Tworzymy szklane pojemniki na przyprawy o doskona\u0142ej przezroczysto\u015bci - przyprawy s\u0105 widoczne przez ca\u0142y czas. Te s\u0142oiki na przyprawy sprawi\u0105, \u017ce Twoja kuchnia stanie si\u0119 modnym miejscem. W przypadku zakup\u00f3w hurtowych marka mo\u017ce zosta\u0107 spersonalizowana za pomoc\u0105 niestandardowych opcji.<\/p>\n<h2>Cechy produktu<\/h2>\n<p><strong>Opcje bezpiecznej pokrywy<\/strong><\/p>\n<p>Aluminiowe, drewniane lub plastikowe pokrywki z uszczelk\u0105 - bez wilgotnego cukru lub nie\u015bwie\u017cego pieprzu.<\/p>\n<p><strong>Wszechstronne przechowywanie<\/strong><\/p>\n<p>Olej, sosy, m\u0105ka lub pieprz - mog\u0105 by\u0107 u\u017cywane w ka\u017cdej kuchni.<\/p>\n<p><strong>Niestandardowy projekt kolorystyczny<\/strong><\/p>\n<p>Bia\u0142e lub czarne - spersonalizowane s\u0142oiczki na przyprawy stan\u0105 si\u0119 niezwyk\u0142ym \u200d\u200d\u200d\u200d\u200d\u200d prezentem.<\/p>\n<h2>Kluczowe specyfikacje<\/h2>\n<table style=\"border-collapse: collapse; width: 80%; margin-left: auto; margin-right: auto;\" border=\"0\" width=\"144\" cellspacing=\"0\" cellpadding=\"0\">\n<tbody>\n<tr style=\"height: 13.50pt;\">\n<td style=\"height: 13.5pt; width: 54pt; text-align: center;\" width=\"72\" height=\"18\">Funkcja<\/td>\n<td style=\"width: 54pt; text-align: center;\" width=\"72\">Specyfikacja<\/td>\n<\/tr>\n<tr style=\"height: 13.50pt;\">\n<td style=\"height: 13.5pt; text-align: center;\" height=\"18\">Pojemno\u015b\u0107<\/td>\n<td style=\"text-align: center;\">80 ml 120 ml<\/td>\n<\/tr>\n<tr style=\"height: 13.50pt;\">\n<td style=\"height: 13.5pt; text-align: center;\" height=\"18\">Kszta\u0142t<\/td>\n<td style=\"text-align: center;\">Okr\u0105g\u0142y<\/td>\n<\/tr>\n<tr style=\"height: 13.50pt;\">\n<td style=\"height: 13.5pt; text-align: center;\" height=\"18\">Opcje pokrywy<\/td>\n<td style=\"text-align: center;\">Aluminium, drewno, tworzywo sztuczne<\/td>\n<\/tr>\n<tr style=\"height: 13.50pt;\">\n<td style=\"height: 13.5pt; text-align: center;\" height=\"18\">Stosowanie<\/td>\n<td style=\"text-align: center;\">Do p\u0142yn\u00f3w, takich jak sosy i oleje.<\/td>\n<\/tr>\n<\/tbody>\n<\/table>\n<h2>Historia sukcesu<\/h2>\n<p>We\u200d\u200d\u200d\u200d\u200d\u200d po\u0142\u0105czyli\u015bmy si\u0142y z kanadyjsk\u0105 mark\u0105 spo\u017cywcz\u0105, aby stworzy\u0107 spersonalizowane s\u0142oiki na przyprawy ze srebrnymi aluminiowymi pokrywkami i przezroczystymi kwadratowymi korpusami, podkre\u015blaj\u0105c w ten spos\u00f3b kolorow\u0105 tekstur\u0119 mieszanki zi\u00f3\u0142 i pieprzu w \u015brodku. Szczelna konstrukcja sprawia, \u017ce przyprawy pozostaj\u0105 \u015bwie\u017ce i \u0142adnie pachn\u0105, nawet gdy s\u0105 wysy\u0142ane z daleka lub umieszczane na p\u00f3\u0142ce.<\/p>\n<p>Po zmianie opakowania marka odnotowa\u0142a wzrost sprzeda\u017cy detalicznej o 28%, a tak\u017ce znaczny wzrost \u015bwiadomo\u015bci marki \u200d\u200d\u200d\u200d\u200d\u200d.<\/p>\n<h2>Tw\u00f3j podr\u0119cznik personalizacji<\/h2>\n<ol>\n<li><strong>Butelka\u200d\u200d\u200d\u200d\u200d\u200d\u200d Zakr\u0119tka:<\/strong> Zewn\u0119trzna cz\u0119\u015b\u0107 butelki mo\u017ce by\u0107 wykonana z metalu, bambusa lub plastiku, a kolor mo\u017cna wybra\u0107 z szerokiej gamy kolor\u00f3w, takich jak czarny, z\u0142oty i srebrny, aby zaspokoi\u0107 r\u00f3\u017cne potrzeby stylistyczne.<\/li>\n<li><strong>Opcje g\u0142o\u015bno\u015bci:<\/strong> A mo\u017ce produkt by\u0142by dost\u0119pny w r\u00f3\u017cnych rozmiarach, powiedzmy 80 ml, 120 ml i 150 ml? Wtedy u\u017cytkownik z gospodarstwa domowego, cateringu lub klient komercyjny m\u00f3g\u0142by zdecydowa\u0107, kt\u00f3ry jest dla niego najbardziej odpowiedni.<\/li>\n<li><strong>Szklana butelka:<\/strong> Okr\u0105g\u0142a lub kwadratowa butelka, z matowym lub przezroczystym wyko\u0144czeniem, to idealny szklany pojemnik na przyprawy, kt\u00f3ry jest bardziej zgodny z pozycjonowaniem marki i trendami rynkowymi \u200d\u200d\u200d\u200d\u200d\u200d.<\/li>\n<\/ol>","protected":false},"excerpt":{"rendered":"<p>Zachowaj \u015bwie\u017co\u015b\u0107 i porz\u0105dek przypraw dzi\u0119ki naszemu szklanemu pojemnikowi na przyprawy. Te wytrzyma\u0142e s\u0142oiki na przyprawy maj\u0105 metalow\u0105 pokrywk\u0119, kt\u00f3ra zapewnia hermetyczne i stylowe przechowywanie w kuchni.<\/p>","protected":false},"featured_media":23321,"template":"","meta":[],"product_brand":[],"product_cat":[122,124,128],"product_tag":[],"class_list":{"0":"post-23317","1":"product","2":"type-product","3":"status-publish","4":"has-post-thumbnail","6":"product_cat-custom-glass-packaging","7":"product_cat-custom-glass-jars","8":"product_cat-spice-jars","10":"first","11":"instock","12":"shipping-taxable","13":"product-type-simple"},"jetpack_sharing_enabled":true,"_links":{"self":[{"href":"https:\/\/yebodaglass.com\/pl\/wp-json\/wp\/v2\/product\/23317","targetHints":{"allow":["GET"]}}],"collection":[{"href":"https:\/\/yebodaglass.com\/pl\/wp-json\/wp\/v2\/product"}],"about":[{"href":"https:\/\/yebodaglass.com\/pl\/wp-json\/wp\/v2\/types\/product"}],"version-history":[{"count":4,"href":"https:\/\/yebodaglass.com\/pl\/wp-json\/wp\/v2\/product\/23317\/revisions"}],"predecessor-version":[{"id":23325,"href":"https:\/\/yebodaglass.com\/pl\/wp-json\/wp\/v2\/product\/23317\/revisions\/23325"}],"wp:featuredmedia":[{"embeddable":true,"href":"https:\/\/yebodaglass.com\/pl\/wp-json\/wp\/v2\/media\/23321"}],"wp:attachment":[{"href":"https:\/\/yebodaglass.com\/pl\/wp-json\/wp\/v2\/media?parent=23317"}],"wp:term":[{"taxonomy":"product_brand","embeddable":true,"href":"https:\/\/yebodaglass.com\/pl\/wp-json\/wp\/v2\/product_brand?post=23317"},{"taxonomy":"product_cat","embeddable":true,"href":"https:\/\/yebodaglass.com\/pl\/wp-json\/wp\/v2\/product_cat?post=23317"},{"taxonomy":"product_tag","embeddable":true,"href":"https:\/\/yebodaglass.com\/pl\/wp-json\/wp\/v2\/product_tag?post=23317"}],"curies":[{"name":"wp","href":"https:\/\/api.w.org\/{rel}","templated":true}]}}