{"id":23307,"date":"2025-11-06T14:24:09","date_gmt":"2025-11-06T06:24:09","guid":{"rendered":"https:\/\/yebodaglass.com\/?post_type=product&#038;p=23307"},"modified":"2025-11-06T16:53:42","modified_gmt":"2025-11-06T08:53:42","slug":"custom-textured-bbq-sauce-bottles-for-canning","status":"publish","type":"product","link":"https:\/\/yebodaglass.com\/pl\/custom-textured-bbq-sauce-bottles-for-canning\/","title":{"rendered":"Butelki z tekstur\u0105 sosu BBQ do konserwowania 375 ml i 500 ml"},"content":{"rendered":"<p>Te butelki na sos barbecue wykonane s\u0105 z wytrzyma\u0142ego, ci\u0119\u017ckiego, przezroczystego szk\u0142a o poziomej teksturze, kt\u00f3re nie tylko dobrze le\u017c\u0105 w d\u0142oni i s\u0105 wysokiej jako\u015bci, ale tak\u017ce \u0142\u0105cz\u0105 styl z funkcjonalno\u015bci\u0105.<\/p>\n<h2>Cechy produktu<\/h2>\n<ul>\n<li><strong>Lepszy\u200b\u200d\u200b\u200c\u200d\u200b\u200d\u200c\u200b\u200d\u200b\u200c\u200d\u200b\u200d\u200c Uchwyt:<\/strong> Dzi\u0119ki poziomej fakturze u\u017cytkownik ma pewny, antypo\u015blizgowy chwyt, co sprawia, \u017ce \u200b\u200bnabieranie i nalewanie jest bezpieczniejsze i wygodniejsze.<\/li>\n<li><strong>Szk\u0142o przezroczyste:<\/strong> Przezroczysty szklany pojemnik pozwala u\u017cytkownikom na wizualn\u0105 kontrol\u0119 koloru oraz ilo\u015bci pozosta\u0142ego sosu.<\/li>\n<li><strong>Wyb\u00f3r dw\u00f3ch rozmiar\u00f3w:<\/strong> Produkt jest dost\u0119pny w dw\u00f3ch rozmiarach, aby sprosta\u0107 r\u00f3\u017cnym potrzebom. Doskonale nadaje si\u0119 do codziennego u\u017cytku rodzinnego, porcjowania posi\u0142k\u00f3w itp.<\/li>\n<\/ul>\n<h2 style=\"text-align: left;\">Kluczowe specyfikacje<\/h2>\n<table class=\"aligncenter\" style=\"border-collapse: collapse; width: 462.77pt;\" border=\"0\" width=\"617\" cellspacing=\"0\" cellpadding=\"0\">\n<tbody>\n<tr style=\"height: 13.50pt;\">\n<td style=\"height: 13.50pt; width: 116.25pt;\" width=\"155\" height=\"18\">Funkcja<\/td>\n<td style=\"width: 346.50pt;\" width=\"462\">Specyfikacja<\/td>\n<\/tr>\n<tr style=\"height: 13.50pt;\">\n<td style=\"height: 13.50pt;\" height=\"18\">Pojemno\u015bci<\/td>\n<td>375 ml, 500 ml<\/td>\n<\/tr>\n<tr style=\"height: 13.50pt;\">\n<td style=\"height: 13.50pt;\" height=\"18\">Rozmiar opakowania<\/td>\n<td>20 \u00d7 15 \u00d7 15 cm (identyczne dla obu rozmiar\u00f3w)<\/td>\n<\/tr>\n<tr style=\"height: 13.50pt;\">\n<td style=\"height: 13.50pt;\" height=\"18\">Kszta\u0142t<\/td>\n<td>Butelka typu stout o pionowej fakturze<\/td>\n<\/tr>\n<tr style=\"height: 13.50pt;\">\n<td style=\"height: 13.50pt;\" height=\"18\">Tworzywo<\/td>\n<td>Przezroczyste szk\u0142o typu stout, dopuszczone do kontaktu z \u017cywno\u015bci\u0105, bezo\u0142owiowe<\/td>\n<\/tr>\n<tr style=\"height: 13.50pt;\">\n<td style=\"height: 13.50pt;\" height=\"18\">Opcje zamkni\u0119cia<\/td>\n<td>Zapi\u0119cie \u015brubowe w kolorze czarnym, z\u0142otym lub na zam\u00f3wienie<\/td>\n<\/tr>\n<tr style=\"height: 13.50pt;\">\n<td style=\"height: 13.50pt;\" height=\"18\">Najlepsze dla<\/td>\n<td>Sos ostry, dressing, sos pomidorowy<\/td>\n<\/tr>\n<tr style=\"height: 13.50pt;\">\n<td style=\"height: 13.50pt;\" height=\"18\">Idealne zastosowanie<\/td>\n<td>Butelka na sos BBQ, butelki na ostry sos do konserw<\/td>\n<\/tr>\n<\/tbody>\n<\/table>\n<h2>Historia sukcesu: Jak tekstura odegra\u0142a wa\u017cn\u0105 rol\u0119 w pozycjonowaniu produktu<\/h2>\n<p>Firma produkuj\u0105ca przyprawy, produkuj\u0105ca r\u0119cznie robione sosy barbecue wy\u0142\u0105cznie na rynek ameryka\u0144ski, zdecydowa\u0142a si\u0119 na zastosowanie tego teksturowanego wzoru butelki w swojej flagowej linii sos\u00f3w barbecue. Cena wzros\u0142a o 25% dzi\u0119ki ekskluzywnemu wygl\u0105dowi i lepszej przyczepno\u015bci, a ryzyko st\u0142uczenia podczas transportu spad\u0142o o 40%. W rezultacie, w pierwszej po\u0142owie roku, interakcja z klientem za pomoc\u0105 dotyku doprowadzi\u0142a do 35% wzrostu sprzeda\u017cy, co zosta\u0142o potwierdzone przez partner\u00f3w handlowych. Co dwa miesi\u0105ce firma sk\u0142ada zam\u00f3wienie na 200 000 butelek w obu rozmiarach.<\/p>\n<h2>Porady dotycz\u0105ce personalizacji butelek<\/h2>\n<ul>\n<li><strong>Kolor czapki dostosowany do indywidualnych potrzeb:<\/strong> Opr\u00f3cz koloru z\u0142otego i czarnego mo\u017cesz wybra\u0107 kolor nasadki, kt\u00f3ry b\u0119dzie pasowa\u0142 do koloru Twojej marki.<\/li>\n<li><strong>Wyb\u00f3r koloru szk\u0142a:<\/strong> Opr\u00f3cz wzor\u00f3w teksturowanych, firma oferuje r\u00f3wnie\u017c mo\u017cliwo\u015b\u0107 wyboru butelki ze szk\u0142a bursztynowego lub zielonego, chroni\u0105cej przed \u015bwiat\u0142em.<\/li>\n<li><strong>T\u0142oczenie logo marki:<\/strong> Wyt\u0142ocz logo na fakturowanym wzorze, aby uzyska\u0107 bardziej subtelny wizerunek marki.<\/li>\n<li><strong>Wariacja na temat wyko\u0144czenia tekstury:<\/strong> Mo\u017cesz wybra\u0107 p\u0142ytsz\u0105 lub g\u0142\u0119bsz\u0105 faktur\u0119 wyko\u0144czenia, w zale\u017cno\u015bci od tego, czy wolisz mocniejszy chwyt, czy efekt mi\u0119kkiej faktury.<\/li>\n<\/ul>","protected":false},"excerpt":{"rendered":"<p>Wysokiej jako\u015bci butelki na ostry sos do konserw, o stylowej, szklanej fakturze. Idealna butelka na sos barbecue do ma\u0142ych marek lub opakowa\u0144 restauracyjnych. Darmowe pr\u00f3bki.<\/p>","protected":false},"featured_media":23310,"template":"","meta":[],"product_brand":[],"product_cat":[123,122,129],"product_tag":[],"class_list":{"0":"post-23307","1":"product","2":"type-product","3":"status-publish","4":"has-post-thumbnail","6":"product_cat-custom-glass-bottles","7":"product_cat-custom-glass-packaging","8":"product_cat-hot-sauce-bottles","10":"first","11":"instock","12":"shipping-taxable","13":"product-type-simple"},"jetpack_sharing_enabled":true,"_links":{"self":[{"href":"https:\/\/yebodaglass.com\/pl\/wp-json\/wp\/v2\/product\/23307","targetHints":{"allow":["GET"]}}],"collection":[{"href":"https:\/\/yebodaglass.com\/pl\/wp-json\/wp\/v2\/product"}],"about":[{"href":"https:\/\/yebodaglass.com\/pl\/wp-json\/wp\/v2\/types\/product"}],"version-history":[{"count":5,"href":"https:\/\/yebodaglass.com\/pl\/wp-json\/wp\/v2\/product\/23307\/revisions"}],"predecessor-version":[{"id":23326,"href":"https:\/\/yebodaglass.com\/pl\/wp-json\/wp\/v2\/product\/23307\/revisions\/23326"}],"wp:featuredmedia":[{"embeddable":true,"href":"https:\/\/yebodaglass.com\/pl\/wp-json\/wp\/v2\/media\/23310"}],"wp:attachment":[{"href":"https:\/\/yebodaglass.com\/pl\/wp-json\/wp\/v2\/media?parent=23307"}],"wp:term":[{"taxonomy":"product_brand","embeddable":true,"href":"https:\/\/yebodaglass.com\/pl\/wp-json\/wp\/v2\/product_brand?post=23307"},{"taxonomy":"product_cat","embeddable":true,"href":"https:\/\/yebodaglass.com\/pl\/wp-json\/wp\/v2\/product_cat?post=23307"},{"taxonomy":"product_tag","embeddable":true,"href":"https:\/\/yebodaglass.com\/pl\/wp-json\/wp\/v2\/product_tag?post=23307"}],"curies":[{"name":"wp","href":"https:\/\/api.w.org\/{rel}","templated":true}]}}