{"id":23286,"date":"2025-11-05T17:28:17","date_gmt":"2025-11-05T09:28:17","guid":{"rendered":"https:\/\/yebodaglass.com\/?post_type=product&#038;p=23286"},"modified":"2026-03-18T16:18:23","modified_gmt":"2026-03-18T08:18:23","slug":"200ml-spherical-glass-spices-jar-with-grinder-bulk","status":"publish","type":"product","link":"https:\/\/yebodaglass.com\/pl\/200ml-spherical-glass-spices-jar-with-grinder-bulk\/","title":{"rendered":"S\u0142oik na przyprawy ze szk\u0142a sferycznego o pojemno\u015bci 200 ml z m\u0142ynkiem"},"content":{"rendered":"<p>Pojemnik na przyprawy ma ekskluzywn\u0105, kulist\u0105, przezroczyst\u0105 szklan\u0105 obudow\u0119 z eleganck\u0105 g\u0142owic\u0105 m\u0142ynka wykonan\u0105 ze stali nierdzewnej, z mo\u017cliwo\u015bci\u0105 r\u0119cznego mielenia.<\/p>\n<h2>Cechy produktu<\/h2>\n<ul>\n<li><strong>Przezroczysty, kulisty szklany s\u0142oik:<\/strong> S\u0142oik jest kulistym, przezroczystym szklanym pojemnikiem, kt\u00f3ry \u015bwietnie si\u0119 prezentuje, pi\u0119knie eksponuj\u0105c wszystkie przyprawy znajduj\u0105ce si\u0119 w s\u0142oiku i odzwierciedlaj\u0105c gust farmaceuty.<\/li>\n<li><strong>Wbudowany m\u0142ynek ze stali nierdzewnej:<\/strong> Metalowy sto\u017cek ma wbudowany m\u0142ynek, a \u015bwie\u017ce przyprawy mo\u017cna zmieli\u0107, po prostu przekr\u0119caj\u0105c metalowy sto\u017cek.<\/li>\n<li><strong>Materia\u0142 ze stali nierdzewnej:<\/strong> Sto\u017cek i nasadka ze szczotkowanego metalu wykonane s\u0105 z trwa\u0142ego, \u0142atwego do czyszczenia i odpornego na korozj\u0119 metalu.<\/li>\n<\/ul>\n<h2>Kluczowe specyfikacje<\/h2>\n<table style=\"border-collapse: collapse; width: 80%; margin-left: auto; margin-right: auto;\" border=\"0\" width=\"144\" cellspacing=\"0\" cellpadding=\"0\">\n<tbody>\n<tr style=\"height: 13.50pt;\">\n<td style=\"height: 13.5pt; width: 54pt; text-align: center;\" width=\"72\" height=\"18\">Pojemno\u015b\u0107<\/td>\n<td style=\"width: 54pt; text-align: center;\" width=\"72\">200 ml<\/td>\n<\/tr>\n<tr style=\"height: 13.50pt;\">\n<td style=\"height: 13.5pt; text-align: center;\" height=\"18\">Rozmiar (cm)<\/td>\n<td style=\"text-align: center;\">8.0 * 12.5<\/td>\n<\/tr>\n<tr style=\"height: 13.50pt;\">\n<td style=\"height: 13.5pt; text-align: center;\" height=\"18\">Kszta\u0142t<\/td>\n<td style=\"text-align: center;\">Okr\u0105g\u0142y<\/td>\n<\/tr>\n<tr style=\"height: 13.50pt;\">\n<td style=\"height: 13.5pt; text-align: center;\" height=\"18\">Akcesorium<\/td>\n<td style=\"text-align: center;\">Czapka szlifierska<\/td>\n<\/tr>\n<tr style=\"height: 13.50pt;\">\n<td style=\"height: 13.5pt; text-align: center;\" height=\"18\">Stosowanie<\/td>\n<td style=\"text-align: center;\">Czarny pieprz, s\u00f3l morska itp.<\/td>\n<\/tr>\n<\/tbody>\n<\/table>\n<h2>Historia sukcesu<\/h2>\n<p>Jeden z naszych projekt\u00f3w s\u0142oik\u00f3w na przyprawy zosta\u0142 wybrany przez specjalistyczny sklep w regionie Pacyfiku P\u00f3\u0142nocno-Zachodniego, a na stalowym sto\u017cku zaprojektowano piaskowane logo. Program przyni\u00f3s\u0142 znakomite rezultaty, poniewa\u017c sprzeda\u017c pieprzu i soli morskiej w ziarnach w opakowaniach wzros\u0142a o 40% w por\u00f3wnaniu z produktami pakowanymi. W praktyce uda\u0142o si\u0119 wyeliminowa\u0107 zwroty spowodowane awariami m\u0142ynk\u00f3w. Dzi\u0119ki tak wysokiemu poziomowi sprzeda\u017cy, firma zam\u00f3wi\u0142a kolejn\u0105 parti\u0119 600 000 s\u0142oik\u00f3w z zamiarem wprowadzenia na rynek nowych produkt\u00f3w, takich jak wysokiej jako\u015bci czosnek i sproszkowana w\u0119dzona papryka.<\/p>\n<h2>Personalizacja\u00a0<strong>S\u0142oiki na przyprawy<\/strong><\/h2>\n<ol>\n<li><strong>Materia\u0142y sk\u0142adowe do szlifowania:<\/strong> W zale\u017cno\u015bci od rodzaju przypraw, kt\u00f3rych u\u017cywasz, wybierz ceramik\u0119 aluminiow\u0105 lub stal nierdzewn\u0105.<\/li>\n<li><strong>Kszta\u0142ty i wzory:<\/strong> Dopasuj kszta\u0142t m\u0142ynka do swojego stylu lub kuchni, np. okr\u0105g\u0142y, kwadratowy lub sto\u017ckowy.<\/li>\n<li><strong>Wzory i kolory:<\/strong> Udekoruj je logotypami, wzorami i kolorami, aby uzyska\u0107 niepowtarzalny wygl\u0105d.<\/li>\n<\/ol>","protected":false},"excerpt":{"rendered":"<p>Stylowe szklane s\u0142oiki na przyprawy z m\u0142ynkiem ze stali nierdzewnej, idealne do przechowywania i mielenia pieprzu, soli lub zi\u00f3\u0142. Trwa\u0142y i elegancki wyb\u00f3r s\u0142oik\u00f3w na przyprawy.<\/p>","protected":false},"featured_media":23287,"template":"","meta":[],"product_brand":[],"product_cat":[128,124,122],"product_tag":[],"class_list":{"0":"post-23286","1":"product","2":"type-product","3":"status-publish","4":"has-post-thumbnail","6":"product_cat-spice-jars","7":"product_cat-custom-glass-jars","8":"product_cat-custom-glass-packaging","10":"first","11":"instock","12":"shipping-taxable","13":"product-type-simple"},"jetpack_sharing_enabled":true,"_links":{"self":[{"href":"https:\/\/yebodaglass.com\/pl\/wp-json\/wp\/v2\/product\/23286","targetHints":{"allow":["GET"]}}],"collection":[{"href":"https:\/\/yebodaglass.com\/pl\/wp-json\/wp\/v2\/product"}],"about":[{"href":"https:\/\/yebodaglass.com\/pl\/wp-json\/wp\/v2\/types\/product"}],"version-history":[{"count":5,"href":"https:\/\/yebodaglass.com\/pl\/wp-json\/wp\/v2\/product\/23286\/revisions"}],"predecessor-version":[{"id":25501,"href":"https:\/\/yebodaglass.com\/pl\/wp-json\/wp\/v2\/product\/23286\/revisions\/25501"}],"wp:featuredmedia":[{"embeddable":true,"href":"https:\/\/yebodaglass.com\/pl\/wp-json\/wp\/v2\/media\/23287"}],"wp:attachment":[{"href":"https:\/\/yebodaglass.com\/pl\/wp-json\/wp\/v2\/media?parent=23286"}],"wp:term":[{"taxonomy":"product_brand","embeddable":true,"href":"https:\/\/yebodaglass.com\/pl\/wp-json\/wp\/v2\/product_brand?post=23286"},{"taxonomy":"product_cat","embeddable":true,"href":"https:\/\/yebodaglass.com\/pl\/wp-json\/wp\/v2\/product_cat?post=23286"},{"taxonomy":"product_tag","embeddable":true,"href":"https:\/\/yebodaglass.com\/pl\/wp-json\/wp\/v2\/product_tag?post=23286"}],"curies":[{"name":"wp","href":"https:\/\/api.w.org\/{rel}","templated":true}]}}