{"id":23277,"date":"2025-11-05T16:32:10","date_gmt":"2025-11-05T08:32:10","guid":{"rendered":"https:\/\/yebodaglass.com\/?post_type=product&#038;p=23277"},"modified":"2026-03-19T11:29:08","modified_gmt":"2026-03-19T03:29:08","slug":"cylindrical-airtight-spice-jars-with-stainless-lid-bulk","status":"publish","type":"product","link":"https:\/\/yebodaglass.com\/pl\/cylindrical-airtight-spice-jars-with-stainless-lid-bulk\/","title":{"rendered":"100 ml cylindryczne, hermetyczne s\u0142oiki na przyprawy z pokrywk\u0105 ze stali nierdzewnej"},"content":{"rendered":"<p>Te hermetyczne s\u0142oiki na przyprawy maj\u0105 g\u0142adki, cylindryczny kszta\u0142t, s\u0105 wykonane z wysokiej jako\u015bci, przezroczystego szk\u0142a i maj\u0105 pokrywki ze stali nierdzewnej. Doskonale nadaj\u0105 si\u0119 do przechowywania przypraw, dlatego mo\u017cna je wykorzysta\u0107 do przechowywania przypraw w spi\u017carni lub na blacie kuchennym.<\/p>\n<h2>Cechy produktu<\/h2>\n<ul>\n<li><strong>Przejrzysta, cylindryczna konstrukcja:<\/strong> Szklane \u015bcianki s\u0105 proste, a dno p\u0142askie, co zapewnia du\u017c\u0105 stabilno\u015b\u0107 i pozwala na pe\u0142n\u0105 widoczno\u015b\u0107 zawarto\u015bci oraz poziomu nape\u0142nienia.<\/li>\n<li><strong>Hermetyczna pokrywa ze stali nierdzewnej:<\/strong> Zakr\u0119cana pokrywka wykonana jest ze szczotkowanej stali nierdzewnej, co gwarantuje niezawodn\u0105, \u200b\u200bhermetyczn\u0105 pokrywk\u0119, kt\u00f3ra zachowuje smak i aromat potrawy.<\/li>\n<li><strong>\u0141atwe czyszczenie i konserwacja:<\/strong> Zar\u00f3wno szk\u0142o, jak i stal nierdzewna s\u0105 odporne na ciep\u0142o, \u0142atwe do czyszczenia i uzupe\u0142niania, przyjazne dla \u015brodowiska i mog\u0105 by\u0107 u\u017cywane w kuchni przez d\u0142ugi czas.<\/li>\n<\/ul>\n<h2>Kluczowe specyfikacje<\/h2>\n<table style=\"border-collapse: collapse; width: 80%; margin-left: auto; margin-right: auto;\" border=\"0\" width=\"144\" cellspacing=\"0\" cellpadding=\"0\">\n<tbody>\n<tr style=\"height: 13.50pt;\">\n<td style=\"height: 13.5pt; width: 54pt; text-align: center;\" width=\"72\" height=\"18\">Pojemno\u015b\u0107<\/td>\n<td style=\"width: 54pt; text-align: center;\" width=\"72\">100 ml<\/td>\n<\/tr>\n<tr style=\"height: 13.50pt;\">\n<td style=\"height: 13.5pt; text-align: center;\" height=\"18\">Rozmiar (cm)<\/td>\n<td style=\"text-align: center;\">4,3 x 9,4<\/td>\n<\/tr>\n<tr style=\"height: 13.50pt;\">\n<td style=\"height: 13.5pt; text-align: center;\" height=\"18\">Kszta\u0142t<\/td>\n<td style=\"text-align: center;\">Cylinder<\/td>\n<\/tr>\n<tr style=\"height: 13.50pt;\">\n<td style=\"height: 13.5pt; text-align: center;\" height=\"18\">Kolor<\/td>\n<td style=\"text-align: center;\">Wyczy\u015b\u0107 lub niestandardowo<\/td>\n<\/tr>\n<tr style=\"height: 13.50pt;\">\n<td style=\"height: 13.5pt; text-align: center;\" height=\"18\">Stosowanie<\/td>\n<td style=\"text-align: center;\">Do suchych przypraw, takich jak pieprz, s\u00f3l, cukier, mielona kawa<\/td>\n<\/tr>\n<\/tbody>\n<\/table>\n<h2>Historia sukcesu<\/h2>\n<p>Nasze hermetyczne s\u0142oiki na przyprawy oraz spersonalizowane firmowe etykiety miarowe i silikonowe pier\u015bcienie uszczelniaj\u0105ce zosta\u0142y zam\u00f3wione przez og\u00f3lnopolsk\u0105 sie\u0107 sklep\u00f3w ze zdrow\u0105 \u017cywno\u015bci\u0105. Wyniki by\u0142y imponuj\u0105ce: najlepsze uszczelnienie pier\u015bcieni na przyprawy wyd\u0142u\u017cy\u0142o okres przydatno\u015bci higroskopijnych przypraw, takich jak cynamon i ga\u0142ka muszkato\u0142owa, o 30%, co zmniejszy\u0142o straty. Szklane s\u0142oiki by\u0142y przezroczyste i mia\u0142y oznaczenia, co pomaga\u0142o pracownikom utrzyma\u0107 optymalny poziom zapas\u00f3w, a tak\u017ce pozwoli\u0142o im zaoszcz\u0119dzi\u0107 20% czasu po\u015bwi\u0119canego na uzupe\u0142nianie zapas\u00f3w. Dzi\u0119ki tym dobrym wynikom firma z\u0142o\u017cy\u0142a kolejne zam\u00f3wienie na 220 000 puszek, zamierzaj\u0105c rozszerzy\u0107 system na lini\u0119 herbat hurtowych i proszk\u00f3w od\u017cywczych.<\/p>\n<h2>Personalizacja\u00a0<strong>Pojemnik do przechowywania przypraw<\/strong><\/h2>\n<ol>\n<li><strong>Materia\u0142 i kolor ok\u0142adki mo\u017cna dostosowa\u0107:<\/strong> Dost\u0119pne s\u0105 cztery r\u00f3\u017cne style pokrywek (szczotkowana stal nierdzewna, matowa czer\u0144, r\u00f3\u017cowe z\u0142oto lub mied\u017a), kt\u00f3re pozwalaj\u0105 na dopasowanie wygl\u0105du do r\u00f3\u017cnych kolekcji kuchennych.<\/li>\n<li><strong>Powierzchnia s\u0142oika szklanego:<\/strong> Przezroczysty s\u0142oik mo\u017cna przekszta\u0142ci\u0107 w wersj\u0119 mro\u017con\u0105 lub piaskowan\u0105, a tak\u017ce nadrukowa\u0107 na nim logo marki lub podzia\u0142ki, \u0142\u0105cz\u0105c w ten spos\u00f3b pi\u0119kno z funkcjonalno\u015bci\u0105.<\/li>\n<li><strong>Ich rozmiary mog\u0105 by\u0107 nast\u0119puj\u0105ce:<\/strong> wykonywane na zam\u00f3wienie, umo\u017cliwiaj\u0105ce przechowywanie przypraw, herbat lub produkt\u00f3w suszonych w dowolnej ilo\u015bci.<\/li>\n<\/ol>","protected":false},"excerpt":{"rendered":"<p>Wysokiej jako\u015bci, hermetyczne s\u0142oiki na przyprawy ze stalowymi pokrywkami i przezroczystym korpusem. Stylowy pojemnik do przechowywania przypraw, idealny do organizacji kuchni. Dostawa bezpo\u015brednio z fabryki.<\/p>","protected":false},"featured_media":23278,"template":"","meta":[],"product_brand":[],"product_cat":[124,122,128],"product_tag":[],"class_list":{"0":"post-23277","1":"product","2":"type-product","3":"status-publish","4":"has-post-thumbnail","6":"product_cat-custom-glass-jars","7":"product_cat-custom-glass-packaging","8":"product_cat-spice-jars","10":"first","11":"instock","12":"shipping-taxable","13":"product-type-simple"},"jetpack_sharing_enabled":true,"_links":{"self":[{"href":"https:\/\/yebodaglass.com\/pl\/wp-json\/wp\/v2\/product\/23277","targetHints":{"allow":["GET"]}}],"collection":[{"href":"https:\/\/yebodaglass.com\/pl\/wp-json\/wp\/v2\/product"}],"about":[{"href":"https:\/\/yebodaglass.com\/pl\/wp-json\/wp\/v2\/types\/product"}],"version-history":[{"count":5,"href":"https:\/\/yebodaglass.com\/pl\/wp-json\/wp\/v2\/product\/23277\/revisions"}],"predecessor-version":[{"id":25515,"href":"https:\/\/yebodaglass.com\/pl\/wp-json\/wp\/v2\/product\/23277\/revisions\/25515"}],"wp:featuredmedia":[{"embeddable":true,"href":"https:\/\/yebodaglass.com\/pl\/wp-json\/wp\/v2\/media\/23278"}],"wp:attachment":[{"href":"https:\/\/yebodaglass.com\/pl\/wp-json\/wp\/v2\/media?parent=23277"}],"wp:term":[{"taxonomy":"product_brand","embeddable":true,"href":"https:\/\/yebodaglass.com\/pl\/wp-json\/wp\/v2\/product_brand?post=23277"},{"taxonomy":"product_cat","embeddable":true,"href":"https:\/\/yebodaglass.com\/pl\/wp-json\/wp\/v2\/product_cat?post=23277"},{"taxonomy":"product_tag","embeddable":true,"href":"https:\/\/yebodaglass.com\/pl\/wp-json\/wp\/v2\/product_tag?post=23277"}],"curies":[{"name":"wp","href":"https:\/\/api.w.org\/{rel}","templated":true}]}}