{"id":23259,"date":"2025-11-05T15:32:38","date_gmt":"2025-11-05T07:32:38","guid":{"rendered":"https:\/\/yebodaglass.com\/?post_type=product&#038;p=23259"},"modified":"2025-11-05T15:32:40","modified_gmt":"2025-11-05T07:32:40","slug":"glass-seasoning-bottles-with-hole-lid-wholesale","status":"publish","type":"product","link":"https:\/\/yebodaglass.com\/pl\/glass-seasoning-bottles-with-hole-lid-wholesale\/","title":{"rendered":"Butelki na przyprawy szklane o pojemno\u015bci 50 ml i 80 ml z otworem na wieczko"},"content":{"rendered":"<p>Nie chcesz s\u0142oik\u00f3w na przyprawy, kt\u00f3re przeciekaj\u0105 lub zas\u0142aniaj\u0105 sk\u0142adniki? Oferujemy pojemniki na przyprawy z uchwytem o fakturowanej kratce \u2013 koniec z wy\u015blizgiwaniem si\u0119 uchwytu. Te pojemniki na przyprawy sprawi\u0105, \u017ce Twoja kuchnia stanie si\u0119 stylowym centrum. Zam\u00f3wienia hurtowe obejmuj\u0105 niestandardowe kolory pokrywek, dopasowane do Twojej marki.<\/p>\n<h2>Cechy produktu<\/h2>\n<p><strong>Uchwyt tekstury siatki<\/strong><\/p>\n<p>Wypustki nie tylko dodaj\u0105 komfortu, ale i stylu \u2014 dzi\u0119ki nim butelki z przyprawami b\u0119d\u0105 wydawa\u0107 si\u0119 produktem najwy\u017cszej jako\u015bci.<\/p>\n<p><strong>Kolorowe opcje pokrywek<\/strong><\/p>\n<p>Wybierz czerwon\u0105, czarn\u0105, \u017c\u00f3\u0142t\u0105 lub zielon\u0105 pokrywk\u0119, a Tw\u00f3j spersonalizowany pojemnik na przyprawy stanie si\u0119 wyj\u0105tkowym prezentem.<\/p>\n<p><strong>Krystaliczna przejrzysto\u015b\u0107<\/strong><\/p>\n<p>Przezroczyste szk\u0142o eksponuje ka\u017cde ziarno \u2014 klienci od razu ufaj\u0105 Twoim pojemnikom na przyprawy.<\/p>\n<h2>Kluczowe specyfikacje<\/h2>\n<table style=\"border-collapse: collapse; width: 80%; margin-left: auto; margin-right: auto;\" border=\"0\" width=\"144\" cellspacing=\"0\" cellpadding=\"0\">\n<tbody>\n<tr style=\"height: 13.50pt;\">\n<td style=\"height: 13.5pt; width: 54pt; text-align: center;\" width=\"72\" height=\"18\">Pojemno\u015b\u0107<\/td>\n<td style=\"width: 54pt; text-align: center;\" width=\"72\">50ml,80ml<\/td>\n<\/tr>\n<tr style=\"height: 13.50pt;\">\n<td style=\"height: 13.5pt; text-align: center;\" height=\"18\">Opcje pokrywy<\/td>\n<td style=\"text-align: center;\">Plastik, metal, bambus<\/td>\n<\/tr>\n<tr style=\"height: 13.50pt;\">\n<td style=\"height: 13.5pt; text-align: center;\" height=\"18\">Kszta\u0142t<\/td>\n<td style=\"text-align: center;\">Cylinder<\/td>\n<\/tr>\n<tr style=\"height: 13.50pt;\">\n<td style=\"height: 13.5pt; text-align: center;\" height=\"18\">Kolor<\/td>\n<td style=\"text-align: center;\">Wyczy\u015b\u0107 (konfigurowalny)<\/td>\n<\/tr>\n<tr style=\"height: 13.50pt;\">\n<td style=\"height: 13.5pt; text-align: center;\" height=\"18\">Nadaje si\u0119 do<\/td>\n<td style=\"text-align: center;\">Restauracje, kawiarnie, supermarkety itp.<\/td>\n<\/tr>\n<\/tbody>\n<\/table>\n<h2>Przypadek sukcesu<\/h2>\n<p>Sie\u0107 meksyka\u0144skich restauracji nawi\u0105za\u0142a z nami wsp\u00f3\u0142prac\u0119, aby spersonalizowa\u0107 te 80-mililitrowe szklane pojemniki na przyprawy. Wybrane zosta\u0142y ze wzgl\u0119du na idealny rozmiar i przezroczysto\u015b\u0107, aby klienci mogli szybko rozpozna\u0107 r\u00f3\u017cne przyprawy. \u017bywe czerwone nakr\u0119tki nawi\u0105zuj\u0105 do kolor\u00f3w marki restauracji, a nadruk logo na butelce dodaje jej odrobin\u0119 wyrafinowania.<\/p>\n<p>Po wprowadzeniu tej modyfikacji zadowolenie klient\u00f3w znacznie wzros\u0142o, a personel stwierdzi\u0142, \u017ce uzupe\u0142nianie przypraw i czyszczenie sta\u0142o si\u0119 bardzo wygodne.<\/p>\n<h2>Tw\u00f3j podr\u0119cznik personalizacji<\/h2>\n<ol>\n<li><strong>Mo\u017cliwo\u015b\u0107 dostosowania kolor\u00f3w nasadek:<\/strong> Wybierz plastikow\u0105 nakr\u0119tk\u0119 w innym kolorze, na przyk\u0142ad czarnym, zielonym lub czerwonym, aby pasowa\u0142a do wizerunku marki lub stylu restauracji. Dzi\u0119ki temu uzyskasz og\u00f3ln\u0105 harmoni\u0119 wizualn\u0105 i b\u0119dziesz estetycznie zadowolony z efektu.<\/li>\n<li><strong>R\u00f3\u017cne opcje pojemno\u015bci:<\/strong> Mo\u017cliwo\u015b\u0107 dostosowania do r\u00f3\u017cnych pojemno\u015bci, tak aby zaspokoi\u0107 potrzeby dw\u00f3ch rodzaj\u00f3w kuchni: domowych i restauracyjnych, kt\u00f3re r\u00f3\u017cni\u0105 si\u0119 pojemno\u015bci\u0105.<\/li>\n<\/ol>","protected":false},"excerpt":{"rendered":"<p>Wytrzyma\u0142e szklane butelki na przyprawy z czerwonymi zakr\u0119tkami, idealne do przechowywania soli, pieprzu i chili w proszku. Idealne do domowych kuchni i restauracji.<\/p>","protected":false},"featured_media":23269,"template":"","meta":[],"product_brand":[],"product_cat":[122,124,128],"product_tag":[],"class_list":{"0":"post-23259","1":"product","2":"type-product","3":"status-publish","4":"has-post-thumbnail","6":"product_cat-custom-glass-packaging","7":"product_cat-custom-glass-jars","8":"product_cat-spice-jars","10":"first","11":"instock","12":"shipping-taxable","13":"product-type-simple"},"jetpack_sharing_enabled":true,"_links":{"self":[{"href":"https:\/\/yebodaglass.com\/pl\/wp-json\/wp\/v2\/product\/23259","targetHints":{"allow":["GET"]}}],"collection":[{"href":"https:\/\/yebodaglass.com\/pl\/wp-json\/wp\/v2\/product"}],"about":[{"href":"https:\/\/yebodaglass.com\/pl\/wp-json\/wp\/v2\/types\/product"}],"version-history":[{"count":5,"href":"https:\/\/yebodaglass.com\/pl\/wp-json\/wp\/v2\/product\/23259\/revisions"}],"predecessor-version":[{"id":23276,"href":"https:\/\/yebodaglass.com\/pl\/wp-json\/wp\/v2\/product\/23259\/revisions\/23276"}],"wp:featuredmedia":[{"embeddable":true,"href":"https:\/\/yebodaglass.com\/pl\/wp-json\/wp\/v2\/media\/23269"}],"wp:attachment":[{"href":"https:\/\/yebodaglass.com\/pl\/wp-json\/wp\/v2\/media?parent=23259"}],"wp:term":[{"taxonomy":"product_brand","embeddable":true,"href":"https:\/\/yebodaglass.com\/pl\/wp-json\/wp\/v2\/product_brand?post=23259"},{"taxonomy":"product_cat","embeddable":true,"href":"https:\/\/yebodaglass.com\/pl\/wp-json\/wp\/v2\/product_cat?post=23259"},{"taxonomy":"product_tag","embeddable":true,"href":"https:\/\/yebodaglass.com\/pl\/wp-json\/wp\/v2\/product_tag?post=23259"}],"curies":[{"name":"wp","href":"https:\/\/api.w.org\/{rel}","templated":true}]}}