{"id":23258,"date":"2025-11-05T13:20:07","date_gmt":"2025-11-05T05:20:07","guid":{"rendered":"https:\/\/yebodaglass.com\/?post_type=product&#038;p=23258"},"modified":"2026-03-24T13:44:04","modified_gmt":"2026-03-24T05:44:04","slug":"wholesale-clear-empty-glass-bottles-for-hot-sauce","status":"publish","type":"product","link":"https:\/\/yebodaglass.com\/pl\/wholesale-clear-empty-glass-bottles-for-hot-sauce\/","title":{"rendered":"Hurtowa sprzeda\u017c 8-uncjowych pustych, przezroczystych butelek szklanych na ostry sos"},"content":{"rendered":"<p>Butelki na ostry sos maj\u0105 stylowy, cylindryczny kszta\u0142t z wysokim stanem i wykonane s\u0105 z g\u0142adkiego, krystalicznie czystego szk\u0142a, a ich stylowa czarna zakr\u0119tka gwarantuje szczelne zamkni\u0119cie.<\/p>\n<h2>Cechy produktu<\/h2>\n<ul>\n<li><strong>Uchwyt zakrzywiony:<\/strong> Sto\u017ckowy kszta\u0142t pozwala na \u0142atwy chwyt nawet wtedy, gdy d\u0142o\u0144 jest \u015bliska, a tak\u017ce zapewnia bardziej stabilne i wygodne nalewanie.<\/li>\n<li><strong>Szk\u0142o przezroczyste o wysokiej widoczno\u015bci:<\/strong> Szklana butelka sprawia, \u017ce \u200b\u200bjaskrawe kolory i tekstury sos\u00f3w, przypraw lub olej\u00f3w kuchennych staj\u0105 si\u0119 wyrazistym akcentem.<\/li>\n<li><strong>Bezpieczna czarna plomba:<\/strong> L\u015bni\u0105ca, czarna zakr\u0119tka zapobiega przeciekaniu zawarto\u015bci i zapewnia jej \u015bwie\u017co\u015b\u0107.<\/li>\n<\/ul>\n<h2 style=\"text-align: left;\">Kluczowe specyfikacje<\/h2>\n<table class=\"aligncenter\" style=\"border-collapse: collapse; width: 399.02pt;\" border=\"0\" width=\"532\" cellspacing=\"0\" cellpadding=\"0\">\n<tbody>\n<tr style=\"height: 13.50pt;\">\n<td style=\"height: 13.50pt; width: 94.50pt;\" width=\"126\" height=\"18\">Funkcja<\/td>\n<td style=\"width: 304.50pt;\" width=\"406\">Specyfikacja<\/td>\n<\/tr>\n<tr style=\"height: 13.50pt;\">\n<td style=\"height: 13.50pt;\" height=\"18\">Pojemno\u015b\u0107<\/td>\n<td>250 ml (8 uncji)<\/td>\n<\/tr>\n<tr style=\"height: 13.50pt;\">\n<td style=\"height: 13.50pt;\" height=\"18\">Wymiary<\/td>\n<td>5,2 cm (\u015brednica) \u00d7 18,8 cm (wysoko\u015b\u0107)<\/td>\n<\/tr>\n<tr style=\"height: 13.50pt;\">\n<td style=\"height: 13.50pt;\" height=\"18\">Kszta\u0142t<\/td>\n<td>Smuk\u0142y, cylindryczny, z d\u0142ug\u0105 szyjk\u0105<\/td>\n<\/tr>\n<tr style=\"height: 13.50pt;\">\n<td style=\"height: 13.50pt;\" height=\"18\">Tworzywo<\/td>\n<td>Przezroczyste szk\u0142o typu stout, dopuszczone do kontaktu z \u017cywno\u015bci\u0105, bezo\u0142owiowe<\/td>\n<\/tr>\n<tr style=\"height: 13.50pt;\">\n<td style=\"height: 13.50pt;\" height=\"18\">Zamkni\u0119cie<\/td>\n<td>czarna nakr\u0119tka (mo\u017cliwo\u015b\u0107 personalizacji)<\/td>\n<\/tr>\n<tr style=\"height: 13.50pt;\">\n<td style=\"height: 13.50pt;\" height=\"18\">Najlepsze dla<\/td>\n<td>Sos ostry, sos BBQ, przyprawa, dressing<\/td>\n<\/tr>\n<tr style=\"height: 13.50pt;\">\n<td style=\"height: 13.50pt;\" height=\"18\">Idealne zastosowanie<\/td>\n<td>Butelki na ostry sos, butelki luzem na ostry sos<\/td>\n<\/tr>\n<\/tbody>\n<\/table>\n<h2>Historia sukcesu<\/h2>\n<p>Nasze butelki na sosy by\u0142y u\u017cywane przez mark\u0119 r\u0119cznie robionych ostrych sos\u00f3w z Karoliny P\u00f3\u0142nocnej. Butelka ma specjaln\u0105, spersonalizowan\u0105 etykiet\u0119 w stylu vintage, a nakr\u0119tka jest wy\u0142o\u017cona czarn\u0105 \u017cywic\u0105 fenolow\u0105, kt\u00f3ra nie nagrzewa si\u0119. Efekt zastosowania spersonalizowanego opakowania by\u0142 ogromny: szklana butelka by\u0142a przezroczysta, co uwydatnia\u0142o tekstur\u0119 i kolor ostrego sosu, co zwi\u0119kszy\u0142o sprzeda\u017c bezpo\u015bredni\u0105 online o 30 procent. Wysokiej jako\u015bci wygl\u0105d pozwoli\u0142 firmie z powodzeniem otworzy\u0107 200 nowych butik\u00f3w spo\u017cywczych i sklep\u00f3w z upominkami. Po tym sukcesie firma zam\u00f3wi\u0142a kolejn\u0105 parti\u0119 750 000 butelek, aby wprowadzi\u0107 na rynek now\u0105 mark\u0119 pikantnych sos\u00f3w barbecue i marynat.<\/p>\n<h2>Pomys\u0142y na modyfikacj\u0119 butelek<\/h2>\n<ul>\n<li><strong>Alternatywy dla witra\u017cy:<\/strong> Opr\u00f3cz zastosowania szk\u0142a przezroczystego, mo\u017cna zdecydowa\u0107 si\u0119 na butelki ze szk\u0142a bursztynowego lub zielonego, aby podnie\u015b\u0107 wizerunek produktu i zapewni\u0107 mu ochron\u0119 przed \u015bwiat\u0142em.<\/li>\n<li><strong>Niestandardowe kolory czapek:<\/strong> Je\u015bli zdecydujesz si\u0119 na u\u017cycie innego koloru nasadki ni\u017c na przyk\u0142ad czarny, mo\u017ce to by\u0107 kolor Twojej marki, kt\u00f3ry b\u0119dzie pasowa\u0142 i dobrze wygl\u0105da\u0142 razem z reszt\u0105, np. bia\u0142y, z\u0142oty lub srebrny.<\/li>\n<li><strong>T\u0142oczenie:<\/strong> Jednym ze sposob\u00f3w na dodanie szklanej butelce eleganckiego i luksusowego stylu bez krzykliwo\u015bci jest wyt\u0142oczenie logo na ramieniu lub spodzie butelki.<\/li>\n<li><strong>R\u00f3\u017cne rozmiary wylewek:<\/strong> Wybierz odpowiedni rozmiar dyszy, aby mie\u0107 pe\u0142n\u0105 kontrol\u0119 nad przep\u0142ywem sosu, niezale\u017cnie od tego, czy jest rzadki jak ocet, czy g\u0119sty jak sos barbecue.<\/li>\n<\/ul>","protected":false},"excerpt":{"rendered":"<p>Eleganckie, cylindryczne butelki na sosy z czarn\u0105 pokrywk\u0105. Idealne butelki na ostre sosy, podkre\u015blaj\u0105ce ich tekstur\u0119 i kolor. Darmowe pr\u00f3bki i rabaty przy zakupie hurtowym!<\/p>","protected":false},"featured_media":23261,"template":"","meta":[],"product_brand":[],"product_cat":[129,123,122],"product_tag":[],"class_list":{"0":"post-23258","1":"product","2":"type-product","3":"status-publish","4":"has-post-thumbnail","6":"product_cat-hot-sauce-bottles","7":"product_cat-custom-glass-bottles","8":"product_cat-custom-glass-packaging","10":"first","11":"instock","12":"shipping-taxable","13":"product-type-simple"},"jetpack_sharing_enabled":true,"_links":{"self":[{"href":"https:\/\/yebodaglass.com\/pl\/wp-json\/wp\/v2\/product\/23258","targetHints":{"allow":["GET"]}}],"collection":[{"href":"https:\/\/yebodaglass.com\/pl\/wp-json\/wp\/v2\/product"}],"about":[{"href":"https:\/\/yebodaglass.com\/pl\/wp-json\/wp\/v2\/types\/product"}],"version-history":[{"count":4,"href":"https:\/\/yebodaglass.com\/pl\/wp-json\/wp\/v2\/product\/23258\/revisions"}],"predecessor-version":[{"id":25585,"href":"https:\/\/yebodaglass.com\/pl\/wp-json\/wp\/v2\/product\/23258\/revisions\/25585"}],"wp:featuredmedia":[{"embeddable":true,"href":"https:\/\/yebodaglass.com\/pl\/wp-json\/wp\/v2\/media\/23261"}],"wp:attachment":[{"href":"https:\/\/yebodaglass.com\/pl\/wp-json\/wp\/v2\/media?parent=23258"}],"wp:term":[{"taxonomy":"product_brand","embeddable":true,"href":"https:\/\/yebodaglass.com\/pl\/wp-json\/wp\/v2\/product_brand?post=23258"},{"taxonomy":"product_cat","embeddable":true,"href":"https:\/\/yebodaglass.com\/pl\/wp-json\/wp\/v2\/product_cat?post=23258"},{"taxonomy":"product_tag","embeddable":true,"href":"https:\/\/yebodaglass.com\/pl\/wp-json\/wp\/v2\/product_tag?post=23258"}],"curies":[{"name":"wp","href":"https:\/\/api.w.org\/{rel}","templated":true}]}}