{"id":23250,"date":"2025-11-05T10:42:43","date_gmt":"2025-11-05T02:42:43","guid":{"rendered":"https:\/\/yebodaglass.com\/?post_type=product&#038;p=23250"},"modified":"2026-03-24T14:51:50","modified_gmt":"2026-03-24T06:51:50","slug":"bulk-unique-hot-sauce-bottles-with-textured-design","status":"publish","type":"product","link":"https:\/\/yebodaglass.com\/pl\/bulk-unique-hot-sauce-bottles-with-textured-design\/","title":{"rendered":"Butelki na sosy pikantne o pojemno\u015bci 500 ml z teksturowanym wzorem"},"content":{"rendered":"<p>To ekskluzywna, unikatowa butelka na ostry sos o wygl\u0105dzie retro, z dobrze teksturowan\u0105 szyjk\u0105 i denkiem z \u017cebrowanymi detalami. Butelka wykonana jest z krystalicznie czystego szk\u0142a i posiada g\u0142adk\u0105, czarn\u0105 zakr\u0119tk\u0119.<\/p>\n<h2>Cechy produktu<\/h2>\n<ul>\n<li><strong>Ozdobne \u017cebrowane detale:<\/strong> \u017bebrowane zdobienia na szyjce i podstawie zapewniaj\u0105 lepszy chwyt, tworz\u0105 wizualn\u0105 faktur\u0119 i wzmacniaj\u0105 wra\u017cenie stylu vintage.<\/li>\n<li><strong>Szk\u0142o ekspozycyjne o doskona\u0142ej przejrzysto\u015bci:<\/strong> Przezroczyste szk\u0142o dzia\u0142a jak przezroczyste okno, kt\u00f3re bez \u017cadnych skaz pokazuje kolor, konsystencj\u0119 sosu i wszelkie zanieczyszczenia.<\/li>\n<li><strong>Prosta czarna czapka:<\/strong> Matowa lub b\u0142yszcz\u0105ca czarna zakr\u0119tka zapewni \u015bcis\u0142e dopasowanie i czysty, kontrastowy efekt.<\/li>\n<\/ul>\n<h2 style=\"text-align: left;\">Kluczowe specyfikacje<\/h2>\n<table class=\"aligncenter\" style=\"border-collapse: collapse; width: 498.77pt;\" border=\"0\" width=\"665\" cellspacing=\"0\" cellpadding=\"0\">\n<tbody>\n<tr style=\"height: 13.50pt;\">\n<td style=\"height: 13.50pt; width: 118.50pt;\" width=\"158\" height=\"18\">Funkcja<\/td>\n<td style=\"width: 380.25pt;\" width=\"507\">Specyfikacja<\/td>\n<\/tr>\n<tr style=\"height: 13.50pt;\">\n<td style=\"height: 13.50pt;\" height=\"18\">Pojemno\u015b\u0107<\/td>\n<td>500 ml<\/td>\n<\/tr>\n<tr style=\"height: 13.50pt;\">\n<td style=\"height: 13.50pt;\" height=\"18\">Rozmiar opakowania<\/td>\n<td>23\u00d718\u00d720 cm<\/td>\n<\/tr>\n<tr style=\"height: 13.50pt;\">\n<td style=\"height: 13.50pt;\" height=\"18\">Kszta\u0142t<\/td>\n<td>Wysoka, cylindryczna, z d\u0142ug\u0105 szyj\u0105 i rozszerzonymi ramionami<\/td>\n<\/tr>\n<tr style=\"height: 13.50pt;\">\n<td style=\"height: 13.50pt;\" height=\"18\">Tworzywo<\/td>\n<td>Przezroczyste szk\u0142o typu stout, dopuszczone do kontaktu z \u017cywno\u015bci\u0105, bezo\u0142owiowe<\/td>\n<\/tr>\n<tr style=\"height: 13.50pt;\">\n<td style=\"height: 13.50pt;\" height=\"18\">Szczeg\u00f3\u0142y powierzchni<\/td>\n<td>Wyt\u0142oczony pasek z faktur\u0105 u podstawy i ko\u0142nierzyka<\/td>\n<\/tr>\n<tr style=\"height: 13.50pt;\">\n<td style=\"height: 13.50pt;\" height=\"18\">Zamkni\u0119cie<\/td>\n<td>Matowa czarna nakr\u0119tka (mo\u017cliwo\u015b\u0107 personalizacji)<\/td>\n<\/tr>\n<tr style=\"height: 13.50pt;\">\n<td style=\"height: 13.50pt;\" height=\"18\">Najlepsze dla<\/td>\n<td>Sos ostry, sos BBQ, dressing, ocet, syrop, przyprawa<\/td>\n<\/tr>\n<tr style=\"height: 13.50pt;\">\n<td style=\"height: 13.50pt;\" height=\"18\">Idealne zastosowanie<\/td>\n<td>Hurtowa sprzeda\u017c butelek z ostrym sosem, wyj\u0105tkowe butelki z ostrym sosem<\/td>\n<\/tr>\n<\/tbody>\n<\/table>\n<h2>Historia sukcesu<\/h2>\n<p>Jedna z popularnych marek sos\u00f3w pikantnych z Luizjany wybra\u0142a nasze szklane butelki do sos\u00f3w i stworzy\u0142a etykiet\u0119 z sitodrukiem w stylu vintage. Ich spersonalizowana butelka odnios\u0142a ogromny sukces: staromodny wygl\u0105d idealnie pasowa\u0142 do historii marki, dzi\u0119ki czemu sprzeda\u017c w sklepach z upominkami i specjalistycznych sklepach spo\u017cywczych wzros\u0142a o jedn\u0105 czwart\u0105. Butelka z faktur\u0105 podkre\u015bla\u0142a dziedzictwo marki, co prze\u0142o\u017cy\u0142o si\u0119 na wzrost sprzeda\u017cy prezent\u00f3w o 35%. W zwi\u0105zku z tym firma zam\u00f3wi\u0142a kolejn\u0105 parti\u0119 400 000 butelek nowej linii produkt\u00f3w z galaretk\u0105 chili i marynowanymi warzywami.<\/p>\n<h2>Szklane butelki na sosy \u2013 sugestie personalizacji<\/h2>\n<ul>\n<li><strong>Kolory szk\u0142a teksturowanego:<\/strong> Na kolorowym szkle, np. bursztynowym lub zielonym, mo\u017cna wykona\u0107 teksturowane wzory, dzi\u0119ki kt\u00f3rym butelka na ostry sos b\u0119dzie wygl\u0105da\u0107 naprawd\u0119 wyj\u0105tkowo.<\/li>\n<li><strong>Dopasowanie koloru czapki:<\/strong> Spersonalizuj kolor nakr\u0119tki. Z\u0142ote, srebrne lub matowo czarne nakr\u0119tki mog\u0105 nada\u0107 opakowaniom nowy wygl\u0105d.<\/li>\n<li><strong>Kilka wzor\u00f3w tekstur:<\/strong> Wzory mog\u0105 by\u0107 r\u00f3\u017cnego rodzaju - tekstury pionowe, wzory rombowe lub subtelne, mro\u017cone logo na fakturze.<\/li>\n<li><strong>Wyb\u00f3r regulatora przep\u0142ywu:<\/strong> Regulator przep\u0142ywu o odpowiednim rozmiarze to doskona\u0142y wyb\u00f3r, je\u015bli zale\u017cy Ci na doskona\u0142ej kontroli przep\u0142ywu g\u0119stych sos\u00f3w lub rzadkich oct\u00f3w.<\/li>\n<\/ul>","protected":false},"excerpt":{"rendered":"<p>Eleganckie i wyj\u0105tkowe butelki na ostry sos z teksturowanymi szyjkami i podstawkami. Wysokiej jako\u015bci szklane butelki na sosy, sprzeda\u017c hurtowa bezpo\u015brednio u producenta z szybk\u0105 wysy\u0142k\u0105.<\/p>","protected":false},"featured_media":23253,"template":"","meta":[],"product_brand":[],"product_cat":[129,123,122],"product_tag":[],"class_list":{"0":"post-23250","1":"product","2":"type-product","3":"status-publish","4":"has-post-thumbnail","6":"product_cat-hot-sauce-bottles","7":"product_cat-custom-glass-bottles","8":"product_cat-custom-glass-packaging","10":"first","11":"instock","12":"shipping-taxable","13":"product-type-simple"},"jetpack_sharing_enabled":true,"_links":{"self":[{"href":"https:\/\/yebodaglass.com\/pl\/wp-json\/wp\/v2\/product\/23250","targetHints":{"allow":["GET"]}}],"collection":[{"href":"https:\/\/yebodaglass.com\/pl\/wp-json\/wp\/v2\/product"}],"about":[{"href":"https:\/\/yebodaglass.com\/pl\/wp-json\/wp\/v2\/types\/product"}],"version-history":[{"count":5,"href":"https:\/\/yebodaglass.com\/pl\/wp-json\/wp\/v2\/product\/23250\/revisions"}],"predecessor-version":[{"id":25590,"href":"https:\/\/yebodaglass.com\/pl\/wp-json\/wp\/v2\/product\/23250\/revisions\/25590"}],"wp:featuredmedia":[{"embeddable":true,"href":"https:\/\/yebodaglass.com\/pl\/wp-json\/wp\/v2\/media\/23253"}],"wp:attachment":[{"href":"https:\/\/yebodaglass.com\/pl\/wp-json\/wp\/v2\/media?parent=23250"}],"wp:term":[{"taxonomy":"product_brand","embeddable":true,"href":"https:\/\/yebodaglass.com\/pl\/wp-json\/wp\/v2\/product_brand?post=23250"},{"taxonomy":"product_cat","embeddable":true,"href":"https:\/\/yebodaglass.com\/pl\/wp-json\/wp\/v2\/product_cat?post=23250"},{"taxonomy":"product_tag","embeddable":true,"href":"https:\/\/yebodaglass.com\/pl\/wp-json\/wp\/v2\/product_tag?post=23250"}],"curies":[{"name":"wp","href":"https:\/\/api.w.org\/{rel}","templated":true}]}}