{"id":23225,"date":"2025-11-05T10:06:40","date_gmt":"2025-11-05T02:06:40","guid":{"rendered":"https:\/\/yebodaglass.com\/?post_type=product&#038;p=23225"},"modified":"2026-04-10T09:35:05","modified_gmt":"2026-04-10T01:35:05","slug":"stainless-steel-seasoning-shakers-with-glass-window-bulk","status":"publish","type":"product","link":"https:\/\/yebodaglass.com\/pl\/stainless-steel-seasoning-shakers-with-glass-window-bulk\/","title":{"rendered":"Pojemniki na przyprawy ze stali nierdzewnej o pojemno\u015bci 3 uncji z okienkiem szklanym, hurtowe"},"content":{"rendered":"<p>Pojemniki na przyprawy maj\u0105 elegancki, cylindryczny kszta\u0142t, kt\u00f3rego zewn\u0119trzna cz\u0119\u015b\u0107 wykonana jest ze szczotkowanej stali nierdzewnej, a wn\u0119trze wyposa\u017cono w owalne, przezroczyste okienko, przez kt\u00f3re wyra\u017anie wida\u0107 kolorowe przyprawy znajduj\u0105ce si\u0119 w \u015brodku.<\/p>\n<h2>Cechy produktu<\/h2>\n<ul>\n<li><strong>Jako\u015bciowe butelki ze stali nierdzewnej:<\/strong> Obudowa ze szczotkowanej stali nierdzewnej jest odporna na rdz\u0119, \u0142atwa do czyszczenia i wystarczaj\u0105co wytrzyma\u0142a, aby sprosta\u0107 codziennym wyzwaniom kuchennym.<\/li>\n<li><strong>Zintegrowane okienko podgl\u0105du:<\/strong> Przezroczyste owalne okienko pozwala na \u0142atw\u0105 kontrol\u0119 rodzaju i ilo\u015bci pozosta\u0142ych przypraw, bez ryzyka ich zmarnowania.<\/li>\n<li><strong>Regulowana nasadka wstrz\u0105sowa:<\/strong> Zakr\u0119tka posiada pokr\u0119t\u0142o, kt\u00f3re mo\u017cna ustawi\u0107 w trzech pozycjach: zamkn\u0105\u0107, zrasza\u0107 i wylewa\u0107, co umo\u017cliwia precyzyjn\u0105 kontrol\u0119 zakr\u0119tki.<\/li>\n<\/ul>\n<h2>Kluczowe specyfikacje<\/h2>\n<table style=\"border-collapse: collapse; width: 80%; height: auto; margin-left: auto; margin-right: auto;\" border=\"0\" width=\"360\" cellspacing=\"0\" cellpadding=\"0\">\n<tbody>\n<tr style=\"height: 13.50pt;\">\n<td style=\"height: 13.5pt; width: 54pt; text-align: center;\" width=\"72\" height=\"18\">Pojemno\u015b\u0107<\/td>\n<td style=\"width: 54pt; text-align: center;\" width=\"72\">Kszta\u0142t<\/td>\n<td style=\"width: 54pt; text-align: center;\" width=\"72\">Tworzywo<\/td>\n<td style=\"width: 54pt; text-align: center;\" width=\"72\">\u03a0\u03bb\u03b1\u03c3\u03c4\u03b9\u03ba\u03cc PET<\/td>\n<td style=\"width: 54pt; text-align: center;\" width=\"72\">Stosowanie<\/td>\n<\/tr>\n<tr style=\"height: 13.50pt;\">\n<td style=\"height: 13.5pt; text-align: center;\" height=\"18\">80 ml, 90 ml, 100 ml<\/td>\n<td style=\"text-align: center;\">Cylinder<\/td>\n<td style=\"text-align: center;\">Stal nierdzewna 304 + szk\u0142o<\/td>\n<td style=\"text-align: center;\">Czerwony, czarny, niebieski, zielony<\/td>\n<td style=\"text-align: center;\">Do soli, pieprzu, p\u0142atk\u00f3w chili lub innych mielonych przypraw<\/td>\n<\/tr>\n<\/tbody>\n<\/table>\n<h2>Historia sukcesu: Ponowne otwarcie sieci restauracji z owocami morza na Florydzie<\/h2>\n<p>Nasze butelki na przyprawy ze stali nierdzewnej zosta\u0142y wybrane przez sie\u0107 restauracji z owocami morza na Florydzie, kt\u00f3ra personalizowa\u0142a swoje logo i projekt butelki. Przezroczyste okienko umo\u017cliwia kelnerom szybkie uzupe\u0142nianie butelek, co pozwala unikn\u0105\u0107 pustych butelek i przyspiesza obs\u0142ug\u0119 kelnersk\u0105 o 15%. Regulowane zamkni\u0119cie zmniejsza straty, a reakcje restauracji wskazuj\u0105, \u017ce straty przypraw zosta\u0142y zminimalizowane o oko\u0142o 15%. Sie\u0107 restauracji by\u0142a tak zadowolona z produktu, \u017ce zam\u00f3wi\u0142a kolejne 100 000 butelek przypraw, aby zaopatrzy\u0107 wszystkie 50 swoich lokali, a tak\u017ce uruchomi\u0142a now\u0105 lini\u0119 sprzeda\u017cy detalicznej w\u0142asnej marki przypraw.<\/p>\n<h2>Tw\u00f3j podr\u0119cznik personalizacji<\/h2>\n<ul>\n<li><strong>Wyko\u0144czenia i kolory butelek:<\/strong> Butelki dost\u0119pne s\u0105 w wersji ze stali nierdzewnej tradycyjnej, czarnej, miedzianej lub br\u0105zowej.<\/li>\n<li><strong>Projekt okna:<\/strong> Okienka o okr\u0105g\u0142ym, kwadratowym kszta\u0142cie i z logo marki.<\/li>\n<li><strong>Wk\u0142adki do czapek:<\/strong> Dost\u0119pne s\u0105 r\u00f3\u017cne rodzaje perforacji, takie jak perforacja drobna, \u015brednia i gruba.<\/li>\n<\/ul>","protected":false},"excerpt":{"rendered":"<p>Pojemniki na przyprawy premium z obudow\u0105 ze szczotkowanej stali nierdzewnej i regulowan\u0105 pokrywk\u0105. Niezawodne pojemniki na przyprawy, idealne do przypraw kuchennych i zi\u00f3\u0142. Szybka wysy\u0142ka.<\/p>","protected":false},"featured_media":23242,"template":"","meta":[],"product_brand":[],"product_cat":[128,124,122],"product_tag":[],"class_list":{"0":"post-23225","1":"product","2":"type-product","3":"status-publish","4":"has-post-thumbnail","6":"product_cat-spice-jars","7":"product_cat-custom-glass-jars","8":"product_cat-custom-glass-packaging","10":"first","11":"instock","12":"shipping-taxable","13":"product-type-simple"},"jetpack_sharing_enabled":true,"_links":{"self":[{"href":"https:\/\/yebodaglass.com\/pl\/wp-json\/wp\/v2\/product\/23225","targetHints":{"allow":["GET"]}}],"collection":[{"href":"https:\/\/yebodaglass.com\/pl\/wp-json\/wp\/v2\/product"}],"about":[{"href":"https:\/\/yebodaglass.com\/pl\/wp-json\/wp\/v2\/types\/product"}],"version-history":[{"count":5,"href":"https:\/\/yebodaglass.com\/pl\/wp-json\/wp\/v2\/product\/23225\/revisions"}],"predecessor-version":[{"id":25475,"href":"https:\/\/yebodaglass.com\/pl\/wp-json\/wp\/v2\/product\/23225\/revisions\/25475"}],"wp:featuredmedia":[{"embeddable":true,"href":"https:\/\/yebodaglass.com\/pl\/wp-json\/wp\/v2\/media\/23242"}],"wp:attachment":[{"href":"https:\/\/yebodaglass.com\/pl\/wp-json\/wp\/v2\/media?parent=23225"}],"wp:term":[{"taxonomy":"product_brand","embeddable":true,"href":"https:\/\/yebodaglass.com\/pl\/wp-json\/wp\/v2\/product_brand?post=23225"},{"taxonomy":"product_cat","embeddable":true,"href":"https:\/\/yebodaglass.com\/pl\/wp-json\/wp\/v2\/product_cat?post=23225"},{"taxonomy":"product_tag","embeddable":true,"href":"https:\/\/yebodaglass.com\/pl\/wp-json\/wp\/v2\/product_tag?post=23225"}],"curies":[{"name":"wp","href":"https:\/\/api.w.org\/{rel}","templated":true}]}}