{"id":23199,"date":"2025-11-04T16:03:47","date_gmt":"2025-11-04T08:03:47","guid":{"rendered":"https:\/\/yebodaglass.com\/?post_type=product&#038;p=23199"},"modified":"2026-03-24T13:23:16","modified_gmt":"2026-03-24T05:23:16","slug":"wholesale-square-glass-empty-hot-sauce-bottles","status":"publish","type":"product","link":"https:\/\/yebodaglass.com\/pl\/wholesale-square-glass-empty-hot-sauce-bottles\/","title":{"rendered":"Hurtowa sprzeda\u017c kwadratowych pustych butelek na ostry sos szklanych 100 ml, 150 ml i 250 ml"},"content":{"rendered":"<p>S\u0105 to puste, prostok\u0105tne butelki na ostry sos, o g\u0142adkich bokach, wykonane z przejrzystego szk\u0142a, z gwintowan\u0105 szyjk\u0105 i g\u0142adk\u0105, czarn\u0105 zakr\u0119tk\u0105.<\/p>\n<h2>Cechy produktu<\/h2>\n<ul>\n<li><strong>Aggiungi il tuo logo ai tuoi barattoli di vetro. Ad esempio, la collezione &#034;Honey Bloom&#034; presenta barattoli color verde salvia.<\/strong> Szklane \u015bcianki s\u0105 przezroczyste, dzi\u0119ki czemu mo\u017cna \u0142atwo zajrze\u0107 do \u015brodka i sprawdzi\u0107 poziom nape\u0142nienia, co jest idealnym rozwi\u0105zaniem do przygotowywania kolorowych sos\u00f3w i dressing\u00f3w.<\/li>\n<li><strong>Bezpieczna czarna nakr\u0119tka:<\/strong> Prosta, czarna plastikowa zakr\u0119tka jest szczelna, dzi\u0119ki czemu sosy pozostaj\u0105 \u015bwie\u017ce i nie przeciekaj\u0105.<\/li>\n<li><strong>Zaokr\u0105glone rogi kwadratowe:<\/strong> Butelka ma sto\u017ckowy, zaokr\u0105glony i kwadratowy kszta\u0142t, dzi\u0119ki czemu wygodnie le\u017cy w d\u0142oni i nie wy\u015blizguje si\u0119 z r\u0105k, co pozwala na uk\u0142adanie jej w stosy, oszcz\u0119dzaj\u0105c miejsce podczas przechowywania i transportu.<\/li>\n<\/ul>\n<h2 style=\"text-align: left;\">Kluczowe specyfikacje<\/h2>\n<table class=\"aligncenter\" style=\"border-collapse: collapse; width: 702.77pt;\" border=\"0\" width=\"937\" cellspacing=\"0\" cellpadding=\"0\">\n<tbody>\n<tr style=\"height: 13.50pt;\">\n<td style=\"height: 13.50pt; width: 112.50pt;\" width=\"150\" height=\"18\">Przedmiot<\/td>\n<td style=\"width: 590.25pt;\" width=\"787\">Bli\u017csze dane<\/td>\n<\/tr>\n<tr style=\"height: 13.50pt;\">\n<td style=\"height: 13.50pt;\" height=\"18\">Pojemno\u015b\u0107<\/td>\n<td>100 ml\/3 uncje (4 x 13,2 cm), 150 ml\/5 uncji (4,4 x 16,6 cm), 250 ml\/8 uncji (5,1 x 19,7 cm)<\/td>\n<\/tr>\n<tr style=\"height: 13.50pt;\">\n<td style=\"height: 13.50pt;\" height=\"18\">Kszta\u0142t<\/td>\n<td>Przekr\u00f3j kwadratowy z zaokr\u0105glonymi naro\u017cnikami<\/td>\n<\/tr>\n<tr style=\"height: 13.50pt;\">\n<td style=\"height: 13.50pt;\" height=\"18\">Tworzywo<\/td>\n<td>Szk\u0142o przezroczyste, dopuszczone do kontaktu z \u017cywno\u015bci\u0105, bezo\u0142owiowe<\/td>\n<\/tr>\n<tr style=\"height: 13.50pt;\">\n<td style=\"height: 13.50pt;\" height=\"18\">Czapka<\/td>\n<td>Matowa czer\u0144, biel, czerwona nakr\u0119tka<\/td>\n<\/tr>\n<tr style=\"height: 13.50pt;\">\n<td style=\"height: 13.50pt;\" height=\"18\">Najlepsze zastosowania<\/td>\n<td>Sos chili, sos barbecue, sos sa\u0142atkowy, przyprawy<\/td>\n<\/tr>\n<tr style=\"height: 13.50pt;\">\n<td style=\"height: 13.50pt;\" height=\"18\">Idealne zastosowania<\/td>\n<td>Hurtowa sprzeda\u017c butelek z ostrym sosem, szklanych butelek z dressingiem<\/td>\n<\/tr>\n<\/tbody>\n<\/table>\n<h2>Historia sukcesu: Jak butelki Square Bottles pomog\u0142y markom spo\u017cywczym si\u0119 rozwija\u0107<\/h2>\n<p>Jedna marka aromatyzowanych olej\u00f3w kuchennych i przyprawy na bazie octu chcia\u0142a opakowania, kt\u00f3re odzwierciedla\u0142oby ich modny, ekskluzywny wizerunek marki. Ostateczn\u0105 decyzj\u0105 by\u0142o wybranie naszych 250 ml zag\u0119szczonych kwadratowych szklanych butelek na przyprawy i z\u0142o\u017cenie pierwszego zam\u00f3wienia na 1000 sztuk. Rezultatem by\u0142 absolutny triumf. Wielu kupuj\u0105cych przyci\u0105gn\u0105\u0142 unikalny kwadratowy kszta\u0142t produktu, wi\u0119c sprzeda\u017c wzros\u0142a o 70%. Ponadto zag\u0119szczony szklany materia\u0142 by\u0142 odpowiedzialny za zmniejszenie st\u0142ucze\u0144 podczas dostawy o 45%. Firma nie zwleka\u0142a d\u0142ugo ze z\u0142o\u017ceniem drugiego zam\u00f3wienia na 30 000 butelek i wprowadzono na rynek produkt o pojemno\u015bci 150 ml, kt\u00f3ry im odpowiada\u0142. Obecnie stosuj\u0105 kwadratowy wz\u00f3r we wszystkich swoich liniach produkt\u00f3w i co kwarta\u0142 zamawiaj\u0105 ponad 200 000 butelek.<\/p>\n<h2>Opcje personalizacji szklanych butelek do dressingu<\/h2>\n<ul>\n<li><strong>Panele matowe:<\/strong> Dodaj kontrastowe, matowe panele pionowe po bokach kwadratowej butelki, aby uzyska\u0107 szykowny i nowoczesny styl.<\/li>\n<li><strong>Wyt\u0142oczone logo:<\/strong> Wyt\u0142ocz swoje logo na jednej z p\u0142askich powierzchni, aby uzyska\u0107 subtelny i wysokiej klasy wizerunek marki.<\/li>\n<li><strong>Opcje witra\u017cy:<\/strong> Kwadratowa n\u00f3\u017cka mo\u017ce by\u0107 wykonana ze szk\u0142a bursztynowego lub zielonego, aby chroni\u0107 wra\u017cliwe na \u015bwiat\u0142o olej i ocet przed powstawaniem plam.<\/li>\n<\/ul>\n<p>Jeste\u015b gotowy, aby przenie\u015b\u0107 swoje opakowania na wy\u017cszy poziom? Skontaktuj si\u0119 z nami ju\u017c dzi\u015b, aby uzyska\u0107 hurtowe ceny na puste, kwadratowe butelki po sosie chili i szklane butelki po sosie sa\u0142atkowym.<\/p>","protected":false},"excerpt":{"rendered":"<p>Wysokiej jako\u015bci puste butelki na ostry sos i dressing wykonane z wytrzyma\u0142ego, kwadratowego szk\u0142a o stylowym i nowoczesnym wygl\u0105dzie. Mo\u017cliwo\u015b\u0107 personalizacji logo, darmowe pr\u00f3bki!<\/p>","protected":false},"featured_media":23208,"template":"","meta":[],"product_brand":[],"product_cat":[129,123,122],"product_tag":[],"class_list":{"0":"post-23199","1":"product","2":"type-product","3":"status-publish","4":"has-post-thumbnail","6":"product_cat-hot-sauce-bottles","7":"product_cat-custom-glass-bottles","8":"product_cat-custom-glass-packaging","10":"first","11":"instock","12":"shipping-taxable","13":"product-type-simple"},"jetpack_sharing_enabled":true,"_links":{"self":[{"href":"https:\/\/yebodaglass.com\/pl\/wp-json\/wp\/v2\/product\/23199","targetHints":{"allow":["GET"]}}],"collection":[{"href":"https:\/\/yebodaglass.com\/pl\/wp-json\/wp\/v2\/product"}],"about":[{"href":"https:\/\/yebodaglass.com\/pl\/wp-json\/wp\/v2\/types\/product"}],"version-history":[{"count":5,"href":"https:\/\/yebodaglass.com\/pl\/wp-json\/wp\/v2\/product\/23199\/revisions"}],"predecessor-version":[{"id":25582,"href":"https:\/\/yebodaglass.com\/pl\/wp-json\/wp\/v2\/product\/23199\/revisions\/25582"}],"wp:featuredmedia":[{"embeddable":true,"href":"https:\/\/yebodaglass.com\/pl\/wp-json\/wp\/v2\/media\/23208"}],"wp:attachment":[{"href":"https:\/\/yebodaglass.com\/pl\/wp-json\/wp\/v2\/media?parent=23199"}],"wp:term":[{"taxonomy":"product_brand","embeddable":true,"href":"https:\/\/yebodaglass.com\/pl\/wp-json\/wp\/v2\/product_brand?post=23199"},{"taxonomy":"product_cat","embeddable":true,"href":"https:\/\/yebodaglass.com\/pl\/wp-json\/wp\/v2\/product_cat?post=23199"},{"taxonomy":"product_tag","embeddable":true,"href":"https:\/\/yebodaglass.com\/pl\/wp-json\/wp\/v2\/product_tag?post=23199"}],"curies":[{"name":"wp","href":"https:\/\/api.w.org\/{rel}","templated":true}]}}