{"id":23183,"date":"2025-11-04T17:02:49","date_gmt":"2025-11-04T09:02:49","guid":{"rendered":"https:\/\/yebodaglass.com\/?post_type=product&#038;p=23183"},"modified":"2026-03-17T15:44:22","modified_gmt":"2026-03-17T07:44:22","slug":"clear-glass-spice-containers-with-horizontal-ribbed-bulk","status":"publish","type":"product","link":"https:\/\/yebodaglass.com\/pl\/clear-glass-spice-containers-with-horizontal-ribbed-bulk\/","title":{"rendered":"250 ml przezroczyste szklane pojemniki na przyprawy z poziomymi \u017cebrami"},"content":{"rendered":"<p>Ten pojemnik na przyprawy ma charakterystyczn\u0105, teksturowan\u0105 i zaokr\u0105glon\u0105 szklan\u0105 butelk\u0119. Jest ona nie tylko przyjemna w dotyku, ale r\u00f3wnie\u017c zapewnia dobry, antypo\u015blizgowy chwyt. Butelka jest przezroczysta, dzi\u0119ki czemu kolory przypraw s\u0105 w niej dobrze widoczne. Nakr\u0119tka wykonana jest z polerowanej stali nierdzewnej i ma wiele drobnych otwor\u00f3w, kt\u00f3re umo\u017cliwiaj\u0105 precyzyjne dozowanie.<\/p>\n<h2>Cechy produktu<\/h2>\n<ul>\n<li><strong>Butelka antypo\u015blizgowa Ripple:<\/strong> Wielowarstwowy, okr\u0105g\u0142y wz\u00f3r zapewnia lepszy chwyt i mocniejsz\u0105 konstrukcj\u0119 butelki, co zapobiega problemowi przewracania si\u0119.<\/li>\n<li><strong>Szk\u0142o o wysokiej przejrzysto\u015bci:<\/strong> To doskona\u0142e szk\u0142o o wysokiej przejrzysto\u015bci, wykonane z materia\u0142u dopuszczonego do kontaktu z \u017cywno\u015bci\u0105. Pojemnik jest bardzo przejrzysty, a kszta\u0142t i ilo\u015b\u0107 ziarnistych przypraw w \u015brodku mo\u017cna \u0142atwo rozpozna\u0107, patrz\u0105c na pojemnik.<\/li>\n<li><strong>Metalowa nakr\u0119tka z wieloma perforacjami:<\/strong> Metalowa nakr\u0119tka z wieloma otworami, wykonana ze srebra, posiada r\u00f3wnomiernie rozmieszczone perforacje, dzi\u0119ki czemu dozowanie przypraw w granulkach jest precyzyjne, a ryzyko rozsypania i marnotrawstwa jest niewielkie.<\/li>\n<\/ul>\n<h2>Kluczowe specyfikacje<\/h2>\n<table style=\"border-collapse: collapse; width: 80%; margin-left: auto; margin-right: auto;\" border=\"0\" width=\"360\" cellspacing=\"0\" cellpadding=\"0\">\n<tbody>\n<tr style=\"height: 13.50pt;\">\n<td style=\"height: 13.5pt; width: 54pt; text-align: center;\" width=\"72\" height=\"18\">Pojemno\u015b\u0107<\/td>\n<td style=\"width: 54pt; text-align: center;\" width=\"72\">Rozmiar (cm)<\/td>\n<td style=\"width: 54pt; text-align: center;\" width=\"72\">Rodzaj pokrywki<\/td>\n<td style=\"width: 54pt; text-align: center;\" width=\"72\">Kszta\u0142t<\/td>\n<td style=\"width: 54pt; text-align: center;\" width=\"72\">Stosowanie<\/td>\n<\/tr>\n<tr style=\"height: 13.50pt;\">\n<td style=\"height: 13.5pt; text-align: center;\" height=\"18\">250 ml<\/td>\n<td style=\"text-align: center;\">7,0 x 12<\/td>\n<td style=\"text-align: center;\">Metalowa dwuwarstwowa pokrywa sita<\/td>\n<td style=\"text-align: center;\">Cylinder<\/td>\n<td style=\"text-align: center;\">Do soli, pieprzu i zi\u00f3\u0142; Do u\u017cytku domowego; Restauracji<\/td>\n<\/tr>\n<\/tbody>\n<\/table>\n<h2>Przypadek sukcesu<\/h2>\n<p>Nasza \u017cebrowana szklana butelka na przyprawy zosta\u0142a wybrana przez brytyjsk\u0105 mark\u0119 specjalizuj\u0105c\u0105 si\u0119 w \u017cywno\u015bci specjalistycznej, a jej specjalnie zaprojektowana \u017cebrowana, matowa faktura i zakr\u0119tka w kolorze miedzi zosta\u0142y zaprojektowane z my\u015bl\u0105 o jej atrakcyjno\u015bci. Jednym z atut\u00f3w jest lepszy chwyt, o czym \u015bwiadczy 25% pozytywnych opinii klient\u00f3w. Przyprawy w przezroczystym szkle prezentuj\u0105 si\u0119 idealnie dzi\u0119ki swojemu kolorowi i jako\u015bci. Marka odnios\u0142a du\u017cy sukces i od tego czasu zam\u00f3wi\u0142a 200 000 dodatkowych szklanych s\u0142oik\u00f3w, aby zapakowa\u0107 w nie swoj\u0105 rozszerzon\u0105 ofert\u0119 przypraw, kt\u00f3re b\u0119d\u0105 dost\u0119pne w luksusowych domach towarowych.<\/p>\n<h2>Personalizacja pojemnik\u00f3w na przyprawy<\/h2>\n<ul>\n<li>Profil \u017cebrowany: Szeroko\u015b\u0107, g\u0142\u0119boko\u015b\u0107 i odleg\u0142o\u015b\u0107 mi\u0119dzy poziomymi \u017cebrami mo\u017cna dostosowa\u0107, aby stworzy\u0107 indywidualne wra\u017cenia dotykowe.<\/li>\n<li>Rodzaj otworu: Pojemnik mo\u017ce mie\u0107 r\u00f3\u017cnej wielko\u015bci otwory (ma\u0142e otwory umo\u017cliwiaj\u0105 wsypywanie przypraw w proszku, du\u017ce otwory umo\u017cliwiaj\u0105 wsypywanie przypraw w p\u0142atkach) lub mo\u017ce mie\u0107 dwa otwory.<\/li>\n<li>Sitodruk: Nadrukuj podzia\u0142ki, nazwy przypraw lub drobne ozdobne kraw\u0119dzie na szklanej butelce.<\/li>\n<li>Rozmiary i pojemno\u015bci: \u017bebrowana konstrukcja jest taka sama, ale dost\u0119pna w r\u00f3\u017cnych rozmiarach, tj. od butelek 30 ml do butelek 200 ml.<\/li>\n<\/ul>","protected":false},"excerpt":{"rendered":"<p>Wytrzyma\u0142y szklany pojemnik na przyprawy z teksturowan\u0105 obudow\u0105 i metalow\u0105 pokrywk\u0105 typu shaker. Praktyczna butelka na przyprawy, idealna do przechowywania pieprzu, zi\u00f3\u0142 i przypraw. Bezp\u0142atne pr\u00f3bki.<\/p>","protected":false},"featured_media":23194,"template":"","meta":[],"product_brand":[],"product_cat":[20,128,83],"product_tag":[],"class_list":{"0":"post-23183","1":"product","2":"type-product","3":"status-publish","4":"has-post-thumbnail","6":"product_cat-glass-containers","7":"product_cat-spice-jars","8":"product_cat-glass-jars","10":"first","11":"instock","12":"shipping-taxable","13":"product-type-simple"},"jetpack_sharing_enabled":true,"_links":{"self":[{"href":"https:\/\/yebodaglass.com\/pl\/wp-json\/wp\/v2\/product\/23183","targetHints":{"allow":["GET"]}}],"collection":[{"href":"https:\/\/yebodaglass.com\/pl\/wp-json\/wp\/v2\/product"}],"about":[{"href":"https:\/\/yebodaglass.com\/pl\/wp-json\/wp\/v2\/types\/product"}],"version-history":[{"count":5,"href":"https:\/\/yebodaglass.com\/pl\/wp-json\/wp\/v2\/product\/23183\/revisions"}],"predecessor-version":[{"id":25477,"href":"https:\/\/yebodaglass.com\/pl\/wp-json\/wp\/v2\/product\/23183\/revisions\/25477"}],"wp:featuredmedia":[{"embeddable":true,"href":"https:\/\/yebodaglass.com\/pl\/wp-json\/wp\/v2\/media\/23194"}],"wp:attachment":[{"href":"https:\/\/yebodaglass.com\/pl\/wp-json\/wp\/v2\/media?parent=23183"}],"wp:term":[{"taxonomy":"product_brand","embeddable":true,"href":"https:\/\/yebodaglass.com\/pl\/wp-json\/wp\/v2\/product_brand?post=23183"},{"taxonomy":"product_cat","embeddable":true,"href":"https:\/\/yebodaglass.com\/pl\/wp-json\/wp\/v2\/product_cat?post=23183"},{"taxonomy":"product_tag","embeddable":true,"href":"https:\/\/yebodaglass.com\/pl\/wp-json\/wp\/v2\/product_tag?post=23183"}],"curies":[{"name":"wp","href":"https:\/\/api.w.org\/{rel}","templated":true}]}}