{"id":23180,"date":"2025-11-04T14:52:48","date_gmt":"2025-11-04T06:52:48","guid":{"rendered":"https:\/\/yebodaglass.com\/?post_type=product&#038;p=23180"},"modified":"2025-11-04T17:40:01","modified_gmt":"2025-11-04T09:40:01","slug":"bulk-sauce-containers-8oz-glass-bottle-for-hot-sauce","status":"publish","type":"product","link":"https:\/\/yebodaglass.com\/pl\/bulk-sauce-containers-8oz-glass-bottle-for-hot-sauce\/","title":{"rendered":"Pojemniki na sos luzem \u2013 szklana butelka 8 uncji na ostry sos"},"content":{"rendered":"<p>Te pojemniki na sos maj\u0105 przezroczyst\u0105 szklan\u0105 obudow\u0119 o szykownym sto\u017ckowym kszta\u0142cie i czerwon\u0105 pokrywk\u0119, co nadaje im prosty, a zarazem wyj\u0105tkowy wygl\u0105d, kt\u00f3ry idealnie komponuje si\u0119 z kolorem sosu w \u015brodku.<\/p>\n<h2>Cechy produktu<\/h2>\n<ul>\n<li><strong>Materia\u0142 szklany przezroczysty:<\/strong> Pojemnik wykonany jest z przezroczystego szk\u0142a, dzi\u0119ki czemu mo\u017cna od razu zobaczy\u0107 kolor i obj\u0119to\u015b\u0107 sosu.<\/li>\n<li><strong>Wci\u0119ta konstrukcja:<\/strong> Opakowanie ozdobiono wzorem w talii o p\u0142ynnych i niepowtarzalnych liniach, kt\u00f3re nie tylko upi\u0119kszaj\u0105 produkt, ale tak\u017ce u\u0142atwiaj\u0105 rozpoznawanie marki.<\/li>\n<li><strong>Pojedyncza pojemno\u015b\u0107:<\/strong> Pojedyncza pojemno\u015b\u0107 tego pojemnika na sos to jedyna opcja, kt\u00f3ra pozwala u\u017cytkownikom spe\u0142ni\u0107 ich specyficzne potrzeby, a jednocze\u015bnie nadaje si\u0119 do codziennego u\u017cytku domowego, us\u0142ug cateringowych i wielu innych okazji.<\/li>\n<\/ul>\n<h2 style=\"text-align: left;\">Kluczowe specyfikacje<\/h2>\n<table class=\"aligncenter\" style=\"border-collapse: collapse; width: 409.52pt;\" border=\"0\" width=\"546\" cellspacing=\"0\" cellpadding=\"0\">\n<tbody>\n<tr style=\"height: 13.50pt;\">\n<td style=\"height: 13.50pt; width: 112.50pt;\" width=\"150\" height=\"18\">Funkcja<\/td>\n<td style=\"width: 297.00pt;\" width=\"396\">Specyfikacja<\/td>\n<\/tr>\n<tr style=\"height: 13.50pt;\">\n<td style=\"height: 13.50pt;\" height=\"18\">Pojemno\u015b\u0107<\/td>\n<td>250 ml (8 uncji)<\/td>\n<\/tr>\n<tr style=\"height: 13.50pt;\">\n<td style=\"height: 13.50pt;\" height=\"18\">Kszta\u0142t butelki<\/td>\n<td>Wci\u0119ty cylindryczny (rze\u017abiony \u015brodek)<\/td>\n<\/tr>\n<tr style=\"height: 13.50pt;\">\n<td style=\"height: 13.50pt;\" height=\"18\">Tworzywo<\/td>\n<td>Przezroczyste szk\u0142o stout<\/td>\n<\/tr>\n<tr style=\"height: 13.50pt;\">\n<td style=\"height: 13.50pt;\" height=\"18\">Zamkni\u0119cie<\/td>\n<td>Czerwona nakr\u0119tka<\/td>\n<\/tr>\n<tr style=\"height: 13.50pt;\">\n<td style=\"height: 13.50pt;\" height=\"18\">Rozmiar opakowania<\/td>\n<td>15 cm \u00d7 17 cm \u00d7 30 cm<\/td>\n<\/tr>\n<tr style=\"height: 13.50pt;\">\n<td style=\"height: 13.50pt;\" height=\"18\">Najlepsze dla<\/td>\n<td>Sos ostry, sos BBQ, dressing, przyprawa<\/td>\n<\/tr>\n<tr style=\"height: 13.50pt;\">\n<td style=\"height: 13.50pt;\" height=\"18\">Idealne zastosowanie<\/td>\n<td>Pojemniki na ostry sos, hurtowe butelki na sos<\/td>\n<\/tr>\n<\/tbody>\n<\/table>\n<h2>Historia sukcesu: Od targowiska spo\u0142eczno\u015bciowego do sklep\u00f3w detalicznych o zasi\u0119gu og\u00f3lnopolskim<\/h2>\n<p>Producent sosu habanero w ma\u0142ych partiach pocz\u0105tkowo zaopatrywa\u0142 jedynie lokalne targi rolnicze. Maj\u0105c mo\u017cliwo\u015b\u0107 rozwoju dzia\u0142alno\u015bci, poszukiwa\u0142 profesjonalnej butelki na sos, kt\u00f3r\u0105 mo\u017cna by\u0142o skalowa\u0107. Ostatecznie wybrali nasze 250-mililitrowe, zw\u0119\u017cane pojemniki na ostry sos i opatrzyli je swoim logo. Ich pierwsze zam\u00f3wienie opiewa\u0142o na zaledwie 2000 butelek. Rezultaty by\u0142y imponuj\u0105ce. Ju\u017c na samym pocz\u0105tku zw\u0119\u017cany kszta\u0142t doprowadzi\u0142 do znacznego wzrostu rozpoznawalno\u015bci marki \u2013 jedna z marek ostrych sos\u00f3w odnotowa\u0142a 47% wzrost sprzeda\u017cy detalicznej i 65% wzrost liczby ponownych zakup\u00f3w. W rezultacie tego sukcesu sie\u0107 z\u0142o\u017cy\u0142a kolejne zam\u00f3wienie na 500 000 butelek ostrego sosu. Firma obecnie u\u017cywa tych pojemnik\u00f3w do wszystkich swoich linii produkt\u00f3w, a jej roczne zam\u00f3wienia przekraczaj\u0105 300 000.<\/p>\n<h2>Personalizacja pojemnik\u00f3w na ostry sos:<\/h2>\n<ul>\n<li><strong>Wyko\u0144czenie frezowane:<\/strong> Produkt jest trawiony kwasem, co zapewnia pi\u0119kniejsze, matowe wyko\u0144czenie, wra\u017cenie luksusu i mniejsz\u0105 ilo\u015b\u0107 \u015blad\u00f3w odcisk\u00f3w palc\u00f3w.<\/li>\n<li><strong>Kraty podwy\u017cszone:<\/strong> Szk\u0142o mo\u017ce mie\u0107 praktyczne i estetyczne wypuk\u0142e podzia\u0142ki, kt\u00f3re s\u0105 przydatne i sprawiaj\u0105, \u017ce produkt wygl\u0105da bardziej luksusowo.<\/li>\n<li><strong>Wzory szk\u0142a teksturowanego:<\/strong> Szk\u0142o mo\u017ce by\u0107 zdobione diamentami lub paskami, co nie tylko zapewnia wyj\u0105tkow\u0105 powierzchni\u0119 uchwytu, ale tak\u017ce ma walory dekoracyjne.<\/li>\n<li><strong>Szeroka szyjka:<\/strong> Regulacja szyjki ma na celu u\u0142atwienie nape\u0142niania g\u0119stymi sosami zawieraj\u0105cymi p\u0142atki chili i nasiona.<\/li>\n<\/ul>","protected":false},"excerpt":{"rendered":"<p>Przezroczyste, szklane pojemniki na sos z metalow\u0105 pokrywk\u0105 i dopasowanym designem. Idealne do profesjonalnego pakowania sos\u00f3w. Darmowe pr\u00f3bki przy zam\u00f3wieniach hurtowych!<\/p>","protected":false},"featured_media":23184,"template":"","meta":[],"product_brand":[],"product_cat":[122,123,129],"product_tag":[],"class_list":{"0":"post-23180","1":"product","2":"type-product","3":"status-publish","4":"has-post-thumbnail","6":"product_cat-custom-glass-packaging","7":"product_cat-custom-glass-bottles","8":"product_cat-hot-sauce-bottles","10":"first","11":"instock","12":"shipping-taxable","13":"product-type-simple"},"jetpack_sharing_enabled":true,"_links":{"self":[{"href":"https:\/\/yebodaglass.com\/pl\/wp-json\/wp\/v2\/product\/23180","targetHints":{"allow":["GET"]}}],"collection":[{"href":"https:\/\/yebodaglass.com\/pl\/wp-json\/wp\/v2\/product"}],"about":[{"href":"https:\/\/yebodaglass.com\/pl\/wp-json\/wp\/v2\/types\/product"}],"version-history":[{"count":6,"href":"https:\/\/yebodaglass.com\/pl\/wp-json\/wp\/v2\/product\/23180\/revisions"}],"predecessor-version":[{"id":23222,"href":"https:\/\/yebodaglass.com\/pl\/wp-json\/wp\/v2\/product\/23180\/revisions\/23222"}],"wp:featuredmedia":[{"embeddable":true,"href":"https:\/\/yebodaglass.com\/pl\/wp-json\/wp\/v2\/media\/23184"}],"wp:attachment":[{"href":"https:\/\/yebodaglass.com\/pl\/wp-json\/wp\/v2\/media?parent=23180"}],"wp:term":[{"taxonomy":"product_brand","embeddable":true,"href":"https:\/\/yebodaglass.com\/pl\/wp-json\/wp\/v2\/product_brand?post=23180"},{"taxonomy":"product_cat","embeddable":true,"href":"https:\/\/yebodaglass.com\/pl\/wp-json\/wp\/v2\/product_cat?post=23180"},{"taxonomy":"product_tag","embeddable":true,"href":"https:\/\/yebodaglass.com\/pl\/wp-json\/wp\/v2\/product_tag?post=23180"}],"curies":[{"name":"wp","href":"https:\/\/api.w.org\/{rel}","templated":true}]}}