{"id":23171,"date":"2025-11-04T13:56:22","date_gmt":"2025-11-04T05:56:22","guid":{"rendered":"https:\/\/yebodaglass.com\/?post_type=product&#038;p=23171"},"modified":"2026-04-13T14:04:07","modified_gmt":"2026-04-13T06:04:07","slug":"wholesale-empty-glass-bbq-sauce-bottles-packaging-supplier","status":"publish","type":"product","link":"https:\/\/yebodaglass.com\/pl\/wholesale-empty-glass-bbq-sauce-bottles-packaging-supplier\/","title":{"rendered":"Hurtowa sprzeda\u017c pustych szklanych butelek po sosie BBQ 250 ml, 410 ml i 485 ml"},"content":{"rendered":"<p>Te butelki na sos barbecue charakteryzuj\u0105 si\u0119 nowoczesnym wzornictwem, wykorzystuj\u0105cym przezroczyste szk\u0142o dopuszczone do kontaktu z \u017cywno\u015bci\u0105, nadaj\u0105ce im sto\u017ckowy kszta\u0142t, oraz wielokolorowe plastikowe nakr\u0119tki. Zapewniaj\u0105 u\u017cytkownikom wygodny uchwyt, kt\u00f3ry pozwala nalewa\u0107 p\u0142yny, zapobiegaj\u0105c ich rozlewaniu.<\/p>\n<h2>Cechy produktu<\/h2>\n<ul>\n<li><strong>Konstrukcja sto\u017ckowa o op\u0142ywowym kszta\u0142cie:<\/strong> Sto\u017ckowy kszta\u0142t z w\u0119\u017csz\u0105 g\u00f3r\u0105 i szerszym dnem umo\u017cliwia u\u017cytkownikom p\u0142ynne nalewanie p\u0142yn\u00f3w, a jednocze\u015bnie ogranicza marnowanie sosu i zwi\u0119ksza wydajno\u015b\u0107 pracy.<\/li>\n<li><strong>Szk\u0142o o wysokiej przejrzysto\u015bci, przeznaczone do kontaktu z \u017cywno\u015bci\u0105:<\/strong> Butelki wykonane s\u0105 ze szk\u0142a bezo\u0142owiowego, nadaj\u0105cego si\u0119 do kontaktu z \u017cywno\u015bci\u0105, kt\u00f3re zapewnia wysok\u0105 przejrzysto\u015b\u0107 i oddaje kolor sosu, a jednocze\u015bnie jest bezpieczne i bezzapachowe. Produkt umo\u017cliwia \u0142atwe czyszczenie i wielokrotne wykorzystanie.<\/li>\n<li><strong>Dost\u0119pne czapki wielokolorowe:<\/strong> Nakr\u0119tki w kolorze czerwonym, \u017c\u00f3\u0142tym, z\u0142otym i innych kolorach posiadaj\u0105 gwintowane uszczelki, kt\u00f3re pozwalaj\u0105 zachowa\u0107 \u015bwie\u017co\u015b\u0107 sosu.<\/li>\n<\/ul>\n<h2 style=\"text-align: left;\">Kluczowe specyfikacje<\/h2>\n<table class=\"aligncenter\" style=\"border-collapse: collapse; width: 506.27pt;\" border=\"0\" width=\"675\" cellspacing=\"0\" cellpadding=\"0\">\n<tbody>\n<tr style=\"height: 13.50pt;\">\n<td style=\"height: 13.50pt; width: 109.50pt;\" width=\"146\" height=\"18\">Funkcja<\/td>\n<td style=\"width: 396.75pt;\" width=\"529\">Specyfikacja<\/td>\n<\/tr>\n<tr style=\"height: 13.50pt;\">\n<td style=\"height: 13.50pt;\" height=\"18\">Pojemno\u015bci<\/td>\n<td>250 ml, 410 ml, 485 ml<\/td>\n<\/tr>\n<tr style=\"height: 13.50pt;\">\n<td style=\"height: 13.50pt;\" height=\"18\">Wymiary (g\u0142\u0119b. \u00d7 wys.)<\/td>\n<td>5,6\u00d721,5 cm, 6,4\u00d724,4 cm, 6,6\u00d726 cm<\/td>\n<\/tr>\n<tr style=\"height: 13.50pt;\">\n<td style=\"height: 13.50pt;\" height=\"18\">Kszta\u0142t<\/td>\n<td>Sto\u017ckowy cylindryczny<\/td>\n<\/tr>\n<tr style=\"height: 13.50pt;\">\n<td style=\"height: 13.50pt;\" height=\"18\">Tworzywo<\/td>\n<td>Przezroczyste szk\u0142o typu stout, bezpieczne dla \u017cywno\u015bci, grubo\u015bcienne<\/td>\n<\/tr>\n<tr style=\"height: 13.50pt;\">\n<td style=\"height: 13.50pt;\" height=\"18\">Zamkni\u0119cie<\/td>\n<td>Czerwona, \u017c\u00f3\u0142ta lub z\u0142ota nakr\u0119tka<\/td>\n<\/tr>\n<tr style=\"height: 13.50pt;\">\n<td style=\"height: 13.50pt;\" height=\"18\">Najlepsze dla<\/td>\n<td>Sos ostry, sos BBQ, ocet, dressing, olej<\/td>\n<\/tr>\n<tr style=\"height: 13.50pt;\">\n<td style=\"height: 13.50pt;\" height=\"18\">Idealne zastosowanie<\/td>\n<td>Butelki na ostry sos, butelki na sos barbecue, szklane butelki na przyprawy<\/td>\n<\/tr>\n<\/tbody>\n<\/table>\n<h2>Historia sukcesu: Podstawowa linia produkt\u00f3w dla marki sos\u00f3w BBQ z po\u0142udnia USA<\/h2>\n<p>Marka sosu BBQ z po\u0142udniowych Stan\u00f3w Zjednoczonych wybra\u0142a nasze 12-uncjowe szklane butelki na sos i zleci\u0142a ich modyfikacj\u0119 poprzez dodanie dysz zapobiegaj\u0105cych kapaniu oraz sitodrukowych wska\u017anik\u00f3w ostro\u015bci. Dostosowane szklane butelki na sos przynios\u0142y znacz\u0105ce rezultaty, poniewa\u017c dysze zapobiegaj\u0105ce kapaniu zmniejszy\u0142y liczb\u0119 skarg konsument\u00f3w na rozlewanie o 25%, a charakterystyczny design butelki sta\u0142 si\u0119 atutem marki, zwi\u0119kszaj\u0105c jej rozpoznawalno\u015b\u0107 o 35%. Marka odnios\u0142a ogromny sukces i z\u0142o\u017cy\u0142a kolejne zam\u00f3wienie na 750 000 butelek, aby wprowadzi\u0107 na rynek now\u0105 lini\u0119 suchych sk\u0142adnik\u00f3w i sos\u00f3w.<\/p>\n<h2>Opcje niestandardowe dla szklanych butelek na sos<\/h2>\n<ul>\n<li><strong>Matowe paski dekoracyjne:<\/strong> Uzyskaj wykwintny i elegancki wygl\u0105d, stosuj\u0105c trawienie kwasem, aby uzyska\u0107 poziome lub pionowe matowe paski na przezroczystym szkle.<\/li>\n<li><strong>Szyjka butelki z witra\u017cem:<\/strong> Podczas produkcji okre\u015blamy kolorow\u0105 szklan\u0105 obr\u0119cz wok\u00f3\u0142 szyi, aby uzyska\u0107 luksusowy, wyj\u0105tkowy efekt wizualny i wyeliminowa\u0107 etykietowanie.<\/li>\n<li><strong>Jednocz\u0119\u015bciowa dysza zapobiegaj\u0105ca kapaniu:<\/strong> Precyzyjny element plastikowy, kt\u00f3ry \u015bci\u015ble przylega do otworu butelki, dzi\u0119ki czemu zapewnia, \u017ce \u200b\u200bza ka\u017cdym razem nalewanie jest czyste i bez kapania.<\/li>\n<\/ul>","protected":false},"excerpt":{"rendered":"<p>Wytrzyma\u0142e szklane butelki na sos o zw\u0119\u017canym kszta\u0142cie i z zakr\u0119tkami. Idealne butelki na sos BBQ do brandingu Twojego ostrego sosu. Mo\u017cliwo\u015b\u0107 personalizacji logo i szybka dostawa.<\/p>","protected":false},"featured_media":23174,"template":"","meta":[],"product_brand":[],"product_cat":[129,123,122],"product_tag":[],"class_list":{"0":"post-23171","1":"product","2":"type-product","3":"status-publish","4":"has-post-thumbnail","6":"product_cat-hot-sauce-bottles","7":"product_cat-custom-glass-bottles","8":"product_cat-custom-glass-packaging","10":"first","11":"instock","12":"shipping-taxable","13":"product-type-simple"},"jetpack_sharing_enabled":true,"_links":{"self":[{"href":"https:\/\/yebodaglass.com\/pl\/wp-json\/wp\/v2\/product\/23171","targetHints":{"allow":["GET"]}}],"collection":[{"href":"https:\/\/yebodaglass.com\/pl\/wp-json\/wp\/v2\/product"}],"about":[{"href":"https:\/\/yebodaglass.com\/pl\/wp-json\/wp\/v2\/types\/product"}],"version-history":[{"count":5,"href":"https:\/\/yebodaglass.com\/pl\/wp-json\/wp\/v2\/product\/23171\/revisions"}],"predecessor-version":[{"id":25761,"href":"https:\/\/yebodaglass.com\/pl\/wp-json\/wp\/v2\/product\/23171\/revisions\/25761"}],"wp:featuredmedia":[{"embeddable":true,"href":"https:\/\/yebodaglass.com\/pl\/wp-json\/wp\/v2\/media\/23174"}],"wp:attachment":[{"href":"https:\/\/yebodaglass.com\/pl\/wp-json\/wp\/v2\/media?parent=23171"}],"wp:term":[{"taxonomy":"product_brand","embeddable":true,"href":"https:\/\/yebodaglass.com\/pl\/wp-json\/wp\/v2\/product_brand?post=23171"},{"taxonomy":"product_cat","embeddable":true,"href":"https:\/\/yebodaglass.com\/pl\/wp-json\/wp\/v2\/product_cat?post=23171"},{"taxonomy":"product_tag","embeddable":true,"href":"https:\/\/yebodaglass.com\/pl\/wp-json\/wp\/v2\/product_tag?post=23171"}],"curies":[{"name":"wp","href":"https:\/\/api.w.org\/{rel}","templated":true}]}}