{"id":23155,"date":"2025-11-04T10:53:15","date_gmt":"2025-11-04T02:53:15","guid":{"rendered":"https:\/\/yebodaglass.com\/?post_type=product&#038;p=23155"},"modified":"2026-03-25T11:24:10","modified_gmt":"2026-03-25T03:24:10","slug":"custom-clear-glass-hot-sauce-bottles-bulk","status":"publish","type":"product","link":"https:\/\/yebodaglass.com\/pl\/custom-clear-glass-hot-sauce-bottles-bulk\/","title":{"rendered":"250 ml, 350 ml, 500 ml, niestandardowe przezroczyste szklane butelki na ostry sos, hurtowo"},"content":{"rendered":"<p>Te butelki na sos maj\u0105 czysty, zaokr\u0105glony, cylindryczny kszta\u0142t i smuk\u0142\u0105 szyjk\u0119. Wykonane s\u0105 z krystalicznie czystego szk\u0142a, maj\u0105 gwintowan\u0105 szyjk\u0119 i zakr\u0119tk\u0119 w kolorze czarnym, czerwonym lub z\u0142otym.<\/p>\n<h2>Cechy produktu<\/h2>\n<ul>\n<li><strong>Szk\u0142o cylindryczne o wysokiej przejrzysto\u015bci:<\/strong> Przezroczyste, cylindryczne szk\u0142o jest ca\u0142kowicie przejrzyste i oddaje kolor, faktur\u0119 i jako\u015b\u0107 produktu, co natychmiast zwi\u0119ksza jego atrakcyjno\u015b\u0107 wizualn\u0105.<\/li>\n<li><strong>Dost\u0119pnych jest kilka kolorowych zakr\u0119tek:<\/strong> Zakr\u0119tki wyst\u0119puj\u0105 w r\u00f3\u017cnych kolorach, takich jak czarny, czerwony i z\u0142oty, co pozwala na elastyczne dostosowywanie opakowa\u0144.<\/li>\n<li><strong>Uszczelniona i szczelna konstrukcja:<\/strong> Zakr\u0119tka mocno przylega do szyjki butelki, co zapewnia doskona\u0142\u0105 szczelno\u015b\u0107 i d\u0142ugi okres przydatno\u015bci produktu do spo\u017cycia.<\/li>\n<\/ul>\n<h2 style=\"text-align: left;\">Kluczowe specyfikacje<\/h2>\n<table class=\"aligncenter\" style=\"border-collapse: collapse; width: 388.52pt;\" border=\"0\" width=\"518\" cellspacing=\"0\" cellpadding=\"0\">\n<tbody>\n<tr style=\"height: 13.50pt;\">\n<td style=\"height: 13.50pt; width: 109.50pt;\" width=\"146\" height=\"18\">Funkcja<\/td>\n<td style=\"width: 279.00pt;\" width=\"372\">Specyfikacja<\/td>\n<\/tr>\n<tr style=\"height: 13.50pt;\">\n<td style=\"height: 13.50pt;\" height=\"18\">Pojemno\u015bci<\/td>\n<td>250 ml (8 uncji), 350 ml (12 uncji), 500 ml (17 uncji)<\/td>\n<\/tr>\n<tr style=\"height: 13.50pt;\">\n<td style=\"height: 13.50pt;\" height=\"18\">Wymiary (g\u0142\u0119b. \u00d7 wys.)<\/td>\n<td>5,6\u00d718,8 cm, 6,3\u00d717,1 cm, 7,1\u00d719,1 cm<\/td>\n<\/tr>\n<tr style=\"height: 13.50pt;\">\n<td style=\"height: 13.50pt;\" height=\"18\">Tworzywo<\/td>\n<td>Przezroczyste szk\u0142o typu stout, dopuszczone do kontaktu z \u017cywno\u015bci\u0105<\/td>\n<\/tr>\n<tr style=\"height: 13.50pt;\">\n<td style=\"height: 13.50pt;\" height=\"18\">Zamkni\u0119cie<\/td>\n<td>Czarna, czerwona lub z\u0142ota nakr\u0119tka<\/td>\n<\/tr>\n<tr style=\"height: 13.50pt;\">\n<td style=\"height: 13.50pt;\" height=\"18\">Najlepsze dla<\/td>\n<td>Sos ostry, sos BBQ, dressing, przyprawa<\/td>\n<\/tr>\n<tr style=\"height: 13.50pt;\">\n<td style=\"height: 13.50pt;\" height=\"18\">Idealne zastosowanie<\/td>\n<td>Butelka na sos, butelki na ostry sos hurtowo<\/td>\n<\/tr>\n<\/tbody>\n<\/table>\n<h2>Historia sukcesu<\/h2>\n<p>Firma z Ohio, produkuj\u0105ca r\u0119cznie robione przyprawy, zdecydowa\u0142a si\u0119 nape\u0142ni\u0107 nasze butelki sosem i zleci\u0142a wykonanie sitodruku, na kt\u00f3rym umieszczono matow\u0105 etykiet\u0119 z nadrukiem sitowym oraz silikonow\u0105, odporn\u0105 na ciep\u0142o zakr\u0119tk\u0119. Spersonalizowane butelki odnios\u0142y ogromny sukces: przezroczyste szk\u0142o idealnie eksponuje ich r\u0119cznie robione sosy, co \u2013 jak twierdz\u0105 \u2013 zwi\u0119kszy\u0142o liczb\u0119 impulsywnych zakup\u00f3w na targach rolniczych o 30 procent, a specjalnie zaprojektowana wk\u0142adka na zakr\u0119tce zapewnia idealne zamkni\u0119cie butelek, zapobiega wyciekom i zmniejsza liczb\u0119 reklamacji klient\u00f3w o 25 procent. Marka odnios\u0142a tak du\u017cy sukces, \u017ce zam\u00f3wi\u0142a 200 000 kolejnych butelek swojej nowej linii sos\u00f3w i dip\u00f3w kuchennych.<\/p>\n<h2>Butelki na ostry sos \u2013 indywidualna personalizacja<\/h2>\n<ul>\n<li>Dedykowany dzi\u00f3bek do nalewania: Ten model ma zakr\u0119can\u0105 pokrywk\u0119 z wbudowanym dzi\u00f3bkiem z tworzywa sztucznego lub stali nierdzewnej zapobiegaj\u0105cym kapaniu, kt\u00f3ry umo\u017cliwia \u0142atwe i dok\u0142adne nalewanie sosu.<\/li>\n<li>Szk\u0142o kolorowe odporne na promieniowanie UV: Jest wytwarzane w tym samym cylindrze, co szk\u0142o bursztynowe lub zielone, w celu pokrycia sk\u0142adnik\u00f3w wra\u017cliwych na \u015bwiat\u0142o.<\/li>\n<li>Kolor czapki: Kolory czapek mo\u017cna znale\u017a\u0107 w dowolnej palecie kolor\u00f3w Pantone, dzi\u0119ki czemu idealnie wpasuj\u0105 si\u0119 w wizerunek Twojej marki.<\/li>\n<\/ul>","protected":false},"excerpt":{"rendered":"<p>Przezroczyste szklane butelki na ostry sos z kolorowymi metalowymi zakr\u0119tkami. Doskona\u0142e uszczelnienie, idealne do stworzenia w\u0142asnej marki sosu. Zam\u00f3w szklane butelki hurtowo i z szybk\u0105 dostaw\u0105!<\/p>","protected":false},"featured_media":23165,"template":"","meta":[],"product_brand":[],"product_cat":[129,123,122],"product_tag":[],"class_list":{"0":"post-23155","1":"product","2":"type-product","3":"status-publish","4":"has-post-thumbnail","6":"product_cat-hot-sauce-bottles","7":"product_cat-custom-glass-bottles","8":"product_cat-custom-glass-packaging","10":"first","11":"instock","12":"shipping-taxable","13":"product-type-simple"},"jetpack_sharing_enabled":true,"_links":{"self":[{"href":"https:\/\/yebodaglass.com\/pl\/wp-json\/wp\/v2\/product\/23155","targetHints":{"allow":["GET"]}}],"collection":[{"href":"https:\/\/yebodaglass.com\/pl\/wp-json\/wp\/v2\/product"}],"about":[{"href":"https:\/\/yebodaglass.com\/pl\/wp-json\/wp\/v2\/types\/product"}],"version-history":[{"count":5,"href":"https:\/\/yebodaglass.com\/pl\/wp-json\/wp\/v2\/product\/23155\/revisions"}],"predecessor-version":[{"id":25596,"href":"https:\/\/yebodaglass.com\/pl\/wp-json\/wp\/v2\/product\/23155\/revisions\/25596"}],"wp:featuredmedia":[{"embeddable":true,"href":"https:\/\/yebodaglass.com\/pl\/wp-json\/wp\/v2\/media\/23165"}],"wp:attachment":[{"href":"https:\/\/yebodaglass.com\/pl\/wp-json\/wp\/v2\/media?parent=23155"}],"wp:term":[{"taxonomy":"product_brand","embeddable":true,"href":"https:\/\/yebodaglass.com\/pl\/wp-json\/wp\/v2\/product_brand?post=23155"},{"taxonomy":"product_cat","embeddable":true,"href":"https:\/\/yebodaglass.com\/pl\/wp-json\/wp\/v2\/product_cat?post=23155"},{"taxonomy":"product_tag","embeddable":true,"href":"https:\/\/yebodaglass.com\/pl\/wp-json\/wp\/v2\/product_tag?post=23155"}],"curies":[{"name":"wp","href":"https:\/\/api.w.org\/{rel}","templated":true}]}}