{"id":23117,"date":"2025-11-03T16:34:01","date_gmt":"2025-11-03T08:34:01","guid":{"rendered":"https:\/\/yebodaglass.com\/?post_type=product&#038;p=23117"},"modified":"2026-04-09T14:09:19","modified_gmt":"2026-04-09T06:09:19","slug":"wholesale-round-glass-hot-sauce-bottles-sauce-container-supplier","status":"publish","type":"product","link":"https:\/\/yebodaglass.com\/pl\/wholesale-round-glass-hot-sauce-bottles-sauce-container-supplier\/","title":{"rendered":"Hurtowa sprzeda\u017c okr\u0105g\u0142ych szklanych butelek na ostry sos 100 ml, 150 ml i 200 ml"},"content":{"rendered":"<p>Nasze okr\u0105g\u0142e, szklane butelki na ostry sos maj\u0105 smuk\u0142e, przezroczyste, szklane korpusy z plastikowymi zakr\u0119tkami i s\u0105 dost\u0119pne w trzech rozmiarach: 100 ml, 150 ml i 200 ml. Dzi\u0119ki klasycznemu, okr\u0105g\u0142emu kszta\u0142towi idealnie nadaj\u0105 si\u0119 do pakowania szerokiej gamy przypraw.<\/p>\n<h2>Kluczowe specyfikacje<\/h2>\n<table style=\"border-collapse: collapse; width: 80%; margin-left: auto; margin-right: auto;\" border=\"0\" width=\"818\" cellspacing=\"0\" cellpadding=\"0\">\n<tbody>\n<tr style=\"height: 13.50pt;\">\n<td style=\"height: 13.50pt; width: 141.75pt;\" width=\"189\" height=\"18\">Funkcja<\/td>\n<td style=\"width: 471.75pt;\" width=\"629\">Specyfikacja<\/td>\n<\/tr>\n<tr style=\"height: 48.00pt;\">\n<td style=\"height: 48.00pt;\" height=\"64\">Pojemno\u015b\u0107<\/td>\n<td class=\"et2\" style=\"width: 471.75pt;\" width=\"629\">100 ml\/3 uncje (40\u00d7151 mm)<br \/>\n150 ml\/5 uncji (4,8 \u00d7 17,2 cm)<br \/>\n250 ml\/8 uncji (5,5 \u00d7 19,8 cm)<\/td>\n<\/tr>\n<tr style=\"height: 13.50pt;\">\n<td style=\"height: 13.50pt;\" height=\"18\">Tworzywo<\/td>\n<td>Szk\u0142o sodowo-wapniowe, plastikowa nakr\u0119tka, plastikowa zatyczka wewn\u0119trzna, plastikowa folia termokurczliwa<\/td>\n<\/tr>\n<tr style=\"height: 13.50pt;\">\n<td style=\"height: 13.50pt;\" height=\"18\">Opcje zamkni\u0119cia<\/td>\n<td>konfigurowalny<\/td>\n<\/tr>\n<tr style=\"height: 13.50pt;\">\n<td style=\"height: 13.50pt;\" height=\"18\">Zastosowania<\/td>\n<td>Sos ostry, przyprawy, sos sojowy, pasta sezamowa, sos sa\u0142atkowy, ocet, chili, keczup itp.<\/td>\n<\/tr>\n<tr style=\"height: 13.50pt;\">\n<td style=\"height: 13.50pt;\" height=\"18\">Opcja personalizacji<\/td>\n<td>Wyko\u0144czenie powierzchni, logo, kszta\u0142t, pojemno\u015b\u0107, pokrywa, opakowanie.<\/td>\n<\/tr>\n<\/tbody>\n<\/table>\n<h2>Studium przypadku<\/h2>\n<p>Meksyka\u0144ska firma spo\u017cywcza, specjalizuj\u0105ca si\u0119 w produkcji sos\u00f3w, potrzebowa\u0142a opakowania, kt\u00f3re odzwierciedla\u0142oby jej skrupulatno\u015b\u0107. Ostatecznie zdecydowa\u0142a si\u0119 na nasze 150-mililitrowe, szklane butelki na ostry sos ze wzgl\u0119du na ich pojemno\u015b\u0107. Spersonalizowali oni swoje naklejki na szkle. Ju\u017c pierwsze, niewielkie zam\u00f3wienie, licz\u0105ce zaledwie 3000 sztuk, przynios\u0142o fantastyczne rezultaty. W rezultacie sprzeda\u017c wzros\u0142a o 32%, a wytrzyma\u0142e szk\u0142o zmniejszy\u0142o liczb\u0119 st\u0142ucze\u0144 o 40%. Teraz firma realizuje zam\u00f3wienia hurtowe, przekraczaj\u0105ce 50 000 butelek kwartalnie, dzi\u0119ki czemu ta butelka na sos sta\u0142a si\u0119 kluczowym elementem strategii brandingowej.<\/p>","protected":false},"excerpt":{"rendered":"<p>Okr\u0105g\u0142e, szklane butelki na ostry sos, idealne do pojemnik\u00f3w na sos. Mo\u017cliwo\u015b\u0107 zam\u00f3wienia na zam\u00f3wienie i hurtowe zam\u00f3wienia od producent\u00f3w i hurtownik\u00f3w sos\u00f3w. Szybka dostawa i darmowe pr\u00f3bki.<\/p>","protected":false},"featured_media":25676,"template":"","meta":[],"product_brand":[],"product_cat":[129,123,122,80,20],"product_tag":[],"class_list":{"0":"post-23117","1":"product","2":"type-product","3":"status-publish","4":"has-post-thumbnail","6":"product_cat-hot-sauce-bottles","7":"product_cat-custom-glass-bottles","8":"product_cat-custom-glass-packaging","9":"product_cat-glass-bottles","10":"product_cat-glass-containers","12":"first","13":"instock","14":"shipping-taxable","15":"product-type-simple"},"jetpack_sharing_enabled":true,"_links":{"self":[{"href":"https:\/\/yebodaglass.com\/pl\/wp-json\/wp\/v2\/product\/23117","targetHints":{"allow":["GET"]}}],"collection":[{"href":"https:\/\/yebodaglass.com\/pl\/wp-json\/wp\/v2\/product"}],"about":[{"href":"https:\/\/yebodaglass.com\/pl\/wp-json\/wp\/v2\/types\/product"}],"version-history":[{"count":5,"href":"https:\/\/yebodaglass.com\/pl\/wp-json\/wp\/v2\/product\/23117\/revisions"}],"predecessor-version":[{"id":25685,"href":"https:\/\/yebodaglass.com\/pl\/wp-json\/wp\/v2\/product\/23117\/revisions\/25685"}],"wp:featuredmedia":[{"embeddable":true,"href":"https:\/\/yebodaglass.com\/pl\/wp-json\/wp\/v2\/media\/25676"}],"wp:attachment":[{"href":"https:\/\/yebodaglass.com\/pl\/wp-json\/wp\/v2\/media?parent=23117"}],"wp:term":[{"taxonomy":"product_brand","embeddable":true,"href":"https:\/\/yebodaglass.com\/pl\/wp-json\/wp\/v2\/product_brand?post=23117"},{"taxonomy":"product_cat","embeddable":true,"href":"https:\/\/yebodaglass.com\/pl\/wp-json\/wp\/v2\/product_cat?post=23117"},{"taxonomy":"product_tag","embeddable":true,"href":"https:\/\/yebodaglass.com\/pl\/wp-json\/wp\/v2\/product_tag?post=23117"}],"curies":[{"name":"wp","href":"https:\/\/api.w.org\/{rel}","templated":true}]}}