{"id":23116,"date":"2025-11-03T17:08:09","date_gmt":"2025-11-03T09:08:09","guid":{"rendered":"https:\/\/yebodaglass.com\/?post_type=product&#038;p=23116"},"modified":"2025-11-03T17:52:02","modified_gmt":"2025-11-03T09:52:02","slug":"5oz-round-empty-spice-jars-with-metal-lids-for-kitchen-storage-wholesale","status":"publish","type":"product","link":"https:\/\/yebodaglass.com\/pl\/produkt\/5oz-round-empty-spice-jars-with-metal-lids-for-kitchen-storage-wholesale\/","title":{"rendered":"5-uncjowe okr\u0105g\u0142e, puste s\u0142oiki na przyprawy z metalowymi pokrywkami do przechowywania w kuchni \u2013 hurtowa sprzeda\u017c"},"content":{"rendered":"<p>Masz do\u015b\u0107 s\u0142oik\u00f3w na przyprawy, kt\u00f3re przeciekaj\u0105 lub zas\u0142aniaj\u0105 aromat. Produkujemy puste s\u0142oiki na przyprawy o klasycznych, zaokr\u0105glonych kszta\u0142tach \u2013 s\u0142oiki na przyprawy nie b\u0119d\u0105 ju\u017c rozlewa\u0107 si\u0119 w Twoich kuchennych szufladach. Zam\u00f3wienia hurtowe s\u0105 wyko\u0144czone na zam\u00f3wienie, dopasowane do Twojej marki.<\/p>\n<h2>Cechy produktu<\/h2>\n<p><strong>Klasyczne zaokr\u0105glone krzywizny<\/strong><\/p>\n<p>Ergonomiczny uchwyt idealnie le\u017cy w d\u0142oni \u2014 puste s\u0142oiki z przyprawami ju\u017c nigdy Ci si\u0119 nie wywr\u00f3c\u0105.<\/p>\n<p><strong>Metalowa bezpieczna pokrywa<\/strong><\/p>\n<p>Szczelne zamkni\u0119cie zapewnia \u015bwie\u017co\u015b\u0107 produktu \u2014 cukier nie zwilgotnieje, a pieprz nie straci swojego aromatu.<\/p>\n<p><strong>Szeroki dost\u0119p ustny<\/strong><\/p>\n<p>Je\u015bli chcesz doda\u0107 s\u00f3l, cukier lub pieprz, zr\u00f3b to bez ba\u0142aganu \u2014 zmie\u015bci si\u0119 ka\u017cda \u0142y\u017cka lub miarka.<\/p>\n<h2>Kluczowe specyfikacje<\/h2>\n<table style=\"border-collapse: collapse; width: 80%; margin-left: auto; margin-right: auto;\" border=\"0\" width=\"144\" cellspacing=\"0\" cellpadding=\"0\">\n<tbody>\n<tr style=\"height: 13.50pt;\">\n<td style=\"height: 13.5pt; width: 54pt; text-align: center;\" width=\"72\" height=\"18\">Pojemno\u015b\u0107<\/td>\n<td style=\"width: 54pt; text-align: center;\" width=\"72\">150 ml\/5 uncji<\/td>\n<\/tr>\n<tr style=\"height: 13.50pt;\">\n<td style=\"height: 13.5pt; text-align: center;\" height=\"18\">Tworzywo<\/td>\n<td style=\"text-align: center;\">Szk\u0142o + Metal (Pokrywki)<\/td>\n<\/tr>\n<tr style=\"height: 13.50pt;\">\n<td style=\"height: 13.5pt; text-align: center;\" height=\"18\">\u03a0\u03bb\u03b1\u03c3\u03c4\u03b9\u03ba\u03cc PET<\/td>\n<td style=\"text-align: center;\">Przezroczysty (konfigurowalny)<\/td>\n<\/tr>\n<tr style=\"height: 13.50pt;\">\n<td style=\"height: 13.5pt; text-align: center;\" height=\"18\">Obr\u00f3bka powierzchni<\/td>\n<td style=\"text-align: center;\">Sitodruk, matowanie, kalkomania, kolorowy spray<\/td>\n<\/tr>\n<\/tbody>\n<\/table>\n<h2>Historia sukcesu<\/h2>\n<p>Ekskluzywna kanadyjska firma produkuj\u0105ca przyprawy zwr\u00f3ci\u0142a si\u0119 do nas z pro\u015bb\u0105 o personalizacj\u0119 przezroczystych szklanych pojemnik\u00f3w na przyprawy za pomoc\u0105 modnych metalowych pokrywek \u2013 idealnego sposobu na zaprezentowanie \u015bwie\u017co\u015bci produkt\u00f3w i jednocze\u015bnie zapewnienie szczelno\u015bci pokrywek. Aby dopasowa\u0107 si\u0119 do identyfikacji wizualnej marki, spersonalizowali\u015bmy r\u00f3wnie\u017c szklane pojemniki na przyprawy, umieszczaj\u0105c na nich laserowo grawerowane logo i matowosrebrne pokrywki.<\/p>\n<p>Po wprowadzeniu nowego opakowania klient poinformowa\u0142, \u017ce sprzeda\u017c detaliczna wzros\u0142a o 25%, co potwierdzi\u0142o, \u017ce opakowanie sprawdza si\u0119 zar\u00f3wno w sklepach, jak i domowych kuchniach.<\/p>\n<h2>Tw\u00f3j podr\u0119cznik personalizacji<\/h2>\n<ol>\n<li><strong>Mo\u017cliwo\u015b\u0107 wymiany nakr\u0119tek na butelkach:<\/strong> Dost\u0119pne s\u0105 nakr\u0119tki metalowe (ze stali nierdzewnej lub stopu aluminium) i plastikowe. Aby uatrakcyjni\u0107 mark\u0119, mo\u017cna zastosowa\u0107 nast\u0119puj\u0105ce metody: galwanizacj\u0119, natryskiwanie lub szczotkowanie.<\/li>\n<li><strong>Wygl\u0105d zraszacza:<\/strong> Mo\u017cna wybra\u0107 niestandardowe posypki lub nakr\u0119tki zamykane na zatrzask, dopasowane do r\u00f3\u017cnych rodzaj\u00f3w przypraw (na przyk\u0142ad chili w proszku, sezamu, soli), co pozwala na \u0142atw\u0105 kontrol\u0119 dawkowania.<\/li>\n<li><strong>Branding butelki:<\/strong> Loga marek lub etykiety na przyprawy mo\u017cna wykona\u0107 za pomoc\u0105 sitodruku, t\u0142oczenia na gor\u0105co lub etykietowania.<\/li>\n<\/ol>","protected":false},"excerpt":{"rendered":"<p>Trwa\u0142e puste s\u0142oiki na przyprawy wykonane z przezroczystego szk\u0142a z metalowymi pokrywkami, idealne do przechowywania soli, pieprzu, zi\u00f3\u0142 i przypraw kuchennych.<\/p>","protected":false},"featured_media":23118,"template":"","meta":[],"product_brand":[],"product_cat":[20,83,128],"product_tag":[],"class_list":{"0":"post-23116","1":"product","2":"type-product","3":"status-publish","4":"has-post-thumbnail","6":"product_cat-glass-containers","7":"product_cat-glass-jars","8":"product_cat-spice-jars","10":"first","11":"instock","12":"shipping-taxable","13":"product-type-simple"},"jetpack_sharing_enabled":true,"_links":{"self":[{"href":"https:\/\/yebodaglass.com\/pl\/wp-json\/wp\/v2\/product\/23116","targetHints":{"allow":["GET"]}}],"collection":[{"href":"https:\/\/yebodaglass.com\/pl\/wp-json\/wp\/v2\/product"}],"about":[{"href":"https:\/\/yebodaglass.com\/pl\/wp-json\/wp\/v2\/types\/product"}],"version-history":[{"count":5,"href":"https:\/\/yebodaglass.com\/pl\/wp-json\/wp\/v2\/product\/23116\/revisions"}],"predecessor-version":[{"id":23141,"href":"https:\/\/yebodaglass.com\/pl\/wp-json\/wp\/v2\/product\/23116\/revisions\/23141"}],"wp:featuredmedia":[{"embeddable":true,"href":"https:\/\/yebodaglass.com\/pl\/wp-json\/wp\/v2\/media\/23118"}],"wp:attachment":[{"href":"https:\/\/yebodaglass.com\/pl\/wp-json\/wp\/v2\/media?parent=23116"}],"wp:term":[{"taxonomy":"product_brand","embeddable":true,"href":"https:\/\/yebodaglass.com\/pl\/wp-json\/wp\/v2\/product_brand?post=23116"},{"taxonomy":"product_cat","embeddable":true,"href":"https:\/\/yebodaglass.com\/pl\/wp-json\/wp\/v2\/product_cat?post=23116"},{"taxonomy":"product_tag","embeddable":true,"href":"https:\/\/yebodaglass.com\/pl\/wp-json\/wp\/v2\/product_tag?post=23116"}],"curies":[{"name":"wp","href":"https:\/\/api.w.org\/{rel}","templated":true}]}}