{"id":23100,"date":"2025-11-03T16:08:07","date_gmt":"2025-11-03T08:08:07","guid":{"rendered":"https:\/\/yebodaglass.com\/?post_type=product&#038;p=23100"},"modified":"2025-11-03T16:08:09","modified_gmt":"2025-11-03T08:08:09","slug":"glass-spice-jar-with-shaker-lid-bulk-for-kitchen","status":"publish","type":"product","link":"https:\/\/yebodaglass.com\/pl\/glass-spice-jar-with-shaker-lid-bulk-for-kitchen\/","title":{"rendered":"10-uncjowy szklany s\u0142oik na przyprawy z pokrywk\u0105 typu shaker, do kuchni\u00a0"},"content":{"rendered":"<p>Oferujemy przezroczyste s\u0142oiki na przyprawy z pionowym paskiem, kt\u00f3re \u0142atwo trzyma\u0107 \u2013 koniec z ba\u0142aganem w kuchni. Te pojemniki do przechowywania przypraw sprawi\u0105, \u017ce Twoja spi\u017carnia stanie si\u0119 modnym miejscem. Je\u015bli zamawiasz hurtowo, oferujemy opcje personalizacji dopasowane do Twojej marki.<\/p>\n<h2>Cechy produktu<\/h2>\n<p><strong>Uchwyt w pionowe paski<\/strong><\/p>\n<p>\u017beberka sprawiaj\u0105, \u017ce szklane s\u0142oiki na przyprawy nie tylko wygodnie si\u0119 trzyma, ale tak\u017ce wygl\u0105daj\u0105 stylowo \u2014 w d\u0142oni b\u0119d\u0105 sprawia\u0107 wra\u017cenie produkt\u00f3w wysokiej jako\u015bci.<\/p>\n<p><strong>Pokrywka ze stali nierdzewnej do shakera<\/strong><\/p>\n<p>Ma\u0142e, precyzyjnie wykonane otwory pozwalaj\u0105 kontrolowa\u0107 nalewanie \u2014 koniec z nadmiernym soleniem i marnowaniem przypraw.<\/p>\n<p><strong>Krystaliczna przejrzysto\u015b\u0107<\/strong><\/p>\n<p>Przezroczyste szk\u0142o pozwala klientom zobaczy\u0107 ka\u017cde ziarenko \u2013 dlatego od razu ufaj\u0105 pojemnikom do przechowywania przypraw.<\/p>\n<h2>Kluczowe specyfikacje<\/h2>\n<table style=\"border-collapse: collapse; width: 80%; margin-left: auto; margin-right: auto;\" border=\"0\" width=\"144\" cellspacing=\"0\" cellpadding=\"0\">\n<tbody>\n<tr style=\"height: 13.50pt;\">\n<td style=\"height: 13.5pt; width: 54pt; text-align: center;\" width=\"72\" height=\"18\">Pojemno\u015b\u0107<\/td>\n<td style=\"width: 54pt; text-align: center;\" width=\"72\">330 ml\/10 uncji<\/td>\n<\/tr>\n<tr style=\"height: 13.50pt;\">\n<td style=\"height: 13.5pt; text-align: center;\" height=\"18\">Rozmiar (cm)<\/td>\n<td style=\"text-align: center;\">7.5&#215;13.5<\/td>\n<\/tr>\n<tr style=\"height: 13.50pt;\">\n<td style=\"height: 13.5pt; text-align: center;\" height=\"18\">Tworzywo<\/td>\n<td style=\"text-align: center;\">Szk\u0142o + Metal (Pokrywki)<\/td>\n<\/tr>\n<tr style=\"height: 13.50pt;\">\n<td style=\"height: 13.5pt; text-align: center;\" height=\"18\">\u03a0\u03bb\u03b1\u03c3\u03c4\u03b9\u03ba\u03cc PET<\/td>\n<td style=\"text-align: center;\">Przezroczysty (konfigurowalny)<\/td>\n<\/tr>\n<tr style=\"height: 13.50pt;\">\n<td style=\"height: 13.5pt; text-align: center;\" height=\"18\">Stosowanie<\/td>\n<td style=\"text-align: center;\">Cukier, s\u00f3l, przyprawa<\/td>\n<\/tr>\n<tr style=\"height: 13.50pt;\">\n<td style=\"height: 13.5pt; text-align: center;\" height=\"18\">Personalizacja<\/td>\n<td style=\"text-align: center;\">Projekt pokrywy, kolor, logo (t\u0142oczone, naklejka itp.)<\/td>\n<\/tr>\n<\/tbody>\n<\/table>\n<h2>Przypadek sukcesu<\/h2>\n<p>Byli\u015bmy cz\u0119\u015bci\u0105 inicjatywy kanadyjskiej firmy gastronomicznej, kt\u00f3ra unowocze\u015bni\u0142a lini\u0119 produkt\u00f3w do przechowywania przypraw, wprowadzaj\u0105c do oferty nasz\u0105 seri\u0119 szklanych s\u0142oik\u00f3w na przyprawy. S\u0142oiki na zam\u00f3wienie, wyposa\u017cone w zawiasy ze szczotkowanego metalu i grawerowane laserowo logo marki, podnosz\u0105 presti\u017c ich wyposa\u017cenia kuchennego, czyni\u0105c je bardziej modnymi i profesjonalnymi. Przezroczyste szklane pojemniki do przechowywania przypraw u\u0142atwiaj\u0105 szefom kuchni znalezienie ich w \u015brodku, a solidna i wytrzyma\u0142a konstrukcja doskonale sprawdzi si\u0119 w kuchniach komercyjnych o du\u017cym nat\u0119\u017ceniu ruchu.<\/p>\n<p>Po wprowadzeniu na rynek nowych szklanych s\u0142oiczk\u00f3w na przyprawy firma odnotowa\u0142a 26% wzrost zam\u00f3wie\u0144 ze wzgl\u0119du na ich przyjemn\u0105 faktur\u0119.<\/p>\n<h2>Tw\u00f3j podr\u0119cznik personalizacji<\/h2>\n<ol>\n<li><strong>Regulowane pokrywy:<\/strong> Mo\u017cna wybiera\u0107 spo\u015br\u00f3d stali nierdzewnej, stopu aluminium lub tworzywa sztucznego w przypadku nakr\u0119tek wielootworowych, jednootworowych lub nakr\u0119canych, aby dostosowa\u0107 si\u0119 do r\u00f3\u017cnych szybko\u015bci przep\u0142ywu przypraw.<\/li>\n<li><strong>Znaki i odciski:<\/strong> Loga marek, nazwy przypraw lub wodoodporne etykiety mo\u017cna nanie\u015b\u0107 metod\u0105 sitodruku na szklany s\u0142oik z przyprawami, u\u0142atwiaj\u0105c rozpoznanie produktu i utrwalaj\u0105c wizerunek marki.<\/li>\n<li><strong>Opcje pakowania w pude\u0142ka prezentowe:<\/strong> Oferujemy specjalnie zaprojektowane pude\u0142ka prezentowe zawieraj\u0105ce wiele butelek, idealne na luksusowy zestaw naczy\u0144 kuchennych lub do wykorzystania w kampaniach prezentowych na \u015bwi\u0119ta.<\/li>\n<\/ol>","protected":false},"excerpt":{"rendered":"<p>Odkryj nasz szklany s\u0142oik na przyprawy \u2013 idealne pojemniki do przechowywania soli, pieprzu lub zi\u00f3\u0142. Wytrzyma\u0142e szk\u0142o z pokrywk\u0105 typu shaker u\u0142atwiaj\u0105c\u0105 dozowanie i czyszczenie.<\/p>","protected":false},"featured_media":23101,"template":"","meta":[],"product_brand":[],"product_cat":[83,128,20],"product_tag":[],"class_list":{"0":"post-23100","1":"product","2":"type-product","3":"status-publish","4":"has-post-thumbnail","6":"product_cat-glass-jars","7":"product_cat-spice-jars","8":"product_cat-glass-containers","10":"first","11":"instock","12":"shipping-taxable","13":"product-type-simple"},"jetpack_sharing_enabled":true,"_links":{"self":[{"href":"https:\/\/yebodaglass.com\/pl\/wp-json\/wp\/v2\/product\/23100","targetHints":{"allow":["GET"]}}],"collection":[{"href":"https:\/\/yebodaglass.com\/pl\/wp-json\/wp\/v2\/product"}],"about":[{"href":"https:\/\/yebodaglass.com\/pl\/wp-json\/wp\/v2\/types\/product"}],"version-history":[{"count":3,"href":"https:\/\/yebodaglass.com\/pl\/wp-json\/wp\/v2\/product\/23100\/revisions"}],"predecessor-version":[{"id":23113,"href":"https:\/\/yebodaglass.com\/pl\/wp-json\/wp\/v2\/product\/23100\/revisions\/23113"}],"wp:featuredmedia":[{"embeddable":true,"href":"https:\/\/yebodaglass.com\/pl\/wp-json\/wp\/v2\/media\/23101"}],"wp:attachment":[{"href":"https:\/\/yebodaglass.com\/pl\/wp-json\/wp\/v2\/media?parent=23100"}],"wp:term":[{"taxonomy":"product_brand","embeddable":true,"href":"https:\/\/yebodaglass.com\/pl\/wp-json\/wp\/v2\/product_brand?post=23100"},{"taxonomy":"product_cat","embeddable":true,"href":"https:\/\/yebodaglass.com\/pl\/wp-json\/wp\/v2\/product_cat?post=23100"},{"taxonomy":"product_tag","embeddable":true,"href":"https:\/\/yebodaglass.com\/pl\/wp-json\/wp\/v2\/product_tag?post=23100"}],"curies":[{"name":"wp","href":"https:\/\/api.w.org\/{rel}","templated":true}]}}