{"id":23091,"date":"2025-11-03T16:20:39","date_gmt":"2025-11-03T08:20:39","guid":{"rendered":"https:\/\/yebodaglass.com\/?post_type=product&#038;p=23091"},"modified":"2025-11-03T17:29:17","modified_gmt":"2025-11-03T09:29:17","slug":"wholesale-clear-glass-hot-sauce-bottles-with-lids","status":"publish","type":"product","link":"https:\/\/yebodaglass.com\/pl\/wholesale-clear-glass-hot-sauce-bottles-with-lids\/","title":{"rendered":"Hurtownia przezroczystych szklanych butelek na gor\u0105ce sosy z pokrywkami 250 ml 350 ml 500 ml"},"content":{"rendered":"<p>Czysty design tej butelki na gor\u0105cy sos charakteryzuje si\u0119 lekko zw\u0119\u017caj\u0105cym si\u0119 korpusem, kt\u00f3ry wizualnie \u0142\u0105czy si\u0119 z kr\u00f3tk\u0105, grub\u0105 szyjk\u0105. Og\u00f3lnie rzecz bior\u0105c, jej do\u015b\u0107 prosta i por\u0119czna konstrukcja wykonana z przezroczystego szk\u0142a pozwala ka\u017cdemu zobaczy\u0107 wn\u0119trze bez konieczno\u015bci otwierania butelki.<\/p>\n<h2>Cechy produktu<\/h2>\n<ul>\n<li><strong>Materia\u0142 szklany przezroczysty:<\/strong> Przezroczyste szklane naczynie pozwala u\u017cytkownikom wizualnie zobaczy\u0107 kolor sosu i okre\u015bli\u0107, ile jeszcze zosta\u0142o, bez konieczno\u015bci otwierania butelki.<\/li>\n<li><strong>Smuk\u0142a konstrukcja pojemnika:<\/strong> Butelka o smuk\u0142ej sylwetce i g\u0142adkich krzywiznach jest \u0142atwa do przenoszenia i umieszczania w schowku, dzi\u0119ki czemu ca\u0142e do\u015bwiadczenie u\u017cytkownika jest wygodniejsze i wygodniejsze.<\/li>\n<li><strong>Minimalistyczna koncepcja:<\/strong> Przezroczysty pojemnik w po\u0142\u0105czeniu z jednokolorow\u0105 pokryw\u0105 zapewnia schludny i jasny wygl\u0105d, kt\u00f3ry mo\u017cna stylizowa\u0107 na wiele r\u00f3\u017cnych sposob\u00f3w i jest bardzo funkcjonalny pod wzgl\u0119dem u\u017cytkowania.<\/li>\n<\/ul>\n<h2 style=\"text-align: left;\">Kluczowe specyfikacje<\/h2>\n<table class=\"aligncenter\" style=\"border-collapse: collapse; width: 471.02pt;\" border=\"0\" width=\"628\" cellspacing=\"0\" cellpadding=\"0\">\n<tbody>\n<tr style=\"height: 13.50pt;\">\n<td style=\"height: 13.50pt; width: 111.75pt;\" width=\"149\" height=\"18\">Funkcja<\/td>\n<td style=\"width: 359.25pt;\" width=\"479\">Specyfikacja<\/td>\n<\/tr>\n<tr style=\"height: 13.50pt;\">\n<td style=\"height: 13.50pt;\" height=\"18\">Pojemno\u015b\u0107<\/td>\n<td>250 ml (8 uncji), 350 ml (12 uncji), 500 ml (17 uncji)<\/td>\n<\/tr>\n<tr style=\"height: 13.50pt;\">\n<td style=\"height: 13.50pt;\" height=\"18\">Wymiary<\/td>\n<td>5,5\u00d717,8 cm, 6,1\u00d719,6 cm, 6,9\u00d721,4 cm<\/td>\n<\/tr>\n<tr style=\"height: 13.50pt;\">\n<td style=\"height: 13.50pt;\" height=\"18\">Kszta\u0142t<\/td>\n<td>Cylindryczny z \u0142agodnym sto\u017ckiem<\/td>\n<\/tr>\n<tr style=\"height: 13.50pt;\">\n<td style=\"height: 13.50pt;\" height=\"18\">Tworzywo<\/td>\n<td>Przezroczyste szk\u0142o, kompatybilne z plastikowym\/metalowym zamkni\u0119ciem<\/td>\n<\/tr>\n<tr style=\"height: 13.50pt;\">\n<td style=\"height: 13.50pt;\" height=\"18\">Opcje zamkni\u0119cia<\/td>\n<td>\u017b\u00f3\u0142te, bia\u0142e, czerwone, czarne czapki (konfigurowalne)<\/td>\n<\/tr>\n<tr style=\"height: 13.50pt;\">\n<td style=\"height: 13.50pt;\" height=\"18\">Najlepsze dla<\/td>\n<td>Sos do grilla, dressing, syrop, ocet, marki przypraw<\/td>\n<\/tr>\n<tr style=\"height: 13.50pt;\">\n<td style=\"height: 13.50pt;\" height=\"18\">Idealne zastosowanie<\/td>\n<td>Butelka na gor\u0105cy sos, szklana butelka, szklane butelki na przyprawy<\/td>\n<\/tr>\n<\/tbody>\n<\/table>\n<h2>Studium przypadku z prawdziwego \u015bwiata: Jak marka osi\u0105gn\u0119\u0142a skal\u0119<\/h2>\n<p>Pewna pocz\u0105tkuj\u0105ca rzemie\u015blnicza firma produkuj\u0105ca przyprawy, specjalizuj\u0105ca si\u0119 w produkcji niewielkich partii sos\u00f3w chili na bazie octu, potrzebowa\u0142a ekonomicznej i niezawodnej butelki do ekspansji do sieci detalicznej dzia\u0142aj\u0105cej na skal\u0119 og\u00f3lnokrajow\u0105. Hurtowy zakup 2500 sztuk naszych przezroczystych butelek na sosy o pojemno\u015bci 500 ml z czerwon\u0105 nakr\u0119tk\u0105 i logo marki by\u0142 ich pierwszym krokiem. Wyniki okaza\u0142y si\u0119 skuteczne. Po pierwsze, przezroczyste szklane butelki i kolorowe nakr\u0119tki znacznie zwi\u0119kszy\u0142y sprzeda\u017c - jedna marka gor\u0105cych sos\u00f3w odnotowa\u0142a wzrost sprzeda\u017cy online o 38% przy jednoczesnym zmniejszeniu ilo\u015bci odpad\u00f3w o 29% dzi\u0119ki \u0142atwemu nalewaniu, kt\u00f3re zminimalizowa\u0142o kapanie i rozlewanie. W zwi\u0105zku z tym podj\u0119to decyzj\u0119 o z\u0142o\u017ceniu kolejnego zam\u00f3wienia na 300 000 butelek. Obecnie uwa\u017caj\u0105 butelk\u0119 za swoj\u0105 sta\u0142\u0105 opcj\u0119 pakowania, kt\u00f3ra spe\u0142nia ich wymagania zar\u00f3wno pod wzgl\u0119dem transportu, jak i zadowolenia klient\u00f3w.<\/p>\n<h2>Personalizacja szklanej butelki na sos<\/h2>\n<ul>\n<li>Matowe szk\u0142o: P\u00f3\u0142przezroczyste szk\u0142o trawione kwasem zapewnia luksusowy i wyrafinowany wygl\u0105d.<\/li>\n<li>Nadruk logo marki: Wzmocnij mark\u0119, drukuj\u0105c logo lub projekt swojej firmy bezpo\u015brednio na szkle, aby na d\u0142ugo pozosta\u0142o w pami\u0119ci.<\/li>\n<li>Kolorowe szk\u0142o: Wybierz bursztynowe lub zielone szk\u0142o, aby sos nie przepuszcza\u0142 \u015bwiat\u0142a i zwraca\u0142 uwag\u0119 na jako\u015b\u0107 produktu na p\u00f3\u0142ce.<\/li>\n<li>Niestandardowe kolory czapek: U\u017cyj charakterystycznych kolor\u00f3w czapek - takich jak tradycyjna biel lub \u017cywa czerwie\u0144 - aby wyr\u00f3\u017cni\u0107 swoj\u0105 mark\u0119 i szybko j\u0105 zidentyfikowa\u0107.<\/li>\n<li>Opcje materia\u0142u wy\u015bci\u00f3\u0142ki: Wybierz odpowiedni\u0105 wy\u015bci\u00f3\u0142k\u0119 (np. z pianki PVC), aby zapewni\u0107 szczelne zamkni\u0119cie pojemnika odpowiednie do kwasowo\u015bci i zawarto\u015bci oleju w sosie.<\/li>\n<\/ul>","protected":false},"excerpt":{"rendered":"<p>Przezroczyste butelki na gor\u0105cy sos z g\u0142adk\u0105 szklan\u0105 powierzchni\u0105 i szczelnymi zakr\u0119tkami. Idealne do gor\u0105cego sosu lub przypraw. Cena fabryczna, zam\u00f3wienia hurtowe, szybka dostawa!<\/p>","protected":false},"featured_media":23107,"template":"","meta":[],"product_brand":[],"product_cat":[20,129,80],"product_tag":[],"class_list":{"0":"post-23091","1":"product","2":"type-product","3":"status-publish","4":"has-post-thumbnail","6":"product_cat-glass-containers","7":"product_cat-hot-sauce-bottles","8":"product_cat-glass-bottles","10":"first","11":"instock","12":"shipping-taxable","13":"product-type-simple"},"jetpack_sharing_enabled":true,"_links":{"self":[{"href":"https:\/\/yebodaglass.com\/pl\/wp-json\/wp\/v2\/product\/23091","targetHints":{"allow":["GET"]}}],"collection":[{"href":"https:\/\/yebodaglass.com\/pl\/wp-json\/wp\/v2\/product"}],"about":[{"href":"https:\/\/yebodaglass.com\/pl\/wp-json\/wp\/v2\/types\/product"}],"version-history":[{"count":3,"href":"https:\/\/yebodaglass.com\/pl\/wp-json\/wp\/v2\/product\/23091\/revisions"}],"predecessor-version":[{"id":23134,"href":"https:\/\/yebodaglass.com\/pl\/wp-json\/wp\/v2\/product\/23091\/revisions\/23134"}],"wp:featuredmedia":[{"embeddable":true,"href":"https:\/\/yebodaglass.com\/pl\/wp-json\/wp\/v2\/media\/23107"}],"wp:attachment":[{"href":"https:\/\/yebodaglass.com\/pl\/wp-json\/wp\/v2\/media?parent=23091"}],"wp:term":[{"taxonomy":"product_brand","embeddable":true,"href":"https:\/\/yebodaglass.com\/pl\/wp-json\/wp\/v2\/product_brand?post=23091"},{"taxonomy":"product_cat","embeddable":true,"href":"https:\/\/yebodaglass.com\/pl\/wp-json\/wp\/v2\/product_cat?post=23091"},{"taxonomy":"product_tag","embeddable":true,"href":"https:\/\/yebodaglass.com\/pl\/wp-json\/wp\/v2\/product_tag?post=23091"}],"curies":[{"name":"wp","href":"https:\/\/api.w.org\/{rel}","templated":true}]}}