{"id":23090,"date":"2025-11-03T14:57:07","date_gmt":"2025-11-03T06:57:07","guid":{"rendered":"https:\/\/yebodaglass.com\/?post_type=product&#038;p=23090"},"modified":"2026-03-18T15:52:34","modified_gmt":"2026-03-18T07:52:34","slug":"glass-small-spice-jars-with-spoon-lid-bulk","status":"publish","type":"product","link":"https:\/\/yebodaglass.com\/pl\/produkt\/glass-small-spice-jars-with-spoon-lid-bulk\/","title":{"rendered":"200 ml szklane ma\u0142e s\u0142oiki na przyprawy z pokrywk\u0105-\u0142y\u017ceczk\u0105"},"content":{"rendered":"<p>Ma\u0142y s\u0142oik na przyprawy ma prost\u0105, przezroczyst\u0105, cylindryczn\u0105, szklan\u0105 obudow\u0119 z g\u0142adkim, czarnym wieczkiem i srebrnym, metalowym pier\u015bcieniem wok\u00f3\u0142 wieczka. W wieczku ka\u017cdego s\u0142oika znajduje si\u0119 \u0142y\u017ceczka, p\u0119dzelek lub narz\u0119dzie do nabierania przypraw.<\/p>\n<h2>Cechy produktu<\/h2>\n<ul>\n<li><strong>Integracja narz\u0119dzi wielofunkcyjnych:<\/strong> Do pokrywek do\u0142\u0105czone s\u0105 specjalne przybory do serwowania (\u0142y\u017cka, p\u0119dzelek, patyczek miodu), dzi\u0119ki czemu nie s\u0105 potrzebne \u017cadne dodatkowe przybory, a dozowanie staje si\u0119 zdrowsze i wygodniejsze.<\/li>\n<li><strong>G\u0142adka czarna pokrywa i srebrny akcent:<\/strong> Dwukolorowa pokrywa nadaje pojemnikowi nowoczesny wygl\u0105d, a uchwyt do otwierania zapewnia pewny chwyt.<\/li>\n<li><strong>Korpus z przezroczystego szk\u0142a cylindrycznego:<\/strong> Zaokr\u0105glone i przezroczyste szk\u0142o pozwala na szybki podgl\u0105d informacji o stanie zapas\u00f3w i mo\u017cna je \u0142atwo uk\u0142ada\u0107 w stosy.<\/li>\n<\/ul>\n<h2>Kluczowe specyfikacje<\/h2>\n<table style=\"border-collapse: collapse; width: 90%; margin-left: auto; margin-right: auto;\" border=\"0\" width=\"504\" cellspacing=\"0\" cellpadding=\"0\">\n<tbody>\n<tr style=\"height: 13.50pt;\">\n<td style=\"height: 13.5pt; width: 54pt; text-align: center;\" width=\"72\" height=\"18\">Pojemno\u015b\u0107<\/td>\n<td style=\"width: 54pt; text-align: center;\" width=\"72\">Rozmiar (cm)<\/td>\n<td style=\"width: 54pt; text-align: center;\" width=\"72\">Kszta\u0142t<\/td>\n<td style=\"width: 54pt; text-align: center;\" width=\"72\">\u03a0\u03bb\u03b1\u03c3\u03c4\u03b9\u03ba\u03cc PET<\/td>\n<td style=\"width: 54pt; text-align: center;\" width=\"72\">Stosowanie<\/td>\n<td style=\"width: 54pt; text-align: center;\" width=\"72\">Opcje dostosowywania<\/td>\n<\/tr>\n<tr style=\"height: 13.50pt;\">\n<td style=\"height: 13.5pt; text-align: center;\" height=\"18\">200 ml<\/td>\n<td style=\"text-align: center;\">6.5&#215;14<\/td>\n<td style=\"text-align: center;\">Okr\u0105g\u0142y<\/td>\n<td style=\"text-align: center;\">Przezroczysty (konfigurowalny)<\/td>\n<td style=\"text-align: center;\">Pojemnik na przyprawy, butelka na przyprawy, dozownik oleju<\/td>\n<td style=\"text-align: center;\">Logo, pokrywki, kolor, etykieta, rozmiar<\/td>\n<\/tr>\n<\/tbody>\n<\/table>\n<h2>Historia sukcesu<\/h2>\n<p>Jedna z europejskich marek artyku\u0142\u00f3w kuchennych wybra\u0142a nasze s\u0142oiki na przyprawy i zmodyfikowa\u0142a je, wykorzystuj\u0105c matowe, stopniowane linie i silikonowe g\u0142\u00f3wki szczoteczek. Ten system zintegrowanych narz\u0119dzi odni\u00f3s\u0142 ogromny sukces, poniewa\u017c liczba skarg klient\u00f3w na zgubione \u0142y\u017cki spad\u0142a o 95%. Szklane s\u0142oiki by\u0142y przezroczyste, co u\u0142atwi\u0142o u\u017cytkownikom wdro\u017cenie systemu zarz\u0105dzania zapasami FIFO. Ogromny sukces marki sk\u0142oni\u0142 j\u0105 do zam\u00f3wienia kolejnych 750 000 s\u0142oik\u00f3w z dostaw\u0105 do du\u017cych sieci handlowych z artyku\u0142ami gospodarstwa domowego w Europie.<\/p>\n<h2>Rozwi\u0105zania personalizacji ma\u0142ych s\u0142oik\u00f3w na przyprawy<\/h2>\n<ul>\n<li>Kolory i materia\u0142y pokrywy: Dost\u0119pna jest w r\u00f3\u017cnych kolorach (bia\u0142y, szary, imituj\u0105cy drewno) i metalach (mied\u017a, mosi\u0105dz).<\/li>\n<li>Personalizacja narz\u0119dzi: Wybierz kszta\u0142t narz\u0119dzia (np. mini klipsy, \u0142y\u017cki miarowe) i zaprojektuj go samodzielnie lub wydrukuj nazw\u0119 swojej marki na narz\u0119dziu.<\/li>\n<li>Uszczelnienie nakr\u0119tek: Pier\u015bcienie uszczelniaj\u0105ce wykonane z silikonu, nak\u0142adane na nakr\u0119tk\u0119, zapewniaj\u0105 hermetyczne zamkni\u0119cie i umo\u017cliwiaj\u0105 d\u0142ugotrwa\u0142e przechowywanie kawy lub herbaty.<\/li>\n<\/ul>","protected":false},"excerpt":{"rendered":"<p>Przezroczyste, ma\u0142e s\u0142oiczki na przyprawy wykonane z przezroczystego szk\u0142a z wielofunkcyjnymi pokrywkami. Zestaw zawiera \u0142y\u017ceczk\u0119, p\u0119dzelek i czerpak, co u\u0142atwia u\u017cytkowanie. Dost\u0119pne s\u0105 bezp\u0142atne pr\u00f3bki.<\/p>","protected":false},"featured_media":23097,"template":"","meta":[],"product_brand":[],"product_cat":[83,20,128],"product_tag":[],"class_list":{"0":"post-23090","1":"product","2":"type-product","3":"status-publish","4":"has-post-thumbnail","6":"product_cat-glass-jars","7":"product_cat-glass-containers","8":"product_cat-spice-jars","10":"first","11":"instock","12":"shipping-taxable","13":"product-type-simple"},"jetpack_sharing_enabled":true,"_links":{"self":[{"href":"https:\/\/yebodaglass.com\/pl\/wp-json\/wp\/v2\/product\/23090","targetHints":{"allow":["GET"]}}],"collection":[{"href":"https:\/\/yebodaglass.com\/pl\/wp-json\/wp\/v2\/product"}],"about":[{"href":"https:\/\/yebodaglass.com\/pl\/wp-json\/wp\/v2\/types\/product"}],"version-history":[{"count":5,"href":"https:\/\/yebodaglass.com\/pl\/wp-json\/wp\/v2\/product\/23090\/revisions"}],"predecessor-version":[{"id":25498,"href":"https:\/\/yebodaglass.com\/pl\/wp-json\/wp\/v2\/product\/23090\/revisions\/25498"}],"wp:featuredmedia":[{"embeddable":true,"href":"https:\/\/yebodaglass.com\/pl\/wp-json\/wp\/v2\/media\/23097"}],"wp:attachment":[{"href":"https:\/\/yebodaglass.com\/pl\/wp-json\/wp\/v2\/media?parent=23090"}],"wp:term":[{"taxonomy":"product_brand","embeddable":true,"href":"https:\/\/yebodaglass.com\/pl\/wp-json\/wp\/v2\/product_brand?post=23090"},{"taxonomy":"product_cat","embeddable":true,"href":"https:\/\/yebodaglass.com\/pl\/wp-json\/wp\/v2\/product_cat?post=23090"},{"taxonomy":"product_tag","embeddable":true,"href":"https:\/\/yebodaglass.com\/pl\/wp-json\/wp\/v2\/product_tag?post=23090"}],"curies":[{"name":"wp","href":"https:\/\/api.w.org\/{rel}","templated":true}]}}