{"id":23046,"date":"2025-10-31T17:23:17","date_gmt":"2025-10-31T09:23:17","guid":{"rendered":"https:\/\/yebodaglass.com\/?post_type=product&#038;p=23046"},"modified":"2026-04-10T15:35:27","modified_gmt":"2026-04-10T07:35:27","slug":"wholesale-honey-hexagon-jars-with-honeycomb-design","status":"publish","type":"product","link":"https:\/\/yebodaglass.com\/pl\/wholesale-honey-hexagon-jars-with-honeycomb-design\/","title":{"rendered":"Hurtowe s\u0142oiki na mi\u00f3d w kszta\u0142cie sze\u015bciok\u0105ta z wzorem plastra miodu 500 ml 1000 ml"},"content":{"rendered":"<p>Ten sze\u015bciok\u0105tny s\u0142oik na mi\u00f3d ma eleganck\u0105, sze\u015bciok\u0105tn\u0105 struktur\u0119, kt\u00f3ra prze\u015bwituje przez szklany korpus i ukazuje wypuk\u0142e wzory plastra miodu po obu stronach. Z\u0142ota zakr\u0119tka dodaje odrobin\u0119 naturalnego pi\u0119kna i luksusu.<\/p>\n<h2>Cechy produktu<\/h2>\n<ul>\n<li><strong>Projekt wzoru plastra miodu:<\/strong> Wypuk\u0142y wz\u00f3r plastra miodu na s\u0142oiku poprawia chwyt i rozpoznawalno\u015b\u0107 marki, a tak\u017ce przypomina naturalne w\u0142a\u015bciwo\u015bci miodu.<\/li>\n<li><strong>Materia\u0142 szklany przezroczysty:<\/strong> Mi\u00f3d jest przechowywany w przezroczystym szkle dopuszczonym do kontaktu z \u017cywno\u015bci\u0105, kt\u00f3re jest przejrzyste, a zatem \u0142atwe do czyszczenia i ponownego u\u017cycia.<\/li>\n<li><strong>Zatyczka uszczelniaj\u0105ca Premium:<\/strong> Z\u0142ota metalowa zakr\u0119tka zapewnia hermetyczne zamkni\u0119cie, wyd\u0142u\u017caj\u0105c termin przydatno\u015bci miodu o 30 procent i zwi\u0119kszaj\u0105c atrakcyjno\u015b\u0107 opakowania na prezent.<\/li>\n<\/ul>\n<h2 style=\"text-align: left;\">Kluczowe specyfikacje<\/h2>\n<table class=\"aligncenter\" style=\"border-collapse: collapse; width: 415.52pt;\" border=\"0\" width=\"554\" cellspacing=\"0\" cellpadding=\"0\">\n<tbody>\n<tr style=\"height: 13.50pt;\">\n<td style=\"height: 13.50pt; width: 95.25pt;\" width=\"127\" height=\"18\">Funkcja<\/td>\n<td style=\"width: 320.25pt;\" width=\"427\">Specyfikacja<\/td>\n<\/tr>\n<tr style=\"height: 13.50pt;\">\n<td style=\"height: 13.50pt;\" height=\"18\">Pojemno\u015b\u0107<\/td>\n<td>500 ml, 1000 ml<\/td>\n<\/tr>\n<tr style=\"height: 13.50pt;\">\n<td style=\"height: 13.50pt;\" height=\"18\">Kszta\u0142t<\/td>\n<td>Sze\u015bciok\u0105t z pe\u0142nym wyt\u0142oczeniem plastra miodu<\/td>\n<\/tr>\n<tr style=\"height: 13.50pt;\">\n<td style=\"height: 13.50pt;\" height=\"18\">Wymiary<\/td>\n<td>7,5\u00d78\u00d711,9 cm, 9,2\u00d79,7\u00d714,5 cm<\/td>\n<\/tr>\n<tr style=\"height: 13.50pt;\">\n<td style=\"height: 13.50pt;\" height=\"18\">Tworzywo<\/td>\n<td>Przezroczyste szk\u0142o, zakr\u0119cana pokrywka<\/td>\n<\/tr>\n<tr style=\"height: 13.50pt;\">\n<td style=\"height: 13.50pt;\" height=\"18\">Opcje pokrywy<\/td>\n<td>Mason-pot met brede opening en deksel - 70-280 ml voedselcontainers - YEBODA GLASS<\/td>\n<\/tr>\n<tr style=\"height: 13.50pt;\">\n<td style=\"height: 13.50pt;\" height=\"18\">Najlepsze dla<\/td>\n<td>sklepy ekologiczne, sp\u00f3\u0142dzielnie pszczelarskie, marki butikowe<\/td>\n<\/tr>\n<tr style=\"height: 13.50pt;\">\n<td style=\"height: 13.50pt;\" height=\"18\">Idealne zastosowanie<\/td>\n<td>S\u0142oik na mi\u00f3d z plastrami miodu, linie biznesowe rzemie\u015blnicze<\/td>\n<\/tr>\n<\/tbody>\n<\/table>\n<h2>Historia sukcesu<\/h2>\n<p>Jedna z naszych europejskich marek rzemie\u015blniczych miod\u00f3w z\u0142o\u017cy\u0142a zam\u00f3wienie na s\u0142oiki na mi\u00f3d z wzorem plastra miodu. S\u0142oik z bursztynowego szk\u0142a zosta\u0142 spersonalizowany, a wz\u00f3r plastra miodu zosta\u0142 wygrawerowany laserowo. Stylowy wygl\u0105d tych s\u0142oik\u00f3w na mi\u00f3d zwi\u0119kszy\u0142 sprzeda\u017c o 40% w okresie \u015bwi\u0105tecznym. Szk\u0142o w kolorze bursztynowym nieznacznie zwi\u0119ksza bogactwo miodu, co przek\u0142ada si\u0119 na 15-procentow\u0105 popraw\u0119 postrzeganej jako\u015bci i warto\u015bci w ankietach konsumenckich. Marka by\u0142a tak zadowolona z rezultat\u00f3w, \u017ce z\u0142o\u017cy\u0142a kolejne zam\u00f3wienie na 280 000 s\u0142oik\u00f3w na mi\u00f3d z wzorem plastra miodu, aby zwi\u0119kszy\u0107 sprzeda\u017c detaliczn\u0105 i sprzeda\u017c w pude\u0142kach prezentowych na ca\u0142ym \u015bwiecie.<\/p>\n<h2>S\u0142oiki na mi\u00f3d w kszta\u0142cie sze\u015bciok\u0105ta \u2013 personalizacja polecana<\/h2>\n<ul>\n<li>Niestandardowy kolor pokrywy: Wybierz z\u0142oty, srebrny, czarny lub matowy kolor, aby dopasowa\u0107 pokryw\u0119 do swojej marki.<\/li>\n<li>Regulowana obj\u0119to\u015b\u0107: Obj\u0119to\u015b\u0107 mo\u017cna regulowa\u0107 w zakresie od 100 ml do 1000 ml, w zale\u017cno\u015bci od potrzeb: na pojedyncz\u0105 porcj\u0119, dla rodziny lub w przypadku du\u017cych opakowa\u0144.<\/li>\n<li>Optymalizacja kszta\u0142tu: Zmie\u0144 krzywizn\u0119 kulistej cz\u0119\u015bci butelki lub ustaw g\u0142\u0119boko\u015b\u0107 struktury plastra miodu, aby stworzy\u0107 produkt wyr\u00f3\u017cniaj\u0105cy si\u0119 na p\u00f3\u0142ce.<\/li>\n<\/ul>","protected":false},"excerpt":{"rendered":"<p>Sze\u015bciok\u0105tny s\u0142oik na mi\u00f3d wykonany z przezroczystego szk\u0142a o fakturze plastra miodu. Idealny s\u0142oik z wzorem plastra miodu do przechowywania miodu, brandingu i prezent\u00f3w. Szybka wysy\u0142ka.<\/p>","protected":false},"featured_media":23072,"template":"","meta":[],"product_brand":[],"product_cat":[127,124,122],"product_tag":[],"class_list":{"0":"post-23046","1":"product","2":"type-product","3":"status-publish","4":"has-post-thumbnail","6":"product_cat-glass-honey-jars","7":"product_cat-custom-glass-jars","8":"product_cat-custom-glass-packaging","10":"first","11":"instock","12":"shipping-taxable","13":"product-type-simple"},"jetpack_sharing_enabled":true,"_links":{"self":[{"href":"https:\/\/yebodaglass.com\/pl\/wp-json\/wp\/v2\/product\/23046","targetHints":{"allow":["GET"]}}],"collection":[{"href":"https:\/\/yebodaglass.com\/pl\/wp-json\/wp\/v2\/product"}],"about":[{"href":"https:\/\/yebodaglass.com\/pl\/wp-json\/wp\/v2\/types\/product"}],"version-history":[{"count":5,"href":"https:\/\/yebodaglass.com\/pl\/wp-json\/wp\/v2\/product\/23046\/revisions"}],"predecessor-version":[{"id":25745,"href":"https:\/\/yebodaglass.com\/pl\/wp-json\/wp\/v2\/product\/23046\/revisions\/25745"}],"wp:featuredmedia":[{"embeddable":true,"href":"https:\/\/yebodaglass.com\/pl\/wp-json\/wp\/v2\/media\/23072"}],"wp:attachment":[{"href":"https:\/\/yebodaglass.com\/pl\/wp-json\/wp\/v2\/media?parent=23046"}],"wp:term":[{"taxonomy":"product_brand","embeddable":true,"href":"https:\/\/yebodaglass.com\/pl\/wp-json\/wp\/v2\/product_brand?post=23046"},{"taxonomy":"product_cat","embeddable":true,"href":"https:\/\/yebodaglass.com\/pl\/wp-json\/wp\/v2\/product_cat?post=23046"},{"taxonomy":"product_tag","embeddable":true,"href":"https:\/\/yebodaglass.com\/pl\/wp-json\/wp\/v2\/product_tag?post=23046"}],"curies":[{"name":"wp","href":"https:\/\/api.w.org\/{rel}","templated":true}]}}